{"id":7829,"date":"2024-03-05T11:05:15","date_gmt":"2024-03-05T11:05:15","guid":{"rendered":"https:\/\/tricela.eu\/product\/fatima\/"},"modified":"2024-03-05T11:05:15","modified_gmt":"2024-03-05T11:05:15","slug":"fatima","status":"publish","type":"product","link":"https:\/\/arendus.tricela.eu\/pt-br\/produtos\/fatima\/","title":{"rendered":"F\u00e1tima"},"content":{"rendered":"<p><b>FATIMA<\/b><span style=\"font-weight: 400;\"> em sua ternura, \u00e9 a amiga favorita de todas as futuras m\u00e3es. Ela sabe como abra\u00e7\u00e1-lo, fazer com que voc\u00ea se sinta bonito e real\u00e7ar o seu melhor da maneira mais brilhante.<\/span><\/p>\n<p>&nbsp;<\/p>\n<p><span class=\"Y2IQFc\" lang=\"et\"><strong>COMPOSI\u00c7\u00c3O:<\/strong> 60% acr\u00edlico, 40% poli\u00e9ster<\/span><\/p>\n<p>&nbsp;<\/p>\n<p><span class=\"Y2IQFc\" lang=\"et\"><strong>TAMANHO: tamanho<\/strong> \u00fanico. Devido \u00e0 elasticidade do vestido, ele se ajusta ao tamanho S-L (36-42). O vestido perfeito para usar durante a gravidez.<\/span><\/p>\n<p>&nbsp;<\/p>\n<p> <span class=\"Y2IQFc\" lang=\"et\"><strong> DIMENS\u00d5ES:<\/strong><\/span><span class=\"Y2IQFc\" lang=\"et\">Peito: 72<\/span><span class=\"Y2IQFc\" lang=\"et\"> 72 cm &#8211; Circunfer\u00eancia da cintura: 68 cm &#8211; Quadril: 78 cm &#8211; Comprimento: 108 cm<\/span><\/p>\n<p>&nbsp;<\/p>\n<p><span class=\"Y2IQFc\" lang=\"et\">*As dimens\u00f5es s\u00e3o tomadas sem esticar e podem variar at\u00e9 +-4 cm.<\/span><\/p>\n","protected":false},"excerpt":{"rendered":"<p>FATIMA em sua ternura, \u00e9 a amiga favorita de todas as futuras m\u00e3es. Ela sabe como abra\u00e7\u00e1-lo, fazer com que voc\u00ea se sinta bonito e real\u00e7ar o seu melhor da maneira mais brilhante. &nbsp; COMPOSI\u00c7\u00c3O: 60% acr\u00edlico, 40% poli\u00e9ster &nbsp; TAMANHO: tamanho \u00fanico. Devido \u00e0 elasticidade do vestido, ele se ajusta ao tamanho S-L (36-42). [&hellip;]<\/p>\n","protected":false},"featured_media":7789,"template":"","meta":{"inline_featured_image":false},"product_cat":[120],"product_tag":[],"class_list":{"0":"post-7829","1":"product","2":"type-product","3":"status-publish","4":"has-post-thumbnail","6":"product_cat-vestidos","8":"first","9":"instock","10":"shipping-taxable","11":"purchasable","12":"product-type-variable"},"yoast_head":"<!-- This site is optimized with the Yoast SEO plugin v22.9 - https:\/\/yoast.com\/wordpress\/plugins\/seo\/ -->\n<title>F\u00e1tima - Tricela<\/title>\n<meta name=\"robots\" content=\"index, follow, max-snippet:-1, max-image-preview:large, max-video-preview:-1\" \/>\n<link rel=\"canonical\" href=\"https:\/\/arendus.tricela.eu\/product\/fatima\/\" \/>\n<meta property=\"og:locale\" content=\"pt_BR\" \/>\n<meta property=\"og:type\" content=\"article\" \/>\n<meta property=\"og:title\" content=\"F\u00e1tima - Tricela\" \/>\n<meta property=\"og:description\" content=\"FATIMA em sua ternura, \u00e9 a amiga favorita de todas as futuras m\u00e3es. Ela sabe como abra\u00e7\u00e1-lo, fazer com que voc\u00ea se sinta bonito e real\u00e7ar o seu melhor da maneira mais brilhante. &nbsp; COMPOSI\u00c7\u00c3O: 60% acr\u00edlico, 40% poli\u00e9ster &nbsp; TAMANHO: tamanho \u00fanico. Devido \u00e0 elasticidade do vestido, ele se ajusta ao tamanho S-L (36-42). [&hellip;]\" \/>\n<meta property=\"og:url\" content=\"https:\/\/arendus.tricela.eu\/product\/fatima\/\" \/>\n<meta property=\"og:site_name\" content=\"Tricela\" \/>\n<meta name=\"twitter:card\" content=\"summary_large_image\" \/>\n<script type=\"application\/ld+json\" class=\"yoast-schema-graph\">{\"@context\":\"https:\/\/schema.org\",\"@graph\":[{\"@type\":\"WebPage\",\"@id\":\"https:\/\/arendus.tricela.eu\/product\/fatima\/\",\"url\":\"https:\/\/arendus.tricela.eu\/product\/fatima\/\",\"name\":\"F\u00e1tima - Tricela\",\"isPartOf\":{\"@id\":\"https:\/\/arendus.tricela.eu\/#website\"},\"primaryImageOfPage\":{\"@id\":\"https:\/\/arendus.tricela.eu\/product\/fatima\/#primaryimage\"},\"image\":{\"@id\":\"https:\/\/arendus.tricela.eu\/product\/fatima\/#primaryimage\"},\"thumbnailUrl\":\"https:\/\/arendus.tricela.eu\/wp-content\/uploads\/2024\/03\/0Y8A6914-scaled.jpg\",\"datePublished\":\"2024-03-05T11:05:15+00:00\",\"dateModified\":\"2024-03-05T11:05:15+00:00\",\"breadcrumb\":{\"@id\":\"https:\/\/arendus.tricela.eu\/product\/fatima\/#breadcrumb\"},\"inLanguage\":\"pt-BR\",\"potentialAction\":[{\"@type\":\"ReadAction\",\"target\":[\"https:\/\/arendus.tricela.eu\/product\/fatima\/\"]}]},{\"@type\":\"ImageObject\",\"inLanguage\":\"pt-BR\",\"@id\":\"https:\/\/arendus.tricela.eu\/product\/fatima\/#primaryimage\",\"url\":\"https:\/\/arendus.tricela.eu\/wp-content\/uploads\/2024\/03\/0Y8A6914-scaled.jpg\",\"contentUrl\":\"https:\/\/arendus.tricela.eu\/wp-content\/uploads\/2024\/03\/0Y8A6914-scaled.jpg\",\"width\":1707,\"height\":2560},{\"@type\":\"BreadcrumbList\",\"@id\":\"https:\/\/arendus.tricela.eu\/product\/fatima\/#breadcrumb\",\"itemListElement\":[{\"@type\":\"ListItem\",\"position\":1,\"name\":\"Home\",\"item\":\"https:\/\/arendus.tricela.eu\/pt-br\/pagina-inicial\/\"},{\"@type\":\"ListItem\",\"position\":2,\"name\":\"Compre em\",\"item\":\"https:\/\/arendus.tricela.eu\/pt-br\/loja\/\"},{\"@type\":\"ListItem\",\"position\":3,\"name\":\"F\u00e1tima\"}]},{\"@type\":\"WebSite\",\"@id\":\"https:\/\/arendus.tricela.eu\/#website\",\"url\":\"https:\/\/arendus.tricela.eu\/\",\"name\":\"Tricela\",\"description\":\"Kootud kleidid Brasiiliast\",\"publisher\":{\"@id\":\"https:\/\/arendus.tricela.eu\/#organization\"},\"potentialAction\":[{\"@type\":\"SearchAction\",\"target\":{\"@type\":\"EntryPoint\",\"urlTemplate\":\"https:\/\/arendus.tricela.eu\/?s={search_term_string}\"},\"query-input\":\"required name=search_term_string\"}],\"inLanguage\":\"pt-BR\"},{\"@type\":\"Organization\",\"@id\":\"https:\/\/arendus.tricela.eu\/#organization\",\"name\":\"Tricela\",\"url\":\"https:\/\/arendus.tricela.eu\/\",\"logo\":{\"@type\":\"ImageObject\",\"inLanguage\":\"pt-BR\",\"@id\":\"https:\/\/arendus.tricela.eu\/#\/schema\/logo\/image\/\",\"url\":\"https:\/\/arendus.tricela.eu\/wp-content\/uploads\/2020\/05\/logo123.svg\",\"contentUrl\":\"https:\/\/arendus.tricela.eu\/wp-content\/uploads\/2020\/05\/logo123.svg\",\"width\":366,\"height\":168,\"caption\":\"Tricela\"},\"image\":{\"@id\":\"https:\/\/arendus.tricela.eu\/#\/schema\/logo\/image\/\"},\"sameAs\":[\"https:\/\/www.instagram.com\/tricela.official\"]}]}<\/script>\n<!-- \/ Yoast SEO plugin. -->","yoast_head_json":{"title":"F\u00e1tima - Tricela","robots":{"index":"index","follow":"follow","max-snippet":"max-snippet:-1","max-image-preview":"max-image-preview:large","max-video-preview":"max-video-preview:-1"},"canonical":"https:\/\/arendus.tricela.eu\/product\/fatima\/","og_locale":"pt_BR","og_type":"article","og_title":"F\u00e1tima - Tricela","og_description":"FATIMA em sua ternura, \u00e9 a amiga favorita de todas as futuras m\u00e3es. Ela sabe como abra\u00e7\u00e1-lo, fazer com que voc\u00ea se sinta bonito e real\u00e7ar o seu melhor da maneira mais brilhante. &nbsp; COMPOSI\u00c7\u00c3O: 60% acr\u00edlico, 40% poli\u00e9ster &nbsp; TAMANHO: tamanho \u00fanico. Devido \u00e0 elasticidade do vestido, ele se ajusta ao tamanho S-L (36-42). [&hellip;]","og_url":"https:\/\/arendus.tricela.eu\/product\/fatima\/","og_site_name":"Tricela","twitter_card":"summary_large_image","schema":{"@context":"https:\/\/schema.org","@graph":[{"@type":"WebPage","@id":"https:\/\/arendus.tricela.eu\/product\/fatima\/","url":"https:\/\/arendus.tricela.eu\/product\/fatima\/","name":"F\u00e1tima - Tricela","isPartOf":{"@id":"https:\/\/arendus.tricela.eu\/#website"},"primaryImageOfPage":{"@id":"https:\/\/arendus.tricela.eu\/product\/fatima\/#primaryimage"},"image":{"@id":"https:\/\/arendus.tricela.eu\/product\/fatima\/#primaryimage"},"thumbnailUrl":"https:\/\/arendus.tricela.eu\/wp-content\/uploads\/2024\/03\/0Y8A6914-scaled.jpg","datePublished":"2024-03-05T11:05:15+00:00","dateModified":"2024-03-05T11:05:15+00:00","breadcrumb":{"@id":"https:\/\/arendus.tricela.eu\/product\/fatima\/#breadcrumb"},"inLanguage":"pt-BR","potentialAction":[{"@type":"ReadAction","target":["https:\/\/arendus.tricela.eu\/product\/fatima\/"]}]},{"@type":"ImageObject","inLanguage":"pt-BR","@id":"https:\/\/arendus.tricela.eu\/product\/fatima\/#primaryimage","url":"https:\/\/arendus.tricela.eu\/wp-content\/uploads\/2024\/03\/0Y8A6914-scaled.jpg","contentUrl":"https:\/\/arendus.tricela.eu\/wp-content\/uploads\/2024\/03\/0Y8A6914-scaled.jpg","width":1707,"height":2560},{"@type":"BreadcrumbList","@id":"https:\/\/arendus.tricela.eu\/product\/fatima\/#breadcrumb","itemListElement":[{"@type":"ListItem","position":1,"name":"Home","item":"https:\/\/arendus.tricela.eu\/pt-br\/pagina-inicial\/"},{"@type":"ListItem","position":2,"name":"Compre em","item":"https:\/\/arendus.tricela.eu\/pt-br\/loja\/"},{"@type":"ListItem","position":3,"name":"F\u00e1tima"}]},{"@type":"WebSite","@id":"https:\/\/arendus.tricela.eu\/#website","url":"https:\/\/arendus.tricela.eu\/","name":"Tricela","description":"Kootud kleidid Brasiiliast","publisher":{"@id":"https:\/\/arendus.tricela.eu\/#organization"},"potentialAction":[{"@type":"SearchAction","target":{"@type":"EntryPoint","urlTemplate":"https:\/\/arendus.tricela.eu\/?s={search_term_string}"},"query-input":"required name=search_term_string"}],"inLanguage":"pt-BR"},{"@type":"Organization","@id":"https:\/\/arendus.tricela.eu\/#organization","name":"Tricela","url":"https:\/\/arendus.tricela.eu\/","logo":{"@type":"ImageObject","inLanguage":"pt-BR","@id":"https:\/\/arendus.tricela.eu\/#\/schema\/logo\/image\/","url":"https:\/\/arendus.tricela.eu\/wp-content\/uploads\/2020\/05\/logo123.svg","contentUrl":"https:\/\/arendus.tricela.eu\/wp-content\/uploads\/2020\/05\/logo123.svg","width":366,"height":168,"caption":"Tricela"},"image":{"@id":"https:\/\/arendus.tricela.eu\/#\/schema\/logo\/image\/"},"sameAs":["https:\/\/www.instagram.com\/tricela.official"]}]}},"_links":{"self":[{"href":"https:\/\/arendus.tricela.eu\/pt-br\/wp-json\/wp\/v2\/product\/7829","targetHints":{"allow":["GET"]}}],"collection":[{"href":"https:\/\/arendus.tricela.eu\/pt-br\/wp-json\/wp\/v2\/product"}],"about":[{"href":"https:\/\/arendus.tricela.eu\/pt-br\/wp-json\/wp\/v2\/types\/product"}],"version-history":[{"count":0,"href":"https:\/\/arendus.tricela.eu\/pt-br\/wp-json\/wp\/v2\/product\/7829\/revisions"}],"wp:featuredmedia":[{"embeddable":true,"href":"https:\/\/arendus.tricela.eu\/pt-br\/wp-json\/wp\/v2\/media\/7789"}],"wp:attachment":[{"href":"https:\/\/arendus.tricela.eu\/pt-br\/wp-json\/wp\/v2\/media?parent=7829"}],"wp:term":[{"taxonomy":"product_cat","embeddable":true,"href":"https:\/\/arendus.tricela.eu\/pt-br\/wp-json\/wp\/v2\/product_cat?post=7829"},{"taxonomy":"product_tag","embeddable":true,"href":"https:\/\/arendus.tricela.eu\/pt-br\/wp-json\/wp\/v2\/product_tag?post=7829"}],"curies":[{"name":"wp","href":"https:\/\/api.w.org\/{rel}","templated":true}]}}