{"id":5905,"date":"2023-12-07T02:46:18","date_gmt":"2023-12-07T02:46:18","guid":{"rendered":"https:\/\/tricela.eu\/toode\/camila\/"},"modified":"2024-03-20T13:42:46","modified_gmt":"2024-03-20T13:42:46","slug":"karolina","status":"publish","type":"product","link":"https:\/\/arendus.tricela.eu\/pt-br\/produtos\/karolina\/","title":{"rendered":"Camila"},"content":{"rendered":"<p><b>CAMILA <\/b><span style=\"font-weight: 400;\">com sua silhueta de sereia, \u00e9 a personifica\u00e7\u00e3o do sol e do ver\u00e3o. Mas use um acess\u00f3rio com uma jaqueta elegante e, como que por acaso, ele passar\u00e1 das f\u00e9rias para o dia de trabalho. Camila sabe que a feminilidade e a versatilidade andam de m\u00e3os dadas.<\/span><\/p>\n<p>&nbsp;<\/p>\n<p><span class=\"Y2IQFc\" lang=\"et\"><strong>COMPOSI\u00c7\u00c3O: <\/strong>60% acr\u00edlico, 40% poli\u00e9ster<\/span><\/p>\n<p>&nbsp;<\/p>\n<p><span class=\"Y2IQFc\" lang=\"et\"><strong>TAMANHO: tamanho<\/strong> \u00fanico. Devido \u00e0 elasticidade do vestido, ele se ajusta ao tamanho S-L (36-42). O vestido perfeito para usar durante a gravidez.<\/span><\/p>\n<p>&nbsp;<\/p>\n<p> <span class=\"Y2IQFc\" lang=\"et\"><strong> MEDIDAS:<\/strong><\/span><span class=\"Y2IQFc\" lang=\"et\">Peito: 70 cm &#8211; Cintura: 70 cm &#8211; Quadril: 66 cm &#8211; Comprimento: 124 cm.<\/span><\/p>\n<p>&nbsp;<\/p>\n<p><span class=\"Y2IQFc\" lang=\"et\">*As dimens\u00f5es s\u00e3o tomadas sem esticar e podem variar at\u00e9 +-4 cm.<\/span><\/p>\n","protected":false},"excerpt":{"rendered":"<p>CAMILA com sua silhueta de sereia, \u00e9 a personifica\u00e7\u00e3o do sol e do ver\u00e3o. Mas use um acess\u00f3rio com uma jaqueta elegante e, como que por acaso, ele passar\u00e1 das f\u00e9rias para o dia de trabalho. Camila sabe que a feminilidade e a versatilidade andam de m\u00e3os dadas. &nbsp; COMPOSI\u00c7\u00c3O: 60% acr\u00edlico, 40% poli\u00e9ster &nbsp; [&hellip;]<\/p>\n","protected":false},"featured_media":5256,"template":"","meta":{"inline_featured_image":false},"product_cat":[120],"product_tag":[],"class_list":{"0":"post-5905","1":"product","2":"type-product","3":"status-publish","4":"has-post-thumbnail","6":"product_cat-vestidos","8":"first","9":"instock","10":"shipping-taxable","11":"purchasable","12":"product-type-variable"},"yoast_head":"<!-- This site is optimized with the Yoast SEO plugin v22.9 - https:\/\/yoast.com\/wordpress\/plugins\/seo\/ -->\n<title>Camila - Tricela<\/title>\n<meta name=\"robots\" content=\"index, follow, max-snippet:-1, max-image-preview:large, max-video-preview:-1\" \/>\n<link rel=\"canonical\" href=\"https:\/\/arendus.tricela.eu\/pt-br\/produtos\/karolina\/\" \/>\n<meta property=\"og:locale\" content=\"pt_BR\" \/>\n<meta property=\"og:type\" content=\"article\" \/>\n<meta property=\"og:title\" content=\"Camila - Tricela\" \/>\n<meta property=\"og:description\" content=\"CAMILA com sua silhueta de sereia, \u00e9 a personifica\u00e7\u00e3o do sol e do ver\u00e3o. Mas use um acess\u00f3rio com uma jaqueta elegante e, como que por acaso, ele passar\u00e1 das f\u00e9rias para o dia de trabalho. Camila sabe que a feminilidade e a versatilidade andam de m\u00e3os dadas. &nbsp; COMPOSI\u00c7\u00c3O: 60% acr\u00edlico, 40% poli\u00e9ster &nbsp; [&hellip;]\" \/>\n<meta property=\"og:url\" content=\"https:\/\/arendus.tricela.eu\/pt-br\/produtos\/karolina\/\" \/>\n<meta property=\"og:site_name\" content=\"Tricela\" \/>\n<meta property=\"article:modified_time\" content=\"2024-03-20T13:42:46+00:00\" \/>\n<meta property=\"og:image\" content=\"https:\/\/arendus.tricela.eu\/wp-content\/uploads\/2023\/12\/MM_N1453-Editar-scaled.jpg\" \/>\n\t<meta property=\"og:image:width\" content=\"1707\" \/>\n\t<meta property=\"og:image:height\" content=\"2560\" \/>\n\t<meta property=\"og:image:type\" content=\"image\/jpeg\" \/>\n<meta name=\"twitter:card\" content=\"summary_large_image\" \/>\n<meta name=\"twitter:label1\" content=\"Est. tempo de leitura\" \/>\n\t<meta name=\"twitter:data1\" content=\"1 minuto\" \/>\n<script type=\"application\/ld+json\" class=\"yoast-schema-graph\">{\"@context\":\"https:\/\/schema.org\",\"@graph\":[{\"@type\":\"WebPage\",\"@id\":\"https:\/\/arendus.tricela.eu\/pt-br\/produtos\/karolina\/\",\"url\":\"https:\/\/arendus.tricela.eu\/pt-br\/produtos\/karolina\/\",\"name\":\"Camila - Tricela\",\"isPartOf\":{\"@id\":\"https:\/\/arendus.tricela.eu\/#website\"},\"primaryImageOfPage\":{\"@id\":\"https:\/\/arendus.tricela.eu\/pt-br\/produtos\/karolina\/#primaryimage\"},\"image\":{\"@id\":\"https:\/\/arendus.tricela.eu\/pt-br\/produtos\/karolina\/#primaryimage\"},\"thumbnailUrl\":\"https:\/\/arendus.tricela.eu\/wp-content\/uploads\/2023\/12\/MM_N1453-Editar-scaled.jpg\",\"datePublished\":\"2023-12-07T02:46:18+00:00\",\"dateModified\":\"2024-03-20T13:42:46+00:00\",\"breadcrumb\":{\"@id\":\"https:\/\/arendus.tricela.eu\/pt-br\/produtos\/karolina\/#breadcrumb\"},\"inLanguage\":\"pt-BR\",\"potentialAction\":[{\"@type\":\"ReadAction\",\"target\":[\"https:\/\/arendus.tricela.eu\/pt-br\/produtos\/karolina\/\"]}]},{\"@type\":\"ImageObject\",\"inLanguage\":\"pt-BR\",\"@id\":\"https:\/\/arendus.tricela.eu\/pt-br\/produtos\/karolina\/#primaryimage\",\"url\":\"https:\/\/arendus.tricela.eu\/wp-content\/uploads\/2023\/12\/MM_N1453-Editar-scaled.jpg\",\"contentUrl\":\"https:\/\/arendus.tricela.eu\/wp-content\/uploads\/2023\/12\/MM_N1453-Editar-scaled.jpg\",\"width\":1707,\"height\":2560},{\"@type\":\"BreadcrumbList\",\"@id\":\"https:\/\/arendus.tricela.eu\/pt-br\/produtos\/karolina\/#breadcrumb\",\"itemListElement\":[{\"@type\":\"ListItem\",\"position\":1,\"name\":\"Home\",\"item\":\"https:\/\/arendus.tricela.eu\/pt-br\/pagina-inicial\/\"},{\"@type\":\"ListItem\",\"position\":2,\"name\":\"Compre em\",\"item\":\"https:\/\/arendus.tricela.eu\/pt-br\/loja\/\"},{\"@type\":\"ListItem\",\"position\":3,\"name\":\"Camila\"}]},{\"@type\":\"WebSite\",\"@id\":\"https:\/\/arendus.tricela.eu\/#website\",\"url\":\"https:\/\/arendus.tricela.eu\/\",\"name\":\"Tricela\",\"description\":\"Kootud kleidid Brasiiliast\",\"publisher\":{\"@id\":\"https:\/\/arendus.tricela.eu\/#organization\"},\"potentialAction\":[{\"@type\":\"SearchAction\",\"target\":{\"@type\":\"EntryPoint\",\"urlTemplate\":\"https:\/\/arendus.tricela.eu\/?s={search_term_string}\"},\"query-input\":\"required name=search_term_string\"}],\"inLanguage\":\"pt-BR\"},{\"@type\":\"Organization\",\"@id\":\"https:\/\/arendus.tricela.eu\/#organization\",\"name\":\"Tricela\",\"url\":\"https:\/\/arendus.tricela.eu\/\",\"logo\":{\"@type\":\"ImageObject\",\"inLanguage\":\"pt-BR\",\"@id\":\"https:\/\/arendus.tricela.eu\/#\/schema\/logo\/image\/\",\"url\":\"https:\/\/arendus.tricela.eu\/wp-content\/uploads\/2020\/05\/logo123.svg\",\"contentUrl\":\"https:\/\/arendus.tricela.eu\/wp-content\/uploads\/2020\/05\/logo123.svg\",\"width\":366,\"height\":168,\"caption\":\"Tricela\"},\"image\":{\"@id\":\"https:\/\/arendus.tricela.eu\/#\/schema\/logo\/image\/\"},\"sameAs\":[\"https:\/\/www.instagram.com\/tricela.official\"]}]}<\/script>\n<!-- \/ Yoast SEO plugin. -->","yoast_head_json":{"title":"Camila - Tricela","robots":{"index":"index","follow":"follow","max-snippet":"max-snippet:-1","max-image-preview":"max-image-preview:large","max-video-preview":"max-video-preview:-1"},"canonical":"https:\/\/arendus.tricela.eu\/pt-br\/produtos\/karolina\/","og_locale":"pt_BR","og_type":"article","og_title":"Camila - Tricela","og_description":"CAMILA com sua silhueta de sereia, \u00e9 a personifica\u00e7\u00e3o do sol e do ver\u00e3o. Mas use um acess\u00f3rio com uma jaqueta elegante e, como que por acaso, ele passar\u00e1 das f\u00e9rias para o dia de trabalho. Camila sabe que a feminilidade e a versatilidade andam de m\u00e3os dadas. &nbsp; COMPOSI\u00c7\u00c3O: 60% acr\u00edlico, 40% poli\u00e9ster &nbsp; [&hellip;]","og_url":"https:\/\/arendus.tricela.eu\/pt-br\/produtos\/karolina\/","og_site_name":"Tricela","article_modified_time":"2024-03-20T13:42:46+00:00","og_image":[{"width":1707,"height":2560,"url":"https:\/\/arendus.tricela.eu\/wp-content\/uploads\/2023\/12\/MM_N1453-Editar-scaled.jpg","type":"image\/jpeg"}],"twitter_card":"summary_large_image","twitter_misc":{"Est. tempo de leitura":"1 minuto"},"schema":{"@context":"https:\/\/schema.org","@graph":[{"@type":"WebPage","@id":"https:\/\/arendus.tricela.eu\/pt-br\/produtos\/karolina\/","url":"https:\/\/arendus.tricela.eu\/pt-br\/produtos\/karolina\/","name":"Camila - Tricela","isPartOf":{"@id":"https:\/\/arendus.tricela.eu\/#website"},"primaryImageOfPage":{"@id":"https:\/\/arendus.tricela.eu\/pt-br\/produtos\/karolina\/#primaryimage"},"image":{"@id":"https:\/\/arendus.tricela.eu\/pt-br\/produtos\/karolina\/#primaryimage"},"thumbnailUrl":"https:\/\/arendus.tricela.eu\/wp-content\/uploads\/2023\/12\/MM_N1453-Editar-scaled.jpg","datePublished":"2023-12-07T02:46:18+00:00","dateModified":"2024-03-20T13:42:46+00:00","breadcrumb":{"@id":"https:\/\/arendus.tricela.eu\/pt-br\/produtos\/karolina\/#breadcrumb"},"inLanguage":"pt-BR","potentialAction":[{"@type":"ReadAction","target":["https:\/\/arendus.tricela.eu\/pt-br\/produtos\/karolina\/"]}]},{"@type":"ImageObject","inLanguage":"pt-BR","@id":"https:\/\/arendus.tricela.eu\/pt-br\/produtos\/karolina\/#primaryimage","url":"https:\/\/arendus.tricela.eu\/wp-content\/uploads\/2023\/12\/MM_N1453-Editar-scaled.jpg","contentUrl":"https:\/\/arendus.tricela.eu\/wp-content\/uploads\/2023\/12\/MM_N1453-Editar-scaled.jpg","width":1707,"height":2560},{"@type":"BreadcrumbList","@id":"https:\/\/arendus.tricela.eu\/pt-br\/produtos\/karolina\/#breadcrumb","itemListElement":[{"@type":"ListItem","position":1,"name":"Home","item":"https:\/\/arendus.tricela.eu\/pt-br\/pagina-inicial\/"},{"@type":"ListItem","position":2,"name":"Compre em","item":"https:\/\/arendus.tricela.eu\/pt-br\/loja\/"},{"@type":"ListItem","position":3,"name":"Camila"}]},{"@type":"WebSite","@id":"https:\/\/arendus.tricela.eu\/#website","url":"https:\/\/arendus.tricela.eu\/","name":"Tricela","description":"Kootud kleidid Brasiiliast","publisher":{"@id":"https:\/\/arendus.tricela.eu\/#organization"},"potentialAction":[{"@type":"SearchAction","target":{"@type":"EntryPoint","urlTemplate":"https:\/\/arendus.tricela.eu\/?s={search_term_string}"},"query-input":"required name=search_term_string"}],"inLanguage":"pt-BR"},{"@type":"Organization","@id":"https:\/\/arendus.tricela.eu\/#organization","name":"Tricela","url":"https:\/\/arendus.tricela.eu\/","logo":{"@type":"ImageObject","inLanguage":"pt-BR","@id":"https:\/\/arendus.tricela.eu\/#\/schema\/logo\/image\/","url":"https:\/\/arendus.tricela.eu\/wp-content\/uploads\/2020\/05\/logo123.svg","contentUrl":"https:\/\/arendus.tricela.eu\/wp-content\/uploads\/2020\/05\/logo123.svg","width":366,"height":168,"caption":"Tricela"},"image":{"@id":"https:\/\/arendus.tricela.eu\/#\/schema\/logo\/image\/"},"sameAs":["https:\/\/www.instagram.com\/tricela.official"]}]}},"_links":{"self":[{"href":"https:\/\/arendus.tricela.eu\/pt-br\/wp-json\/wp\/v2\/product\/5905","targetHints":{"allow":["GET"]}}],"collection":[{"href":"https:\/\/arendus.tricela.eu\/pt-br\/wp-json\/wp\/v2\/product"}],"about":[{"href":"https:\/\/arendus.tricela.eu\/pt-br\/wp-json\/wp\/v2\/types\/product"}],"version-history":[{"count":2,"href":"https:\/\/arendus.tricela.eu\/pt-br\/wp-json\/wp\/v2\/product\/5905\/revisions"}],"predecessor-version":[{"id":7847,"href":"https:\/\/arendus.tricela.eu\/pt-br\/wp-json\/wp\/v2\/product\/5905\/revisions\/7847"}],"wp:featuredmedia":[{"embeddable":true,"href":"https:\/\/arendus.tricela.eu\/pt-br\/wp-json\/wp\/v2\/media\/5256"}],"wp:attachment":[{"href":"https:\/\/arendus.tricela.eu\/pt-br\/wp-json\/wp\/v2\/media?parent=5905"}],"wp:term":[{"taxonomy":"product_cat","embeddable":true,"href":"https:\/\/arendus.tricela.eu\/pt-br\/wp-json\/wp\/v2\/product_cat?post=5905"},{"taxonomy":"product_tag","embeddable":true,"href":"https:\/\/arendus.tricela.eu\/pt-br\/wp-json\/wp\/v2\/product_tag?post=5905"}],"curies":[{"name":"wp","href":"https:\/\/api.w.org\/{rel}","templated":true}]}}