{"id":5899,"date":"2023-12-07T00:45:32","date_gmt":"2023-12-07T00:45:32","guid":{"rendered":"https:\/\/tricela.eu\/toode\/deyse\/"},"modified":"2024-03-20T14:19:25","modified_gmt":"2024-03-20T14:19:25","slug":"deyse","status":"publish","type":"product","link":"https:\/\/arendus.tricela.eu\/pt-br\/produtos\/deyse\/","title":{"rendered":"Deyse"},"content":{"rendered":"<p><strong>DEYSE <span style=\"font-weight: 400;\">\u00e9 longo, agrad\u00e1vel e elegante. Ela sabe imediatamente como envolv\u00ea-lo com bom gosto, da cabe\u00e7a aos p\u00e9s, com toques suaves. Deyse torna cada dia comum um pouco mais m\u00e1gico.<\/span><\/strong><\/p>\n<p>&nbsp;<\/p>\n<p><strong>COMPOSI\u00c7\u00c3O<\/strong>: <span class=\"Y2IQFc\" lang=\"et\">60% acr\u00edlico, 40% poli\u00e9ster<\/span><\/p>\n<p><span class=\"Y2IQFc\" lang=\"et\"><strong>TAMANHO: tamanho <\/strong>\u00fanico. Devido \u00e0 elasticidade da trama, serve para o tamanho S-L (36-42). Vestido perfeito para usar durante a gravidez tamb\u00e9m<\/span><\/p>\n<p>&nbsp;<\/p>\n<p><span class=\"Y2IQFc\" lang=\"et\"><strong>DIMENS\u00d5ES DO PRODUTO:<\/strong> busto: 76 cm &#8211; cintura: 68 cm &#8211; quadril: 86 cm &#8211; comprimento: 141 cm.<\/span><\/p>\n<p>&nbsp;<\/p>\n<p><span class=\"Y2IQFc\" lang=\"et\">*As dimens\u00f5es s\u00e3o tomadas sem esticar e podem variar at\u00e9 +-4 cm.<\/span><\/p>\n<p>&nbsp;<\/p>\n","protected":false},"excerpt":{"rendered":"<p>DEYSE \u00e9 longo, agrad\u00e1vel e elegante. Ela sabe imediatamente como envolv\u00ea-lo com bom gosto, da cabe\u00e7a aos p\u00e9s, com toques suaves. Deyse torna cada dia comum um pouco mais m\u00e1gico. &nbsp; COMPOSI\u00c7\u00c3O: 60% acr\u00edlico, 40% poli\u00e9ster TAMANHO: tamanho \u00fanico. Devido \u00e0 elasticidade da trama, serve para o tamanho S-L (36-42). Vestido perfeito para usar durante [&hellip;]<\/p>\n","protected":false},"featured_media":4902,"template":"","meta":{"inline_featured_image":false},"product_cat":[120],"product_tag":[],"class_list":{"0":"post-5899","1":"product","2":"type-product","3":"status-publish","4":"has-post-thumbnail","6":"product_cat-vestidos","8":"first","9":"instock","10":"shipping-taxable","11":"purchasable","12":"product-type-variable"},"yoast_head":"<!-- This site is optimized with the Yoast SEO plugin v22.9 - https:\/\/yoast.com\/wordpress\/plugins\/seo\/ -->\n<title>Deyse - Tricela<\/title>\n<meta name=\"robots\" content=\"index, follow, max-snippet:-1, max-image-preview:large, max-video-preview:-1\" \/>\n<link rel=\"canonical\" href=\"https:\/\/arendus.tricela.eu\/pt-br\/produtos\/deyse\/\" \/>\n<meta property=\"og:locale\" content=\"pt_BR\" \/>\n<meta property=\"og:type\" content=\"article\" \/>\n<meta property=\"og:title\" content=\"Deyse - Tricela\" \/>\n<meta property=\"og:description\" content=\"DEYSE \u00e9 longo, agrad\u00e1vel e elegante. Ela sabe imediatamente como envolv\u00ea-lo com bom gosto, da cabe\u00e7a aos p\u00e9s, com toques suaves. Deyse torna cada dia comum um pouco mais m\u00e1gico. &nbsp; COMPOSI\u00c7\u00c3O: 60% acr\u00edlico, 40% poli\u00e9ster TAMANHO: tamanho \u00fanico. Devido \u00e0 elasticidade da trama, serve para o tamanho S-L (36-42). Vestido perfeito para usar durante [&hellip;]\" \/>\n<meta property=\"og:url\" content=\"https:\/\/arendus.tricela.eu\/pt-br\/produtos\/deyse\/\" \/>\n<meta property=\"og:site_name\" content=\"Tricela\" \/>\n<meta property=\"article:modified_time\" content=\"2024-03-20T14:19:25+00:00\" \/>\n<meta property=\"og:image\" content=\"https:\/\/arendus.tricela.eu\/wp-content\/uploads\/2023\/12\/MM_N1419-scaled.jpg\" \/>\n\t<meta property=\"og:image:width\" content=\"1829\" \/>\n\t<meta property=\"og:image:height\" content=\"2560\" \/>\n\t<meta property=\"og:image:type\" content=\"image\/jpeg\" \/>\n<meta name=\"twitter:card\" content=\"summary_large_image\" \/>\n<script type=\"application\/ld+json\" class=\"yoast-schema-graph\">{\"@context\":\"https:\/\/schema.org\",\"@graph\":[{\"@type\":\"WebPage\",\"@id\":\"https:\/\/arendus.tricela.eu\/pt-br\/produtos\/deyse\/\",\"url\":\"https:\/\/arendus.tricela.eu\/pt-br\/produtos\/deyse\/\",\"name\":\"Deyse - Tricela\",\"isPartOf\":{\"@id\":\"https:\/\/arendus.tricela.eu\/#website\"},\"primaryImageOfPage\":{\"@id\":\"https:\/\/arendus.tricela.eu\/pt-br\/produtos\/deyse\/#primaryimage\"},\"image\":{\"@id\":\"https:\/\/arendus.tricela.eu\/pt-br\/produtos\/deyse\/#primaryimage\"},\"thumbnailUrl\":\"https:\/\/arendus.tricela.eu\/wp-content\/uploads\/2023\/12\/MM_N1419-scaled.jpg\",\"datePublished\":\"2023-12-07T00:45:32+00:00\",\"dateModified\":\"2024-03-20T14:19:25+00:00\",\"breadcrumb\":{\"@id\":\"https:\/\/arendus.tricela.eu\/pt-br\/produtos\/deyse\/#breadcrumb\"},\"inLanguage\":\"pt-BR\",\"potentialAction\":[{\"@type\":\"ReadAction\",\"target\":[\"https:\/\/arendus.tricela.eu\/pt-br\/produtos\/deyse\/\"]}]},{\"@type\":\"ImageObject\",\"inLanguage\":\"pt-BR\",\"@id\":\"https:\/\/arendus.tricela.eu\/pt-br\/produtos\/deyse\/#primaryimage\",\"url\":\"https:\/\/arendus.tricela.eu\/wp-content\/uploads\/2023\/12\/MM_N1419-scaled.jpg\",\"contentUrl\":\"https:\/\/arendus.tricela.eu\/wp-content\/uploads\/2023\/12\/MM_N1419-scaled.jpg\",\"width\":1829,\"height\":2560},{\"@type\":\"BreadcrumbList\",\"@id\":\"https:\/\/arendus.tricela.eu\/pt-br\/produtos\/deyse\/#breadcrumb\",\"itemListElement\":[{\"@type\":\"ListItem\",\"position\":1,\"name\":\"Home\",\"item\":\"https:\/\/arendus.tricela.eu\/pt-br\/pagina-inicial\/\"},{\"@type\":\"ListItem\",\"position\":2,\"name\":\"Compre em\",\"item\":\"https:\/\/arendus.tricela.eu\/pt-br\/loja\/\"},{\"@type\":\"ListItem\",\"position\":3,\"name\":\"Deyse\"}]},{\"@type\":\"WebSite\",\"@id\":\"https:\/\/arendus.tricela.eu\/#website\",\"url\":\"https:\/\/arendus.tricela.eu\/\",\"name\":\"Tricela\",\"description\":\"Kootud kleidid Brasiiliast\",\"publisher\":{\"@id\":\"https:\/\/arendus.tricela.eu\/#organization\"},\"potentialAction\":[{\"@type\":\"SearchAction\",\"target\":{\"@type\":\"EntryPoint\",\"urlTemplate\":\"https:\/\/arendus.tricela.eu\/?s={search_term_string}\"},\"query-input\":\"required name=search_term_string\"}],\"inLanguage\":\"pt-BR\"},{\"@type\":\"Organization\",\"@id\":\"https:\/\/arendus.tricela.eu\/#organization\",\"name\":\"Tricela\",\"url\":\"https:\/\/arendus.tricela.eu\/\",\"logo\":{\"@type\":\"ImageObject\",\"inLanguage\":\"pt-BR\",\"@id\":\"https:\/\/arendus.tricela.eu\/#\/schema\/logo\/image\/\",\"url\":\"https:\/\/arendus.tricela.eu\/wp-content\/uploads\/2020\/05\/logo123.svg\",\"contentUrl\":\"https:\/\/arendus.tricela.eu\/wp-content\/uploads\/2020\/05\/logo123.svg\",\"width\":366,\"height\":168,\"caption\":\"Tricela\"},\"image\":{\"@id\":\"https:\/\/arendus.tricela.eu\/#\/schema\/logo\/image\/\"},\"sameAs\":[\"https:\/\/www.instagram.com\/tricela.official\"]}]}<\/script>\n<!-- \/ Yoast SEO plugin. -->","yoast_head_json":{"title":"Deyse - Tricela","robots":{"index":"index","follow":"follow","max-snippet":"max-snippet:-1","max-image-preview":"max-image-preview:large","max-video-preview":"max-video-preview:-1"},"canonical":"https:\/\/arendus.tricela.eu\/pt-br\/produtos\/deyse\/","og_locale":"pt_BR","og_type":"article","og_title":"Deyse - Tricela","og_description":"DEYSE \u00e9 longo, agrad\u00e1vel e elegante. Ela sabe imediatamente como envolv\u00ea-lo com bom gosto, da cabe\u00e7a aos p\u00e9s, com toques suaves. Deyse torna cada dia comum um pouco mais m\u00e1gico. &nbsp; COMPOSI\u00c7\u00c3O: 60% acr\u00edlico, 40% poli\u00e9ster TAMANHO: tamanho \u00fanico. Devido \u00e0 elasticidade da trama, serve para o tamanho S-L (36-42). Vestido perfeito para usar durante [&hellip;]","og_url":"https:\/\/arendus.tricela.eu\/pt-br\/produtos\/deyse\/","og_site_name":"Tricela","article_modified_time":"2024-03-20T14:19:25+00:00","og_image":[{"width":1829,"height":2560,"url":"https:\/\/arendus.tricela.eu\/wp-content\/uploads\/2023\/12\/MM_N1419-scaled.jpg","type":"image\/jpeg"}],"twitter_card":"summary_large_image","schema":{"@context":"https:\/\/schema.org","@graph":[{"@type":"WebPage","@id":"https:\/\/arendus.tricela.eu\/pt-br\/produtos\/deyse\/","url":"https:\/\/arendus.tricela.eu\/pt-br\/produtos\/deyse\/","name":"Deyse - Tricela","isPartOf":{"@id":"https:\/\/arendus.tricela.eu\/#website"},"primaryImageOfPage":{"@id":"https:\/\/arendus.tricela.eu\/pt-br\/produtos\/deyse\/#primaryimage"},"image":{"@id":"https:\/\/arendus.tricela.eu\/pt-br\/produtos\/deyse\/#primaryimage"},"thumbnailUrl":"https:\/\/arendus.tricela.eu\/wp-content\/uploads\/2023\/12\/MM_N1419-scaled.jpg","datePublished":"2023-12-07T00:45:32+00:00","dateModified":"2024-03-20T14:19:25+00:00","breadcrumb":{"@id":"https:\/\/arendus.tricela.eu\/pt-br\/produtos\/deyse\/#breadcrumb"},"inLanguage":"pt-BR","potentialAction":[{"@type":"ReadAction","target":["https:\/\/arendus.tricela.eu\/pt-br\/produtos\/deyse\/"]}]},{"@type":"ImageObject","inLanguage":"pt-BR","@id":"https:\/\/arendus.tricela.eu\/pt-br\/produtos\/deyse\/#primaryimage","url":"https:\/\/arendus.tricela.eu\/wp-content\/uploads\/2023\/12\/MM_N1419-scaled.jpg","contentUrl":"https:\/\/arendus.tricela.eu\/wp-content\/uploads\/2023\/12\/MM_N1419-scaled.jpg","width":1829,"height":2560},{"@type":"BreadcrumbList","@id":"https:\/\/arendus.tricela.eu\/pt-br\/produtos\/deyse\/#breadcrumb","itemListElement":[{"@type":"ListItem","position":1,"name":"Home","item":"https:\/\/arendus.tricela.eu\/pt-br\/pagina-inicial\/"},{"@type":"ListItem","position":2,"name":"Compre em","item":"https:\/\/arendus.tricela.eu\/pt-br\/loja\/"},{"@type":"ListItem","position":3,"name":"Deyse"}]},{"@type":"WebSite","@id":"https:\/\/arendus.tricela.eu\/#website","url":"https:\/\/arendus.tricela.eu\/","name":"Tricela","description":"Kootud kleidid Brasiiliast","publisher":{"@id":"https:\/\/arendus.tricela.eu\/#organization"},"potentialAction":[{"@type":"SearchAction","target":{"@type":"EntryPoint","urlTemplate":"https:\/\/arendus.tricela.eu\/?s={search_term_string}"},"query-input":"required name=search_term_string"}],"inLanguage":"pt-BR"},{"@type":"Organization","@id":"https:\/\/arendus.tricela.eu\/#organization","name":"Tricela","url":"https:\/\/arendus.tricela.eu\/","logo":{"@type":"ImageObject","inLanguage":"pt-BR","@id":"https:\/\/arendus.tricela.eu\/#\/schema\/logo\/image\/","url":"https:\/\/arendus.tricela.eu\/wp-content\/uploads\/2020\/05\/logo123.svg","contentUrl":"https:\/\/arendus.tricela.eu\/wp-content\/uploads\/2020\/05\/logo123.svg","width":366,"height":168,"caption":"Tricela"},"image":{"@id":"https:\/\/arendus.tricela.eu\/#\/schema\/logo\/image\/"},"sameAs":["https:\/\/www.instagram.com\/tricela.official"]}]}},"_links":{"self":[{"href":"https:\/\/arendus.tricela.eu\/pt-br\/wp-json\/wp\/v2\/product\/5899","targetHints":{"allow":["GET"]}}],"collection":[{"href":"https:\/\/arendus.tricela.eu\/pt-br\/wp-json\/wp\/v2\/product"}],"about":[{"href":"https:\/\/arendus.tricela.eu\/pt-br\/wp-json\/wp\/v2\/types\/product"}],"version-history":[{"count":1,"href":"https:\/\/arendus.tricela.eu\/pt-br\/wp-json\/wp\/v2\/product\/5899\/revisions"}],"predecessor-version":[{"id":7881,"href":"https:\/\/arendus.tricela.eu\/pt-br\/wp-json\/wp\/v2\/product\/5899\/revisions\/7881"}],"wp:featuredmedia":[{"embeddable":true,"href":"https:\/\/arendus.tricela.eu\/pt-br\/wp-json\/wp\/v2\/media\/4902"}],"wp:attachment":[{"href":"https:\/\/arendus.tricela.eu\/pt-br\/wp-json\/wp\/v2\/media?parent=5899"}],"wp:term":[{"taxonomy":"product_cat","embeddable":true,"href":"https:\/\/arendus.tricela.eu\/pt-br\/wp-json\/wp\/v2\/product_cat?post=5899"},{"taxonomy":"product_tag","embeddable":true,"href":"https:\/\/arendus.tricela.eu\/pt-br\/wp-json\/wp\/v2\/product_tag?post=5899"}],"curies":[{"name":"wp","href":"https:\/\/api.w.org\/{rel}","templated":true}]}}