{"id":5776,"date":"2023-12-11T18:33:10","date_gmt":"2023-12-11T18:33:10","guid":{"rendered":"https:\/\/tricela.eu\/toode\/caroline\/"},"modified":"2024-03-20T13:33:44","modified_gmt":"2024-03-20T13:33:44","slug":"karoline","status":"publish","type":"product","link":"https:\/\/arendus.tricela.eu\/pt-br\/produtos\/karoline\/","title":{"rendered":"Karoline"},"content":{"rendered":"<p><strong>KAROLINE <\/strong><span style=\"font-weight: 400;\">exala feminilidade. Ela \u00e9 o \u00fanico que faz os cora\u00e7\u00f5es baterem mais r\u00e1pido. Karoline sabe como entrar em uma sala e fazer com que o tempo pare por um momento &#8211; s\u00f3 para ter um pouco mais de tempo para se apaixonar por ela.<\/span><\/p>\n<p>&nbsp;<\/p>\n<p><strong>COMPOSI\u00c7\u00c3O<\/strong>: <span class=\"Y2IQFc\" lang=\"et\">60% acr\u00edlico, 40% poli\u00e9ster<\/span><\/p>\n<p>&nbsp;<\/p>\n<p><span class=\"Y2IQFc\" lang=\"et\"><strong>TAMANHO: tamanho <\/strong>\u00fanico. Devido \u00e0 elasticidade da trama, serve para o tamanho S-L (36-42). O vestido perfeito para usar durante a gravidez.<\/span><\/p>\n<p>&nbsp;<\/p>\n<p><span class=\"Y2IQFc\" lang=\"et\"><strong>DIMENS\u00d5ES DO PRODUTO:<\/strong> peito: 75 cm &#8211; cintura: 70 cm &#8211; quadril: 80 cm &#8211; comprimento: 110 cm &#8211; <\/span><\/p>\n<p>&nbsp;<\/p>\n<p><span class=\"Y2IQFc\" lang=\"et\">*As dimens\u00f5es s\u00e3o tomadas sem esticar e podem variar at\u00e9 +-4 cm.<\/span><\/p>\n<p>&nbsp;<\/p>\n","protected":false},"excerpt":{"rendered":"<p>KAROLINE exala feminilidade. Ela \u00e9 o \u00fanico que faz os cora\u00e7\u00f5es baterem mais r\u00e1pido. Karoline sabe como entrar em uma sala e fazer com que o tempo pare por um momento &#8211; s\u00f3 para ter um pouco mais de tempo para se apaixonar por ela. &nbsp; COMPOSI\u00c7\u00c3O: 60% acr\u00edlico, 40% poli\u00e9ster &nbsp; TAMANHO: tamanho \u00fanico. [&hellip;]<\/p>\n","protected":false},"featured_media":7689,"template":"","meta":{"inline_featured_image":false},"product_cat":[120],"product_tag":[],"class_list":{"0":"post-5776","1":"product","2":"type-product","3":"status-publish","4":"has-post-thumbnail","6":"product_cat-vestidos","8":"first","9":"instock","10":"shipping-taxable","11":"purchasable","12":"product-type-variable"},"yoast_head":"<!-- This site is optimized with the Yoast SEO plugin v22.9 - https:\/\/yoast.com\/wordpress\/plugins\/seo\/ -->\n<title>Karoline - Tricela<\/title>\n<meta name=\"robots\" content=\"index, follow, max-snippet:-1, max-image-preview:large, max-video-preview:-1\" \/>\n<link rel=\"canonical\" href=\"https:\/\/arendus.tricela.eu\/pt-br\/produtos\/karoline\/\" \/>\n<meta property=\"og:locale\" content=\"pt_BR\" \/>\n<meta property=\"og:type\" content=\"article\" \/>\n<meta property=\"og:title\" content=\"Karoline - Tricela\" \/>\n<meta property=\"og:description\" content=\"KAROLINE exala feminilidade. Ela \u00e9 o \u00fanico que faz os cora\u00e7\u00f5es baterem mais r\u00e1pido. Karoline sabe como entrar em uma sala e fazer com que o tempo pare por um momento &#8211; s\u00f3 para ter um pouco mais de tempo para se apaixonar por ela. &nbsp; COMPOSI\u00c7\u00c3O: 60% acr\u00edlico, 40% poli\u00e9ster &nbsp; TAMANHO: tamanho \u00fanico. [&hellip;]\" \/>\n<meta property=\"og:url\" content=\"https:\/\/arendus.tricela.eu\/pt-br\/produtos\/karoline\/\" \/>\n<meta property=\"og:site_name\" content=\"Tricela\" \/>\n<meta property=\"article:modified_time\" content=\"2024-03-20T13:33:44+00:00\" \/>\n<meta property=\"og:image\" content=\"https:\/\/arendus.tricela.eu\/wp-content\/uploads\/2023\/12\/0Y8A6807-1-scaled.jpg\" \/>\n\t<meta property=\"og:image:width\" content=\"1707\" \/>\n\t<meta property=\"og:image:height\" content=\"2560\" \/>\n\t<meta property=\"og:image:type\" content=\"image\/jpeg\" \/>\n<meta name=\"twitter:card\" content=\"summary_large_image\" \/>\n<meta name=\"twitter:label1\" content=\"Est. tempo de leitura\" \/>\n\t<meta name=\"twitter:data1\" content=\"1 minuto\" \/>\n<script type=\"application\/ld+json\" class=\"yoast-schema-graph\">{\"@context\":\"https:\/\/schema.org\",\"@graph\":[{\"@type\":\"WebPage\",\"@id\":\"https:\/\/arendus.tricela.eu\/pt-br\/produtos\/karoline\/\",\"url\":\"https:\/\/arendus.tricela.eu\/pt-br\/produtos\/karoline\/\",\"name\":\"Karoline - Tricela\",\"isPartOf\":{\"@id\":\"https:\/\/arendus.tricela.eu\/#website\"},\"primaryImageOfPage\":{\"@id\":\"https:\/\/arendus.tricela.eu\/pt-br\/produtos\/karoline\/#primaryimage\"},\"image\":{\"@id\":\"https:\/\/arendus.tricela.eu\/pt-br\/produtos\/karoline\/#primaryimage\"},\"thumbnailUrl\":\"https:\/\/arendus.tricela.eu\/wp-content\/uploads\/2023\/12\/0Y8A6807-1-scaled.jpg\",\"datePublished\":\"2023-12-11T18:33:10+00:00\",\"dateModified\":\"2024-03-20T13:33:44+00:00\",\"breadcrumb\":{\"@id\":\"https:\/\/arendus.tricela.eu\/pt-br\/produtos\/karoline\/#breadcrumb\"},\"inLanguage\":\"pt-BR\",\"potentialAction\":[{\"@type\":\"ReadAction\",\"target\":[\"https:\/\/arendus.tricela.eu\/pt-br\/produtos\/karoline\/\"]}]},{\"@type\":\"ImageObject\",\"inLanguage\":\"pt-BR\",\"@id\":\"https:\/\/arendus.tricela.eu\/pt-br\/produtos\/karoline\/#primaryimage\",\"url\":\"https:\/\/arendus.tricela.eu\/wp-content\/uploads\/2023\/12\/0Y8A6807-1-scaled.jpg\",\"contentUrl\":\"https:\/\/arendus.tricela.eu\/wp-content\/uploads\/2023\/12\/0Y8A6807-1-scaled.jpg\",\"width\":1707,\"height\":2560,\"caption\":\"Valge paljaste \u00f5lgadega\u00fcle p\u00f5lve kootud kleit Karoline\"},{\"@type\":\"BreadcrumbList\",\"@id\":\"https:\/\/arendus.tricela.eu\/pt-br\/produtos\/karoline\/#breadcrumb\",\"itemListElement\":[{\"@type\":\"ListItem\",\"position\":1,\"name\":\"Home\",\"item\":\"https:\/\/arendus.tricela.eu\/pt-br\/pagina-inicial\/\"},{\"@type\":\"ListItem\",\"position\":2,\"name\":\"Compre em\",\"item\":\"https:\/\/arendus.tricela.eu\/pt-br\/loja\/\"},{\"@type\":\"ListItem\",\"position\":3,\"name\":\"Karoline\"}]},{\"@type\":\"WebSite\",\"@id\":\"https:\/\/arendus.tricela.eu\/#website\",\"url\":\"https:\/\/arendus.tricela.eu\/\",\"name\":\"Tricela\",\"description\":\"Kootud kleidid Brasiiliast\",\"publisher\":{\"@id\":\"https:\/\/arendus.tricela.eu\/#organization\"},\"potentialAction\":[{\"@type\":\"SearchAction\",\"target\":{\"@type\":\"EntryPoint\",\"urlTemplate\":\"https:\/\/arendus.tricela.eu\/?s={search_term_string}\"},\"query-input\":\"required name=search_term_string\"}],\"inLanguage\":\"pt-BR\"},{\"@type\":\"Organization\",\"@id\":\"https:\/\/arendus.tricela.eu\/#organization\",\"name\":\"Tricela\",\"url\":\"https:\/\/arendus.tricela.eu\/\",\"logo\":{\"@type\":\"ImageObject\",\"inLanguage\":\"pt-BR\",\"@id\":\"https:\/\/arendus.tricela.eu\/#\/schema\/logo\/image\/\",\"url\":\"https:\/\/arendus.tricela.eu\/wp-content\/uploads\/2020\/05\/logo123.svg\",\"contentUrl\":\"https:\/\/arendus.tricela.eu\/wp-content\/uploads\/2020\/05\/logo123.svg\",\"width\":366,\"height\":168,\"caption\":\"Tricela\"},\"image\":{\"@id\":\"https:\/\/arendus.tricela.eu\/#\/schema\/logo\/image\/\"},\"sameAs\":[\"https:\/\/www.instagram.com\/tricela.official\"]}]}<\/script>\n<!-- \/ Yoast SEO plugin. -->","yoast_head_json":{"title":"Karoline - Tricela","robots":{"index":"index","follow":"follow","max-snippet":"max-snippet:-1","max-image-preview":"max-image-preview:large","max-video-preview":"max-video-preview:-1"},"canonical":"https:\/\/arendus.tricela.eu\/pt-br\/produtos\/karoline\/","og_locale":"pt_BR","og_type":"article","og_title":"Karoline - Tricela","og_description":"KAROLINE exala feminilidade. Ela \u00e9 o \u00fanico que faz os cora\u00e7\u00f5es baterem mais r\u00e1pido. Karoline sabe como entrar em uma sala e fazer com que o tempo pare por um momento &#8211; s\u00f3 para ter um pouco mais de tempo para se apaixonar por ela. &nbsp; COMPOSI\u00c7\u00c3O: 60% acr\u00edlico, 40% poli\u00e9ster &nbsp; TAMANHO: tamanho \u00fanico. [&hellip;]","og_url":"https:\/\/arendus.tricela.eu\/pt-br\/produtos\/karoline\/","og_site_name":"Tricela","article_modified_time":"2024-03-20T13:33:44+00:00","og_image":[{"width":1707,"height":2560,"url":"https:\/\/arendus.tricela.eu\/wp-content\/uploads\/2023\/12\/0Y8A6807-1-scaled.jpg","type":"image\/jpeg"}],"twitter_card":"summary_large_image","twitter_misc":{"Est. tempo de leitura":"1 minuto"},"schema":{"@context":"https:\/\/schema.org","@graph":[{"@type":"WebPage","@id":"https:\/\/arendus.tricela.eu\/pt-br\/produtos\/karoline\/","url":"https:\/\/arendus.tricela.eu\/pt-br\/produtos\/karoline\/","name":"Karoline - Tricela","isPartOf":{"@id":"https:\/\/arendus.tricela.eu\/#website"},"primaryImageOfPage":{"@id":"https:\/\/arendus.tricela.eu\/pt-br\/produtos\/karoline\/#primaryimage"},"image":{"@id":"https:\/\/arendus.tricela.eu\/pt-br\/produtos\/karoline\/#primaryimage"},"thumbnailUrl":"https:\/\/arendus.tricela.eu\/wp-content\/uploads\/2023\/12\/0Y8A6807-1-scaled.jpg","datePublished":"2023-12-11T18:33:10+00:00","dateModified":"2024-03-20T13:33:44+00:00","breadcrumb":{"@id":"https:\/\/arendus.tricela.eu\/pt-br\/produtos\/karoline\/#breadcrumb"},"inLanguage":"pt-BR","potentialAction":[{"@type":"ReadAction","target":["https:\/\/arendus.tricela.eu\/pt-br\/produtos\/karoline\/"]}]},{"@type":"ImageObject","inLanguage":"pt-BR","@id":"https:\/\/arendus.tricela.eu\/pt-br\/produtos\/karoline\/#primaryimage","url":"https:\/\/arendus.tricela.eu\/wp-content\/uploads\/2023\/12\/0Y8A6807-1-scaled.jpg","contentUrl":"https:\/\/arendus.tricela.eu\/wp-content\/uploads\/2023\/12\/0Y8A6807-1-scaled.jpg","width":1707,"height":2560,"caption":"Valge paljaste \u00f5lgadega\u00fcle p\u00f5lve kootud kleit Karoline"},{"@type":"BreadcrumbList","@id":"https:\/\/arendus.tricela.eu\/pt-br\/produtos\/karoline\/#breadcrumb","itemListElement":[{"@type":"ListItem","position":1,"name":"Home","item":"https:\/\/arendus.tricela.eu\/pt-br\/pagina-inicial\/"},{"@type":"ListItem","position":2,"name":"Compre em","item":"https:\/\/arendus.tricela.eu\/pt-br\/loja\/"},{"@type":"ListItem","position":3,"name":"Karoline"}]},{"@type":"WebSite","@id":"https:\/\/arendus.tricela.eu\/#website","url":"https:\/\/arendus.tricela.eu\/","name":"Tricela","description":"Kootud kleidid Brasiiliast","publisher":{"@id":"https:\/\/arendus.tricela.eu\/#organization"},"potentialAction":[{"@type":"SearchAction","target":{"@type":"EntryPoint","urlTemplate":"https:\/\/arendus.tricela.eu\/?s={search_term_string}"},"query-input":"required name=search_term_string"}],"inLanguage":"pt-BR"},{"@type":"Organization","@id":"https:\/\/arendus.tricela.eu\/#organization","name":"Tricela","url":"https:\/\/arendus.tricela.eu\/","logo":{"@type":"ImageObject","inLanguage":"pt-BR","@id":"https:\/\/arendus.tricela.eu\/#\/schema\/logo\/image\/","url":"https:\/\/arendus.tricela.eu\/wp-content\/uploads\/2020\/05\/logo123.svg","contentUrl":"https:\/\/arendus.tricela.eu\/wp-content\/uploads\/2020\/05\/logo123.svg","width":366,"height":168,"caption":"Tricela"},"image":{"@id":"https:\/\/arendus.tricela.eu\/#\/schema\/logo\/image\/"},"sameAs":["https:\/\/www.instagram.com\/tricela.official"]}]}},"_links":{"self":[{"href":"https:\/\/arendus.tricela.eu\/pt-br\/wp-json\/wp\/v2\/product\/5776","targetHints":{"allow":["GET"]}}],"collection":[{"href":"https:\/\/arendus.tricela.eu\/pt-br\/wp-json\/wp\/v2\/product"}],"about":[{"href":"https:\/\/arendus.tricela.eu\/pt-br\/wp-json\/wp\/v2\/types\/product"}],"version-history":[{"count":3,"href":"https:\/\/arendus.tricela.eu\/pt-br\/wp-json\/wp\/v2\/product\/5776\/revisions"}],"predecessor-version":[{"id":7842,"href":"https:\/\/arendus.tricela.eu\/pt-br\/wp-json\/wp\/v2\/product\/5776\/revisions\/7842"}],"wp:featuredmedia":[{"embeddable":true,"href":"https:\/\/arendus.tricela.eu\/pt-br\/wp-json\/wp\/v2\/media\/7689"}],"wp:attachment":[{"href":"https:\/\/arendus.tricela.eu\/pt-br\/wp-json\/wp\/v2\/media?parent=5776"}],"wp:term":[{"taxonomy":"product_cat","embeddable":true,"href":"https:\/\/arendus.tricela.eu\/pt-br\/wp-json\/wp\/v2\/product_cat?post=5776"},{"taxonomy":"product_tag","embeddable":true,"href":"https:\/\/arendus.tricela.eu\/pt-br\/wp-json\/wp\/v2\/product_tag?post=5776"}],"curies":[{"name":"wp","href":"https:\/\/api.w.org\/{rel}","templated":true}]}}