{"id":6032,"date":"2020-05-11T02:38:05","date_gmt":"2020-05-11T02:38:05","guid":{"rendered":"https:\/\/tricela.eu\/sobre-nos\/"},"modified":"2024-03-17T06:35:18","modified_gmt":"2024-03-17T06:35:18","slug":"sobre-nos","status":"publish","type":"page","link":"https:\/\/arendus.tricela.eu\/pt-br\/sobre-nos\/","title":{"rendered":"Sobre n\u00f3s"},"content":{"rendered":"\t\t<div data-elementor-type=\"wp-page\" data-elementor-id=\"6032\" class=\"elementor elementor-6032 elementor-514\" data-elementor-post-type=\"page\">\n\t\t\t\t\t\t<section class=\"elementor-section elementor-top-section elementor-element elementor-element-1bbc0df elementor-section-stretched elementor-reverse-mobile elementor-section-boxed elementor-section-height-default elementor-section-height-default\" data-id=\"1bbc0df\" data-element_type=\"section\" data-settings=\"{&quot;stretch_section&quot;:&quot;section-stretched&quot;}\">\n\t\t\t\t\t\t<div class=\"elementor-container elementor-column-gap-no\">\n\t\t\t\t\t<div class=\"elementor-column elementor-col-33 elementor-top-column elementor-element elementor-element-17a3e5e elementor-hidden-tablet elementor-hidden-mobile\" data-id=\"17a3e5e\" data-element_type=\"column\">\n\t\t\t<div class=\"elementor-widget-wrap\">\n\t\t\t\t\t\t\t<\/div>\n\t\t<\/div>\n\t\t\t\t<div class=\"elementor-column elementor-col-33 elementor-top-column elementor-element elementor-element-7dd0098\" data-id=\"7dd0098\" data-element_type=\"column\">\n\t\t\t<div class=\"elementor-widget-wrap elementor-element-populated\">\n\t\t\t\t\t\t<div class=\"elementor-element elementor-element-bdd8f68 elementor-widget elementor-widget-heading\" data-id=\"bdd8f68\" data-element_type=\"widget\" data-widget_type=\"heading.default\">\n\t\t\t\t<div class=\"elementor-widget-container\">\n\t\t\t<h2 class=\"elementor-heading-title elementor-size-default\">COMO TUDO COME\u00c7OU<br><\/h2>\t\t<\/div>\n\t\t\t\t<\/div>\n\t\t\t\t<div class=\"elementor-element elementor-element-9f5b66e elementor-widget elementor-widget-text-editor\" data-id=\"9f5b66e\" data-element_type=\"widget\" data-widget_type=\"text-editor.default\">\n\t\t\t\t<div class=\"elementor-widget-container\">\n\t\t\t\t\t\t\t<p><i><span style=\"font-weight: 400;\">Foi como amor \u00e0 primeira vista. O tipo de amor que te envolve completamente. Um amor que te faz sentir como uma deusa \u2013 feminina, confiante, invenc\u00edvel, m\u00edstica.<\/span><\/i><\/p><p><i><span style=\"font-weight: 400;\">Essa sensa\u00e7\u00e3o hipnotizante ocorreu alguns anos atr\u00e1s, ao entrar em uma loja no Rio de Janeiro e contemplar um vestido de tric\u00f4 deslumbrante. Era o tipo de vestido que chamava sua aten\u00e7\u00e3o de longe, e voc\u00ea reconhecia instantaneamente, mesmo antes de vesti-lo, que ele estava destinado a ser seu.<\/span><\/i><\/p><p><i><span style=\"font-weight: 400;\">O vestido teve um caimento perfeito. Certas pe\u00e7as possuem um poder misterioso de despertar emo\u00e7\u00f5es profundas, e este vestido era um desses raros tesouros. A partir daquele momento, o sonho e a ideia da Tricela nasceram.<\/span><\/i><\/p><p><i><span style=\"font-weight: 400;\">Tornar esse sonho realidade foi uma jornada desafiadora cheia de noites sem dormir, impulsionada pela firme cren\u00e7a de que, um dia, outras mulheres estonianas tamb\u00e9m sentiriam o poderoso e encantador charme desses vestidos brasileiros especiais.<\/span><\/i><\/p>\t\t\t\t\t\t<\/div>\n\t\t\t\t<\/div>\n\t\t\t\t<div class=\"elementor-element elementor-element-c32c9d8 elementor-hidden-desktop elementor-hidden-tablet elementor-widget elementor-widget-image\" data-id=\"c32c9d8\" data-element_type=\"widget\" data-widget_type=\"image.default\">\n\t\t\t\t<div class=\"elementor-widget-container\">\n\t\t\t\t\t\t\t\t\t\t\t\t\t<img fetchpriority=\"high\" decoding=\"async\" width=\"800\" height=\"451\" src=\"https:\/\/arendus.tricela.eu\/wp-content\/uploads\/2024\/01\/photo_2024-01-30_14-34-00-1024x577.jpg\" class=\"attachment-large size-large wp-image-6448\" alt=\"\" srcset=\"https:\/\/arendus.tricela.eu\/wp-content\/uploads\/2024\/01\/photo_2024-01-30_14-34-00-1024x577.jpg 1024w, https:\/\/arendus.tricela.eu\/wp-content\/uploads\/2024\/01\/photo_2024-01-30_14-34-00-600x338.jpg 600w, https:\/\/arendus.tricela.eu\/wp-content\/uploads\/2024\/01\/photo_2024-01-30_14-34-00-300x169.jpg 300w, https:\/\/arendus.tricela.eu\/wp-content\/uploads\/2024\/01\/photo_2024-01-30_14-34-00-768x433.jpg 768w, https:\/\/arendus.tricela.eu\/wp-content\/uploads\/2024\/01\/photo_2024-01-30_14-34-00-1000x565.jpg 1000w, https:\/\/arendus.tricela.eu\/wp-content\/uploads\/2024\/01\/photo_2024-01-30_14-34-00.jpg 1280w\" sizes=\"(max-width: 800px) 100vw, 800px\" \/>\t\t\t\t\t\t\t\t\t\t\t\t\t<\/div>\n\t\t\t\t<\/div>\n\t\t\t\t<div class=\"elementor-element elementor-element-79f21f5 elementor-hidden-phone elementor-widget elementor-widget-image\" data-id=\"79f21f5\" data-element_type=\"widget\" data-widget_type=\"image.default\">\n\t\t\t\t<div class=\"elementor-widget-container\">\n\t\t\t\t\t\t\t\t\t\t\t\t\t<img decoding=\"async\" width=\"1280\" height=\"721\" src=\"https:\/\/arendus.tricela.eu\/wp-content\/uploads\/2024\/01\/photo_2024-01-30_14-34-00.jpg\" class=\"attachment-full size-full wp-image-6448\" alt=\"\" srcset=\"https:\/\/arendus.tricela.eu\/wp-content\/uploads\/2024\/01\/photo_2024-01-30_14-34-00.jpg 1280w, https:\/\/arendus.tricela.eu\/wp-content\/uploads\/2024\/01\/photo_2024-01-30_14-34-00-600x338.jpg 600w, https:\/\/arendus.tricela.eu\/wp-content\/uploads\/2024\/01\/photo_2024-01-30_14-34-00-300x169.jpg 300w, https:\/\/arendus.tricela.eu\/wp-content\/uploads\/2024\/01\/photo_2024-01-30_14-34-00-1024x577.jpg 1024w, https:\/\/arendus.tricela.eu\/wp-content\/uploads\/2024\/01\/photo_2024-01-30_14-34-00-768x433.jpg 768w\" sizes=\"(max-width: 1280px) 100vw, 1280px\" \/>\t\t\t\t\t\t\t\t\t\t\t\t\t<\/div>\n\t\t\t\t<\/div>\n\t\t\t\t<div class=\"elementor-element elementor-element-571e1b7 elementor-widget elementor-widget-text-editor\" data-id=\"571e1b7\" data-element_type=\"widget\" data-widget_type=\"text-editor.default\">\n\t\t\t\t<div class=\"elementor-widget-container\">\n\t\t\t\t\t\t\t<p><i><span style=\"font-weight: 400;\">Primeiro vestido de malha comprado no Brasil<\/span><\/i><\/p>\n\t\t\t\t\t\t<\/div>\n\t\t\t\t<\/div>\n\t\t\t\t<div class=\"elementor-element elementor-element-4e6323e elementor-widget elementor-widget-text-editor\" data-id=\"4e6323e\" data-element_type=\"widget\" data-widget_type=\"text-editor.default\">\n\t\t\t\t<div class=\"elementor-widget-container\">\n\t\t\t\t\t\t\t<p><span style=\"font-weight: 400;\">Os vestidos da Tricela s\u00e3o desenhados para inspirar e ressaltar os aspectos mais delicados de ser mulher. O vestido de tric\u00f4 \u00e9 feito para voc\u00ea se destacar e se sentir bem. Cada um dos nossos modelos \u00e9 feito em quantidade limitada, voc\u00ea pode ter certeza de que usar Tricela significa ter algo especial e \u00fanico ao seu redor.<\/span><\/p><p><span style=\"font-weight: 400;\">Nossos vestidos escondem hist\u00f3rias e mem\u00f3rias direto do Brasil. Cada modelo leva o nome de uma mulher brasileira not\u00e1vel que nos ajudou nessa jornada. Esses nomes nos vestidos s\u00e3o uma homenagem a essas mulheres e um lembrete de que cada ponto de tric\u00f4 \u00e9 preenchido com amor e sensualidade, assim como elas.<\/span><\/p><p><span style=\"font-weight: 400;\">Voc\u00ea pode usar um vestido de tric\u00f4 em qualquer lugar \u2013 o \u00fanico limite \u00e9 a sua imagina\u00e7\u00e3o. Com Tricela, voc\u00ea pode passear em um dia quente de ver\u00e3o na praia em P\u00e4rnu ou desfrutar de um jantar com seu amado em um restaurante. Os vestidos s\u00e3o de tamanho \u00fanico, mas seu material el\u00e1stico significa que eles se ajustam perfeitamente mesmo quando voc\u00ea tem um pequeno milagre crescendo em sua barriga.<\/span><\/p><p><span style=\"font-weight: 400;\">Tamb\u00e9m adicionamos tons vibrantes brasileiros \u00e0 cole\u00e7\u00e3o. Esperamos que estes encorajem voc\u00ea a experimentar com cores e lhe deem energia para aqueles momentos em que voc\u00ea mais precisa.<\/span><\/p><p><span style=\"font-weight: 400;\">Sua Tricela<\/span><\/p><p><i><span style=\"font-weight: 400;\">Obrigada!<\/span><\/i><\/p>\t\t\t\t\t\t<\/div>\n\t\t\t\t<\/div>\n\t\t\t\t<div class=\"elementor-element elementor-element-6fdc43d elementor-widget elementor-widget-image\" data-id=\"6fdc43d\" data-element_type=\"widget\" data-widget_type=\"image.default\">\n\t\t\t\t<div class=\"elementor-widget-container\">\n\t\t\t\t\t\t\t\t\t\t\t\t\t<img decoding=\"async\" width=\"1707\" height=\"2560\" src=\"https:\/\/arendus.tricela.eu\/wp-content\/uploads\/2024\/01\/MM_N2437-scaled.jpg\" class=\"attachment-full size-full wp-image-6442\" alt=\"\" srcset=\"https:\/\/arendus.tricela.eu\/wp-content\/uploads\/2024\/01\/MM_N2437-scaled.jpg 1707w, https:\/\/arendus.tricela.eu\/wp-content\/uploads\/2024\/01\/MM_N2437-scaled-300x450.jpg 300w, https:\/\/arendus.tricela.eu\/wp-content\/uploads\/2024\/01\/MM_N2437-scaled-600x900.jpg 600w, https:\/\/arendus.tricela.eu\/wp-content\/uploads\/2024\/01\/MM_N2437-200x300.jpg 200w, https:\/\/arendus.tricela.eu\/wp-content\/uploads\/2024\/01\/MM_N2437-683x1024.jpg 683w, https:\/\/arendus.tricela.eu\/wp-content\/uploads\/2024\/01\/MM_N2437-768x1152.jpg 768w, https:\/\/arendus.tricela.eu\/wp-content\/uploads\/2024\/01\/MM_N2437-1024x1536.jpg 1024w, https:\/\/arendus.tricela.eu\/wp-content\/uploads\/2024\/01\/MM_N2437-1365x2048.jpg 1365w\" sizes=\"(max-width: 1707px) 100vw, 1707px\" \/>\t\t\t\t\t\t\t\t\t\t\t\t\t<\/div>\n\t\t\t\t<\/div>\n\t\t\t\t\t<\/div>\n\t\t<\/div>\n\t\t\t\t<div class=\"elementor-column elementor-col-33 elementor-top-column elementor-element elementor-element-1618e21 elementor-hidden-tablet elementor-hidden-mobile\" data-id=\"1618e21\" data-element_type=\"column\">\n\t\t\t<div class=\"elementor-widget-wrap\">\n\t\t\t\t\t\t\t<\/div>\n\t\t<\/div>\n\t\t\t\t\t<\/div>\n\t\t<\/section>\n\t\t\t\t<section class=\"elementor-section elementor-top-section elementor-element elementor-element-199878e elementor-section-stretched elementor-section-boxed elementor-section-height-default elementor-section-height-default\" data-id=\"199878e\" data-element_type=\"section\" data-settings=\"{&quot;stretch_section&quot;:&quot;section-stretched&quot;}\">\n\t\t\t\t\t\t<div class=\"elementor-container elementor-column-gap-no\">\n\t\t\t\t\t<div class=\"elementor-column elementor-col-100 elementor-top-column elementor-element elementor-element-4accb38\" data-id=\"4accb38\" data-element_type=\"column\">\n\t\t\t<div class=\"elementor-widget-wrap elementor-element-populated\">\n\t\t\t\t\t\t<div class=\"elementor-element elementor-element-9c34f30 elementor-widget elementor-widget-text-editor\" data-id=\"9c34f30\" data-element_type=\"widget\" data-widget_type=\"text-editor.default\">\n\t\t\t\t<div class=\"elementor-widget-container\">\n\t\t\t\t\t\t\t<p class=\"p1\">Confira nossa incr\u00edvel linha de vestidos<\/p>\n\t\t\t\t\t\t<\/div>\n\t\t\t\t<\/div>\n\t\t\t\t\t<\/div>\n\t\t<\/div>\n\t\t\t\t\t<\/div>\n\t\t<\/section>\n\t\t\t\t<\/div>\n\t\t","protected":false},"excerpt":{"rendered":"<p>COMO TUDO COME\u00c7OU Foi como amor \u00e0 primeira vista. O tipo de amor que te envolve completamente. Um amor que te faz sentir como uma deusa \u2013 feminina, confiante, invenc\u00edvel, m\u00edstica. Essa sensa\u00e7\u00e3o hipnotizante ocorreu alguns anos atr\u00e1s, ao entrar em uma loja no Rio de Janeiro e contemplar um vestido de tric\u00f4 deslumbrante. Era [&hellip;]<\/p>\n","protected":false},"author":1,"featured_media":0,"parent":0,"menu_order":0,"comment_status":"closed","ping_status":"closed","template":"elementor_header_footer","meta":{"inline_featured_image":false,"footnotes":""},"class_list":["post-6032","page","type-page","status-publish","hentry"],"yoast_head":"<!-- This site is optimized with the Yoast SEO plugin v22.9 - https:\/\/yoast.com\/wordpress\/plugins\/seo\/ -->\n<title>Sobre n\u00f3s - Tricela<\/title>\n<meta name=\"robots\" content=\"index, follow, max-snippet:-1, max-image-preview:large, max-video-preview:-1\" \/>\n<link rel=\"canonical\" href=\"https:\/\/arendus.tricela.eu\/pt-br\/sobre-nos\/\" \/>\n<meta property=\"og:locale\" content=\"pt_BR\" \/>\n<meta property=\"og:type\" content=\"article\" \/>\n<meta property=\"og:title\" content=\"Sobre n\u00f3s - Tricela\" \/>\n<meta property=\"og:description\" content=\"COMO TUDO COME\u00c7OU Foi como amor \u00e0 primeira vista. O tipo de amor que te envolve completamente. Um amor que te faz sentir como uma deusa \u2013 feminina, confiante, invenc\u00edvel, m\u00edstica. Essa sensa\u00e7\u00e3o hipnotizante ocorreu alguns anos atr\u00e1s, ao entrar em uma loja no Rio de Janeiro e contemplar um vestido de tric\u00f4 deslumbrante. Era [&hellip;]\" \/>\n<meta property=\"og:url\" content=\"https:\/\/arendus.tricela.eu\/pt-br\/sobre-nos\/\" \/>\n<meta property=\"og:site_name\" content=\"Tricela\" \/>\n<meta property=\"article:modified_time\" content=\"2024-03-17T06:35:18+00:00\" \/>\n<meta property=\"og:image\" content=\"https:\/\/arendus.tricela.eu\/wp-content\/uploads\/2024\/01\/photo_2024-01-30_14-34-00-1024x577.jpg\" \/>\n<meta name=\"twitter:card\" content=\"summary_large_image\" \/>\n<meta name=\"twitter:label1\" content=\"Est. tempo de leitura\" \/>\n\t<meta name=\"twitter:data1\" content=\"3 minutos\" \/>\n<script type=\"application\/ld+json\" class=\"yoast-schema-graph\">{\"@context\":\"https:\/\/schema.org\",\"@graph\":[{\"@type\":\"WebPage\",\"@id\":\"https:\/\/arendus.tricela.eu\/pt-br\/sobre-nos\/\",\"url\":\"https:\/\/arendus.tricela.eu\/pt-br\/sobre-nos\/\",\"name\":\"Sobre n\u00f3s - Tricela\",\"isPartOf\":{\"@id\":\"https:\/\/arendus.tricela.eu\/#website\"},\"primaryImageOfPage\":{\"@id\":\"https:\/\/arendus.tricela.eu\/pt-br\/sobre-nos\/#primaryimage\"},\"image\":{\"@id\":\"https:\/\/arendus.tricela.eu\/pt-br\/sobre-nos\/#primaryimage\"},\"thumbnailUrl\":\"https:\/\/arendus.tricela.eu\/wp-content\/uploads\/2024\/01\/photo_2024-01-30_14-34-00-1024x577.jpg\",\"datePublished\":\"2020-05-11T02:38:05+00:00\",\"dateModified\":\"2024-03-17T06:35:18+00:00\",\"breadcrumb\":{\"@id\":\"https:\/\/arendus.tricela.eu\/pt-br\/sobre-nos\/#breadcrumb\"},\"inLanguage\":\"pt-BR\",\"potentialAction\":[{\"@type\":\"ReadAction\",\"target\":[\"https:\/\/arendus.tricela.eu\/pt-br\/sobre-nos\/\"]}]},{\"@type\":\"ImageObject\",\"inLanguage\":\"pt-BR\",\"@id\":\"https:\/\/arendus.tricela.eu\/pt-br\/sobre-nos\/#primaryimage\",\"url\":\"https:\/\/arendus.tricela.eu\/wp-content\/uploads\/2024\/01\/photo_2024-01-30_14-34-00-1024x577.jpg\",\"contentUrl\":\"https:\/\/arendus.tricela.eu\/wp-content\/uploads\/2024\/01\/photo_2024-01-30_14-34-00-1024x577.jpg\"},{\"@type\":\"BreadcrumbList\",\"@id\":\"https:\/\/arendus.tricela.eu\/pt-br\/sobre-nos\/#breadcrumb\",\"itemListElement\":[{\"@type\":\"ListItem\",\"position\":1,\"name\":\"Home\",\"item\":\"https:\/\/arendus.tricela.eu\/pt-br\/pagina-inicial\/\"},{\"@type\":\"ListItem\",\"position\":2,\"name\":\"Sobre n\u00f3s\"}]},{\"@type\":\"WebSite\",\"@id\":\"https:\/\/arendus.tricela.eu\/#website\",\"url\":\"https:\/\/arendus.tricela.eu\/\",\"name\":\"Tricela\",\"description\":\"Kootud kleidid Brasiiliast\",\"publisher\":{\"@id\":\"https:\/\/arendus.tricela.eu\/#organization\"},\"potentialAction\":[{\"@type\":\"SearchAction\",\"target\":{\"@type\":\"EntryPoint\",\"urlTemplate\":\"https:\/\/arendus.tricela.eu\/?s={search_term_string}\"},\"query-input\":\"required name=search_term_string\"}],\"inLanguage\":\"pt-BR\"},{\"@type\":\"Organization\",\"@id\":\"https:\/\/arendus.tricela.eu\/#organization\",\"name\":\"Tricela\",\"url\":\"https:\/\/arendus.tricela.eu\/\",\"logo\":{\"@type\":\"ImageObject\",\"inLanguage\":\"pt-BR\",\"@id\":\"https:\/\/arendus.tricela.eu\/#\/schema\/logo\/image\/\",\"url\":\"https:\/\/arendus.tricela.eu\/wp-content\/uploads\/2020\/05\/logo123.svg\",\"contentUrl\":\"https:\/\/arendus.tricela.eu\/wp-content\/uploads\/2020\/05\/logo123.svg\",\"width\":366,\"height\":168,\"caption\":\"Tricela\"},\"image\":{\"@id\":\"https:\/\/arendus.tricela.eu\/#\/schema\/logo\/image\/\"},\"sameAs\":[\"https:\/\/www.instagram.com\/tricela.official\"]}]}<\/script>\n<!-- \/ Yoast SEO plugin. -->","yoast_head_json":{"title":"Sobre n\u00f3s - Tricela","robots":{"index":"index","follow":"follow","max-snippet":"max-snippet:-1","max-image-preview":"max-image-preview:large","max-video-preview":"max-video-preview:-1"},"canonical":"https:\/\/arendus.tricela.eu\/pt-br\/sobre-nos\/","og_locale":"pt_BR","og_type":"article","og_title":"Sobre n\u00f3s - Tricela","og_description":"COMO TUDO COME\u00c7OU Foi como amor \u00e0 primeira vista. O tipo de amor que te envolve completamente. Um amor que te faz sentir como uma deusa \u2013 feminina, confiante, invenc\u00edvel, m\u00edstica. Essa sensa\u00e7\u00e3o hipnotizante ocorreu alguns anos atr\u00e1s, ao entrar em uma loja no Rio de Janeiro e contemplar um vestido de tric\u00f4 deslumbrante. Era [&hellip;]","og_url":"https:\/\/arendus.tricela.eu\/pt-br\/sobre-nos\/","og_site_name":"Tricela","article_modified_time":"2024-03-17T06:35:18+00:00","og_image":[{"url":"https:\/\/arendus.tricela.eu\/wp-content\/uploads\/2024\/01\/photo_2024-01-30_14-34-00-1024x577.jpg"}],"twitter_card":"summary_large_image","twitter_misc":{"Est. tempo de leitura":"3 minutos"},"schema":{"@context":"https:\/\/schema.org","@graph":[{"@type":"WebPage","@id":"https:\/\/arendus.tricela.eu\/pt-br\/sobre-nos\/","url":"https:\/\/arendus.tricela.eu\/pt-br\/sobre-nos\/","name":"Sobre n\u00f3s - Tricela","isPartOf":{"@id":"https:\/\/arendus.tricela.eu\/#website"},"primaryImageOfPage":{"@id":"https:\/\/arendus.tricela.eu\/pt-br\/sobre-nos\/#primaryimage"},"image":{"@id":"https:\/\/arendus.tricela.eu\/pt-br\/sobre-nos\/#primaryimage"},"thumbnailUrl":"https:\/\/arendus.tricela.eu\/wp-content\/uploads\/2024\/01\/photo_2024-01-30_14-34-00-1024x577.jpg","datePublished":"2020-05-11T02:38:05+00:00","dateModified":"2024-03-17T06:35:18+00:00","breadcrumb":{"@id":"https:\/\/arendus.tricela.eu\/pt-br\/sobre-nos\/#breadcrumb"},"inLanguage":"pt-BR","potentialAction":[{"@type":"ReadAction","target":["https:\/\/arendus.tricela.eu\/pt-br\/sobre-nos\/"]}]},{"@type":"ImageObject","inLanguage":"pt-BR","@id":"https:\/\/arendus.tricela.eu\/pt-br\/sobre-nos\/#primaryimage","url":"https:\/\/arendus.tricela.eu\/wp-content\/uploads\/2024\/01\/photo_2024-01-30_14-34-00-1024x577.jpg","contentUrl":"https:\/\/arendus.tricela.eu\/wp-content\/uploads\/2024\/01\/photo_2024-01-30_14-34-00-1024x577.jpg"},{"@type":"BreadcrumbList","@id":"https:\/\/arendus.tricela.eu\/pt-br\/sobre-nos\/#breadcrumb","itemListElement":[{"@type":"ListItem","position":1,"name":"Home","item":"https:\/\/arendus.tricela.eu\/pt-br\/pagina-inicial\/"},{"@type":"ListItem","position":2,"name":"Sobre n\u00f3s"}]},{"@type":"WebSite","@id":"https:\/\/arendus.tricela.eu\/#website","url":"https:\/\/arendus.tricela.eu\/","name":"Tricela","description":"Kootud kleidid Brasiiliast","publisher":{"@id":"https:\/\/arendus.tricela.eu\/#organization"},"potentialAction":[{"@type":"SearchAction","target":{"@type":"EntryPoint","urlTemplate":"https:\/\/arendus.tricela.eu\/?s={search_term_string}"},"query-input":"required name=search_term_string"}],"inLanguage":"pt-BR"},{"@type":"Organization","@id":"https:\/\/arendus.tricela.eu\/#organization","name":"Tricela","url":"https:\/\/arendus.tricela.eu\/","logo":{"@type":"ImageObject","inLanguage":"pt-BR","@id":"https:\/\/arendus.tricela.eu\/#\/schema\/logo\/image\/","url":"https:\/\/arendus.tricela.eu\/wp-content\/uploads\/2020\/05\/logo123.svg","contentUrl":"https:\/\/arendus.tricela.eu\/wp-content\/uploads\/2020\/05\/logo123.svg","width":366,"height":168,"caption":"Tricela"},"image":{"@id":"https:\/\/arendus.tricela.eu\/#\/schema\/logo\/image\/"},"sameAs":["https:\/\/www.instagram.com\/tricela.official"]}]}},"_links":{"self":[{"href":"https:\/\/arendus.tricela.eu\/pt-br\/wp-json\/wp\/v2\/pages\/6032","targetHints":{"allow":["GET"]}}],"collection":[{"href":"https:\/\/arendus.tricela.eu\/pt-br\/wp-json\/wp\/v2\/pages"}],"about":[{"href":"https:\/\/arendus.tricela.eu\/pt-br\/wp-json\/wp\/v2\/types\/page"}],"author":[{"embeddable":true,"href":"https:\/\/arendus.tricela.eu\/pt-br\/wp-json\/wp\/v2\/users\/1"}],"replies":[{"embeddable":true,"href":"https:\/\/arendus.tricela.eu\/pt-br\/wp-json\/wp\/v2\/comments?post=6032"}],"version-history":[{"count":20,"href":"https:\/\/arendus.tricela.eu\/pt-br\/wp-json\/wp\/v2\/pages\/6032\/revisions"}],"predecessor-version":[{"id":7470,"href":"https:\/\/arendus.tricela.eu\/pt-br\/wp-json\/wp\/v2\/pages\/6032\/revisions\/7470"}],"wp:attachment":[{"href":"https:\/\/arendus.tricela.eu\/pt-br\/wp-json\/wp\/v2\/media?parent=6032"}],"curies":[{"name":"wp","href":"https:\/\/api.w.org\/{rel}","templated":true}]}}