{"id":6026,"date":"2020-05-09T02:05:54","date_gmt":"2020-05-09T02:05:54","guid":{"rendered":"https:\/\/tricela.eu\/condicoes-de-venda\/"},"modified":"2024-03-02T06:41:14","modified_gmt":"2024-03-02T06:41:14","slug":"condicoes-de-venda","status":"publish","type":"page","link":"https:\/\/arendus.tricela.eu\/pt-br\/condicoes-de-venda\/","title":{"rendered":"Condi\u00e7\u00f5es de venda"},"content":{"rendered":"\t\t<div data-elementor-type=\"wp-page\" data-elementor-id=\"6026\" class=\"elementor elementor-6026 elementor-383\" data-elementor-post-type=\"page\">\n\t\t\t\t<div class=\"elementor-element elementor-element-99bb224 e-flex e-con-boxed e-con e-parent\" data-id=\"99bb224\" data-element_type=\"container\">\n\t\t\t\t\t<div class=\"e-con-inner\">\n\t\t\t\t<div class=\"elementor-element elementor-element-3ab9a4c elementor-widget elementor-widget-text-editor\" data-id=\"3ab9a4c\" data-element_type=\"widget\" data-widget_type=\"text-editor.default\">\n\t\t\t\t<div class=\"elementor-widget-container\">\n\t\t\t\t\t\t\t<h3><span style=\"font-weight: 400;\">TERMOS E CONDI\u00c7\u00d5ES DE VENDA<\/span><\/h3>\n<p><span style=\"font-weight: 400;\">O propriet\u00e1rio da loja virtual TRICELA.EU (doravante denominada Loja Virtual) \u00e9 a TRICELA O\u00dc (c\u00f3digo de registro 16800027), localizada em Staapli 4, Tallinn.<\/span><\/p>\n<p><span style=\"font-weight: 400;\"> <\/span><\/p>\n<p><b>Validade do contrato de venda, informa\u00e7\u00f5es comerciais e de pre\u00e7o<\/b><\/p>\n<p><span style=\"font-weight: 400;\">Os termos e condi\u00e7\u00f5es de venda se aplicam \u00e0 compra de produtos da Loja on-line.<\/span><\/p>\n<p><span style=\"font-weight: 400;\">Os pre\u00e7os dos produtos vendidos na loja on-line s\u00e3o indicados com os produtos. Uma taxa de entrega \u00e9 adicionada ao pre\u00e7o. Todos os pre\u00e7os dos produtos vendidos na loja on-line est\u00e3o em euros.<\/span><\/p>\n<p><span style=\"font-weight: 400;\">A taxa de entrega depende da localiza\u00e7\u00e3o do comprador e do m\u00e9todo de entrega. A taxa de entrega ser\u00e1 exibida para o comprador ao fazer o pedido.<\/span><\/p>\n<p><span style=\"font-weight: 400;\">As informa\u00e7\u00f5es sobre as mercadorias s\u00e3o fornecidas na Loja on-line diretamente ao lado das mercadorias.<\/span><\/p>\n<p><b>Fazer um pedido<\/b><\/p>\n<p><span style=\"font-weight: 400;\">Para fazer o pedido, voc\u00ea deve adicionar os produtos desejados ao seu carrinho de compras. Para fazer um pedido, voc\u00ea deve preencher os campos obrigat\u00f3rios e selecionar o m\u00e9todo de entrega apropriado. O valor da taxa ser\u00e1 ent\u00e3o exibido na tela, que pode ser paga com seguran\u00e7a por meio dos seguintes m\u00e9todos de pagamento:<\/span><\/p>\n<ul>\n<li style=\"font-weight: 400;\" aria-level=\"1\"><span style=\"font-weight: 400;\">Pagamentos banc\u00e1rios na Est\u00f4nia: Swedbank, SEB, Luminor, LHV, Coop Pank, Citadele, Revolut e Visa.<\/span><\/li>\n<li style=\"font-weight: 400;\" aria-level=\"1\"><span style=\"font-weight: 400;\">Links banc\u00e1rios da Let\u00f4nia: Swedbank, SEB, Citadele, Revolut e Luminor.<\/span><\/li>\n<li style=\"font-weight: 400;\" aria-level=\"1\"><span style=\"font-weight: 400;\">Links banc\u00e1rios da Litu\u00e2nia: Swedbank, SEB, Revolut, \u0160iauli\u0173 bankas e Luminor.<\/span><\/li>\n<li style=\"font-weight: 400;\" aria-level=\"1\"><span style=\"font-weight: 400;\">Links de bancos finlandeses: Aktia, Bank of \u00c5land, Danske, Handelsbanken, Nordea, Oma S\u00e4\u00e4stopankki, Pohjola, POP Bank, S-Pank, S\u00e4\u00e4stopankki, Revolut, Visa.<\/span><\/li>\n<li style=\"font-weight: 400;\" aria-level=\"1\"><span style=\"font-weight: 400;\">Pagamentos com cart\u00e3o de cr\u00e9dito Visa \/ MasterCard<\/span><\/li>\n<li style=\"font-weight: 400;\" aria-level=\"1\"><span style=\"font-weight: 400;\">Op\u00e7\u00e3o de pagamento posterior: dividido<\/span><\/li>\n<\/ul>\n<p><span style=\"font-weight: 400;\">NB! Ao pagar por transfer\u00eancia banc\u00e1ria, certifique-se de pressionar o bot\u00e3o &#8220;Back to merchant&#8221; (Voltar ao comerciante) na p\u00e1gina do banco.<\/span><\/p>\n<p><span style=\"font-weight: 400;\">Os pagamentos s\u00e3o intermediados pela Montonio Finance O\u00dc. O pagamento \u00e9 feito fora da Loja on-line em um ambiente seguro &#8211; no caso de pagamento por transfer\u00eancia banc\u00e1ria, no ambiente seguro do respectivo banco e, no caso de pagamento por cart\u00e3o de cr\u00e9dito, no ambiente seguro da Montonio Finance O\u00dc. O vendedor n\u00e3o tem acesso aos dados banc\u00e1rios e de cart\u00e3o de cr\u00e9dito do cliente. O contrato entrar\u00e1 em vigor a partir da data de recebimento do valor devido na conta corrente da Loja Online. Se as mercadorias encomendadas n\u00e3o puderem ser entregues devido \u00e0 expira\u00e7\u00e3o do per\u00edodo de entrega ou por qualquer outro motivo, o comprador ser\u00e1 informado o mais r\u00e1pido poss\u00edvel e o dinheiro pago (incluindo os custos de entrega) ser\u00e1 reembolsado imediatamente, mas no m\u00e1ximo 14 dias ap\u00f3s a notifica\u00e7\u00e3o.<\/span><\/p>\n<p><b>Entrega para<\/b><\/p>\n<p><span style=\"font-weight: 400;\">As mercadorias s\u00e3o entregues na Est\u00f4nia, Let\u00f4nia, Litu\u00e2nia, Finl\u00e2ndia, Pol\u00f4nia, Alemanha e B\u00e9lgica,<\/span><span style=\"font-weight: 400;\"><br \/>\n  <br \/>\n<\/span><span style=\"font-weight: 400;\">M\u00e1quinas de encomendas Itella, m\u00e1quinas de encomendas Omniva e DPD.<\/span><\/p>\n<p><span style=\"font-weight: 400;\">Os custos de envio s\u00e3o de responsabilidade do comprador, e as informa\u00e7\u00f5es de pre\u00e7o correspondentes s\u00e3o exibidas com o m\u00e9todo de envio. As remessas dentro da Est\u00f4nia geralmente chegam ao destino especificado pelo comprador em um ou dois dias \u00fateis a partir da entrada em vigor do contrato de venda. Fora da Est\u00f4nia, a entrega ser\u00e1 feita em 2 a 7 dias corridos. <\/span><\/p>\n<p><b>Direito de retirada<\/b><\/p>\n<p><span style=\"font-weight: 400;\">\u00c9 poss\u00edvel trocar mercadorias compradas na loja (por exemplo, por outra cor) mediante acordo. <\/span><\/p>\n<p><span style=\"font-weight: 400;\">Ap\u00f3s o recebimento do pedido, o comprador tem o direito de rescindir o contrato eletr\u00f4nico em at\u00e9 14 dias. <\/span><\/p>\n<p><span style=\"font-weight: 400;\">O direito de retirada n\u00e3o se aplica se o comprador for uma pessoa jur\u00eddica.<\/span><\/p>\n<p><span style=\"font-weight: 400;\"> No caso de deteriora\u00e7\u00e3o dos bens a serem devolvidos, o consumidor \u00e9 respons\u00e1vel pela perda de valor resultante do uso dos bens somente se tiver usado os bens de forma diferente da necess\u00e1ria para verificar sua natureza, caracter\u00edsticas e funcionamento. Para verificar a natureza, as caracter\u00edsticas e o funcionamento de um artigo, o Consumidor deve manusear e usar o artigo somente da forma que normalmente poderia fazer em uma loja. Por exemplo, \u00e9 poss\u00edvel experimentar roupas em uma loja, mas as etiquetas n\u00e3o podem ser removidas e as roupas n\u00e3o podem estar sujas, danificadas, lavadas ou contaminadas por perfume, fuma\u00e7a ou qualquer outro odor nocivo. Portanto, n\u00e3o se pode excluir a possibilidade de que o valor do produto tenha sido reduzido a zero devido ao dano ao item, e a Tricela O\u00dc tem o direito de solicitar uma indeniza\u00e7\u00e3o pela perda de valor. Os custos de transporte dos bens deteriorados dever\u00e3o ser arcados pelo Consumidor.<\/span><span style=\"font-weight: 400;\"><br \/><\/span><span style=\"font-weight: 400;\"><br \/><\/span><span style=\"font-weight: 400;\">Para devolver os produtos, voc\u00ea deve enviar um formul\u00e1rio de retirada e envi\u00e1-lo para. <\/span><b>info@tricela.eu<\/b><span style=\"font-weight: 400;\"> no prazo m\u00e1ximo de 14 dias ap\u00f3s o recebimento da mercadoria. <\/span> <\/p>\n<p><span style=\"font-weight: 400;\"><br \/><\/span><b>O custo da devolu\u00e7\u00e3o das mercadorias \u00e9 arcado pelo comprador, a menos que o motivo da devolu\u00e7\u00e3o seja o fato de elas n\u00e3o corresponderem ao que foi pedido (por exemplo, mercadorias erradas ou com defeito).<\/b><span style=\"font-weight: 400;\">. <\/span> <span style=\"font-weight: 400;\"><br \/><\/span><span style=\"font-weight: 400;\"><br \/><\/span><span style=\"font-weight: 400;\">O comprador deve devolver as mercadorias em at\u00e9 14 dias a partir da data da solicita\u00e7\u00e3o ou fornecer prova de que as entregou \u00e0 transportadora dentro desse per\u00edodo.<\/span><span style=\"font-weight: 400;\"><br \/><\/span><span style=\"font-weight: 400;\"><br \/><\/span><span style=\"font-weight: 400;\">Ap\u00f3s o recebimento das mercadorias a serem devolvidas, a loja on-line reembolsar\u00e1 ao comprador o valor pago no momento da compra, mas no prazo m\u00e1ximo de 14 dias a partir da data de recebimento da retirada. <\/span><span style=\"font-weight: 400;\">A loja on-line tem o direito de recusar o reembolso at\u00e9 o recebimento das mercadorias a serem devolvidas ou at\u00e9 que o comprador tenha fornecido comprovante de devolu\u00e7\u00e3o dos produtos, o que ocorrer primeiro.<\/span><span style=\"font-weight: 400;\"><br \/><\/span><span style=\"font-weight: 400;\"><br \/><\/span><span style=\"font-weight: 400;\"><br \/><\/span><span style=\"font-weight: 400;\">A loja on-line tem o direito de desistir da venda e exigir a devolu\u00e7\u00e3o das mercadorias do comprador se o pre\u00e7o das mercadorias na loja on-line tiver sido marcado significativamente abaixo do pre\u00e7o de mercado das mercadorias devido a um erro.<\/span><\/p>\n<p><b>Direito de apresentar uma reclama\u00e7\u00e3o<\/b><\/p>\n<p><span style=\"font-weight: 400;\">Em caso de defeito, o comprador tem o direito de entrar em contato com a loja on-line no prazo m\u00e1ximo de 14 dias, enviando um e-mail para. <\/span><b>info@tricela.eu<\/b> <b><br \/><\/b><b><br \/><\/b><span style=\"font-weight: 400;\">A loja on-line n\u00e3o \u00e9 respons\u00e1vel por defeitos (por exemplo, embalagem danificada) que ocorram ap\u00f3s a entrega das mercadorias ao comprador, ou seja, durante a entrega. <\/span><span style=\"font-weight: 400;\"><br \/><\/span><span style=\"font-weight: 400;\"><br \/><\/span><span style=\"font-weight: 400;\">Se os produtos comprados na loja on-line apresentarem um defeito pelo qual a loja on-line seja respons\u00e1vel, a loja consertar\u00e1 ou substituir\u00e1 os produtos defeituosos. Se n\u00e3o for poss\u00edvel reparar ou substituir as mercadorias, a loja on-line reembolsar\u00e1 o comprador de todas as taxas do contrato de venda.<\/span><span style=\"font-weight: 400;\"><br \/><\/span><span style=\"font-weight: 400;\"><br \/><\/span><span style=\"font-weight: 400;\">A loja on-line responder\u00e1 \u00e0 reclama\u00e7\u00e3o do consumidor por escrito ou em um formato que possa ser reproduzido por escrito no prazo de 15 dias.<\/span><\/p>\n<p><b>Marketing direto e processamento de dados pessoais<\/b><\/p>\n<p><span style=\"font-weight: 400;\">A loja on-line usa os dados pessoais fornecidos pelo comprador somente para processar o pedido e enviar as mercadorias ao comprador. A loja on-line transfere dados pessoais para empresas de transporte a fim de entregar mercadorias.<\/span><\/p>\n<p><span style=\"font-weight: 400;\">A loja on-line envia boletins informativos e ofertas para o endere\u00e7o de e-mail do comprador somente se o comprador tiver expressado seu desejo de receb\u00ea-los inserindo seu endere\u00e7o de e-mail no site e tiver indicado seu desejo de receber notifica\u00e7\u00f5es por mala direta.<\/span><\/p>\n<p><span style=\"font-weight: 400;\">O comprador pode optar por n\u00e3o receber ofertas e boletins informativos por e-mail a qualquer momento, notificando-nos por e-mail ou seguindo as instru\u00e7\u00f5es no e-mail que cont\u00e9m as ofertas.<\/span><\/p>\n<p><b>Resolu\u00e7\u00e3o de disputas<\/b><\/p>\n<p><span style=\"font-weight: 400;\">Se o comprador tiver alguma reclama\u00e7\u00e3o sobre a Loja on-line, ela dever\u00e1 ser enviada por e-mail para info@tricela.eu.<\/span><\/p>\n<p><span style=\"font-weight: 400;\">Se o comprador e a Loja Virtual n\u00e3o conseguirem resolver a disputa por meio de um acordo, o comprador poder\u00e1 recorrer ao Comit\u00ea de Disputas do Consumidor. Voc\u00ea pode consultar as condi\u00e7\u00f5es processuais e enviar uma solicita\u00e7\u00e3o pelo site.  <\/span><a href=\"https:\/\/komisjon.ee\/et\/avalduse-esitamine\"><span style=\"font-weight: 400;\">aqui<\/span><\/a><span style=\"font-weight: 400;\">. O Comit\u00ea de Lit\u00edgios de Consumo \u00e9 competente para resolver lit\u00edgios decorrentes de um contrato celebrado entre o comprador e a Loja on-line. N\u00e3o h\u00e1 custo para a Comiss\u00e3o examinar a reclama\u00e7\u00e3o do comprador.<\/span><\/p>\n<p><span style=\"font-weight: 400;\">O comprador pode recorrer \u00e0 plataforma de resolu\u00e7\u00e3o de disputas de consumidores da Uni\u00e3o Europeia.<\/span><\/p>\n\t\t\t\t\t\t<\/div>\n\t\t\t\t<\/div>\n\t\t\t\t\t<\/div>\n\t\t\t\t<\/div>\n\t\t\t\t<\/div>\n\t\t","protected":false},"excerpt":{"rendered":"<p>TERMOS E CONDI\u00c7\u00d5ES DE VENDA O propriet\u00e1rio da loja virtual TRICELA.EU (doravante denominada Loja Virtual) \u00e9 a TRICELA O\u00dc (c\u00f3digo de registro 16800027), localizada em Staapli 4, Tallinn. Validade do contrato de venda, informa\u00e7\u00f5es comerciais e de pre\u00e7o Os termos e condi\u00e7\u00f5es de venda se aplicam \u00e0 compra de produtos da Loja on-line. Os pre\u00e7os [&hellip;]<\/p>\n","protected":false},"author":1,"featured_media":0,"parent":0,"menu_order":0,"comment_status":"closed","ping_status":"closed","template":"","meta":{"inline_featured_image":false,"footnotes":""},"class_list":["post-6026","page","type-page","status-publish","hentry"],"yoast_head":"<!-- This site is optimized with the Yoast SEO plugin v22.9 - https:\/\/yoast.com\/wordpress\/plugins\/seo\/ -->\n<title>Condi\u00e7\u00f5es de venda - Tricela<\/title>\n<meta name=\"robots\" content=\"index, follow, max-snippet:-1, max-image-preview:large, max-video-preview:-1\" \/>\n<link rel=\"canonical\" href=\"https:\/\/arendus.tricela.eu\/myygitingimused\/\" \/>\n<meta property=\"og:locale\" content=\"pt_BR\" \/>\n<meta property=\"og:type\" content=\"article\" \/>\n<meta property=\"og:title\" content=\"Condi\u00e7\u00f5es de venda - Tricela\" \/>\n<meta property=\"og:description\" content=\"TERMOS E CONDI\u00c7\u00d5ES DE VENDA O propriet\u00e1rio da loja virtual TRICELA.EU (doravante denominada Loja Virtual) \u00e9 a TRICELA O\u00dc (c\u00f3digo de registro 16800027), localizada em Staapli 4, Tallinn. Validade do contrato de venda, informa\u00e7\u00f5es comerciais e de pre\u00e7o Os termos e condi\u00e7\u00f5es de venda se aplicam \u00e0 compra de produtos da Loja on-line. Os pre\u00e7os [&hellip;]\" \/>\n<meta property=\"og:url\" content=\"https:\/\/arendus.tricela.eu\/myygitingimused\/\" \/>\n<meta property=\"og:site_name\" content=\"Tricela\" \/>\n<meta property=\"article:modified_time\" content=\"2024-03-02T06:41:14+00:00\" \/>\n<meta name=\"twitter:card\" content=\"summary_large_image\" \/>\n<meta name=\"twitter:label1\" content=\"Est. tempo de leitura\" \/>\n\t<meta name=\"twitter:data1\" content=\"7 minutos\" \/>\n<script type=\"application\/ld+json\" class=\"yoast-schema-graph\">{\"@context\":\"https:\/\/schema.org\",\"@graph\":[{\"@type\":\"WebPage\",\"@id\":\"https:\/\/arendus.tricela.eu\/myygitingimused\/\",\"url\":\"https:\/\/arendus.tricela.eu\/myygitingimused\/\",\"name\":\"Condi\u00e7\u00f5es de venda - Tricela\",\"isPartOf\":{\"@id\":\"https:\/\/arendus.tricela.eu\/#website\"},\"datePublished\":\"2020-05-09T02:05:54+00:00\",\"dateModified\":\"2024-03-02T06:41:14+00:00\",\"breadcrumb\":{\"@id\":\"https:\/\/arendus.tricela.eu\/myygitingimused\/#breadcrumb\"},\"inLanguage\":\"pt-BR\",\"potentialAction\":[{\"@type\":\"ReadAction\",\"target\":[\"https:\/\/arendus.tricela.eu\/myygitingimused\/\"]}]},{\"@type\":\"BreadcrumbList\",\"@id\":\"https:\/\/arendus.tricela.eu\/myygitingimused\/#breadcrumb\",\"itemListElement\":[{\"@type\":\"ListItem\",\"position\":1,\"name\":\"Home\",\"item\":\"https:\/\/arendus.tricela.eu\/pt-br\/pagina-inicial\/\"},{\"@type\":\"ListItem\",\"position\":2,\"name\":\"Condi\u00e7\u00f5es de venda\"}]},{\"@type\":\"WebSite\",\"@id\":\"https:\/\/arendus.tricela.eu\/#website\",\"url\":\"https:\/\/arendus.tricela.eu\/\",\"name\":\"Tricela\",\"description\":\"Kootud kleidid Brasiiliast\",\"publisher\":{\"@id\":\"https:\/\/arendus.tricela.eu\/#organization\"},\"potentialAction\":[{\"@type\":\"SearchAction\",\"target\":{\"@type\":\"EntryPoint\",\"urlTemplate\":\"https:\/\/arendus.tricela.eu\/?s={search_term_string}\"},\"query-input\":\"required name=search_term_string\"}],\"inLanguage\":\"pt-BR\"},{\"@type\":\"Organization\",\"@id\":\"https:\/\/arendus.tricela.eu\/#organization\",\"name\":\"Tricela\",\"url\":\"https:\/\/arendus.tricela.eu\/\",\"logo\":{\"@type\":\"ImageObject\",\"inLanguage\":\"pt-BR\",\"@id\":\"https:\/\/arendus.tricela.eu\/#\/schema\/logo\/image\/\",\"url\":\"https:\/\/arendus.tricela.eu\/wp-content\/uploads\/2020\/05\/logo123.svg\",\"contentUrl\":\"https:\/\/arendus.tricela.eu\/wp-content\/uploads\/2020\/05\/logo123.svg\",\"width\":366,\"height\":168,\"caption\":\"Tricela\"},\"image\":{\"@id\":\"https:\/\/arendus.tricela.eu\/#\/schema\/logo\/image\/\"},\"sameAs\":[\"https:\/\/www.instagram.com\/tricela.official\"]}]}<\/script>\n<!-- \/ Yoast SEO plugin. -->","yoast_head_json":{"title":"Condi\u00e7\u00f5es de venda - Tricela","robots":{"index":"index","follow":"follow","max-snippet":"max-snippet:-1","max-image-preview":"max-image-preview:large","max-video-preview":"max-video-preview:-1"},"canonical":"https:\/\/arendus.tricela.eu\/myygitingimused\/","og_locale":"pt_BR","og_type":"article","og_title":"Condi\u00e7\u00f5es de venda - Tricela","og_description":"TERMOS E CONDI\u00c7\u00d5ES DE VENDA O propriet\u00e1rio da loja virtual TRICELA.EU (doravante denominada Loja Virtual) \u00e9 a TRICELA O\u00dc (c\u00f3digo de registro 16800027), localizada em Staapli 4, Tallinn. Validade do contrato de venda, informa\u00e7\u00f5es comerciais e de pre\u00e7o Os termos e condi\u00e7\u00f5es de venda se aplicam \u00e0 compra de produtos da Loja on-line. Os pre\u00e7os [&hellip;]","og_url":"https:\/\/arendus.tricela.eu\/myygitingimused\/","og_site_name":"Tricela","article_modified_time":"2024-03-02T06:41:14+00:00","twitter_card":"summary_large_image","twitter_misc":{"Est. tempo de leitura":"7 minutos"},"schema":{"@context":"https:\/\/schema.org","@graph":[{"@type":"WebPage","@id":"https:\/\/arendus.tricela.eu\/myygitingimused\/","url":"https:\/\/arendus.tricela.eu\/myygitingimused\/","name":"Condi\u00e7\u00f5es de venda - Tricela","isPartOf":{"@id":"https:\/\/arendus.tricela.eu\/#website"},"datePublished":"2020-05-09T02:05:54+00:00","dateModified":"2024-03-02T06:41:14+00:00","breadcrumb":{"@id":"https:\/\/arendus.tricela.eu\/myygitingimused\/#breadcrumb"},"inLanguage":"pt-BR","potentialAction":[{"@type":"ReadAction","target":["https:\/\/arendus.tricela.eu\/myygitingimused\/"]}]},{"@type":"BreadcrumbList","@id":"https:\/\/arendus.tricela.eu\/myygitingimused\/#breadcrumb","itemListElement":[{"@type":"ListItem","position":1,"name":"Home","item":"https:\/\/arendus.tricela.eu\/pt-br\/pagina-inicial\/"},{"@type":"ListItem","position":2,"name":"Condi\u00e7\u00f5es de venda"}]},{"@type":"WebSite","@id":"https:\/\/arendus.tricela.eu\/#website","url":"https:\/\/arendus.tricela.eu\/","name":"Tricela","description":"Kootud kleidid Brasiiliast","publisher":{"@id":"https:\/\/arendus.tricela.eu\/#organization"},"potentialAction":[{"@type":"SearchAction","target":{"@type":"EntryPoint","urlTemplate":"https:\/\/arendus.tricela.eu\/?s={search_term_string}"},"query-input":"required name=search_term_string"}],"inLanguage":"pt-BR"},{"@type":"Organization","@id":"https:\/\/arendus.tricela.eu\/#organization","name":"Tricela","url":"https:\/\/arendus.tricela.eu\/","logo":{"@type":"ImageObject","inLanguage":"pt-BR","@id":"https:\/\/arendus.tricela.eu\/#\/schema\/logo\/image\/","url":"https:\/\/arendus.tricela.eu\/wp-content\/uploads\/2020\/05\/logo123.svg","contentUrl":"https:\/\/arendus.tricela.eu\/wp-content\/uploads\/2020\/05\/logo123.svg","width":366,"height":168,"caption":"Tricela"},"image":{"@id":"https:\/\/arendus.tricela.eu\/#\/schema\/logo\/image\/"},"sameAs":["https:\/\/www.instagram.com\/tricela.official"]}]}},"_links":{"self":[{"href":"https:\/\/arendus.tricela.eu\/pt-br\/wp-json\/wp\/v2\/pages\/6026","targetHints":{"allow":["GET"]}}],"collection":[{"href":"https:\/\/arendus.tricela.eu\/pt-br\/wp-json\/wp\/v2\/pages"}],"about":[{"href":"https:\/\/arendus.tricela.eu\/pt-br\/wp-json\/wp\/v2\/types\/page"}],"author":[{"embeddable":true,"href":"https:\/\/arendus.tricela.eu\/pt-br\/wp-json\/wp\/v2\/users\/1"}],"replies":[{"embeddable":true,"href":"https:\/\/arendus.tricela.eu\/pt-br\/wp-json\/wp\/v2\/comments?post=6026"}],"version-history":[{"count":2,"href":"https:\/\/arendus.tricela.eu\/pt-br\/wp-json\/wp\/v2\/pages\/6026\/revisions"}],"predecessor-version":[{"id":6880,"href":"https:\/\/arendus.tricela.eu\/pt-br\/wp-json\/wp\/v2\/pages\/6026\/revisions\/6880"}],"wp:attachment":[{"href":"https:\/\/arendus.tricela.eu\/pt-br\/wp-json\/wp\/v2\/media?parent=6026"}],"curies":[{"name":"wp","href":"https:\/\/api.w.org\/{rel}","templated":true}]}}