{"id":5911,"date":"2023-10-24T18:15:49","date_gmt":"2023-10-24T18:15:49","guid":{"rendered":"https:\/\/tricela.eu\/politica-de-privacidade\/"},"modified":"2023-12-14T20:20:35","modified_gmt":"2023-12-14T20:20:35","slug":"politica-de-privacidade","status":"publish","type":"page","link":"https:\/\/arendus.tricela.eu\/pt-br\/politica-de-privacidade\/","title":{"rendered":"Pol\u00edtica de privacidade"},"content":{"rendered":"\t\t<div data-elementor-type=\"wp-page\" data-elementor-id=\"5911\" class=\"elementor elementor-5911 elementor-3\" data-elementor-post-type=\"page\">\n\t\t\t\t<div class=\"elementor-element elementor-element-6258ee74 e-flex e-con-boxed e-con e-parent\" data-id=\"6258ee74\" data-element_type=\"container\">\n\t\t\t\t\t<div class=\"e-con-inner\">\n\t\t\t\t<div class=\"elementor-element elementor-element-40eae8bc elementor-widget elementor-widget-text-editor\" data-id=\"40eae8bc\" data-element_type=\"widget\" data-widget_type=\"text-editor.default\">\n\t\t\t\t<div class=\"elementor-widget-container\">\n\t\t\t\t\t\t\t<h3 id=\"privaatsuspoliitika-n\u00e4idis\">Pol\u00edtica de privacidade<\/h3>\n<p><strong>1. disposi\u00e7\u00f5es gerais<\/strong><\/p>\n<p>1.1. Esta Pol\u00edtica de Privacidade estabelece os princ\u00edpios que regem a coleta, o processamento e o armazenamento de dados pessoais. Os dados pessoais s\u00e3o coletados, processados e armazenados pelo controlador Tricela O\u00dc&nbsp;(doravante denominado controlador de dados).<\/p>\n<p>1.2. Para os fins desta Pol\u00edtica de Privacidade, um titular de dados \u00e9 um cliente ou outra pessoa f\u00edsica cujos dados pessoais s\u00e3o processados por um processador de dados.<\/p>\n<p>1.3. Para os fins desta Pol\u00edtica de Privacidade, um cliente \u00e9 qualquer pessoa que compre produtos ou servi\u00e7os no site do controlador de dados.<\/p>\n<p>1.4. O processador de dados est\u00e1 em conformidade com os princ\u00edpios de processamento de dados estabelecidos na legisla\u00e7\u00e3o, incluindo o processamento de dados pessoais de forma legal, justa e segura. O controlador de dados pode confirmar que os dados pessoais foram processados de acordo com a lei.<\/p>\n<p><strong>2. coleta, processamento e armazenamento de dados pessoais<\/strong><\/p>\n<p>2.1. Os dados pessoais coletados, processados e armazenados pelo controlador de dados s\u00e3o coletados eletronicamente, principalmente por meio do site e do e-mail.<\/p>\n<p>2.2. Ao compartilhar seus dados pessoais, o titular dos dados concede ao processador de dados o direito de coletar, organizar, usar e gerenciar os dados pessoais que o titular dos dados compartilha direta ou indiretamente com o processador de dados ao comprar produtos ou servi\u00e7os do site, para os fins especificados na Pol\u00edtica de Privacidade.<\/p>\n<p>2.3. \u00c9 responsabilidade do titular dos dados garantir que os dados que ele ou ela fornece sejam precisos, corretos e completos. O fornecimento consciente de informa\u00e7\u00f5es falsas \u00e9 considerado uma viola\u00e7\u00e3o da Pol\u00edtica de Privacidade. O titular dos dados \u00e9 obrigado a informar o processador de dados sem demora sobre quaisquer altera\u00e7\u00f5es nos dados fornecidos.<\/p>\n<p>2.4. O controlador de dados n\u00e3o ser\u00e1 respons\u00e1vel por nenhum dano causado pelo fornecimento de informa\u00e7\u00f5es falsas pelo titular dos dados ao titular dos dados ou a terceiros.<\/p>\n<p><strong>3. processamento de dados pessoais dos clientes<\/strong><\/p>\n<p>3.1. Um processador de dados pode processar os seguintes dados pessoais de um titular de dados:<\/p>\n<p>3.1.1. Nome e sobrenome;<\/p>\n<p>3.1.2. Data de nascimento;<\/p>\n<p>3.1.3. N\u00famero de telefone;<\/p>\n<p>3.1.4. Endere\u00e7o de e-mail;<\/p>\n<p>3.1.5. Endere\u00e7o de entrega;<\/p>\n<p>3.1.6. N\u00famero da conta corrente;<\/p>\n<p>3.1.7. Detalhes do cart\u00e3o de pagamento;<\/p>\n<p>3.2. Al\u00e9m do acima exposto, o controlador de dados tem o direito de coletar dados sobre o cliente que estejam dispon\u00edveis em registros p\u00fablicos.<\/p>\n<p>3.3. A base legal para o processamento de dados pessoais \u00e9 o Artigo 6(1)(d) do Regulamento Geral de Prote\u00e7\u00e3o de Dados. a), b), c) e f):<\/p>\n<p>(a) o titular dos dados deu seu consentimento para o processamento de seus dados pessoais para uma ou mais finalidades espec\u00edficas;<\/p>\n<p>(b) o processamento de dados pessoais for necess\u00e1rio para a execu\u00e7\u00e3o de um contrato celebrado com o titular dos dados ou para tomar medidas a pedido do titular dos dados antes de celebrar um contrato;<\/p>\n<p>(c) o processamento \u00e9 necess\u00e1rio para o cumprimento de uma obriga\u00e7\u00e3o legal \u00e0 qual o controlador est\u00e1 sujeito;<\/p>\n<p>(f) o processamento for necess\u00e1rio para os fins dos interesses leg\u00edtimos do controlador ou de terceiros, exceto quando esses interesses se sobrepuserem aos interesses do titular dos dados ou aos direitos e liberdades fundamentais para os quais os dados pessoais devem ser protegidos, em particular quando o titular dos dados for uma crian\u00e7a.<\/p>\n<p>3.4. Processamento de dados pessoais para os fins para os quais eles s\u00e3o processados:<\/p>\n<p>3.4.1. Finalidade do processamento &#8211; seguran\u00e7a e prote\u00e7\u00e3o<br>Per\u00edodo m\u00e1ximo de reten\u00e7\u00e3o &#8211; de acordo com os limites de tempo especificados por lei.<\/p>\n<p>3.4.2. Finalidade do processamento &#8211; processamento de pedidos<br>Per\u00edodo m\u00e1ximo de reten\u00e7\u00e3o &#8211;<strong>&nbsp;2<\/strong><strong>anos<\/strong><\/p>\n<p>3.4.3. Finalidade do processamento &#8211; garantir o funcionamento dos servi\u00e7os da loja virtual.<br>Per\u00edodo m\u00e1ximo de reten\u00e7\u00e3o de dados pessoais <span style=\"color: #000000;\">\n  <b>1 ano<\/b>\n<\/span><\/p>\n<p>3.4.4. Finalidade do processamento &#8211; gerenciamento de clientes<br>Per\u00edodo m\u00e1ximo de reten\u00e7\u00e3o de dados pessoais &#8211; <strong>5<\/strong><span style=\"color: #000000;\">\n  <b>&nbsp;anos<\/b>\n<\/span><\/p>\n<p>3.4.5. Finalidade do processamento &#8211; atividades financeiras, contabilidade.<br>Per\u00edodo m\u00e1ximo de reten\u00e7\u00e3o &#8211; de acordo com os limites de tempo especificados por lei.<\/p>\n<p>3.4.6. Finalidade do processamento &#8211; marketing<br>Per\u00edodo m\u00e1ximo de reten\u00e7\u00e3o &#8211; <strong>1 ano<\/strong><\/p>\n<p>3.5. O processador de dados tem o direito de compartilhar os dados pessoais dos clientes com terceiros, como processadores de dados autorizados, contadores, empresas de transporte e correio, empresas que prestam servi\u00e7os de transfer\u00eancia. O processador de dados dever\u00e1 transferir os dados pessoais necess\u00e1rios para a execu\u00e7\u00e3o dos pagamentos para o processador Montonio Finance O\u00dc.<\/p>\n<p>3.6. Ao processar e armazenar dados pessoais relacionados a um titular de dados, o controlador de dados dever\u00e1 implementar medidas organizacionais e t\u00e9cnicas para garantir a prote\u00e7\u00e3o dos dados pessoais contra destrui\u00e7\u00e3o acidental ou ilegal, altera\u00e7\u00e3o, divulga\u00e7\u00e3o e quaisquer outras formas ilegais de processamento.<\/p>\n<p>3.7. O controlador de dados dever\u00e1 manter os dados dos titulares de dados por um per\u00edodo de tempo que depender\u00e1 da finalidade do processamento, mas n\u00e3o superior a <strong>5 anos<\/strong>.<\/p>\n<p><strong>4. direitos do titular dos dados<\/strong><\/p>\n<p>4.1. Os titulares dos dados t\u00eam o direito de acessar e inspecionar seus dados pessoais.<\/p>\n<p>4.2. O titular dos dados tem o direito de ser informado sobre o processamento de seus dados pessoais.<\/p>\n<p>4.3. O titular dos dados tem o direito de completar ou corrigir dados imprecisos.<\/p>\n<p>4.4. Quando um controlador de dados processa dados pessoais de um titular de dados com base no consentimento do titular de dados, o titular de dados tem o direito de retirar seu consentimento a qualquer momento.<\/p>\n<p>4.5. Para exercer seus direitos, os titulares dos dados podem entrar em contato com o suporte ao cliente da loja virtual em info@tricela.eu.<\/p>\n<p>4.6. O titular dos dados pode apresentar uma reclama\u00e7\u00e3o \u00e0 Inspetoria de Prote\u00e7\u00e3o de Dados para proteger seus direitos.<\/p>\n<p><strong>5 Disposi\u00e7\u00f5es finais<\/strong><\/p>\n<p>5.1. Estes Termos e Condi\u00e7\u00f5es de Prote\u00e7\u00e3o de Dados foram redigidos de acordo com o Regulamento (UE) n\u00ba 2016\/679 do Parlamento Europeu e do Conselho relativo \u00e0 prote\u00e7\u00e3o das pessoas singulares no que diz respeito ao tratamento de dados pessoais e \u00e0 livre circula\u00e7\u00e3o desses dados e que revoga a Diretiva 95\/46\/CE \/ CE (Regulamento Geral de Prote\u00e7\u00e3o de Dados), a Lei de Prote\u00e7\u00e3o de Dados Pessoais da Rep\u00fablica da Est\u00f4nia e a legisla\u00e7\u00e3o da Rep\u00fablica da Est\u00f4nia e da Uni\u00e3o Europeia.<\/p>\n<p>5.2. O controlador de dados tem o direito de modificar as condi\u00e7\u00f5es de prote\u00e7\u00e3o de dados, no todo ou em parte, informando os titulares dos dados sobre as modifica\u00e7\u00f5es no site www.tricela.eu.<strong>&nbsp;<\/strong>via.<\/p>\t\t\t\t\t\t<\/div>\n\t\t\t\t<\/div>\n\t\t\t\t\t<\/div>\n\t\t\t\t<\/div>\n\t\t\t\t<\/div>\n\t\t","protected":false},"excerpt":{"rendered":"<p>Pol\u00edtica de privacidade 1. disposi\u00e7\u00f5es gerais 1.1. Esta Pol\u00edtica de Privacidade estabelece os princ\u00edpios que regem a coleta, o processamento e o armazenamento de dados pessoais. Os dados pessoais s\u00e3o coletados, processados e armazenados pelo controlador Tricela O\u00dc&nbsp;(doravante denominado controlador de dados). 1.2. Para os fins desta Pol\u00edtica de Privacidade, um titular de dados \u00e9 [&hellip;]<\/p>\n","protected":false},"author":1,"featured_media":0,"parent":0,"menu_order":0,"comment_status":"closed","ping_status":"open","template":"","meta":{"inline_featured_image":false,"footnotes":""},"class_list":["post-5911","page","type-page","status-publish","hentry"],"yoast_head":"<!-- This site is optimized with the Yoast SEO plugin v22.9 - https:\/\/yoast.com\/wordpress\/plugins\/seo\/ -->\n<title>Pol\u00edtica de privacidade - Tricela<\/title>\n<meta name=\"robots\" content=\"index, follow, max-snippet:-1, max-image-preview:large, max-video-preview:-1\" \/>\n<link rel=\"canonical\" href=\"https:\/\/arendus.tricela.eu\/privaatsustingimused\/\" \/>\n<meta property=\"og:locale\" content=\"pt_BR\" \/>\n<meta property=\"og:type\" content=\"article\" \/>\n<meta property=\"og:title\" content=\"Pol\u00edtica de privacidade - Tricela\" \/>\n<meta property=\"og:description\" content=\"Pol\u00edtica de privacidade 1. disposi\u00e7\u00f5es gerais 1.1. Esta Pol\u00edtica de Privacidade estabelece os princ\u00edpios que regem a coleta, o processamento e o armazenamento de dados pessoais. Os dados pessoais s\u00e3o coletados, processados e armazenados pelo controlador Tricela O\u00dc&nbsp;(doravante denominado controlador de dados). 1.2. Para os fins desta Pol\u00edtica de Privacidade, um titular de dados \u00e9 [&hellip;]\" \/>\n<meta property=\"og:url\" content=\"https:\/\/arendus.tricela.eu\/privaatsustingimused\/\" \/>\n<meta property=\"og:site_name\" content=\"Tricela\" \/>\n<meta property=\"article:modified_time\" content=\"2023-12-14T20:20:35+00:00\" \/>\n<meta name=\"twitter:card\" content=\"summary_large_image\" \/>\n<meta name=\"twitter:label1\" content=\"Est. tempo de leitura\" \/>\n\t<meta name=\"twitter:data1\" content=\"5 minutos\" \/>\n<script type=\"application\/ld+json\" class=\"yoast-schema-graph\">{\"@context\":\"https:\/\/schema.org\",\"@graph\":[{\"@type\":\"WebPage\",\"@id\":\"https:\/\/arendus.tricela.eu\/privaatsustingimused\/\",\"url\":\"https:\/\/arendus.tricela.eu\/privaatsustingimused\/\",\"name\":\"Pol\u00edtica de privacidade - Tricela\",\"isPartOf\":{\"@id\":\"https:\/\/arendus.tricela.eu\/#website\"},\"datePublished\":\"2023-10-24T18:15:49+00:00\",\"dateModified\":\"2023-12-14T20:20:35+00:00\",\"breadcrumb\":{\"@id\":\"https:\/\/arendus.tricela.eu\/privaatsustingimused\/#breadcrumb\"},\"inLanguage\":\"pt-BR\",\"potentialAction\":[{\"@type\":\"ReadAction\",\"target\":[\"https:\/\/arendus.tricela.eu\/privaatsustingimused\/\"]}]},{\"@type\":\"BreadcrumbList\",\"@id\":\"https:\/\/arendus.tricela.eu\/privaatsustingimused\/#breadcrumb\",\"itemListElement\":[{\"@type\":\"ListItem\",\"position\":1,\"name\":\"Home\",\"item\":\"https:\/\/arendus.tricela.eu\/pt-br\/pagina-inicial\/\"},{\"@type\":\"ListItem\",\"position\":2,\"name\":\"Pol\u00edtica de privacidade\"}]},{\"@type\":\"WebSite\",\"@id\":\"https:\/\/arendus.tricela.eu\/#website\",\"url\":\"https:\/\/arendus.tricela.eu\/\",\"name\":\"Tricela\",\"description\":\"Kootud kleidid Brasiiliast\",\"publisher\":{\"@id\":\"https:\/\/arendus.tricela.eu\/#organization\"},\"potentialAction\":[{\"@type\":\"SearchAction\",\"target\":{\"@type\":\"EntryPoint\",\"urlTemplate\":\"https:\/\/arendus.tricela.eu\/?s={search_term_string}\"},\"query-input\":\"required name=search_term_string\"}],\"inLanguage\":\"pt-BR\"},{\"@type\":\"Organization\",\"@id\":\"https:\/\/arendus.tricela.eu\/#organization\",\"name\":\"Tricela\",\"url\":\"https:\/\/arendus.tricela.eu\/\",\"logo\":{\"@type\":\"ImageObject\",\"inLanguage\":\"pt-BR\",\"@id\":\"https:\/\/arendus.tricela.eu\/#\/schema\/logo\/image\/\",\"url\":\"https:\/\/arendus.tricela.eu\/wp-content\/uploads\/2020\/05\/logo123.svg\",\"contentUrl\":\"https:\/\/arendus.tricela.eu\/wp-content\/uploads\/2020\/05\/logo123.svg\",\"width\":366,\"height\":168,\"caption\":\"Tricela\"},\"image\":{\"@id\":\"https:\/\/arendus.tricela.eu\/#\/schema\/logo\/image\/\"},\"sameAs\":[\"https:\/\/www.instagram.com\/tricela.official\"]}]}<\/script>\n<!-- \/ Yoast SEO plugin. -->","yoast_head_json":{"title":"Pol\u00edtica de privacidade - Tricela","robots":{"index":"index","follow":"follow","max-snippet":"max-snippet:-1","max-image-preview":"max-image-preview:large","max-video-preview":"max-video-preview:-1"},"canonical":"https:\/\/arendus.tricela.eu\/privaatsustingimused\/","og_locale":"pt_BR","og_type":"article","og_title":"Pol\u00edtica de privacidade - Tricela","og_description":"Pol\u00edtica de privacidade 1. disposi\u00e7\u00f5es gerais 1.1. Esta Pol\u00edtica de Privacidade estabelece os princ\u00edpios que regem a coleta, o processamento e o armazenamento de dados pessoais. Os dados pessoais s\u00e3o coletados, processados e armazenados pelo controlador Tricela O\u00dc&nbsp;(doravante denominado controlador de dados). 1.2. Para os fins desta Pol\u00edtica de Privacidade, um titular de dados \u00e9 [&hellip;]","og_url":"https:\/\/arendus.tricela.eu\/privaatsustingimused\/","og_site_name":"Tricela","article_modified_time":"2023-12-14T20:20:35+00:00","twitter_card":"summary_large_image","twitter_misc":{"Est. tempo de leitura":"5 minutos"},"schema":{"@context":"https:\/\/schema.org","@graph":[{"@type":"WebPage","@id":"https:\/\/arendus.tricela.eu\/privaatsustingimused\/","url":"https:\/\/arendus.tricela.eu\/privaatsustingimused\/","name":"Pol\u00edtica de privacidade - Tricela","isPartOf":{"@id":"https:\/\/arendus.tricela.eu\/#website"},"datePublished":"2023-10-24T18:15:49+00:00","dateModified":"2023-12-14T20:20:35+00:00","breadcrumb":{"@id":"https:\/\/arendus.tricela.eu\/privaatsustingimused\/#breadcrumb"},"inLanguage":"pt-BR","potentialAction":[{"@type":"ReadAction","target":["https:\/\/arendus.tricela.eu\/privaatsustingimused\/"]}]},{"@type":"BreadcrumbList","@id":"https:\/\/arendus.tricela.eu\/privaatsustingimused\/#breadcrumb","itemListElement":[{"@type":"ListItem","position":1,"name":"Home","item":"https:\/\/arendus.tricela.eu\/pt-br\/pagina-inicial\/"},{"@type":"ListItem","position":2,"name":"Pol\u00edtica de privacidade"}]},{"@type":"WebSite","@id":"https:\/\/arendus.tricela.eu\/#website","url":"https:\/\/arendus.tricela.eu\/","name":"Tricela","description":"Kootud kleidid Brasiiliast","publisher":{"@id":"https:\/\/arendus.tricela.eu\/#organization"},"potentialAction":[{"@type":"SearchAction","target":{"@type":"EntryPoint","urlTemplate":"https:\/\/arendus.tricela.eu\/?s={search_term_string}"},"query-input":"required name=search_term_string"}],"inLanguage":"pt-BR"},{"@type":"Organization","@id":"https:\/\/arendus.tricela.eu\/#organization","name":"Tricela","url":"https:\/\/arendus.tricela.eu\/","logo":{"@type":"ImageObject","inLanguage":"pt-BR","@id":"https:\/\/arendus.tricela.eu\/#\/schema\/logo\/image\/","url":"https:\/\/arendus.tricela.eu\/wp-content\/uploads\/2020\/05\/logo123.svg","contentUrl":"https:\/\/arendus.tricela.eu\/wp-content\/uploads\/2020\/05\/logo123.svg","width":366,"height":168,"caption":"Tricela"},"image":{"@id":"https:\/\/arendus.tricela.eu\/#\/schema\/logo\/image\/"},"sameAs":["https:\/\/www.instagram.com\/tricela.official"]}]}},"_links":{"self":[{"href":"https:\/\/arendus.tricela.eu\/pt-br\/wp-json\/wp\/v2\/pages\/5911","targetHints":{"allow":["GET"]}}],"collection":[{"href":"https:\/\/arendus.tricela.eu\/pt-br\/wp-json\/wp\/v2\/pages"}],"about":[{"href":"https:\/\/arendus.tricela.eu\/pt-br\/wp-json\/wp\/v2\/types\/page"}],"author":[{"embeddable":true,"href":"https:\/\/arendus.tricela.eu\/pt-br\/wp-json\/wp\/v2\/users\/1"}],"replies":[{"embeddable":true,"href":"https:\/\/arendus.tricela.eu\/pt-br\/wp-json\/wp\/v2\/comments?post=5911"}],"version-history":[{"count":1,"href":"https:\/\/arendus.tricela.eu\/pt-br\/wp-json\/wp\/v2\/pages\/5911\/revisions"}],"predecessor-version":[{"id":5919,"href":"https:\/\/arendus.tricela.eu\/pt-br\/wp-json\/wp\/v2\/pages\/5911\/revisions\/5919"}],"wp:attachment":[{"href":"https:\/\/arendus.tricela.eu\/pt-br\/wp-json\/wp\/v2\/media?parent=5911"}],"curies":[{"name":"wp","href":"https:\/\/api.w.org\/{rel}","templated":true}]}}