{"id":5429,"date":"2023-10-24T15:41:50","date_gmt":"2023-10-24T15:41:50","guid":{"rendered":"https:\/\/tricela.eu\/manutencao\/"},"modified":"2024-03-17T07:00:10","modified_gmt":"2024-03-17T07:00:10","slug":"manutencao","status":"publish","type":"page","link":"https:\/\/arendus.tricela.eu\/pt-br\/manutencao\/","title":{"rendered":"Manuten\u00e7\u00e3o"},"content":{"rendered":"\t\t<div data-elementor-type=\"wp-page\" data-elementor-id=\"5429\" class=\"elementor elementor-5429 elementor-3295\" data-elementor-post-type=\"page\">\n\t\t\t\t\t\t<section class=\"elementor-section elementor-top-section elementor-element elementor-element-2a92a327 elementor-section-stretched elementor-reverse-mobile elementor-section-boxed elementor-section-height-default elementor-section-height-default\" data-id=\"2a92a327\" data-element_type=\"section\" data-settings=\"{&quot;stretch_section&quot;:&quot;section-stretched&quot;}\">\n\t\t\t\t\t\t<div class=\"elementor-container elementor-column-gap-no\">\n\t\t\t\t\t<div class=\"elementor-column elementor-col-100 elementor-top-column elementor-element elementor-element-709ca343\" data-id=\"709ca343\" data-element_type=\"column\">\n\t\t\t<div class=\"elementor-widget-wrap elementor-element-populated\">\n\t\t\t\t\t\t<div class=\"elementor-element elementor-element-6ebb36b7 elementor-widget elementor-widget-heading\" data-id=\"6ebb36b7\" data-element_type=\"widget\" data-widget_type=\"heading.default\">\n\t\t\t\t<div class=\"elementor-widget-container\">\n\t\t\t<h2 class=\"elementor-heading-title elementor-size-default\">COMO CUIDAR DE SEU TECIDO<\/h2>\t\t<\/div>\n\t\t\t\t<\/div>\n\t\t\t\t<div class=\"elementor-element elementor-element-46584c3 elementor-widget elementor-widget-text-editor\" data-id=\"46584c3\" data-element_type=\"widget\" data-widget_type=\"text-editor.default\">\n\t\t\t\t<div class=\"elementor-widget-container\">\n\t\t\t\t\t\t\t<p><span style=\"font-weight: 400;\">Querida Mulher,<\/span><\/p><p><span style=\"font-weight: 400;\">Muito obrigada por escolher um vestido da Tricela, tricotado sob os c\u00e9us ensolarados do Brasil, para destacar o seu brilho.<\/span><\/p><p><span style=\"font-weight: 400;\">Como voc\u00ea, este vestido especial requer um pouco mais de cuidado. Para mant\u00ea-lo t\u00e3o bonito quanto no dia em que voc\u00ea o recebeu, por favor leia nosso guia atentamente.<\/span><\/p>\t\t\t\t\t\t<\/div>\n\t\t\t\t<\/div>\n\t\t\t\t\t<\/div>\n\t\t<\/div>\n\t\t\t\t\t<\/div>\n\t\t<\/section>\n\t\t\t\t<section class=\"elementor-section elementor-top-section elementor-element elementor-element-35279d1 elementor-section-stretched elementor-section-boxed elementor-section-height-default elementor-section-height-default\" data-id=\"35279d1\" data-element_type=\"section\" data-settings=\"{&quot;stretch_section&quot;:&quot;section-stretched&quot;}\">\n\t\t\t\t\t\t<div class=\"elementor-container elementor-column-gap-no\">\n\t\t\t\t\t<div class=\"elementor-column elementor-col-50 elementor-top-column elementor-element elementor-element-3107e1d\" data-id=\"3107e1d\" data-element_type=\"column\">\n\t\t\t<div class=\"elementor-widget-wrap elementor-element-populated\">\n\t\t\t\t\t\t<div class=\"elementor-element elementor-element-9cdc5f3 elementor-vertical-align-middle elementor-widget elementor-widget-icon-box\" data-id=\"9cdc5f3\" data-element_type=\"widget\" data-widget_type=\"icon-box.default\">\n\t\t\t\t<div class=\"elementor-widget-container\">\n\t\t\t\t\t<div class=\"elementor-icon-box-wrapper\">\n\n\t\t\t\n\t\t\t\t\t\t<div class=\"elementor-icon-box-content\">\n\n\t\t\t\t\t\t\t\t\t<h3 class=\"elementor-icon-box-title\">\n\t\t\t\t\t\t<span  >\n\t\t\t\t\t\t\tLAVAGEM\t\t\t\t\t\t<\/span>\n\t\t\t\t\t<\/h3>\n\t\t\t\t\n\t\t\t\t\n\t\t\t<\/div>\n\t\t\t\n\t\t<\/div>\n\t\t\t\t<\/div>\n\t\t\t\t<\/div>\n\t\t\t\t<div class=\"elementor-element elementor-element-866b505 elementor-widget elementor-widget-text-editor\" data-id=\"866b505\" data-element_type=\"widget\" data-widget_type=\"text-editor.default\">\n\t\t\t\t<div class=\"elementor-widget-container\">\n\t\t\t\t\t\t\t<p><span style=\"font-weight: 400;\">Sempre <\/span><b>vire o vestido do avesso<\/b><span style=\"font-weight: 400;\"> e n\u00e3o o lave com outras roupas.<\/span><\/p><p><span style=\"font-weight: 400;\">Use <\/span><b>\u00e1gua em temperatura ambiente<\/b><span style=\"font-weight: 400;\"> para evitar que o vestido encolha.<\/span><\/p><p><b>Lave o vestido \u00e0 m\u00e3o<\/b><span style=\"font-weight: 400;\">, adicionando um pouco de <\/span><b>sab\u00e3o suave<\/b><span style=\"font-weight: 400;\"> \u00e0 \u00e1gua. Deixe o vestido de molho por 10 minutos. N\u00e3o use detergentes fortes, pois eles podem endurecer o fio. <\/span><b>Enx\u00e1gue bem.<\/b><\/p><p><span style=\"font-weight: 400;\">Mantenha o fio macio <\/span><b>adicionando um pouco de amaciante ou condicionador<\/b><span style=\"font-weight: 400;\"> \u00e0 \u00e1gua e deixe o vestido ficar nela por alguns minutos. <\/span><b>Fa\u00e7a um enx\u00e1gue final.<\/b><\/p>\t\t\t\t\t\t<\/div>\n\t\t\t\t<\/div>\n\t\t\t\t\t<\/div>\n\t\t<\/div>\n\t\t\t\t<div class=\"elementor-column elementor-col-50 elementor-top-column elementor-element elementor-element-4a5fb6a\" data-id=\"4a5fb6a\" data-element_type=\"column\">\n\t\t\t<div class=\"elementor-widget-wrap elementor-element-populated\">\n\t\t\t\t\t\t<div class=\"elementor-element elementor-element-7479857 elementor-widget__width-initial elementor-widget elementor-widget-image\" data-id=\"7479857\" data-element_type=\"widget\" data-widget_type=\"image.default\">\n\t\t\t\t<div class=\"elementor-widget-container\">\n\t\t\t\t\t\t\t\t\t\t\t\t\t<img fetchpriority=\"high\" decoding=\"async\" width=\"719\" height=\"1024\" src=\"https:\/\/arendus.tricela.eu\/wp-content\/uploads\/2024\/02\/5893915842682468808-1-719x1024.jpeg\" class=\"attachment-large size-large wp-image-6792\" alt=\"\" srcset=\"https:\/\/arendus.tricela.eu\/wp-content\/uploads\/2024\/02\/5893915842682468808-1-719x1024.jpeg 719w, https:\/\/arendus.tricela.eu\/wp-content\/uploads\/2024\/02\/5893915842682468808-1-600x855.jpeg 600w, https:\/\/arendus.tricela.eu\/wp-content\/uploads\/2024\/02\/5893915842682468808-1-211x300.jpeg 211w, https:\/\/arendus.tricela.eu\/wp-content\/uploads\/2024\/02\/5893915842682468808-1-768x1094.jpeg 768w, https:\/\/arendus.tricela.eu\/wp-content\/uploads\/2024\/02\/5893915842682468808-1.jpeg 900w\" sizes=\"(max-width: 719px) 100vw, 719px\" \/>\t\t\t\t\t\t\t\t\t\t\t\t\t<\/div>\n\t\t\t\t<\/div>\n\t\t\t\t\t<\/div>\n\t\t<\/div>\n\t\t\t\t\t<\/div>\n\t\t<\/section>\n\t\t\t\t<section class=\"elementor-section elementor-top-section elementor-element elementor-element-04d9ea5 elementor-section-stretched elementor-section-boxed elementor-section-height-default elementor-section-height-default\" data-id=\"04d9ea5\" data-element_type=\"section\" data-settings=\"{&quot;stretch_section&quot;:&quot;section-stretched&quot;}\">\n\t\t\t\t\t\t<div class=\"elementor-container elementor-column-gap-no\">\n\t\t\t\t\t<div class=\"elementor-column elementor-col-50 elementor-top-column elementor-element elementor-element-10fb414\" data-id=\"10fb414\" data-element_type=\"column\">\n\t\t\t<div class=\"elementor-widget-wrap elementor-element-populated\">\n\t\t\t\t\t\t<div class=\"elementor-element elementor-element-fee499d elementor-vertical-align-middle elementor-widget elementor-widget-icon-box\" data-id=\"fee499d\" data-element_type=\"widget\" data-widget_type=\"icon-box.default\">\n\t\t\t\t<div class=\"elementor-widget-container\">\n\t\t\t\t\t<div class=\"elementor-icon-box-wrapper\">\n\n\t\t\t\n\t\t\t\t\t\t<div class=\"elementor-icon-box-content\">\n\n\t\t\t\t\t\t\t\t\t<h3 class=\"elementor-icon-box-title\">\n\t\t\t\t\t\t<span  >\n\t\t\t\t\t\t\tSECAGEM\t\t\t\t\t\t<\/span>\n\t\t\t\t\t<\/h3>\n\t\t\t\t\n\t\t\t\t\n\t\t\t<\/div>\n\t\t\t\n\t\t<\/div>\n\t\t\t\t<\/div>\n\t\t\t\t<\/div>\n\t\t\t\t<div class=\"elementor-element elementor-element-5292eb7 elementor-widget elementor-widget-text-editor\" data-id=\"5292eb7\" data-element_type=\"widget\" data-widget_type=\"text-editor.default\">\n\t\t\t\t<div class=\"elementor-widget-container\">\n\t\t\t\t\t\t\t<p><b>Pressione gentilmente a \u00e1gua para fora do vestido<\/b><span style=\"font-weight: 400;\">. Voc\u00ea pode usar uma toalha de banho para pressionar \u2013 isso ajuda a absorver a \u00e1gua. Nunca tor\u00e7a o vestido, pois isso pode fazer com que o fio estique.<\/span><\/p><p><b>Seque o vestido em posi\u00e7\u00e3o horizontal<\/b><span style=\"font-weight: 400;\"> para manter sua bela forma. <\/span><b>N\u00e3o coloque o vestido na secadora ou exponha ao sol direto para secar.<\/b><\/p>\t\t\t\t\t\t<\/div>\n\t\t\t\t<\/div>\n\t\t\t\t\t<\/div>\n\t\t<\/div>\n\t\t\t\t<div class=\"elementor-column elementor-col-50 elementor-top-column elementor-element elementor-element-3a66252\" data-id=\"3a66252\" data-element_type=\"column\">\n\t\t\t<div class=\"elementor-widget-wrap elementor-element-populated\">\n\t\t\t\t\t\t<div class=\"elementor-element elementor-element-ae8bf38 elementor-widget__width-initial elementor-widget elementor-widget-image\" data-id=\"ae8bf38\" data-element_type=\"widget\" data-widget_type=\"image.default\">\n\t\t\t\t<div class=\"elementor-widget-container\">\n\t\t\t\t\t\t\t\t\t\t\t\t\t<img decoding=\"async\" width=\"800\" height=\"1023\" src=\"https:\/\/arendus.tricela.eu\/wp-content\/uploads\/2024\/02\/7755374008119765664-1-801x1024.jpeg\" class=\"attachment-large size-large wp-image-6797\" alt=\"\" srcset=\"https:\/\/arendus.tricela.eu\/wp-content\/uploads\/2024\/02\/7755374008119765664-1-801x1024.jpeg 801w, https:\/\/arendus.tricela.eu\/wp-content\/uploads\/2024\/02\/7755374008119765664-1-600x767.jpeg 600w, https:\/\/arendus.tricela.eu\/wp-content\/uploads\/2024\/02\/7755374008119765664-1-235x300.jpeg 235w, https:\/\/arendus.tricela.eu\/wp-content\/uploads\/2024\/02\/7755374008119765664-1-768x982.jpeg 768w, https:\/\/arendus.tricela.eu\/wp-content\/uploads\/2024\/02\/7755374008119765664-1.jpeg 890w\" sizes=\"(max-width: 800px) 100vw, 800px\" \/>\t\t\t\t\t\t\t\t\t\t\t\t\t<\/div>\n\t\t\t\t<\/div>\n\t\t\t\t\t<\/div>\n\t\t<\/div>\n\t\t\t\t\t<\/div>\n\t\t<\/section>\n\t\t\t\t<section class=\"elementor-section elementor-top-section elementor-element elementor-element-876c5f2 elementor-section-stretched elementor-section-boxed elementor-section-height-default elementor-section-height-default\" data-id=\"876c5f2\" data-element_type=\"section\" data-settings=\"{&quot;stretch_section&quot;:&quot;section-stretched&quot;}\">\n\t\t\t\t\t\t<div class=\"elementor-container elementor-column-gap-no\">\n\t\t\t\t\t<div class=\"elementor-column elementor-col-100 elementor-top-column elementor-element elementor-element-96cfd06\" data-id=\"96cfd06\" data-element_type=\"column\">\n\t\t\t<div class=\"elementor-widget-wrap elementor-element-populated\">\n\t\t\t\t\t\t<div class=\"elementor-element elementor-element-8483252 elementor-vertical-align-middle elementor-widget elementor-widget-icon-box\" data-id=\"8483252\" data-element_type=\"widget\" data-widget_type=\"icon-box.default\">\n\t\t\t\t<div class=\"elementor-widget-container\">\n\t\t\t\t\t<div class=\"elementor-icon-box-wrapper\">\n\n\t\t\t\n\t\t\t\t\t\t<div class=\"elementor-icon-box-content\">\n\n\t\t\t\t\t\t\t\t\t<h3 class=\"elementor-icon-box-title\">\n\t\t\t\t\t\t<span  >\n\t\t\t\t\t\t\tBOM SABER\t\t\t\t\t\t<\/span>\n\t\t\t\t\t<\/h3>\n\t\t\t\t\n\t\t\t\t\n\t\t\t<\/div>\n\t\t\t\n\t\t<\/div>\n\t\t\t\t<\/div>\n\t\t\t\t<\/div>\n\t\t\t\t<div class=\"elementor-element elementor-element-81d8312 elementor-widget elementor-widget-text-editor\" data-id=\"81d8312\" data-element_type=\"widget\" data-widget_type=\"text-editor.default\">\n\t\t\t\t<div class=\"elementor-widget-container\">\n\t\t\t\t\t\t\t<p style=\"text-align: left;\"><span style=\"font-weight: 400;\">N\u00e3o pendure o vestido em um cabide, <\/span><b>mantenha-o dobrado<\/b><span style=\"font-weight: 400;\"> para evitar esticar o fio.<\/span><\/p><p style=\"text-align: left;\"><span style=\"font-weight: 400;\">O vestido n\u00e3o precisa ser passado a ferro.<\/span><\/p><p style=\"text-align: left;\"><span style=\"font-weight: 400;\">Se o fio sair do vestido, <\/span><b>puxe-o cuidadosamente de volta<\/b><span style=\"font-weight: 400;\"> ao lugar com um <\/span><b>grampo de cabelo ou agulha de croch\u00ea<\/b><span style=\"font-weight: 400;\">. <\/span><b>N\u00e3o corte o fio<\/b><span style=\"font-weight: 400;\"> com tesouras, pois isso pode fazer com que o vestido desmanche.<\/span><\/p>\t\t\t\t\t\t<\/div>\n\t\t\t\t<\/div>\n\t\t\t\t\t<\/div>\n\t\t<\/div>\n\t\t\t\t\t<\/div>\n\t\t<\/section>\n\t\t<div class=\"elementor-element elementor-element-5e2c154 e-flex e-con-boxed e-con e-parent\" data-id=\"5e2c154\" data-element_type=\"container\">\n\t\t\t\t\t<div class=\"e-con-inner\">\n\t\t\t\t<div class=\"elementor-element elementor-element-96311bd elementor-widget elementor-widget-text-editor\" data-id=\"96311bd\" data-element_type=\"widget\" data-widget_type=\"text-editor.default\">\n\t\t\t\t<div class=\"elementor-widget-container\">\n\t\t\t\t\t\t\t<p><span style=\"font-weight: 400;\">&nbsp;<\/span><\/p>\n<p><span style=\"font-weight: 400;\">&nbsp;<\/span><\/p>\n<p><span style=\"font-weight: 400;\">Desejamos a voc\u00ea muitos momentos especiais em um vestido Tricela!<\/span><\/p>\n<p><\/p>\n<p><span style=\"font-weight: 400;\">Sua Tricela<\/span><\/p>\n<p><i><span style=\"font-weight: 400;\">Obrigada!<\/span><\/i><\/p>\t\t\t\t\t\t<\/div>\n\t\t\t\t<\/div>\n\t\t\t\t\t<\/div>\n\t\t\t\t<\/div>\n\t\t\t\t<\/div>\n\t\t","protected":false},"excerpt":{"rendered":"<p>COMO CUIDAR DE SEU TECIDO Querida Mulher, Muito obrigada por escolher um vestido da Tricela, tricotado sob os c\u00e9us ensolarados do Brasil, para destacar o seu brilho. Como voc\u00ea, este vestido especial requer um pouco mais de cuidado. Para mant\u00ea-lo t\u00e3o bonito quanto no dia em que voc\u00ea o recebeu, por favor leia nosso guia [&hellip;]<\/p>\n","protected":false},"author":1,"featured_media":0,"parent":0,"menu_order":0,"comment_status":"closed","ping_status":"closed","template":"","meta":{"inline_featured_image":false,"footnotes":""},"class_list":["post-5429","page","type-page","status-publish","hentry"],"yoast_head":"<!-- This site is optimized with the Yoast SEO plugin v22.9 - https:\/\/yoast.com\/wordpress\/plugins\/seo\/ -->\n<title>Manuten\u00e7\u00e3o - Tricela<\/title>\n<meta name=\"robots\" content=\"index, follow, max-snippet:-1, max-image-preview:large, max-video-preview:-1\" \/>\n<link rel=\"canonical\" href=\"https:\/\/arendus.tricela.eu\/pt-br\/manutencao\/\" \/>\n<meta property=\"og:locale\" content=\"pt_BR\" \/>\n<meta property=\"og:type\" content=\"article\" \/>\n<meta property=\"og:title\" content=\"Manuten\u00e7\u00e3o - Tricela\" \/>\n<meta property=\"og:description\" content=\"COMO CUIDAR DE SEU TECIDO Querida Mulher, Muito obrigada por escolher um vestido da Tricela, tricotado sob os c\u00e9us ensolarados do Brasil, para destacar o seu brilho. Como voc\u00ea, este vestido especial requer um pouco mais de cuidado. Para mant\u00ea-lo t\u00e3o bonito quanto no dia em que voc\u00ea o recebeu, por favor leia nosso guia [&hellip;]\" \/>\n<meta property=\"og:url\" content=\"https:\/\/arendus.tricela.eu\/pt-br\/manutencao\/\" \/>\n<meta property=\"og:site_name\" content=\"Tricela\" \/>\n<meta property=\"article:modified_time\" content=\"2024-03-17T07:00:10+00:00\" \/>\n<meta property=\"og:image\" content=\"https:\/\/arendus.tricela.eu\/wp-content\/uploads\/2024\/02\/5893915842682468808-1-719x1024.jpeg\" \/>\n<meta name=\"twitter:card\" content=\"summary_large_image\" \/>\n<meta name=\"twitter:label1\" content=\"Est. tempo de leitura\" \/>\n\t<meta name=\"twitter:data1\" content=\"2 minutos\" \/>\n<script type=\"application\/ld+json\" class=\"yoast-schema-graph\">{\"@context\":\"https:\/\/schema.org\",\"@graph\":[{\"@type\":\"WebPage\",\"@id\":\"https:\/\/arendus.tricela.eu\/pt-br\/manutencao\/\",\"url\":\"https:\/\/arendus.tricela.eu\/pt-br\/manutencao\/\",\"name\":\"Manuten\u00e7\u00e3o - Tricela\",\"isPartOf\":{\"@id\":\"https:\/\/arendus.tricela.eu\/#website\"},\"primaryImageOfPage\":{\"@id\":\"https:\/\/arendus.tricela.eu\/pt-br\/manutencao\/#primaryimage\"},\"image\":{\"@id\":\"https:\/\/arendus.tricela.eu\/pt-br\/manutencao\/#primaryimage\"},\"thumbnailUrl\":\"https:\/\/arendus.tricela.eu\/wp-content\/uploads\/2024\/02\/5893915842682468808-1-719x1024.jpeg\",\"datePublished\":\"2023-10-24T15:41:50+00:00\",\"dateModified\":\"2024-03-17T07:00:10+00:00\",\"breadcrumb\":{\"@id\":\"https:\/\/arendus.tricela.eu\/pt-br\/manutencao\/#breadcrumb\"},\"inLanguage\":\"pt-BR\",\"potentialAction\":[{\"@type\":\"ReadAction\",\"target\":[\"https:\/\/arendus.tricela.eu\/pt-br\/manutencao\/\"]}]},{\"@type\":\"ImageObject\",\"inLanguage\":\"pt-BR\",\"@id\":\"https:\/\/arendus.tricela.eu\/pt-br\/manutencao\/#primaryimage\",\"url\":\"https:\/\/arendus.tricela.eu\/wp-content\/uploads\/2024\/02\/5893915842682468808-1-719x1024.jpeg\",\"contentUrl\":\"https:\/\/arendus.tricela.eu\/wp-content\/uploads\/2024\/02\/5893915842682468808-1-719x1024.jpeg\"},{\"@type\":\"BreadcrumbList\",\"@id\":\"https:\/\/arendus.tricela.eu\/pt-br\/manutencao\/#breadcrumb\",\"itemListElement\":[{\"@type\":\"ListItem\",\"position\":1,\"name\":\"Home\",\"item\":\"https:\/\/arendus.tricela.eu\/pt-br\/pagina-inicial\/\"},{\"@type\":\"ListItem\",\"position\":2,\"name\":\"Manuten\u00e7\u00e3o\"}]},{\"@type\":\"WebSite\",\"@id\":\"https:\/\/arendus.tricela.eu\/#website\",\"url\":\"https:\/\/arendus.tricela.eu\/\",\"name\":\"Tricela\",\"description\":\"Kootud kleidid Brasiiliast\",\"publisher\":{\"@id\":\"https:\/\/arendus.tricela.eu\/#organization\"},\"potentialAction\":[{\"@type\":\"SearchAction\",\"target\":{\"@type\":\"EntryPoint\",\"urlTemplate\":\"https:\/\/arendus.tricela.eu\/?s={search_term_string}\"},\"query-input\":\"required name=search_term_string\"}],\"inLanguage\":\"pt-BR\"},{\"@type\":\"Organization\",\"@id\":\"https:\/\/arendus.tricela.eu\/#organization\",\"name\":\"Tricela\",\"url\":\"https:\/\/arendus.tricela.eu\/\",\"logo\":{\"@type\":\"ImageObject\",\"inLanguage\":\"pt-BR\",\"@id\":\"https:\/\/arendus.tricela.eu\/#\/schema\/logo\/image\/\",\"url\":\"https:\/\/arendus.tricela.eu\/wp-content\/uploads\/2020\/05\/logo123.svg\",\"contentUrl\":\"https:\/\/arendus.tricela.eu\/wp-content\/uploads\/2020\/05\/logo123.svg\",\"width\":366,\"height\":168,\"caption\":\"Tricela\"},\"image\":{\"@id\":\"https:\/\/arendus.tricela.eu\/#\/schema\/logo\/image\/\"},\"sameAs\":[\"https:\/\/www.instagram.com\/tricela.official\"]}]}<\/script>\n<!-- \/ Yoast SEO plugin. -->","yoast_head_json":{"title":"Manuten\u00e7\u00e3o - Tricela","robots":{"index":"index","follow":"follow","max-snippet":"max-snippet:-1","max-image-preview":"max-image-preview:large","max-video-preview":"max-video-preview:-1"},"canonical":"https:\/\/arendus.tricela.eu\/pt-br\/manutencao\/","og_locale":"pt_BR","og_type":"article","og_title":"Manuten\u00e7\u00e3o - Tricela","og_description":"COMO CUIDAR DE SEU TECIDO Querida Mulher, Muito obrigada por escolher um vestido da Tricela, tricotado sob os c\u00e9us ensolarados do Brasil, para destacar o seu brilho. Como voc\u00ea, este vestido especial requer um pouco mais de cuidado. Para mant\u00ea-lo t\u00e3o bonito quanto no dia em que voc\u00ea o recebeu, por favor leia nosso guia [&hellip;]","og_url":"https:\/\/arendus.tricela.eu\/pt-br\/manutencao\/","og_site_name":"Tricela","article_modified_time":"2024-03-17T07:00:10+00:00","og_image":[{"url":"https:\/\/arendus.tricela.eu\/wp-content\/uploads\/2024\/02\/5893915842682468808-1-719x1024.jpeg"}],"twitter_card":"summary_large_image","twitter_misc":{"Est. tempo de leitura":"2 minutos"},"schema":{"@context":"https:\/\/schema.org","@graph":[{"@type":"WebPage","@id":"https:\/\/arendus.tricela.eu\/pt-br\/manutencao\/","url":"https:\/\/arendus.tricela.eu\/pt-br\/manutencao\/","name":"Manuten\u00e7\u00e3o - Tricela","isPartOf":{"@id":"https:\/\/arendus.tricela.eu\/#website"},"primaryImageOfPage":{"@id":"https:\/\/arendus.tricela.eu\/pt-br\/manutencao\/#primaryimage"},"image":{"@id":"https:\/\/arendus.tricela.eu\/pt-br\/manutencao\/#primaryimage"},"thumbnailUrl":"https:\/\/arendus.tricela.eu\/wp-content\/uploads\/2024\/02\/5893915842682468808-1-719x1024.jpeg","datePublished":"2023-10-24T15:41:50+00:00","dateModified":"2024-03-17T07:00:10+00:00","breadcrumb":{"@id":"https:\/\/arendus.tricela.eu\/pt-br\/manutencao\/#breadcrumb"},"inLanguage":"pt-BR","potentialAction":[{"@type":"ReadAction","target":["https:\/\/arendus.tricela.eu\/pt-br\/manutencao\/"]}]},{"@type":"ImageObject","inLanguage":"pt-BR","@id":"https:\/\/arendus.tricela.eu\/pt-br\/manutencao\/#primaryimage","url":"https:\/\/arendus.tricela.eu\/wp-content\/uploads\/2024\/02\/5893915842682468808-1-719x1024.jpeg","contentUrl":"https:\/\/arendus.tricela.eu\/wp-content\/uploads\/2024\/02\/5893915842682468808-1-719x1024.jpeg"},{"@type":"BreadcrumbList","@id":"https:\/\/arendus.tricela.eu\/pt-br\/manutencao\/#breadcrumb","itemListElement":[{"@type":"ListItem","position":1,"name":"Home","item":"https:\/\/arendus.tricela.eu\/pt-br\/pagina-inicial\/"},{"@type":"ListItem","position":2,"name":"Manuten\u00e7\u00e3o"}]},{"@type":"WebSite","@id":"https:\/\/arendus.tricela.eu\/#website","url":"https:\/\/arendus.tricela.eu\/","name":"Tricela","description":"Kootud kleidid Brasiiliast","publisher":{"@id":"https:\/\/arendus.tricela.eu\/#organization"},"potentialAction":[{"@type":"SearchAction","target":{"@type":"EntryPoint","urlTemplate":"https:\/\/arendus.tricela.eu\/?s={search_term_string}"},"query-input":"required name=search_term_string"}],"inLanguage":"pt-BR"},{"@type":"Organization","@id":"https:\/\/arendus.tricela.eu\/#organization","name":"Tricela","url":"https:\/\/arendus.tricela.eu\/","logo":{"@type":"ImageObject","inLanguage":"pt-BR","@id":"https:\/\/arendus.tricela.eu\/#\/schema\/logo\/image\/","url":"https:\/\/arendus.tricela.eu\/wp-content\/uploads\/2020\/05\/logo123.svg","contentUrl":"https:\/\/arendus.tricela.eu\/wp-content\/uploads\/2020\/05\/logo123.svg","width":366,"height":168,"caption":"Tricela"},"image":{"@id":"https:\/\/arendus.tricela.eu\/#\/schema\/logo\/image\/"},"sameAs":["https:\/\/www.instagram.com\/tricela.official"]}]}},"_links":{"self":[{"href":"https:\/\/arendus.tricela.eu\/pt-br\/wp-json\/wp\/v2\/pages\/5429","targetHints":{"allow":["GET"]}}],"collection":[{"href":"https:\/\/arendus.tricela.eu\/pt-br\/wp-json\/wp\/v2\/pages"}],"about":[{"href":"https:\/\/arendus.tricela.eu\/pt-br\/wp-json\/wp\/v2\/types\/page"}],"author":[{"embeddable":true,"href":"https:\/\/arendus.tricela.eu\/pt-br\/wp-json\/wp\/v2\/users\/1"}],"replies":[{"embeddable":true,"href":"https:\/\/arendus.tricela.eu\/pt-br\/wp-json\/wp\/v2\/comments?post=5429"}],"version-history":[{"count":17,"href":"https:\/\/arendus.tricela.eu\/pt-br\/wp-json\/wp\/v2\/pages\/5429\/revisions"}],"predecessor-version":[{"id":7503,"href":"https:\/\/arendus.tricela.eu\/pt-br\/wp-json\/wp\/v2\/pages\/5429\/revisions\/7503"}],"wp:attachment":[{"href":"https:\/\/arendus.tricela.eu\/pt-br\/wp-json\/wp\/v2\/media?parent=5429"}],"curies":[{"name":"wp","href":"https:\/\/api.w.org\/{rel}","templated":true}]}}