{"id":7824,"date":"2024-03-05T11:05:15","date_gmt":"2024-03-05T11:05:15","guid":{"rendered":"https:\/\/tricela.eu\/product\/fatima\/"},"modified":"2024-03-05T11:05:15","modified_gmt":"2024-03-05T11:05:15","slug":"fatima","status":"publish","type":"product","link":"https:\/\/arendus.tricela.eu\/fi\/tuote\/fatima\/","title":{"rendered":"Fatima"},"content":{"rendered":"<p><b>FATIMA<\/b><span style=\"font-weight: 400;\"> on hellyydess\u00e4\u00e4n kaikkien odottavien \u00e4itien suosikkiyst\u00e4v\u00e4. H\u00e4n osaa pit\u00e4\u00e4 sinua syliss\u00e4, saada sinut tuntemaan itsesi kauniiksi ja tuoda parhaasi esiin kirkkaimmalla tavalla.<\/span><\/p>\n<p>&nbsp;<\/p>\n<p><span class=\"Y2IQFc\" lang=\"et\"><strong>KOOSTUMUS:<\/strong> 60 % akryyli, 40 % polyesteri.<\/span><\/p>\n<p>&nbsp;<\/p>\n<p><span class=\"Y2IQFc\" lang=\"et\"><strong>KOKO:<\/strong> Yksi koko. Koska mekko on joustava, se sopii kokoon S-L (36-42). T\u00e4ydellinen mekko raskauden aikana.<\/span><\/p>\n<p>&nbsp;<\/p>\n<p> <span class=\"Y2IQFc\" lang=\"et\"><strong> MITATTU:<\/strong><\/span><span class=\"Y2IQFc\" lang=\"et\">Rinta: 72<\/span><span class=\"Y2IQFc\" lang=\"et\"> 72 cm &#8211; Vy\u00f6t\u00e4r\u00f6nymp\u00e4rys: 68 cm &#8211; Lantio: 78 cm &#8211; Pituus: 108 cm.<\/span><\/p>\n<p>&nbsp;<\/p>\n<p><span class=\"Y2IQFc\" lang=\"et\">*Mitat on otettu venytt\u00e4m\u00e4tt\u00f6min\u00e4, ja ne voivat vaihdella jopa +-4 cm.<\/span><\/p>\n","protected":false},"excerpt":{"rendered":"<p>FATIMA on hellyydess\u00e4\u00e4n kaikkien odottavien \u00e4itien suosikkiyst\u00e4v\u00e4. H\u00e4n osaa pit\u00e4\u00e4 sinua syliss\u00e4, saada sinut tuntemaan itsesi kauniiksi ja tuoda parhaasi esiin kirkkaimmalla tavalla. &nbsp; KOOSTUMUS: 60 % akryyli, 40 % polyesteri. &nbsp; KOKO: Yksi koko. Koska mekko on joustava, se sopii kokoon S-L (36-42). T\u00e4ydellinen mekko raskauden aikana. &nbsp; MITATTU:Rinta: 72 72 cm &#8211; Vy\u00f6t\u00e4r\u00f6nymp\u00e4rys: [&hellip;]<\/p>\n","protected":false},"featured_media":7788,"template":"","meta":{"inline_featured_image":false},"product_cat":[118],"product_tag":[],"class_list":{"0":"post-7824","1":"product","2":"type-product","3":"status-publish","4":"has-post-thumbnail","6":"product_cat-mekot","8":"first","9":"instock","10":"shipping-taxable","11":"purchasable","12":"product-type-variable"},"yoast_head":"<!-- This site is optimized with the Yoast SEO plugin v22.9 - https:\/\/yoast.com\/wordpress\/plugins\/seo\/ -->\n<title>Fatima - Tricela<\/title>\n<meta name=\"robots\" content=\"index, follow, max-snippet:-1, max-image-preview:large, max-video-preview:-1\" \/>\n<link rel=\"canonical\" href=\"https:\/\/arendus.tricela.eu\/fi\/tuote\/fatima\/\" \/>\n<meta property=\"og:locale\" content=\"fi_FI\" \/>\n<meta property=\"og:type\" content=\"article\" \/>\n<meta property=\"og:title\" content=\"Fatima - Tricela\" \/>\n<meta property=\"og:description\" content=\"FATIMA on hellyydess\u00e4\u00e4n kaikkien odottavien \u00e4itien suosikkiyst\u00e4v\u00e4. H\u00e4n osaa pit\u00e4\u00e4 sinua syliss\u00e4, saada sinut tuntemaan itsesi kauniiksi ja tuoda parhaasi esiin kirkkaimmalla tavalla. &nbsp; KOOSTUMUS: 60 % akryyli, 40 % polyesteri. &nbsp; KOKO: Yksi koko. Koska mekko on joustava, se sopii kokoon S-L (36-42). T\u00e4ydellinen mekko raskauden aikana. &nbsp; MITATTU:Rinta: 72 72 cm &#8211; Vy\u00f6t\u00e4r\u00f6nymp\u00e4rys: [&hellip;]\" \/>\n<meta property=\"og:url\" content=\"https:\/\/arendus.tricela.eu\/fi\/tuote\/fatima\/\" \/>\n<meta property=\"og:site_name\" content=\"Tricela\" \/>\n<meta name=\"twitter:card\" content=\"summary_large_image\" \/>\n<script type=\"application\/ld+json\" class=\"yoast-schema-graph\">{\"@context\":\"https:\/\/schema.org\",\"@graph\":[{\"@type\":\"WebPage\",\"@id\":\"https:\/\/arendus.tricela.eu\/fi\/tuote\/fatima\/\",\"url\":\"https:\/\/arendus.tricela.eu\/fi\/tuote\/fatima\/\",\"name\":\"Fatima - Tricela\",\"isPartOf\":{\"@id\":\"https:\/\/arendus.tricela.eu\/#website\"},\"primaryImageOfPage\":{\"@id\":\"https:\/\/arendus.tricela.eu\/fi\/tuote\/fatima\/#primaryimage\"},\"image\":{\"@id\":\"https:\/\/arendus.tricela.eu\/fi\/tuote\/fatima\/#primaryimage\"},\"thumbnailUrl\":\"https:\/\/arendus.tricela.eu\/wp-content\/uploads\/2024\/03\/0Y8A6914-scaled.jpg\",\"datePublished\":\"2024-03-05T11:05:15+00:00\",\"dateModified\":\"2024-03-05T11:05:15+00:00\",\"breadcrumb\":{\"@id\":\"https:\/\/arendus.tricela.eu\/fi\/tuote\/fatima\/#breadcrumb\"},\"inLanguage\":\"fi\",\"potentialAction\":[{\"@type\":\"ReadAction\",\"target\":[\"https:\/\/arendus.tricela.eu\/fi\/tuote\/fatima\/\"]}]},{\"@type\":\"ImageObject\",\"inLanguage\":\"fi\",\"@id\":\"https:\/\/arendus.tricela.eu\/fi\/tuote\/fatima\/#primaryimage\",\"url\":\"https:\/\/arendus.tricela.eu\/wp-content\/uploads\/2024\/03\/0Y8A6914-scaled.jpg\",\"contentUrl\":\"https:\/\/arendus.tricela.eu\/wp-content\/uploads\/2024\/03\/0Y8A6914-scaled.jpg\",\"width\":1707,\"height\":2560},{\"@type\":\"BreadcrumbList\",\"@id\":\"https:\/\/arendus.tricela.eu\/fi\/tuote\/fatima\/#breadcrumb\",\"itemListElement\":[{\"@type\":\"ListItem\",\"position\":1,\"name\":\"Home\",\"item\":\"https:\/\/arendus.tricela.eu\/fi\/kotisivu\/\"},{\"@type\":\"ListItem\",\"position\":2,\"name\":\"Osta osoitteessa\",\"item\":\"https:\/\/arendus.tricela.eu\/fi\/myymala\/\"},{\"@type\":\"ListItem\",\"position\":3,\"name\":\"Fatima\"}]},{\"@type\":\"WebSite\",\"@id\":\"https:\/\/arendus.tricela.eu\/#website\",\"url\":\"https:\/\/arendus.tricela.eu\/\",\"name\":\"Tricela\",\"description\":\"Kootud kleidid Brasiiliast\",\"publisher\":{\"@id\":\"https:\/\/arendus.tricela.eu\/#organization\"},\"potentialAction\":[{\"@type\":\"SearchAction\",\"target\":{\"@type\":\"EntryPoint\",\"urlTemplate\":\"https:\/\/arendus.tricela.eu\/?s={search_term_string}\"},\"query-input\":\"required name=search_term_string\"}],\"inLanguage\":\"fi\"},{\"@type\":\"Organization\",\"@id\":\"https:\/\/arendus.tricela.eu\/#organization\",\"name\":\"Tricela\",\"url\":\"https:\/\/arendus.tricela.eu\/\",\"logo\":{\"@type\":\"ImageObject\",\"inLanguage\":\"fi\",\"@id\":\"https:\/\/arendus.tricela.eu\/#\/schema\/logo\/image\/\",\"url\":\"https:\/\/arendus.tricela.eu\/wp-content\/uploads\/2020\/05\/logo123.svg\",\"contentUrl\":\"https:\/\/arendus.tricela.eu\/wp-content\/uploads\/2020\/05\/logo123.svg\",\"width\":366,\"height\":168,\"caption\":\"Tricela\"},\"image\":{\"@id\":\"https:\/\/arendus.tricela.eu\/#\/schema\/logo\/image\/\"},\"sameAs\":[\"https:\/\/www.instagram.com\/tricela.official\"]}]}<\/script>\n<!-- \/ Yoast SEO plugin. -->","yoast_head_json":{"title":"Fatima - Tricela","robots":{"index":"index","follow":"follow","max-snippet":"max-snippet:-1","max-image-preview":"max-image-preview:large","max-video-preview":"max-video-preview:-1"},"canonical":"https:\/\/arendus.tricela.eu\/fi\/tuote\/fatima\/","og_locale":"fi_FI","og_type":"article","og_title":"Fatima - Tricela","og_description":"FATIMA on hellyydess\u00e4\u00e4n kaikkien odottavien \u00e4itien suosikkiyst\u00e4v\u00e4. H\u00e4n osaa pit\u00e4\u00e4 sinua syliss\u00e4, saada sinut tuntemaan itsesi kauniiksi ja tuoda parhaasi esiin kirkkaimmalla tavalla. &nbsp; KOOSTUMUS: 60 % akryyli, 40 % polyesteri. &nbsp; KOKO: Yksi koko. Koska mekko on joustava, se sopii kokoon S-L (36-42). T\u00e4ydellinen mekko raskauden aikana. &nbsp; MITATTU:Rinta: 72 72 cm &#8211; Vy\u00f6t\u00e4r\u00f6nymp\u00e4rys: [&hellip;]","og_url":"https:\/\/arendus.tricela.eu\/fi\/tuote\/fatima\/","og_site_name":"Tricela","twitter_card":"summary_large_image","schema":{"@context":"https:\/\/schema.org","@graph":[{"@type":"WebPage","@id":"https:\/\/arendus.tricela.eu\/fi\/tuote\/fatima\/","url":"https:\/\/arendus.tricela.eu\/fi\/tuote\/fatima\/","name":"Fatima - Tricela","isPartOf":{"@id":"https:\/\/arendus.tricela.eu\/#website"},"primaryImageOfPage":{"@id":"https:\/\/arendus.tricela.eu\/fi\/tuote\/fatima\/#primaryimage"},"image":{"@id":"https:\/\/arendus.tricela.eu\/fi\/tuote\/fatima\/#primaryimage"},"thumbnailUrl":"https:\/\/arendus.tricela.eu\/wp-content\/uploads\/2024\/03\/0Y8A6914-scaled.jpg","datePublished":"2024-03-05T11:05:15+00:00","dateModified":"2024-03-05T11:05:15+00:00","breadcrumb":{"@id":"https:\/\/arendus.tricela.eu\/fi\/tuote\/fatima\/#breadcrumb"},"inLanguage":"fi","potentialAction":[{"@type":"ReadAction","target":["https:\/\/arendus.tricela.eu\/fi\/tuote\/fatima\/"]}]},{"@type":"ImageObject","inLanguage":"fi","@id":"https:\/\/arendus.tricela.eu\/fi\/tuote\/fatima\/#primaryimage","url":"https:\/\/arendus.tricela.eu\/wp-content\/uploads\/2024\/03\/0Y8A6914-scaled.jpg","contentUrl":"https:\/\/arendus.tricela.eu\/wp-content\/uploads\/2024\/03\/0Y8A6914-scaled.jpg","width":1707,"height":2560},{"@type":"BreadcrumbList","@id":"https:\/\/arendus.tricela.eu\/fi\/tuote\/fatima\/#breadcrumb","itemListElement":[{"@type":"ListItem","position":1,"name":"Home","item":"https:\/\/arendus.tricela.eu\/fi\/kotisivu\/"},{"@type":"ListItem","position":2,"name":"Osta osoitteessa","item":"https:\/\/arendus.tricela.eu\/fi\/myymala\/"},{"@type":"ListItem","position":3,"name":"Fatima"}]},{"@type":"WebSite","@id":"https:\/\/arendus.tricela.eu\/#website","url":"https:\/\/arendus.tricela.eu\/","name":"Tricela","description":"Kootud kleidid Brasiiliast","publisher":{"@id":"https:\/\/arendus.tricela.eu\/#organization"},"potentialAction":[{"@type":"SearchAction","target":{"@type":"EntryPoint","urlTemplate":"https:\/\/arendus.tricela.eu\/?s={search_term_string}"},"query-input":"required name=search_term_string"}],"inLanguage":"fi"},{"@type":"Organization","@id":"https:\/\/arendus.tricela.eu\/#organization","name":"Tricela","url":"https:\/\/arendus.tricela.eu\/","logo":{"@type":"ImageObject","inLanguage":"fi","@id":"https:\/\/arendus.tricela.eu\/#\/schema\/logo\/image\/","url":"https:\/\/arendus.tricela.eu\/wp-content\/uploads\/2020\/05\/logo123.svg","contentUrl":"https:\/\/arendus.tricela.eu\/wp-content\/uploads\/2020\/05\/logo123.svg","width":366,"height":168,"caption":"Tricela"},"image":{"@id":"https:\/\/arendus.tricela.eu\/#\/schema\/logo\/image\/"},"sameAs":["https:\/\/www.instagram.com\/tricela.official"]}]}},"_links":{"self":[{"href":"https:\/\/arendus.tricela.eu\/fi\/wp-json\/wp\/v2\/product\/7824","targetHints":{"allow":["GET"]}}],"collection":[{"href":"https:\/\/arendus.tricela.eu\/fi\/wp-json\/wp\/v2\/product"}],"about":[{"href":"https:\/\/arendus.tricela.eu\/fi\/wp-json\/wp\/v2\/types\/product"}],"version-history":[{"count":0,"href":"https:\/\/arendus.tricela.eu\/fi\/wp-json\/wp\/v2\/product\/7824\/revisions"}],"wp:featuredmedia":[{"embeddable":true,"href":"https:\/\/arendus.tricela.eu\/fi\/wp-json\/wp\/v2\/media\/7788"}],"wp:attachment":[{"href":"https:\/\/arendus.tricela.eu\/fi\/wp-json\/wp\/v2\/media?parent=7824"}],"wp:term":[{"taxonomy":"product_cat","embeddable":true,"href":"https:\/\/arendus.tricela.eu\/fi\/wp-json\/wp\/v2\/product_cat?post=7824"},{"taxonomy":"product_tag","embeddable":true,"href":"https:\/\/arendus.tricela.eu\/fi\/wp-json\/wp\/v2\/product_tag?post=7824"}],"curies":[{"name":"wp","href":"https:\/\/api.w.org\/{rel}","templated":true}]}}