{"id":7410,"date":"2024-03-11T21:12:46","date_gmt":"2024-03-11T21:12:46","guid":{"rendered":"https:\/\/tricela.eu\/toode\/miriam\/"},"modified":"2024-03-20T10:00:10","modified_gmt":"2024-03-20T10:00:10","slug":"miriam","status":"publish","type":"product","link":"https:\/\/arendus.tricela.eu\/fi\/tuote\/miriam\/","title":{"rendered":"Miriam"},"content":{"rendered":"<p><strong>Miriami <span style=\"font-weight: 400;\">hopeahiutale tuo hieman ylim\u00e4\u00e4r\u00e4ist\u00e4 kimallusta minne tahansa tie viekin. H\u00e4nest\u00e4 huokuu luottamus ja l\u00e4mp\u00f6. Tervehtim\u00e4ll\u00e4 h\u00e4nt\u00e4 syntyy yst\u00e4vyys, josta voi olla ylpe\u00e4.<\/span><\/strong><\/p>\n<p><span class=\"Y2IQFc\" lang=\"et\"><strong>KOOSTUMUS:<\/strong> 60 % akryyli, 40 % polyesteri.<\/span><\/p>\n<p>&nbsp;<\/p>\n<p><span class=\"Y2IQFc\" lang=\"et\"><strong>KOKO:<\/strong> Yksi koko. Mekon joustavuuden ansiosta se sopii kokoon XS-M (34-40). T\u00e4ydellinen mekko raskauden aikana.<\/span><\/p>\n<p>&nbsp;<\/p>\n<p> <span class=\"Y2IQFc\" lang=\"et\"><strong> MITATTU:<\/strong><\/span><span class=\"Y2IQFc\" lang=\"et\">Rinta: 60<\/span><span class=\"Y2IQFc\" lang=\"et\"> 60 cm &#8211; Vy\u00f6t\u00e4r\u00f6: 55 cm &#8211; Lantio: 66 cm &#8211; Pituus: 136 cm.<\/span><\/p>\n<p>&nbsp;<\/p>\n<p><span class=\"Y2IQFc\" lang=\"et\">*Mitat on otettu venytt\u00e4m\u00e4tt\u00f6min\u00e4, ja ne voivat vaihdella jopa +-4 cm.<\/span><\/p>\n","protected":false},"excerpt":{"rendered":"<p>Miriami hopeahiutale tuo hieman ylim\u00e4\u00e4r\u00e4ist\u00e4 kimallusta minne tahansa tie viekin. H\u00e4nest\u00e4 huokuu luottamus ja l\u00e4mp\u00f6. Tervehtim\u00e4ll\u00e4 h\u00e4nt\u00e4 syntyy yst\u00e4vyys, josta voi olla ylpe\u00e4. KOOSTUMUS: 60 % akryyli, 40 % polyesteri. &nbsp; KOKO: Yksi koko. Mekon joustavuuden ansiosta se sopii kokoon XS-M (34-40). T\u00e4ydellinen mekko raskauden aikana. &nbsp; MITATTU:Rinta: 60 60 cm &#8211; Vy\u00f6t\u00e4r\u00f6: 55 cm [&hellip;]<\/p>\n","protected":false},"featured_media":7315,"template":"","meta":{"inline_featured_image":false},"product_cat":[118],"product_tag":[],"class_list":{"0":"post-7410","1":"product","2":"type-product","3":"status-publish","4":"has-post-thumbnail","6":"product_cat-mekot","8":"first","9":"instock","10":"shipping-taxable","11":"purchasable","12":"product-type-variable"},"yoast_head":"<!-- This site is optimized with the Yoast SEO plugin v22.9 - https:\/\/yoast.com\/wordpress\/plugins\/seo\/ -->\n<title>Miriam - Tricela<\/title>\n<meta name=\"robots\" content=\"index, follow, max-snippet:-1, max-image-preview:large, max-video-preview:-1\" \/>\n<link rel=\"canonical\" href=\"https:\/\/arendus.tricela.eu\/fi\/tuote\/miriam\/\" \/>\n<meta property=\"og:locale\" content=\"fi_FI\" \/>\n<meta property=\"og:type\" content=\"article\" \/>\n<meta property=\"og:title\" content=\"Miriam - Tricela\" \/>\n<meta property=\"og:description\" content=\"Miriami hopeahiutale tuo hieman ylim\u00e4\u00e4r\u00e4ist\u00e4 kimallusta minne tahansa tie viekin. H\u00e4nest\u00e4 huokuu luottamus ja l\u00e4mp\u00f6. Tervehtim\u00e4ll\u00e4 h\u00e4nt\u00e4 syntyy yst\u00e4vyys, josta voi olla ylpe\u00e4. KOOSTUMUS: 60 % akryyli, 40 % polyesteri. &nbsp; KOKO: Yksi koko. Mekon joustavuuden ansiosta se sopii kokoon XS-M (34-40). T\u00e4ydellinen mekko raskauden aikana. &nbsp; MITATTU:Rinta: 60 60 cm &#8211; Vy\u00f6t\u00e4r\u00f6: 55 cm [&hellip;]\" \/>\n<meta property=\"og:url\" content=\"https:\/\/arendus.tricela.eu\/fi\/tuote\/miriam\/\" \/>\n<meta property=\"og:site_name\" content=\"Tricela\" \/>\n<meta property=\"article:modified_time\" content=\"2024-03-20T10:00:10+00:00\" \/>\n<meta property=\"og:image\" content=\"https:\/\/arendus.tricela.eu\/wp-content\/uploads\/2024\/03\/MM_N1738-2-scaled.jpg\" \/>\n\t<meta property=\"og:image:width\" content=\"1707\" \/>\n\t<meta property=\"og:image:height\" content=\"2560\" \/>\n\t<meta property=\"og:image:type\" content=\"image\/jpeg\" \/>\n<meta name=\"twitter:card\" content=\"summary_large_image\" \/>\n<script type=\"application\/ld+json\" class=\"yoast-schema-graph\">{\"@context\":\"https:\/\/schema.org\",\"@graph\":[{\"@type\":\"WebPage\",\"@id\":\"https:\/\/arendus.tricela.eu\/fi\/tuote\/miriam\/\",\"url\":\"https:\/\/arendus.tricela.eu\/fi\/tuote\/miriam\/\",\"name\":\"Miriam - Tricela\",\"isPartOf\":{\"@id\":\"https:\/\/arendus.tricela.eu\/#website\"},\"primaryImageOfPage\":{\"@id\":\"https:\/\/arendus.tricela.eu\/fi\/tuote\/miriam\/#primaryimage\"},\"image\":{\"@id\":\"https:\/\/arendus.tricela.eu\/fi\/tuote\/miriam\/#primaryimage\"},\"thumbnailUrl\":\"https:\/\/arendus.tricela.eu\/wp-content\/uploads\/2024\/03\/MM_N1738-2-scaled.jpg\",\"datePublished\":\"2024-03-11T21:12:46+00:00\",\"dateModified\":\"2024-03-20T10:00:10+00:00\",\"breadcrumb\":{\"@id\":\"https:\/\/arendus.tricela.eu\/fi\/tuote\/miriam\/#breadcrumb\"},\"inLanguage\":\"fi\",\"potentialAction\":[{\"@type\":\"ReadAction\",\"target\":[\"https:\/\/arendus.tricela.eu\/fi\/tuote\/miriam\/\"]}]},{\"@type\":\"ImageObject\",\"inLanguage\":\"fi\",\"@id\":\"https:\/\/arendus.tricela.eu\/fi\/tuote\/miriam\/#primaryimage\",\"url\":\"https:\/\/arendus.tricela.eu\/wp-content\/uploads\/2024\/03\/MM_N1738-2-scaled.jpg\",\"contentUrl\":\"https:\/\/arendus.tricela.eu\/wp-content\/uploads\/2024\/03\/MM_N1738-2-scaled.jpg\",\"width\":1707,\"height\":2560,\"caption\":\"Roheline pikk maani kootud kleit Miriam\"},{\"@type\":\"BreadcrumbList\",\"@id\":\"https:\/\/arendus.tricela.eu\/fi\/tuote\/miriam\/#breadcrumb\",\"itemListElement\":[{\"@type\":\"ListItem\",\"position\":1,\"name\":\"Home\",\"item\":\"https:\/\/arendus.tricela.eu\/fi\/kotisivu\/\"},{\"@type\":\"ListItem\",\"position\":2,\"name\":\"Osta osoitteessa\",\"item\":\"https:\/\/arendus.tricela.eu\/fi\/myymala\/\"},{\"@type\":\"ListItem\",\"position\":3,\"name\":\"Miriam\"}]},{\"@type\":\"WebSite\",\"@id\":\"https:\/\/arendus.tricela.eu\/#website\",\"url\":\"https:\/\/arendus.tricela.eu\/\",\"name\":\"Tricela\",\"description\":\"Kootud kleidid Brasiiliast\",\"publisher\":{\"@id\":\"https:\/\/arendus.tricela.eu\/#organization\"},\"potentialAction\":[{\"@type\":\"SearchAction\",\"target\":{\"@type\":\"EntryPoint\",\"urlTemplate\":\"https:\/\/arendus.tricela.eu\/?s={search_term_string}\"},\"query-input\":\"required name=search_term_string\"}],\"inLanguage\":\"fi\"},{\"@type\":\"Organization\",\"@id\":\"https:\/\/arendus.tricela.eu\/#organization\",\"name\":\"Tricela\",\"url\":\"https:\/\/arendus.tricela.eu\/\",\"logo\":{\"@type\":\"ImageObject\",\"inLanguage\":\"fi\",\"@id\":\"https:\/\/arendus.tricela.eu\/#\/schema\/logo\/image\/\",\"url\":\"https:\/\/arendus.tricela.eu\/wp-content\/uploads\/2020\/05\/logo123.svg\",\"contentUrl\":\"https:\/\/arendus.tricela.eu\/wp-content\/uploads\/2020\/05\/logo123.svg\",\"width\":366,\"height\":168,\"caption\":\"Tricela\"},\"image\":{\"@id\":\"https:\/\/arendus.tricela.eu\/#\/schema\/logo\/image\/\"},\"sameAs\":[\"https:\/\/www.instagram.com\/tricela.official\"]}]}<\/script>\n<!-- \/ Yoast SEO plugin. -->","yoast_head_json":{"title":"Miriam - Tricela","robots":{"index":"index","follow":"follow","max-snippet":"max-snippet:-1","max-image-preview":"max-image-preview:large","max-video-preview":"max-video-preview:-1"},"canonical":"https:\/\/arendus.tricela.eu\/fi\/tuote\/miriam\/","og_locale":"fi_FI","og_type":"article","og_title":"Miriam - Tricela","og_description":"Miriami hopeahiutale tuo hieman ylim\u00e4\u00e4r\u00e4ist\u00e4 kimallusta minne tahansa tie viekin. H\u00e4nest\u00e4 huokuu luottamus ja l\u00e4mp\u00f6. Tervehtim\u00e4ll\u00e4 h\u00e4nt\u00e4 syntyy yst\u00e4vyys, josta voi olla ylpe\u00e4. KOOSTUMUS: 60 % akryyli, 40 % polyesteri. &nbsp; KOKO: Yksi koko. Mekon joustavuuden ansiosta se sopii kokoon XS-M (34-40). T\u00e4ydellinen mekko raskauden aikana. &nbsp; MITATTU:Rinta: 60 60 cm &#8211; Vy\u00f6t\u00e4r\u00f6: 55 cm [&hellip;]","og_url":"https:\/\/arendus.tricela.eu\/fi\/tuote\/miriam\/","og_site_name":"Tricela","article_modified_time":"2024-03-20T10:00:10+00:00","og_image":[{"width":1707,"height":2560,"url":"https:\/\/arendus.tricela.eu\/wp-content\/uploads\/2024\/03\/MM_N1738-2-scaled.jpg","type":"image\/jpeg"}],"twitter_card":"summary_large_image","schema":{"@context":"https:\/\/schema.org","@graph":[{"@type":"WebPage","@id":"https:\/\/arendus.tricela.eu\/fi\/tuote\/miriam\/","url":"https:\/\/arendus.tricela.eu\/fi\/tuote\/miriam\/","name":"Miriam - Tricela","isPartOf":{"@id":"https:\/\/arendus.tricela.eu\/#website"},"primaryImageOfPage":{"@id":"https:\/\/arendus.tricela.eu\/fi\/tuote\/miriam\/#primaryimage"},"image":{"@id":"https:\/\/arendus.tricela.eu\/fi\/tuote\/miriam\/#primaryimage"},"thumbnailUrl":"https:\/\/arendus.tricela.eu\/wp-content\/uploads\/2024\/03\/MM_N1738-2-scaled.jpg","datePublished":"2024-03-11T21:12:46+00:00","dateModified":"2024-03-20T10:00:10+00:00","breadcrumb":{"@id":"https:\/\/arendus.tricela.eu\/fi\/tuote\/miriam\/#breadcrumb"},"inLanguage":"fi","potentialAction":[{"@type":"ReadAction","target":["https:\/\/arendus.tricela.eu\/fi\/tuote\/miriam\/"]}]},{"@type":"ImageObject","inLanguage":"fi","@id":"https:\/\/arendus.tricela.eu\/fi\/tuote\/miriam\/#primaryimage","url":"https:\/\/arendus.tricela.eu\/wp-content\/uploads\/2024\/03\/MM_N1738-2-scaled.jpg","contentUrl":"https:\/\/arendus.tricela.eu\/wp-content\/uploads\/2024\/03\/MM_N1738-2-scaled.jpg","width":1707,"height":2560,"caption":"Roheline pikk maani kootud kleit Miriam"},{"@type":"BreadcrumbList","@id":"https:\/\/arendus.tricela.eu\/fi\/tuote\/miriam\/#breadcrumb","itemListElement":[{"@type":"ListItem","position":1,"name":"Home","item":"https:\/\/arendus.tricela.eu\/fi\/kotisivu\/"},{"@type":"ListItem","position":2,"name":"Osta osoitteessa","item":"https:\/\/arendus.tricela.eu\/fi\/myymala\/"},{"@type":"ListItem","position":3,"name":"Miriam"}]},{"@type":"WebSite","@id":"https:\/\/arendus.tricela.eu\/#website","url":"https:\/\/arendus.tricela.eu\/","name":"Tricela","description":"Kootud kleidid Brasiiliast","publisher":{"@id":"https:\/\/arendus.tricela.eu\/#organization"},"potentialAction":[{"@type":"SearchAction","target":{"@type":"EntryPoint","urlTemplate":"https:\/\/arendus.tricela.eu\/?s={search_term_string}"},"query-input":"required name=search_term_string"}],"inLanguage":"fi"},{"@type":"Organization","@id":"https:\/\/arendus.tricela.eu\/#organization","name":"Tricela","url":"https:\/\/arendus.tricela.eu\/","logo":{"@type":"ImageObject","inLanguage":"fi","@id":"https:\/\/arendus.tricela.eu\/#\/schema\/logo\/image\/","url":"https:\/\/arendus.tricela.eu\/wp-content\/uploads\/2020\/05\/logo123.svg","contentUrl":"https:\/\/arendus.tricela.eu\/wp-content\/uploads\/2020\/05\/logo123.svg","width":366,"height":168,"caption":"Tricela"},"image":{"@id":"https:\/\/arendus.tricela.eu\/#\/schema\/logo\/image\/"},"sameAs":["https:\/\/www.instagram.com\/tricela.official"]}]}},"_links":{"self":[{"href":"https:\/\/arendus.tricela.eu\/fi\/wp-json\/wp\/v2\/product\/7410","targetHints":{"allow":["GET"]}}],"collection":[{"href":"https:\/\/arendus.tricela.eu\/fi\/wp-json\/wp\/v2\/product"}],"about":[{"href":"https:\/\/arendus.tricela.eu\/fi\/wp-json\/wp\/v2\/types\/product"}],"version-history":[{"count":2,"href":"https:\/\/arendus.tricela.eu\/fi\/wp-json\/wp\/v2\/product\/7410\/revisions"}],"predecessor-version":[{"id":7813,"href":"https:\/\/arendus.tricela.eu\/fi\/wp-json\/wp\/v2\/product\/7410\/revisions\/7813"}],"wp:featuredmedia":[{"embeddable":true,"href":"https:\/\/arendus.tricela.eu\/fi\/wp-json\/wp\/v2\/media\/7315"}],"wp:attachment":[{"href":"https:\/\/arendus.tricela.eu\/fi\/wp-json\/wp\/v2\/media?parent=7410"}],"wp:term":[{"taxonomy":"product_cat","embeddable":true,"href":"https:\/\/arendus.tricela.eu\/fi\/wp-json\/wp\/v2\/product_cat?post=7410"},{"taxonomy":"product_tag","embeddable":true,"href":"https:\/\/arendus.tricela.eu\/fi\/wp-json\/wp\/v2\/product_tag?post=7410"}],"curies":[{"name":"wp","href":"https:\/\/api.w.org\/{rel}","templated":true}]}}