{"id":5893,"date":"2023-12-07T00:45:32","date_gmt":"2023-12-07T00:45:32","guid":{"rendered":"https:\/\/tricela.eu\/toode\/deyse\/"},"modified":"2024-03-20T14:17:05","modified_gmt":"2024-03-20T14:17:05","slug":"deyse","status":"publish","type":"product","link":"https:\/\/arendus.tricela.eu\/fi\/tuote\/deyse\/","title":{"rendered":"Deyse"},"content":{"rendered":"<p><strong>DEYSE <span style=\"font-weight: 400;\">on pitk\u00e4, ihastuttava ja tyylik\u00e4s. H\u00e4n osaa heti k\u00e4\u00e4ri\u00e4 sinut tyylikk\u00e4\u00e4sti p\u00e4\u00e4st\u00e4 varpaisiin hell\u00e4varaisilla kosketuksilla. Deyse tekee jokaisesta tavallisesta p\u00e4iv\u00e4st\u00e4 hieman maagisemman.<\/span><\/strong><\/p>\n<p>&nbsp;<\/p>\n<p><strong>KOOSTUMUS<\/strong>: <span class=\"Y2IQFc\" lang=\"et\">60 % akryyli, 40 % polyesteri<\/span>.<\/p>\n<p><span class=\"Y2IQFc\" lang=\"et\"><strong>KOKO: <\/strong>Yksi koko. Kudoksen joustavuuden vuoksi sopii kokoon S-L (36-42). T\u00e4ydellinen mekko my\u00f6s raskauden aikana<\/span><\/p>\n<p>&nbsp;<\/p>\n<p><span class=\"Y2IQFc\" lang=\"et\"><strong>TUOTEN MITAT:<\/strong> rinta: 76 cm &#8211; vy\u00f6t\u00e4r\u00f6: 68 cm &#8211; lantio: 86 cm &#8211; pituus: 141 cm.<\/span><\/p>\n<p>&nbsp;<\/p>\n<p><span class=\"Y2IQFc\" lang=\"et\">*Mitat on otettu venytt\u00e4m\u00e4tt\u00f6min\u00e4, ja ne voivat vaihdella jopa +-4 cm.<\/span><\/p>\n<p>&nbsp;<\/p>\n","protected":false},"excerpt":{"rendered":"<p>DEYSE on pitk\u00e4, ihastuttava ja tyylik\u00e4s. H\u00e4n osaa heti k\u00e4\u00e4ri\u00e4 sinut tyylikk\u00e4\u00e4sti p\u00e4\u00e4st\u00e4 varpaisiin hell\u00e4varaisilla kosketuksilla. Deyse tekee jokaisesta tavallisesta p\u00e4iv\u00e4st\u00e4 hieman maagisemman. &nbsp; KOOSTUMUS: 60 % akryyli, 40 % polyesteri. KOKO: Yksi koko. Kudoksen joustavuuden vuoksi sopii kokoon S-L (36-42). T\u00e4ydellinen mekko my\u00f6s raskauden aikana &nbsp; TUOTEN MITAT: rinta: 76 cm &#8211; vy\u00f6t\u00e4r\u00f6: 68 [&hellip;]<\/p>\n","protected":false},"featured_media":4901,"template":"","meta":{"inline_featured_image":false},"product_cat":[118],"product_tag":[],"class_list":{"0":"post-5893","1":"product","2":"type-product","3":"status-publish","4":"has-post-thumbnail","6":"product_cat-mekot","8":"first","9":"instock","10":"shipping-taxable","11":"purchasable","12":"product-type-variable"},"yoast_head":"<!-- This site is optimized with the Yoast SEO plugin v22.9 - https:\/\/yoast.com\/wordpress\/plugins\/seo\/ -->\n<title>Deyse - Tricela<\/title>\n<meta name=\"robots\" content=\"index, follow, max-snippet:-1, max-image-preview:large, max-video-preview:-1\" \/>\n<link rel=\"canonical\" href=\"https:\/\/arendus.tricela.eu\/fi\/tuote\/deyse\/\" \/>\n<meta property=\"og:locale\" content=\"fi_FI\" \/>\n<meta property=\"og:type\" content=\"article\" \/>\n<meta property=\"og:title\" content=\"Deyse - Tricela\" \/>\n<meta property=\"og:description\" content=\"DEYSE on pitk\u00e4, ihastuttava ja tyylik\u00e4s. H\u00e4n osaa heti k\u00e4\u00e4ri\u00e4 sinut tyylikk\u00e4\u00e4sti p\u00e4\u00e4st\u00e4 varpaisiin hell\u00e4varaisilla kosketuksilla. Deyse tekee jokaisesta tavallisesta p\u00e4iv\u00e4st\u00e4 hieman maagisemman. &nbsp; KOOSTUMUS: 60 % akryyli, 40 % polyesteri. KOKO: Yksi koko. Kudoksen joustavuuden vuoksi sopii kokoon S-L (36-42). T\u00e4ydellinen mekko my\u00f6s raskauden aikana &nbsp; TUOTEN MITAT: rinta: 76 cm &#8211; vy\u00f6t\u00e4r\u00f6: 68 [&hellip;]\" \/>\n<meta property=\"og:url\" content=\"https:\/\/arendus.tricela.eu\/fi\/tuote\/deyse\/\" \/>\n<meta property=\"og:site_name\" content=\"Tricela\" \/>\n<meta property=\"article:modified_time\" content=\"2024-03-20T14:17:05+00:00\" \/>\n<meta property=\"og:image\" content=\"https:\/\/arendus.tricela.eu\/wp-content\/uploads\/2023\/12\/MM_N1419-scaled.jpg\" \/>\n\t<meta property=\"og:image:width\" content=\"1829\" \/>\n\t<meta property=\"og:image:height\" content=\"2560\" \/>\n\t<meta property=\"og:image:type\" content=\"image\/jpeg\" \/>\n<meta name=\"twitter:card\" content=\"summary_large_image\" \/>\n<script type=\"application\/ld+json\" class=\"yoast-schema-graph\">{\"@context\":\"https:\/\/schema.org\",\"@graph\":[{\"@type\":\"WebPage\",\"@id\":\"https:\/\/arendus.tricela.eu\/fi\/tuote\/deyse\/\",\"url\":\"https:\/\/arendus.tricela.eu\/fi\/tuote\/deyse\/\",\"name\":\"Deyse - Tricela\",\"isPartOf\":{\"@id\":\"https:\/\/arendus.tricela.eu\/#website\"},\"primaryImageOfPage\":{\"@id\":\"https:\/\/arendus.tricela.eu\/fi\/tuote\/deyse\/#primaryimage\"},\"image\":{\"@id\":\"https:\/\/arendus.tricela.eu\/fi\/tuote\/deyse\/#primaryimage\"},\"thumbnailUrl\":\"https:\/\/arendus.tricela.eu\/wp-content\/uploads\/2023\/12\/MM_N1419-scaled.jpg\",\"datePublished\":\"2023-12-07T00:45:32+00:00\",\"dateModified\":\"2024-03-20T14:17:05+00:00\",\"breadcrumb\":{\"@id\":\"https:\/\/arendus.tricela.eu\/fi\/tuote\/deyse\/#breadcrumb\"},\"inLanguage\":\"fi\",\"potentialAction\":[{\"@type\":\"ReadAction\",\"target\":[\"https:\/\/arendus.tricela.eu\/fi\/tuote\/deyse\/\"]}]},{\"@type\":\"ImageObject\",\"inLanguage\":\"fi\",\"@id\":\"https:\/\/arendus.tricela.eu\/fi\/tuote\/deyse\/#primaryimage\",\"url\":\"https:\/\/arendus.tricela.eu\/wp-content\/uploads\/2023\/12\/MM_N1419-scaled.jpg\",\"contentUrl\":\"https:\/\/arendus.tricela.eu\/wp-content\/uploads\/2023\/12\/MM_N1419-scaled.jpg\",\"width\":1829,\"height\":2560},{\"@type\":\"BreadcrumbList\",\"@id\":\"https:\/\/arendus.tricela.eu\/fi\/tuote\/deyse\/#breadcrumb\",\"itemListElement\":[{\"@type\":\"ListItem\",\"position\":1,\"name\":\"Home\",\"item\":\"https:\/\/arendus.tricela.eu\/fi\/kotisivu\/\"},{\"@type\":\"ListItem\",\"position\":2,\"name\":\"Osta osoitteessa\",\"item\":\"https:\/\/arendus.tricela.eu\/fi\/myymala\/\"},{\"@type\":\"ListItem\",\"position\":3,\"name\":\"Deyse\"}]},{\"@type\":\"WebSite\",\"@id\":\"https:\/\/arendus.tricela.eu\/#website\",\"url\":\"https:\/\/arendus.tricela.eu\/\",\"name\":\"Tricela\",\"description\":\"Kootud kleidid Brasiiliast\",\"publisher\":{\"@id\":\"https:\/\/arendus.tricela.eu\/#organization\"},\"potentialAction\":[{\"@type\":\"SearchAction\",\"target\":{\"@type\":\"EntryPoint\",\"urlTemplate\":\"https:\/\/arendus.tricela.eu\/?s={search_term_string}\"},\"query-input\":\"required name=search_term_string\"}],\"inLanguage\":\"fi\"},{\"@type\":\"Organization\",\"@id\":\"https:\/\/arendus.tricela.eu\/#organization\",\"name\":\"Tricela\",\"url\":\"https:\/\/arendus.tricela.eu\/\",\"logo\":{\"@type\":\"ImageObject\",\"inLanguage\":\"fi\",\"@id\":\"https:\/\/arendus.tricela.eu\/#\/schema\/logo\/image\/\",\"url\":\"https:\/\/arendus.tricela.eu\/wp-content\/uploads\/2020\/05\/logo123.svg\",\"contentUrl\":\"https:\/\/arendus.tricela.eu\/wp-content\/uploads\/2020\/05\/logo123.svg\",\"width\":366,\"height\":168,\"caption\":\"Tricela\"},\"image\":{\"@id\":\"https:\/\/arendus.tricela.eu\/#\/schema\/logo\/image\/\"},\"sameAs\":[\"https:\/\/www.instagram.com\/tricela.official\"]}]}<\/script>\n<!-- \/ Yoast SEO plugin. -->","yoast_head_json":{"title":"Deyse - Tricela","robots":{"index":"index","follow":"follow","max-snippet":"max-snippet:-1","max-image-preview":"max-image-preview:large","max-video-preview":"max-video-preview:-1"},"canonical":"https:\/\/arendus.tricela.eu\/fi\/tuote\/deyse\/","og_locale":"fi_FI","og_type":"article","og_title":"Deyse - Tricela","og_description":"DEYSE on pitk\u00e4, ihastuttava ja tyylik\u00e4s. H\u00e4n osaa heti k\u00e4\u00e4ri\u00e4 sinut tyylikk\u00e4\u00e4sti p\u00e4\u00e4st\u00e4 varpaisiin hell\u00e4varaisilla kosketuksilla. Deyse tekee jokaisesta tavallisesta p\u00e4iv\u00e4st\u00e4 hieman maagisemman. &nbsp; KOOSTUMUS: 60 % akryyli, 40 % polyesteri. KOKO: Yksi koko. Kudoksen joustavuuden vuoksi sopii kokoon S-L (36-42). T\u00e4ydellinen mekko my\u00f6s raskauden aikana &nbsp; TUOTEN MITAT: rinta: 76 cm &#8211; vy\u00f6t\u00e4r\u00f6: 68 [&hellip;]","og_url":"https:\/\/arendus.tricela.eu\/fi\/tuote\/deyse\/","og_site_name":"Tricela","article_modified_time":"2024-03-20T14:17:05+00:00","og_image":[{"width":1829,"height":2560,"url":"https:\/\/arendus.tricela.eu\/wp-content\/uploads\/2023\/12\/MM_N1419-scaled.jpg","type":"image\/jpeg"}],"twitter_card":"summary_large_image","schema":{"@context":"https:\/\/schema.org","@graph":[{"@type":"WebPage","@id":"https:\/\/arendus.tricela.eu\/fi\/tuote\/deyse\/","url":"https:\/\/arendus.tricela.eu\/fi\/tuote\/deyse\/","name":"Deyse - Tricela","isPartOf":{"@id":"https:\/\/arendus.tricela.eu\/#website"},"primaryImageOfPage":{"@id":"https:\/\/arendus.tricela.eu\/fi\/tuote\/deyse\/#primaryimage"},"image":{"@id":"https:\/\/arendus.tricela.eu\/fi\/tuote\/deyse\/#primaryimage"},"thumbnailUrl":"https:\/\/arendus.tricela.eu\/wp-content\/uploads\/2023\/12\/MM_N1419-scaled.jpg","datePublished":"2023-12-07T00:45:32+00:00","dateModified":"2024-03-20T14:17:05+00:00","breadcrumb":{"@id":"https:\/\/arendus.tricela.eu\/fi\/tuote\/deyse\/#breadcrumb"},"inLanguage":"fi","potentialAction":[{"@type":"ReadAction","target":["https:\/\/arendus.tricela.eu\/fi\/tuote\/deyse\/"]}]},{"@type":"ImageObject","inLanguage":"fi","@id":"https:\/\/arendus.tricela.eu\/fi\/tuote\/deyse\/#primaryimage","url":"https:\/\/arendus.tricela.eu\/wp-content\/uploads\/2023\/12\/MM_N1419-scaled.jpg","contentUrl":"https:\/\/arendus.tricela.eu\/wp-content\/uploads\/2023\/12\/MM_N1419-scaled.jpg","width":1829,"height":2560},{"@type":"BreadcrumbList","@id":"https:\/\/arendus.tricela.eu\/fi\/tuote\/deyse\/#breadcrumb","itemListElement":[{"@type":"ListItem","position":1,"name":"Home","item":"https:\/\/arendus.tricela.eu\/fi\/kotisivu\/"},{"@type":"ListItem","position":2,"name":"Osta osoitteessa","item":"https:\/\/arendus.tricela.eu\/fi\/myymala\/"},{"@type":"ListItem","position":3,"name":"Deyse"}]},{"@type":"WebSite","@id":"https:\/\/arendus.tricela.eu\/#website","url":"https:\/\/arendus.tricela.eu\/","name":"Tricela","description":"Kootud kleidid Brasiiliast","publisher":{"@id":"https:\/\/arendus.tricela.eu\/#organization"},"potentialAction":[{"@type":"SearchAction","target":{"@type":"EntryPoint","urlTemplate":"https:\/\/arendus.tricela.eu\/?s={search_term_string}"},"query-input":"required name=search_term_string"}],"inLanguage":"fi"},{"@type":"Organization","@id":"https:\/\/arendus.tricela.eu\/#organization","name":"Tricela","url":"https:\/\/arendus.tricela.eu\/","logo":{"@type":"ImageObject","inLanguage":"fi","@id":"https:\/\/arendus.tricela.eu\/#\/schema\/logo\/image\/","url":"https:\/\/arendus.tricela.eu\/wp-content\/uploads\/2020\/05\/logo123.svg","contentUrl":"https:\/\/arendus.tricela.eu\/wp-content\/uploads\/2020\/05\/logo123.svg","width":366,"height":168,"caption":"Tricela"},"image":{"@id":"https:\/\/arendus.tricela.eu\/#\/schema\/logo\/image\/"},"sameAs":["https:\/\/www.instagram.com\/tricela.official"]}]}},"_links":{"self":[{"href":"https:\/\/arendus.tricela.eu\/fi\/wp-json\/wp\/v2\/product\/5893","targetHints":{"allow":["GET"]}}],"collection":[{"href":"https:\/\/arendus.tricela.eu\/fi\/wp-json\/wp\/v2\/product"}],"about":[{"href":"https:\/\/arendus.tricela.eu\/fi\/wp-json\/wp\/v2\/types\/product"}],"version-history":[{"count":1,"href":"https:\/\/arendus.tricela.eu\/fi\/wp-json\/wp\/v2\/product\/5893\/revisions"}],"predecessor-version":[{"id":7879,"href":"https:\/\/arendus.tricela.eu\/fi\/wp-json\/wp\/v2\/product\/5893\/revisions\/7879"}],"wp:featuredmedia":[{"embeddable":true,"href":"https:\/\/arendus.tricela.eu\/fi\/wp-json\/wp\/v2\/media\/4901"}],"wp:attachment":[{"href":"https:\/\/arendus.tricela.eu\/fi\/wp-json\/wp\/v2\/media?parent=5893"}],"wp:term":[{"taxonomy":"product_cat","embeddable":true,"href":"https:\/\/arendus.tricela.eu\/fi\/wp-json\/wp\/v2\/product_cat?post=5893"},{"taxonomy":"product_tag","embeddable":true,"href":"https:\/\/arendus.tricela.eu\/fi\/wp-json\/wp\/v2\/product_tag?post=5893"}],"curies":[{"name":"wp","href":"https:\/\/api.w.org\/{rel}","templated":true}]}}