{"id":5775,"date":"2023-12-07T01:57:56","date_gmt":"2023-12-07T01:57:56","guid":{"rendered":"https:\/\/tricela.eu\/toode\/eduarda\/"},"modified":"2024-05-16T18:48:10","modified_gmt":"2024-05-16T18:48:10","slug":"eduarda","status":"publish","type":"product","link":"https:\/\/arendus.tricela.eu\/fi\/tuote\/eduarda\/","title":{"rendered":"Eduarda"},"content":{"rendered":"<p><strong>EDUARDA <span style=\"font-weight: 400;\">arvostaa laatuaikaa rakkaidesi kanssa. H\u00e4n nauttii kes\u00e4n yksinkertaisista, arkisista hetkist\u00e4. Valkoinen puku on t\u00e4ydellinen valinta morsiamelle, kun on aika pukea p\u00e4\u00e4lleen jotain mukavampaa, jotta h\u00e4n voi rokata aamun pikkutunneille asti.<\/span><\/strong><\/p>\n<p>&nbsp;<\/p>\n<p><strong>KOOSTUMUS<\/strong>: <span class=\"Y2IQFc\" lang=\"et\">60 % akryyli, 40 % polyesteri<\/span>.<\/p>\n<p>&nbsp;<\/p>\n<p><span class=\"Y2IQFc\" lang=\"et\"><strong>KOKO: <\/strong>Yksi koko. Kudoksen joustavuuden vuoksi sopii kokoon S-L. T\u00e4ydellinen mekko my\u00f6s raskauden aikana<\/span><\/p>\n<p>&nbsp;<\/p>\n<p><span class=\"Y2IQFc\" lang=\"et\"><strong>TUOTTEEN MITAT:<\/strong> rinta: 64 cm &#8211; vy\u00f6t\u00e4r\u00f6: 60 cm &#8211; lantio: 76 cm &#8211; pituus: 135 cm (Huom: valkoinen mekko on 155 cm).<\/span><\/p>\n<p>&nbsp;<\/p>\n<p>Mekko on s\u00e4\u00e4dett\u00e4viss\u00e4 takana.<\/p>\n<p>&nbsp;<\/p>\n<p><span class=\"Y2IQFc\" lang=\"et\">*Mitat on otettu venytt\u00e4m\u00e4tt\u00f6min\u00e4, ja ne voivat vaihdella jopa +-4 cm.<\/span><\/p>\n<p>&nbsp;<\/p>\n<div id=\"accel-snackbar\" style=\"left: 50%; transform: translate(-50%, 0px); top: 50px;\"><\/div>\n","protected":false},"excerpt":{"rendered":"<p>&nbsp;<\/p>\n<div id=\"accel-snackbar\" style=\"left: 50%; transform: translate(-50%, 0px); top: 50px;\"><\/div>\n","protected":false},"featured_media":5119,"template":"","meta":{"inline_featured_image":false},"product_cat":[118],"product_tag":[],"class_list":{"0":"post-5775","1":"product","2":"type-product","3":"status-publish","4":"has-post-thumbnail","6":"product_cat-mekot","8":"first","9":"instock","10":"shipping-taxable","11":"purchasable","12":"product-type-variable"},"yoast_head":"<!-- This site is optimized with the Yoast SEO plugin v22.9 - https:\/\/yoast.com\/wordpress\/plugins\/seo\/ -->\n<title>Kudottu mekko Eduarda | Tricela<\/title>\n<meta name=\"description\" content=\"Eduarda arvostaa laatuaikaa l\u00e4heisten kanssa ja nauttii yksinkertaisista hetkist\u00e4. Mekkoa on saatavana eri v\u00e4reiss\u00e4. Katso tarkemmin neulemekkoa!\" \/>\n<meta name=\"robots\" content=\"index, follow, max-snippet:-1, max-image-preview:large, max-video-preview:-1\" \/>\n<link rel=\"canonical\" href=\"https:\/\/arendus.tricela.eu\/fi\/tuote\/eduarda\/\" \/>\n<meta property=\"og:locale\" content=\"fi_FI\" \/>\n<meta property=\"og:type\" content=\"article\" \/>\n<meta property=\"og:title\" content=\"Kudottu mekko Eduarda | Tricela\" \/>\n<meta property=\"og:description\" content=\"Eduarda arvostaa laatuaikaa l\u00e4heisten kanssa ja nauttii yksinkertaisista hetkist\u00e4. Mekkoa on saatavana eri v\u00e4reiss\u00e4. Katso tarkemmin neulemekkoa!\" \/>\n<meta property=\"og:url\" content=\"https:\/\/arendus.tricela.eu\/fi\/tuote\/eduarda\/\" \/>\n<meta property=\"og:site_name\" content=\"Tricela\" \/>\n<meta property=\"article:modified_time\" content=\"2024-05-16T18:48:10+00:00\" \/>\n<meta property=\"og:image\" content=\"https:\/\/arendus.tricela.eu\/wp-content\/uploads\/2023\/12\/MM_N1697-scaled.jpg\" \/>\n\t<meta property=\"og:image:width\" content=\"1779\" \/>\n\t<meta property=\"og:image:height\" content=\"2560\" \/>\n\t<meta property=\"og:image:type\" content=\"image\/jpeg\" \/>\n<meta name=\"twitter:card\" content=\"summary_large_image\" \/>\n<meta name=\"twitter:label1\" content=\"Arvioitu lukuaika\" \/>\n\t<meta name=\"twitter:data1\" content=\"1 minuutti\" \/>\n<script type=\"application\/ld+json\" class=\"yoast-schema-graph\">{\"@context\":\"https:\/\/schema.org\",\"@graph\":[{\"@type\":\"WebPage\",\"@id\":\"https:\/\/arendus.tricela.eu\/fi\/tuote\/eduarda\/\",\"url\":\"https:\/\/arendus.tricela.eu\/fi\/tuote\/eduarda\/\",\"name\":\"Kudottu mekko Eduarda | Tricela\",\"isPartOf\":{\"@id\":\"https:\/\/arendus.tricela.eu\/#website\"},\"primaryImageOfPage\":{\"@id\":\"https:\/\/arendus.tricela.eu\/fi\/tuote\/eduarda\/#primaryimage\"},\"image\":{\"@id\":\"https:\/\/arendus.tricela.eu\/fi\/tuote\/eduarda\/#primaryimage\"},\"thumbnailUrl\":\"https:\/\/arendus.tricela.eu\/wp-content\/uploads\/2023\/12\/MM_N1697-scaled.jpg\",\"datePublished\":\"2023-12-07T01:57:56+00:00\",\"dateModified\":\"2024-05-16T18:48:10+00:00\",\"description\":\"Eduarda arvostaa laatuaikaa l\u00e4heisten kanssa ja nauttii yksinkertaisista hetkist\u00e4. Mekkoa on saatavana eri v\u00e4reiss\u00e4. Katso tarkemmin neulemekkoa!\",\"breadcrumb\":{\"@id\":\"https:\/\/arendus.tricela.eu\/fi\/tuote\/eduarda\/#breadcrumb\"},\"inLanguage\":\"fi\",\"potentialAction\":[{\"@type\":\"ReadAction\",\"target\":[\"https:\/\/arendus.tricela.eu\/fi\/tuote\/eduarda\/\"]}]},{\"@type\":\"ImageObject\",\"inLanguage\":\"fi\",\"@id\":\"https:\/\/arendus.tricela.eu\/fi\/tuote\/eduarda\/#primaryimage\",\"url\":\"https:\/\/arendus.tricela.eu\/wp-content\/uploads\/2023\/12\/MM_N1697-scaled.jpg\",\"contentUrl\":\"https:\/\/arendus.tricela.eu\/wp-content\/uploads\/2023\/12\/MM_N1697-scaled.jpg\",\"width\":1779,\"height\":2560},{\"@type\":\"BreadcrumbList\",\"@id\":\"https:\/\/arendus.tricela.eu\/fi\/tuote\/eduarda\/#breadcrumb\",\"itemListElement\":[{\"@type\":\"ListItem\",\"position\":1,\"name\":\"Home\",\"item\":\"https:\/\/arendus.tricela.eu\/fi\/kotisivu\/\"},{\"@type\":\"ListItem\",\"position\":2,\"name\":\"Osta osoitteessa\",\"item\":\"https:\/\/arendus.tricela.eu\/fi\/myymala\/\"},{\"@type\":\"ListItem\",\"position\":3,\"name\":\"Eduarda\"}]},{\"@type\":\"WebSite\",\"@id\":\"https:\/\/arendus.tricela.eu\/#website\",\"url\":\"https:\/\/arendus.tricela.eu\/\",\"name\":\"Tricela\",\"description\":\"Kootud kleidid Brasiiliast\",\"publisher\":{\"@id\":\"https:\/\/arendus.tricela.eu\/#organization\"},\"potentialAction\":[{\"@type\":\"SearchAction\",\"target\":{\"@type\":\"EntryPoint\",\"urlTemplate\":\"https:\/\/arendus.tricela.eu\/?s={search_term_string}\"},\"query-input\":\"required name=search_term_string\"}],\"inLanguage\":\"fi\"},{\"@type\":\"Organization\",\"@id\":\"https:\/\/arendus.tricela.eu\/#organization\",\"name\":\"Tricela\",\"url\":\"https:\/\/arendus.tricela.eu\/\",\"logo\":{\"@type\":\"ImageObject\",\"inLanguage\":\"fi\",\"@id\":\"https:\/\/arendus.tricela.eu\/#\/schema\/logo\/image\/\",\"url\":\"https:\/\/arendus.tricela.eu\/wp-content\/uploads\/2020\/05\/logo123.svg\",\"contentUrl\":\"https:\/\/arendus.tricela.eu\/wp-content\/uploads\/2020\/05\/logo123.svg\",\"width\":366,\"height\":168,\"caption\":\"Tricela\"},\"image\":{\"@id\":\"https:\/\/arendus.tricela.eu\/#\/schema\/logo\/image\/\"},\"sameAs\":[\"https:\/\/www.instagram.com\/tricela.official\"]}]}<\/script>\n<!-- \/ Yoast SEO plugin. -->","yoast_head_json":{"title":"Kudottu mekko Eduarda | Tricela","description":"Eduarda arvostaa laatuaikaa l\u00e4heisten kanssa ja nauttii yksinkertaisista hetkist\u00e4. Mekkoa on saatavana eri v\u00e4reiss\u00e4. Katso tarkemmin neulemekkoa!","robots":{"index":"index","follow":"follow","max-snippet":"max-snippet:-1","max-image-preview":"max-image-preview:large","max-video-preview":"max-video-preview:-1"},"canonical":"https:\/\/arendus.tricela.eu\/fi\/tuote\/eduarda\/","og_locale":"fi_FI","og_type":"article","og_title":"Kudottu mekko Eduarda | Tricela","og_description":"Eduarda arvostaa laatuaikaa l\u00e4heisten kanssa ja nauttii yksinkertaisista hetkist\u00e4. Mekkoa on saatavana eri v\u00e4reiss\u00e4. Katso tarkemmin neulemekkoa!","og_url":"https:\/\/arendus.tricela.eu\/fi\/tuote\/eduarda\/","og_site_name":"Tricela","article_modified_time":"2024-05-16T18:48:10+00:00","og_image":[{"width":1779,"height":2560,"url":"https:\/\/arendus.tricela.eu\/wp-content\/uploads\/2023\/12\/MM_N1697-scaled.jpg","type":"image\/jpeg"}],"twitter_card":"summary_large_image","twitter_misc":{"Arvioitu lukuaika":"1 minuutti"},"schema":{"@context":"https:\/\/schema.org","@graph":[{"@type":"WebPage","@id":"https:\/\/arendus.tricela.eu\/fi\/tuote\/eduarda\/","url":"https:\/\/arendus.tricela.eu\/fi\/tuote\/eduarda\/","name":"Kudottu mekko Eduarda | Tricela","isPartOf":{"@id":"https:\/\/arendus.tricela.eu\/#website"},"primaryImageOfPage":{"@id":"https:\/\/arendus.tricela.eu\/fi\/tuote\/eduarda\/#primaryimage"},"image":{"@id":"https:\/\/arendus.tricela.eu\/fi\/tuote\/eduarda\/#primaryimage"},"thumbnailUrl":"https:\/\/arendus.tricela.eu\/wp-content\/uploads\/2023\/12\/MM_N1697-scaled.jpg","datePublished":"2023-12-07T01:57:56+00:00","dateModified":"2024-05-16T18:48:10+00:00","description":"Eduarda arvostaa laatuaikaa l\u00e4heisten kanssa ja nauttii yksinkertaisista hetkist\u00e4. Mekkoa on saatavana eri v\u00e4reiss\u00e4. Katso tarkemmin neulemekkoa!","breadcrumb":{"@id":"https:\/\/arendus.tricela.eu\/fi\/tuote\/eduarda\/#breadcrumb"},"inLanguage":"fi","potentialAction":[{"@type":"ReadAction","target":["https:\/\/arendus.tricela.eu\/fi\/tuote\/eduarda\/"]}]},{"@type":"ImageObject","inLanguage":"fi","@id":"https:\/\/arendus.tricela.eu\/fi\/tuote\/eduarda\/#primaryimage","url":"https:\/\/arendus.tricela.eu\/wp-content\/uploads\/2023\/12\/MM_N1697-scaled.jpg","contentUrl":"https:\/\/arendus.tricela.eu\/wp-content\/uploads\/2023\/12\/MM_N1697-scaled.jpg","width":1779,"height":2560},{"@type":"BreadcrumbList","@id":"https:\/\/arendus.tricela.eu\/fi\/tuote\/eduarda\/#breadcrumb","itemListElement":[{"@type":"ListItem","position":1,"name":"Home","item":"https:\/\/arendus.tricela.eu\/fi\/kotisivu\/"},{"@type":"ListItem","position":2,"name":"Osta osoitteessa","item":"https:\/\/arendus.tricela.eu\/fi\/myymala\/"},{"@type":"ListItem","position":3,"name":"Eduarda"}]},{"@type":"WebSite","@id":"https:\/\/arendus.tricela.eu\/#website","url":"https:\/\/arendus.tricela.eu\/","name":"Tricela","description":"Kootud kleidid Brasiiliast","publisher":{"@id":"https:\/\/arendus.tricela.eu\/#organization"},"potentialAction":[{"@type":"SearchAction","target":{"@type":"EntryPoint","urlTemplate":"https:\/\/arendus.tricela.eu\/?s={search_term_string}"},"query-input":"required name=search_term_string"}],"inLanguage":"fi"},{"@type":"Organization","@id":"https:\/\/arendus.tricela.eu\/#organization","name":"Tricela","url":"https:\/\/arendus.tricela.eu\/","logo":{"@type":"ImageObject","inLanguage":"fi","@id":"https:\/\/arendus.tricela.eu\/#\/schema\/logo\/image\/","url":"https:\/\/arendus.tricela.eu\/wp-content\/uploads\/2020\/05\/logo123.svg","contentUrl":"https:\/\/arendus.tricela.eu\/wp-content\/uploads\/2020\/05\/logo123.svg","width":366,"height":168,"caption":"Tricela"},"image":{"@id":"https:\/\/arendus.tricela.eu\/#\/schema\/logo\/image\/"},"sameAs":["https:\/\/www.instagram.com\/tricela.official"]}]}},"_links":{"self":[{"href":"https:\/\/arendus.tricela.eu\/fi\/wp-json\/wp\/v2\/product\/5775","targetHints":{"allow":["GET"]}}],"collection":[{"href":"https:\/\/arendus.tricela.eu\/fi\/wp-json\/wp\/v2\/product"}],"about":[{"href":"https:\/\/arendus.tricela.eu\/fi\/wp-json\/wp\/v2\/types\/product"}],"version-history":[{"count":2,"href":"https:\/\/arendus.tricela.eu\/fi\/wp-json\/wp\/v2\/product\/5775\/revisions"}],"predecessor-version":[{"id":8262,"href":"https:\/\/arendus.tricela.eu\/fi\/wp-json\/wp\/v2\/product\/5775\/revisions\/8262"}],"wp:featuredmedia":[{"embeddable":true,"href":"https:\/\/arendus.tricela.eu\/fi\/wp-json\/wp\/v2\/media\/5119"}],"wp:attachment":[{"href":"https:\/\/arendus.tricela.eu\/fi\/wp-json\/wp\/v2\/media?parent=5775"}],"wp:term":[{"taxonomy":"product_cat","embeddable":true,"href":"https:\/\/arendus.tricela.eu\/fi\/wp-json\/wp\/v2\/product_cat?post=5775"},{"taxonomy":"product_tag","embeddable":true,"href":"https:\/\/arendus.tricela.eu\/fi\/wp-json\/wp\/v2\/product_tag?post=5775"}],"curies":[{"name":"wp","href":"https:\/\/api.w.org\/{rel}","templated":true}]}}