{"id":5774,"date":"2023-12-07T01:48:00","date_gmt":"2023-12-07T01:48:00","guid":{"rendered":"https:\/\/tricela.eu\/toode\/larissa\/"},"modified":"2024-03-20T14:04:00","modified_gmt":"2024-03-20T14:04:00","slug":"larissa","status":"publish","type":"product","link":"https:\/\/arendus.tricela.eu\/fi\/tuote\/larissa\/","title":{"rendered":"Larissa"},"content":{"rendered":"<p><b>LARISSA <\/b><span style=\"font-weight: 400;\">osaa lis\u00e4t\u00e4 hieman maustetta arkeen H\u00e4n haluaa n\u00e4ytt\u00e4\u00e4 hyv\u00e4lt\u00e4, mutta arvostaa my\u00f6s yksinkertaisuutta ja mukavuutta. Aivan kuten Brasilian kuuma aurinko, se loistaa loistavasti kaikkina vuodenaikoina.<\/span><\/p>\n<p>&nbsp;<\/p>\n<p><span class=\"Y2IQFc\" lang=\"et\"><strong>KOOSTUMUS: <\/strong>60 % akryyli, 40 % polyesteri.<\/span><\/p>\n<p>&nbsp;<\/p>\n<p><span class=\"Y2IQFc\" lang=\"et\"><strong>KOKO:<\/strong> Yksi koko. Koska mekko on joustava, se sopii kokoon S-L (36-42). T\u00e4ydellinen mekko raskauden aikana.<\/span><\/p>\n<p>&nbsp;<\/p>\n<p> <strong><span class=\"Y2IQFc\" lang=\"et\"> MITATTU: <\/span><\/strong><span class=\"Y2IQFc\" lang=\"et\">Lantio: 84 &#8211; Pituus: 104 cm.<\/span><\/p>\n<p>&nbsp;<\/p>\n<p><span class=\"Y2IQFc\" lang=\"et\">*Mitat on otettu venytt\u00e4m\u00e4tt\u00f6min\u00e4, ja ne voivat vaihdella jopa +-4 cm.<\/span><\/p>\n<p>&nbsp;<\/p>\n","protected":false},"excerpt":{"rendered":"<p>LARISSA osaa lis\u00e4t\u00e4 hieman maustetta arkeen H\u00e4n haluaa n\u00e4ytt\u00e4\u00e4 hyv\u00e4lt\u00e4, mutta arvostaa my\u00f6s yksinkertaisuutta ja mukavuutta. Aivan kuten Brasilian kuuma aurinko, se loistaa loistavasti kaikkina vuodenaikoina. &nbsp; KOOSTUMUS: 60 % akryyli, 40 % polyesteri. &nbsp; KOKO: Yksi koko. Koska mekko on joustava, se sopii kokoon S-L (36-42). T\u00e4ydellinen mekko raskauden aikana. &nbsp; MITATTU: Lantio: 84 [&hellip;]<\/p>\n","protected":false},"featured_media":5059,"template":"","meta":{"inline_featured_image":false},"product_cat":[118],"product_tag":[],"class_list":{"0":"post-5774","1":"product","2":"type-product","3":"status-publish","4":"has-post-thumbnail","6":"product_cat-mekot","8":"first","9":"instock","10":"shipping-taxable","11":"purchasable","12":"product-type-variable"},"yoast_head":"<!-- This site is optimized with the Yoast SEO plugin v22.9 - https:\/\/yoast.com\/wordpress\/plugins\/seo\/ -->\n<title>Larissa - Tricela<\/title>\n<meta name=\"robots\" content=\"index, follow, max-snippet:-1, max-image-preview:large, max-video-preview:-1\" \/>\n<link rel=\"canonical\" href=\"https:\/\/arendus.tricela.eu\/fi\/tuote\/larissa\/\" \/>\n<meta property=\"og:locale\" content=\"fi_FI\" \/>\n<meta property=\"og:type\" content=\"article\" \/>\n<meta property=\"og:title\" content=\"Larissa - Tricela\" \/>\n<meta property=\"og:description\" content=\"LARISSA osaa lis\u00e4t\u00e4 hieman maustetta arkeen H\u00e4n haluaa n\u00e4ytt\u00e4\u00e4 hyv\u00e4lt\u00e4, mutta arvostaa my\u00f6s yksinkertaisuutta ja mukavuutta. Aivan kuten Brasilian kuuma aurinko, se loistaa loistavasti kaikkina vuodenaikoina. &nbsp; KOOSTUMUS: 60 % akryyli, 40 % polyesteri. &nbsp; KOKO: Yksi koko. Koska mekko on joustava, se sopii kokoon S-L (36-42). T\u00e4ydellinen mekko raskauden aikana. &nbsp; MITATTU: Lantio: 84 [&hellip;]\" \/>\n<meta property=\"og:url\" content=\"https:\/\/arendus.tricela.eu\/fi\/tuote\/larissa\/\" \/>\n<meta property=\"og:site_name\" content=\"Tricela\" \/>\n<meta property=\"article:modified_time\" content=\"2024-03-20T14:04:00+00:00\" \/>\n<meta property=\"og:image\" content=\"https:\/\/arendus.tricela.eu\/wp-content\/uploads\/2023\/12\/MM_N1786-scaled.jpg\" \/>\n\t<meta property=\"og:image:width\" content=\"1707\" \/>\n\t<meta property=\"og:image:height\" content=\"2560\" \/>\n\t<meta property=\"og:image:type\" content=\"image\/jpeg\" \/>\n<meta name=\"twitter:card\" content=\"summary_large_image\" \/>\n<script type=\"application\/ld+json\" class=\"yoast-schema-graph\">{\"@context\":\"https:\/\/schema.org\",\"@graph\":[{\"@type\":\"WebPage\",\"@id\":\"https:\/\/arendus.tricela.eu\/fi\/tuote\/larissa\/\",\"url\":\"https:\/\/arendus.tricela.eu\/fi\/tuote\/larissa\/\",\"name\":\"Larissa - Tricela\",\"isPartOf\":{\"@id\":\"https:\/\/arendus.tricela.eu\/#website\"},\"primaryImageOfPage\":{\"@id\":\"https:\/\/arendus.tricela.eu\/fi\/tuote\/larissa\/#primaryimage\"},\"image\":{\"@id\":\"https:\/\/arendus.tricela.eu\/fi\/tuote\/larissa\/#primaryimage\"},\"thumbnailUrl\":\"https:\/\/arendus.tricela.eu\/wp-content\/uploads\/2023\/12\/MM_N1786-scaled.jpg\",\"datePublished\":\"2023-12-07T01:48:00+00:00\",\"dateModified\":\"2024-03-20T14:04:00+00:00\",\"breadcrumb\":{\"@id\":\"https:\/\/arendus.tricela.eu\/fi\/tuote\/larissa\/#breadcrumb\"},\"inLanguage\":\"fi\",\"potentialAction\":[{\"@type\":\"ReadAction\",\"target\":[\"https:\/\/arendus.tricela.eu\/fi\/tuote\/larissa\/\"]}]},{\"@type\":\"ImageObject\",\"inLanguage\":\"fi\",\"@id\":\"https:\/\/arendus.tricela.eu\/fi\/tuote\/larissa\/#primaryimage\",\"url\":\"https:\/\/arendus.tricela.eu\/wp-content\/uploads\/2023\/12\/MM_N1786-scaled.jpg\",\"contentUrl\":\"https:\/\/arendus.tricela.eu\/wp-content\/uploads\/2023\/12\/MM_N1786-scaled.jpg\",\"width\":1707,\"height\":2560},{\"@type\":\"BreadcrumbList\",\"@id\":\"https:\/\/arendus.tricela.eu\/fi\/tuote\/larissa\/#breadcrumb\",\"itemListElement\":[{\"@type\":\"ListItem\",\"position\":1,\"name\":\"Home\",\"item\":\"https:\/\/arendus.tricela.eu\/fi\/kotisivu\/\"},{\"@type\":\"ListItem\",\"position\":2,\"name\":\"Osta osoitteessa\",\"item\":\"https:\/\/arendus.tricela.eu\/fi\/myymala\/\"},{\"@type\":\"ListItem\",\"position\":3,\"name\":\"Larissa\"}]},{\"@type\":\"WebSite\",\"@id\":\"https:\/\/arendus.tricela.eu\/#website\",\"url\":\"https:\/\/arendus.tricela.eu\/\",\"name\":\"Tricela\",\"description\":\"Kootud kleidid Brasiiliast\",\"publisher\":{\"@id\":\"https:\/\/arendus.tricela.eu\/#organization\"},\"potentialAction\":[{\"@type\":\"SearchAction\",\"target\":{\"@type\":\"EntryPoint\",\"urlTemplate\":\"https:\/\/arendus.tricela.eu\/?s={search_term_string}\"},\"query-input\":\"required name=search_term_string\"}],\"inLanguage\":\"fi\"},{\"@type\":\"Organization\",\"@id\":\"https:\/\/arendus.tricela.eu\/#organization\",\"name\":\"Tricela\",\"url\":\"https:\/\/arendus.tricela.eu\/\",\"logo\":{\"@type\":\"ImageObject\",\"inLanguage\":\"fi\",\"@id\":\"https:\/\/arendus.tricela.eu\/#\/schema\/logo\/image\/\",\"url\":\"https:\/\/arendus.tricela.eu\/wp-content\/uploads\/2020\/05\/logo123.svg\",\"contentUrl\":\"https:\/\/arendus.tricela.eu\/wp-content\/uploads\/2020\/05\/logo123.svg\",\"width\":366,\"height\":168,\"caption\":\"Tricela\"},\"image\":{\"@id\":\"https:\/\/arendus.tricela.eu\/#\/schema\/logo\/image\/\"},\"sameAs\":[\"https:\/\/www.instagram.com\/tricela.official\"]}]}<\/script>\n<!-- \/ Yoast SEO plugin. -->","yoast_head_json":{"title":"Larissa - Tricela","robots":{"index":"index","follow":"follow","max-snippet":"max-snippet:-1","max-image-preview":"max-image-preview:large","max-video-preview":"max-video-preview:-1"},"canonical":"https:\/\/arendus.tricela.eu\/fi\/tuote\/larissa\/","og_locale":"fi_FI","og_type":"article","og_title":"Larissa - Tricela","og_description":"LARISSA osaa lis\u00e4t\u00e4 hieman maustetta arkeen H\u00e4n haluaa n\u00e4ytt\u00e4\u00e4 hyv\u00e4lt\u00e4, mutta arvostaa my\u00f6s yksinkertaisuutta ja mukavuutta. Aivan kuten Brasilian kuuma aurinko, se loistaa loistavasti kaikkina vuodenaikoina. &nbsp; KOOSTUMUS: 60 % akryyli, 40 % polyesteri. &nbsp; KOKO: Yksi koko. Koska mekko on joustava, se sopii kokoon S-L (36-42). T\u00e4ydellinen mekko raskauden aikana. &nbsp; MITATTU: Lantio: 84 [&hellip;]","og_url":"https:\/\/arendus.tricela.eu\/fi\/tuote\/larissa\/","og_site_name":"Tricela","article_modified_time":"2024-03-20T14:04:00+00:00","og_image":[{"width":1707,"height":2560,"url":"https:\/\/arendus.tricela.eu\/wp-content\/uploads\/2023\/12\/MM_N1786-scaled.jpg","type":"image\/jpeg"}],"twitter_card":"summary_large_image","schema":{"@context":"https:\/\/schema.org","@graph":[{"@type":"WebPage","@id":"https:\/\/arendus.tricela.eu\/fi\/tuote\/larissa\/","url":"https:\/\/arendus.tricela.eu\/fi\/tuote\/larissa\/","name":"Larissa - Tricela","isPartOf":{"@id":"https:\/\/arendus.tricela.eu\/#website"},"primaryImageOfPage":{"@id":"https:\/\/arendus.tricela.eu\/fi\/tuote\/larissa\/#primaryimage"},"image":{"@id":"https:\/\/arendus.tricela.eu\/fi\/tuote\/larissa\/#primaryimage"},"thumbnailUrl":"https:\/\/arendus.tricela.eu\/wp-content\/uploads\/2023\/12\/MM_N1786-scaled.jpg","datePublished":"2023-12-07T01:48:00+00:00","dateModified":"2024-03-20T14:04:00+00:00","breadcrumb":{"@id":"https:\/\/arendus.tricela.eu\/fi\/tuote\/larissa\/#breadcrumb"},"inLanguage":"fi","potentialAction":[{"@type":"ReadAction","target":["https:\/\/arendus.tricela.eu\/fi\/tuote\/larissa\/"]}]},{"@type":"ImageObject","inLanguage":"fi","@id":"https:\/\/arendus.tricela.eu\/fi\/tuote\/larissa\/#primaryimage","url":"https:\/\/arendus.tricela.eu\/wp-content\/uploads\/2023\/12\/MM_N1786-scaled.jpg","contentUrl":"https:\/\/arendus.tricela.eu\/wp-content\/uploads\/2023\/12\/MM_N1786-scaled.jpg","width":1707,"height":2560},{"@type":"BreadcrumbList","@id":"https:\/\/arendus.tricela.eu\/fi\/tuote\/larissa\/#breadcrumb","itemListElement":[{"@type":"ListItem","position":1,"name":"Home","item":"https:\/\/arendus.tricela.eu\/fi\/kotisivu\/"},{"@type":"ListItem","position":2,"name":"Osta osoitteessa","item":"https:\/\/arendus.tricela.eu\/fi\/myymala\/"},{"@type":"ListItem","position":3,"name":"Larissa"}]},{"@type":"WebSite","@id":"https:\/\/arendus.tricela.eu\/#website","url":"https:\/\/arendus.tricela.eu\/","name":"Tricela","description":"Kootud kleidid Brasiiliast","publisher":{"@id":"https:\/\/arendus.tricela.eu\/#organization"},"potentialAction":[{"@type":"SearchAction","target":{"@type":"EntryPoint","urlTemplate":"https:\/\/arendus.tricela.eu\/?s={search_term_string}"},"query-input":"required name=search_term_string"}],"inLanguage":"fi"},{"@type":"Organization","@id":"https:\/\/arendus.tricela.eu\/#organization","name":"Tricela","url":"https:\/\/arendus.tricela.eu\/","logo":{"@type":"ImageObject","inLanguage":"fi","@id":"https:\/\/arendus.tricela.eu\/#\/schema\/logo\/image\/","url":"https:\/\/arendus.tricela.eu\/wp-content\/uploads\/2020\/05\/logo123.svg","contentUrl":"https:\/\/arendus.tricela.eu\/wp-content\/uploads\/2020\/05\/logo123.svg","width":366,"height":168,"caption":"Tricela"},"image":{"@id":"https:\/\/arendus.tricela.eu\/#\/schema\/logo\/image\/"},"sameAs":["https:\/\/www.instagram.com\/tricela.official"]}]}},"_links":{"self":[{"href":"https:\/\/arendus.tricela.eu\/fi\/wp-json\/wp\/v2\/product\/5774","targetHints":{"allow":["GET"]}}],"collection":[{"href":"https:\/\/arendus.tricela.eu\/fi\/wp-json\/wp\/v2\/product"}],"about":[{"href":"https:\/\/arendus.tricela.eu\/fi\/wp-json\/wp\/v2\/types\/product"}],"version-history":[{"count":1,"href":"https:\/\/arendus.tricela.eu\/fi\/wp-json\/wp\/v2\/product\/5774\/revisions"}],"predecessor-version":[{"id":7860,"href":"https:\/\/arendus.tricela.eu\/fi\/wp-json\/wp\/v2\/product\/5774\/revisions\/7860"}],"wp:featuredmedia":[{"embeddable":true,"href":"https:\/\/arendus.tricela.eu\/fi\/wp-json\/wp\/v2\/media\/5059"}],"wp:attachment":[{"href":"https:\/\/arendus.tricela.eu\/fi\/wp-json\/wp\/v2\/media?parent=5774"}],"wp:term":[{"taxonomy":"product_cat","embeddable":true,"href":"https:\/\/arendus.tricela.eu\/fi\/wp-json\/wp\/v2\/product_cat?post=5774"},{"taxonomy":"product_tag","embeddable":true,"href":"https:\/\/arendus.tricela.eu\/fi\/wp-json\/wp\/v2\/product_tag?post=5774"}],"curies":[{"name":"wp","href":"https:\/\/api.w.org\/{rel}","templated":true}]}}