{"id":5757,"date":"2023-12-11T18:33:10","date_gmt":"2023-12-11T18:33:10","guid":{"rendered":"https:\/\/tricela.eu\/toode\/caroline\/"},"modified":"2024-03-20T13:32:40","modified_gmt":"2024-03-20T13:32:40","slug":"karoline","status":"publish","type":"product","link":"https:\/\/arendus.tricela.eu\/fi\/tuote\/karoline\/","title":{"rendered":"Karoline"},"content":{"rendered":"<p><strong>KAROLINE <\/strong><span style=\"font-weight: 400;\">huokuu naisellisuutta. H\u00e4n on se, joka saa syd\u00e4met sykkim\u00e4\u00e4n nopeammin. Karoline osaa astua huoneeseen niin, ett\u00e4 aika pys\u00e4htyy hetkeksi &#8211; vain siksi, ett\u00e4 meill\u00e4 olisi hieman enemm\u00e4n aikaa rakastua h\u00e4neen.<\/span><\/p>\n<p>&nbsp;<\/p>\n<p><strong>KOOSTUMUS<\/strong>: <span class=\"Y2IQFc\" lang=\"et\">60 % akryyli, 40 % polyesteri<\/span>.<\/p>\n<p>&nbsp;<\/p>\n<p><span class=\"Y2IQFc\" lang=\"et\"><strong>KOKO: <\/strong>Yksi koko. Kudoksen joustavuuden vuoksi sopii kokoon S-L (36-42). T\u00e4ydellinen mekko raskauden aikana.<\/span><\/p>\n<p>&nbsp;<\/p>\n<p><span class=\"Y2IQFc\" lang=\"et\"><strong>TUOTTEEN MITAT:<\/strong> rintakeh\u00e4: 75 cm &#8211; vy\u00f6t\u00e4r\u00f6: 70 cm &#8211; lantio: 80 cm &#8211; pituus: 110 cm &#8211; &#8211; <\/span><\/p>\n<p>&nbsp;<\/p>\n<p><span class=\"Y2IQFc\" lang=\"et\">*Mitat on otettu venytt\u00e4m\u00e4tt\u00f6min\u00e4, ja ne voivat vaihdella jopa +-4 cm.<\/span><\/p>\n<p>&nbsp;<\/p>\n","protected":false},"excerpt":{"rendered":"<p>KAROLINE huokuu naisellisuutta. H\u00e4n on se, joka saa syd\u00e4met sykkim\u00e4\u00e4n nopeammin. Karoline osaa astua huoneeseen niin, ett\u00e4 aika pys\u00e4htyy hetkeksi &#8211; vain siksi, ett\u00e4 meill\u00e4 olisi hieman enemm\u00e4n aikaa rakastua h\u00e4neen. &nbsp; KOOSTUMUS: 60 % akryyli, 40 % polyesteri. &nbsp; KOKO: Yksi koko. Kudoksen joustavuuden vuoksi sopii kokoon S-L (36-42). T\u00e4ydellinen mekko raskauden aikana. &nbsp; [&hellip;]<\/p>\n","protected":false},"featured_media":7688,"template":"","meta":{"inline_featured_image":false},"product_cat":[118],"product_tag":[],"class_list":{"0":"post-5757","1":"product","2":"type-product","3":"status-publish","4":"has-post-thumbnail","6":"product_cat-mekot","8":"first","9":"instock","10":"shipping-taxable","11":"purchasable","12":"product-type-variable"},"yoast_head":"<!-- This site is optimized with the Yoast SEO plugin v22.9 - https:\/\/yoast.com\/wordpress\/plugins\/seo\/ -->\n<title>Karoline - Tricela<\/title>\n<meta name=\"robots\" content=\"index, follow, max-snippet:-1, max-image-preview:large, max-video-preview:-1\" \/>\n<link rel=\"canonical\" href=\"https:\/\/arendus.tricela.eu\/fi\/tuote\/karoline\/\" \/>\n<meta property=\"og:locale\" content=\"fi_FI\" \/>\n<meta property=\"og:type\" content=\"article\" \/>\n<meta property=\"og:title\" content=\"Karoline - Tricela\" \/>\n<meta property=\"og:description\" content=\"KAROLINE huokuu naisellisuutta. H\u00e4n on se, joka saa syd\u00e4met sykkim\u00e4\u00e4n nopeammin. Karoline osaa astua huoneeseen niin, ett\u00e4 aika pys\u00e4htyy hetkeksi &#8211; vain siksi, ett\u00e4 meill\u00e4 olisi hieman enemm\u00e4n aikaa rakastua h\u00e4neen. &nbsp; KOOSTUMUS: 60 % akryyli, 40 % polyesteri. &nbsp; KOKO: Yksi koko. Kudoksen joustavuuden vuoksi sopii kokoon S-L (36-42). T\u00e4ydellinen mekko raskauden aikana. &nbsp; [&hellip;]\" \/>\n<meta property=\"og:url\" content=\"https:\/\/arendus.tricela.eu\/fi\/tuote\/karoline\/\" \/>\n<meta property=\"og:site_name\" content=\"Tricela\" \/>\n<meta property=\"article:modified_time\" content=\"2024-03-20T13:32:40+00:00\" \/>\n<meta property=\"og:image\" content=\"https:\/\/arendus.tricela.eu\/wp-content\/uploads\/2023\/12\/0Y8A6807-1-scaled.jpg\" \/>\n\t<meta property=\"og:image:width\" content=\"1707\" \/>\n\t<meta property=\"og:image:height\" content=\"2560\" \/>\n\t<meta property=\"og:image:type\" content=\"image\/jpeg\" \/>\n<meta name=\"twitter:card\" content=\"summary_large_image\" \/>\n<script type=\"application\/ld+json\" class=\"yoast-schema-graph\">{\"@context\":\"https:\/\/schema.org\",\"@graph\":[{\"@type\":\"WebPage\",\"@id\":\"https:\/\/arendus.tricela.eu\/fi\/tuote\/karoline\/\",\"url\":\"https:\/\/arendus.tricela.eu\/fi\/tuote\/karoline\/\",\"name\":\"Karoline - Tricela\",\"isPartOf\":{\"@id\":\"https:\/\/arendus.tricela.eu\/#website\"},\"primaryImageOfPage\":{\"@id\":\"https:\/\/arendus.tricela.eu\/fi\/tuote\/karoline\/#primaryimage\"},\"image\":{\"@id\":\"https:\/\/arendus.tricela.eu\/fi\/tuote\/karoline\/#primaryimage\"},\"thumbnailUrl\":\"https:\/\/arendus.tricela.eu\/wp-content\/uploads\/2023\/12\/0Y8A6807-1-scaled.jpg\",\"datePublished\":\"2023-12-11T18:33:10+00:00\",\"dateModified\":\"2024-03-20T13:32:40+00:00\",\"breadcrumb\":{\"@id\":\"https:\/\/arendus.tricela.eu\/fi\/tuote\/karoline\/#breadcrumb\"},\"inLanguage\":\"fi\",\"potentialAction\":[{\"@type\":\"ReadAction\",\"target\":[\"https:\/\/arendus.tricela.eu\/fi\/tuote\/karoline\/\"]}]},{\"@type\":\"ImageObject\",\"inLanguage\":\"fi\",\"@id\":\"https:\/\/arendus.tricela.eu\/fi\/tuote\/karoline\/#primaryimage\",\"url\":\"https:\/\/arendus.tricela.eu\/wp-content\/uploads\/2023\/12\/0Y8A6807-1-scaled.jpg\",\"contentUrl\":\"https:\/\/arendus.tricela.eu\/wp-content\/uploads\/2023\/12\/0Y8A6807-1-scaled.jpg\",\"width\":1707,\"height\":2560,\"caption\":\"Valge paljaste \u00f5lgadega\u00fcle p\u00f5lve kootud kleit Karoline\"},{\"@type\":\"BreadcrumbList\",\"@id\":\"https:\/\/arendus.tricela.eu\/fi\/tuote\/karoline\/#breadcrumb\",\"itemListElement\":[{\"@type\":\"ListItem\",\"position\":1,\"name\":\"Home\",\"item\":\"https:\/\/arendus.tricela.eu\/fi\/kotisivu\/\"},{\"@type\":\"ListItem\",\"position\":2,\"name\":\"Osta osoitteessa\",\"item\":\"https:\/\/arendus.tricela.eu\/fi\/myymala\/\"},{\"@type\":\"ListItem\",\"position\":3,\"name\":\"Karoline\"}]},{\"@type\":\"WebSite\",\"@id\":\"https:\/\/arendus.tricela.eu\/#website\",\"url\":\"https:\/\/arendus.tricela.eu\/\",\"name\":\"Tricela\",\"description\":\"Kootud kleidid Brasiiliast\",\"publisher\":{\"@id\":\"https:\/\/arendus.tricela.eu\/#organization\"},\"potentialAction\":[{\"@type\":\"SearchAction\",\"target\":{\"@type\":\"EntryPoint\",\"urlTemplate\":\"https:\/\/arendus.tricela.eu\/?s={search_term_string}\"},\"query-input\":\"required name=search_term_string\"}],\"inLanguage\":\"fi\"},{\"@type\":\"Organization\",\"@id\":\"https:\/\/arendus.tricela.eu\/#organization\",\"name\":\"Tricela\",\"url\":\"https:\/\/arendus.tricela.eu\/\",\"logo\":{\"@type\":\"ImageObject\",\"inLanguage\":\"fi\",\"@id\":\"https:\/\/arendus.tricela.eu\/#\/schema\/logo\/image\/\",\"url\":\"https:\/\/arendus.tricela.eu\/wp-content\/uploads\/2020\/05\/logo123.svg\",\"contentUrl\":\"https:\/\/arendus.tricela.eu\/wp-content\/uploads\/2020\/05\/logo123.svg\",\"width\":366,\"height\":168,\"caption\":\"Tricela\"},\"image\":{\"@id\":\"https:\/\/arendus.tricela.eu\/#\/schema\/logo\/image\/\"},\"sameAs\":[\"https:\/\/www.instagram.com\/tricela.official\"]}]}<\/script>\n<!-- \/ Yoast SEO plugin. -->","yoast_head_json":{"title":"Karoline - Tricela","robots":{"index":"index","follow":"follow","max-snippet":"max-snippet:-1","max-image-preview":"max-image-preview:large","max-video-preview":"max-video-preview:-1"},"canonical":"https:\/\/arendus.tricela.eu\/fi\/tuote\/karoline\/","og_locale":"fi_FI","og_type":"article","og_title":"Karoline - Tricela","og_description":"KAROLINE huokuu naisellisuutta. H\u00e4n on se, joka saa syd\u00e4met sykkim\u00e4\u00e4n nopeammin. Karoline osaa astua huoneeseen niin, ett\u00e4 aika pys\u00e4htyy hetkeksi &#8211; vain siksi, ett\u00e4 meill\u00e4 olisi hieman enemm\u00e4n aikaa rakastua h\u00e4neen. &nbsp; KOOSTUMUS: 60 % akryyli, 40 % polyesteri. &nbsp; KOKO: Yksi koko. Kudoksen joustavuuden vuoksi sopii kokoon S-L (36-42). T\u00e4ydellinen mekko raskauden aikana. &nbsp; [&hellip;]","og_url":"https:\/\/arendus.tricela.eu\/fi\/tuote\/karoline\/","og_site_name":"Tricela","article_modified_time":"2024-03-20T13:32:40+00:00","og_image":[{"width":1707,"height":2560,"url":"https:\/\/arendus.tricela.eu\/wp-content\/uploads\/2023\/12\/0Y8A6807-1-scaled.jpg","type":"image\/jpeg"}],"twitter_card":"summary_large_image","schema":{"@context":"https:\/\/schema.org","@graph":[{"@type":"WebPage","@id":"https:\/\/arendus.tricela.eu\/fi\/tuote\/karoline\/","url":"https:\/\/arendus.tricela.eu\/fi\/tuote\/karoline\/","name":"Karoline - Tricela","isPartOf":{"@id":"https:\/\/arendus.tricela.eu\/#website"},"primaryImageOfPage":{"@id":"https:\/\/arendus.tricela.eu\/fi\/tuote\/karoline\/#primaryimage"},"image":{"@id":"https:\/\/arendus.tricela.eu\/fi\/tuote\/karoline\/#primaryimage"},"thumbnailUrl":"https:\/\/arendus.tricela.eu\/wp-content\/uploads\/2023\/12\/0Y8A6807-1-scaled.jpg","datePublished":"2023-12-11T18:33:10+00:00","dateModified":"2024-03-20T13:32:40+00:00","breadcrumb":{"@id":"https:\/\/arendus.tricela.eu\/fi\/tuote\/karoline\/#breadcrumb"},"inLanguage":"fi","potentialAction":[{"@type":"ReadAction","target":["https:\/\/arendus.tricela.eu\/fi\/tuote\/karoline\/"]}]},{"@type":"ImageObject","inLanguage":"fi","@id":"https:\/\/arendus.tricela.eu\/fi\/tuote\/karoline\/#primaryimage","url":"https:\/\/arendus.tricela.eu\/wp-content\/uploads\/2023\/12\/0Y8A6807-1-scaled.jpg","contentUrl":"https:\/\/arendus.tricela.eu\/wp-content\/uploads\/2023\/12\/0Y8A6807-1-scaled.jpg","width":1707,"height":2560,"caption":"Valge paljaste \u00f5lgadega\u00fcle p\u00f5lve kootud kleit Karoline"},{"@type":"BreadcrumbList","@id":"https:\/\/arendus.tricela.eu\/fi\/tuote\/karoline\/#breadcrumb","itemListElement":[{"@type":"ListItem","position":1,"name":"Home","item":"https:\/\/arendus.tricela.eu\/fi\/kotisivu\/"},{"@type":"ListItem","position":2,"name":"Osta osoitteessa","item":"https:\/\/arendus.tricela.eu\/fi\/myymala\/"},{"@type":"ListItem","position":3,"name":"Karoline"}]},{"@type":"WebSite","@id":"https:\/\/arendus.tricela.eu\/#website","url":"https:\/\/arendus.tricela.eu\/","name":"Tricela","description":"Kootud kleidid Brasiiliast","publisher":{"@id":"https:\/\/arendus.tricela.eu\/#organization"},"potentialAction":[{"@type":"SearchAction","target":{"@type":"EntryPoint","urlTemplate":"https:\/\/arendus.tricela.eu\/?s={search_term_string}"},"query-input":"required name=search_term_string"}],"inLanguage":"fi"},{"@type":"Organization","@id":"https:\/\/arendus.tricela.eu\/#organization","name":"Tricela","url":"https:\/\/arendus.tricela.eu\/","logo":{"@type":"ImageObject","inLanguage":"fi","@id":"https:\/\/arendus.tricela.eu\/#\/schema\/logo\/image\/","url":"https:\/\/arendus.tricela.eu\/wp-content\/uploads\/2020\/05\/logo123.svg","contentUrl":"https:\/\/arendus.tricela.eu\/wp-content\/uploads\/2020\/05\/logo123.svg","width":366,"height":168,"caption":"Tricela"},"image":{"@id":"https:\/\/arendus.tricela.eu\/#\/schema\/logo\/image\/"},"sameAs":["https:\/\/www.instagram.com\/tricela.official"]}]}},"_links":{"self":[{"href":"https:\/\/arendus.tricela.eu\/fi\/wp-json\/wp\/v2\/product\/5757","targetHints":{"allow":["GET"]}}],"collection":[{"href":"https:\/\/arendus.tricela.eu\/fi\/wp-json\/wp\/v2\/product"}],"about":[{"href":"https:\/\/arendus.tricela.eu\/fi\/wp-json\/wp\/v2\/types\/product"}],"version-history":[{"count":2,"href":"https:\/\/arendus.tricela.eu\/fi\/wp-json\/wp\/v2\/product\/5757\/revisions"}],"predecessor-version":[{"id":7841,"href":"https:\/\/arendus.tricela.eu\/fi\/wp-json\/wp\/v2\/product\/5757\/revisions\/7841"}],"wp:featuredmedia":[{"embeddable":true,"href":"https:\/\/arendus.tricela.eu\/fi\/wp-json\/wp\/v2\/media\/7688"}],"wp:attachment":[{"href":"https:\/\/arendus.tricela.eu\/fi\/wp-json\/wp\/v2\/media?parent=5757"}],"wp:term":[{"taxonomy":"product_cat","embeddable":true,"href":"https:\/\/arendus.tricela.eu\/fi\/wp-json\/wp\/v2\/product_cat?post=5757"},{"taxonomy":"product_tag","embeddable":true,"href":"https:\/\/arendus.tricela.eu\/fi\/wp-json\/wp\/v2\/product_tag?post=5757"}],"curies":[{"name":"wp","href":"https:\/\/api.w.org\/{rel}","templated":true}]}}