{"id":6023,"date":"2020-05-09T02:05:54","date_gmt":"2020-05-09T02:05:54","guid":{"rendered":"https:\/\/tricela.eu\/myyntiehdot\/"},"modified":"2024-03-02T06:40:25","modified_gmt":"2024-03-02T06:40:25","slug":"myyntiehdot","status":"publish","type":"page","link":"https:\/\/arendus.tricela.eu\/fi\/myyntiehdot\/","title":{"rendered":"Myyntiehdot"},"content":{"rendered":"\t\t<div data-elementor-type=\"wp-page\" data-elementor-id=\"6023\" class=\"elementor elementor-6023 elementor-383\" data-elementor-post-type=\"page\">\n\t\t\t\t<div class=\"elementor-element elementor-element-99bb224 e-flex e-con-boxed e-con e-parent\" data-id=\"99bb224\" data-element_type=\"container\">\n\t\t\t\t\t<div class=\"e-con-inner\">\n\t\t\t\t<div class=\"elementor-element elementor-element-3ab9a4c elementor-widget elementor-widget-text-editor\" data-id=\"3ab9a4c\" data-element_type=\"widget\" data-widget_type=\"text-editor.default\">\n\t\t\t\t<div class=\"elementor-widget-container\">\n\t\t\t\t\t\t\t<h3><span style=\"font-weight: 400;\">MYYNTIEHDOT JA -M\u00c4\u00c4R\u00c4YKSET<\/span><\/h3>\n<p><span style=\"font-weight: 400;\">Verkkokaupan TRICELA.EU (j\u00e4ljemp\u00e4n\u00e4 &#8220;verkkokauppa&#8221;) omistaja on TRICELA O\u00dc (rekister\u00f6intitunnus 16800027), joka sijaitsee osoitteessa Staapli 4, Tallinna.<\/span><\/p>\n<p><span style=\"font-weight: 400;\"> <\/span><\/p>\n<p><b>Myyntisopimuksen voimassaolo, kaupalliset tiedot ja hintatiedot<\/b><\/p>\n<p><span style=\"font-weight: 400;\">Myyntiehdot koskevat tavaroiden ostamista verkkokaupasta.<\/span><\/p>\n<p><span style=\"font-weight: 400;\">Verkkokaupassa myyt\u00e4vien tuotteiden hinnat on ilmoitettu tuotteiden yhteydess\u00e4. Hintaan lis\u00e4t\u00e4\u00e4n toimitusmaksu. Kaikki verkkokaupassa myyt\u00e4vien tuotteiden hinnat ovat eurom\u00e4\u00e4r\u00e4isi\u00e4.<\/span><\/p>\n<p><span style=\"font-weight: 400;\">Toimitusmaksu riippuu ostajan sijainnista ja toimitustavasta. Toimitusmaksu ilmoitetaan ostajalle tilauksen yhteydess\u00e4.<\/span><\/p>\n<p><span style=\"font-weight: 400;\">Tietoa tavaroista on verkkokaupassa suoraan tavaran vieress\u00e4.<\/span><\/p>\n<p><b>Tilauksen tekeminen<\/b><\/p>\n<p><span style=\"font-weight: 400;\">Tilausta varten sinun on lis\u00e4tt\u00e4v\u00e4 haluamasi tuotteet ostoskoriin. Tilausta varten sinun on t\u00e4ytett\u00e4v\u00e4 vaaditut kent\u00e4t ja valittava sopiva toimitustapa. T\u00e4m\u00e4n j\u00e4lkeen n\u00e4yt\u00f6ll\u00e4 n\u00e4kyy maksun m\u00e4\u00e4r\u00e4, joka voidaan maksaa turvallisesti seuraavilla maksutavoilla:<\/span><\/p>\n<ul>\n<li style=\"font-weight: 400;\" aria-level=\"1\"><span style=\"font-weight: 400;\">Pankkimaksut Virossa: Swedbank, SEB, Luminor, LHV, Coop Pank, Citadele, Revolut ja Visa.<\/span><\/li>\n<li style=\"font-weight: 400;\" aria-level=\"1\"><span style=\"font-weight: 400;\">Latvialaiset pankkilinkit: Swedbank, SEB, Citadele, Revolut ja Luminor.<\/span><\/li>\n<li style=\"font-weight: 400;\" aria-level=\"1\"><span style=\"font-weight: 400;\">Liettualaiset pankkilinkit: Swedbank, SEB, Revolut, \u0160iauli\u0173 bankas ja Luminor.<\/span><\/li>\n<li style=\"font-weight: 400;\" aria-level=\"1\"><span style=\"font-weight: 400;\">Suomalaiset pankkilinkit: Aktia, Ahvenanmaan pankki, Danske, Handelsbanken, Nordea, Oma S\u00e4\u00e4st\u00f6pankki, Pohjola, POP Pankki, S-Pankki, S\u00e4\u00e4stopankki, Revolut, Visa.<\/span><\/li>\n<li style=\"font-weight: 400;\" aria-level=\"1\"><span style=\"font-weight: 400;\">Visa\/MasterCard-luottokorttimaksut<\/span><\/li>\n<li style=\"font-weight: 400;\" aria-level=\"1\"><span style=\"font-weight: 400;\">Maksa my\u00f6hemmin maksuvaihtoehto: split<\/span><\/li>\n<\/ul>\n<p><span style=\"font-weight: 400;\">NB! Kun maksat pankkisiirrolla, muista painaa &#8220;Takaisin kauppiaalle&#8221; -painiketta pankkisivulla.<\/span><\/p>\n<p><span style=\"font-weight: 400;\">Maksuja v\u00e4litt\u00e4\u00e4 Montonio Finance O\u00dc. Maksu suoritetaan verkkokaupan ulkopuolella suojatussa ymp\u00e4rist\u00f6ss\u00e4 &#8211; pankkisiirrolla maksettaessa kyseisen pankin suojatussa ymp\u00e4rist\u00f6ss\u00e4 ja luottokortilla maksettaessa Montonio Finance O\u00dc:n suojatussa ymp\u00e4rist\u00f6ss\u00e4. Myyj\u00e4ll\u00e4 ei ole p\u00e4\u00e4sy\u00e4 asiakkaan pankki- ja luottokorttitietoihin. Sopimus tulee voimaan p\u00e4iv\u00e4n\u00e4, jona verkkokaupan k\u00e4ytt\u00f6tilille maksettava summa on vastaanotettu. Jos tilattuja tavaroita ei voida toimittaa toimitusajan umpeutumisen tai muun syyn vuoksi, ostajalle ilmoitetaan asiasta mahdollisimman pian ja maksetut rahat (toimituskulut mukaan lukien) palautetaan v\u00e4litt\u00f6m\u00e4sti, kuitenkin viimeist\u00e4\u00e4n 14 p\u00e4iv\u00e4n kuluttua ilmoituksesta.<\/span><\/p>\n<p><b>Toimitus osoitteeseen<\/b><\/p>\n<p><span style=\"font-weight: 400;\">Tavaroita toimitetaan Viroon, Latviaan, Liettuaan, Suomeen, Puolaan, Saksaan ja Belgiaan,<\/span><span style=\"font-weight: 400;\"><br \/>\n  <br \/>\n<\/span><span style=\"font-weight: 400;\">Itella-pakettiautomaatit, Omniva-pakettiautomaatit ja DPD.<\/span><\/p>\n<p><span style=\"font-weight: 400;\">Ostaja vastaa toimituskuluista, ja vastaavat hintatiedot n\u00e4kyv\u00e4t toimitustavan yhteydess\u00e4. Viron sis\u00e4iset l\u00e4hetykset saapuvat yleens\u00e4 ostajan ilmoittamaan m\u00e4\u00e4r\u00e4np\u00e4\u00e4h\u00e4n 1-2 ty\u00f6p\u00e4iv\u00e4n kuluessa kauppasopimuksen voimaantulosta. Viron ulkopuolelle toimitusaika on 2-7 kalenterip\u00e4iv\u00e4\u00e4. <\/span><\/p>\n<p><b>Peruuttamisoikeus<\/b><\/p>\n<p><span style=\"font-weight: 400;\">Myym\u00e4l\u00e4st\u00e4 ostetut tavarat on mahdollista vaihtaa (esimerkiksi toiseen v\u00e4riin) sopimuksen mukaan. <\/span><\/p>\n<p><span style=\"font-weight: 400;\">Tilauksen vastaanottamisen j\u00e4lkeen ostajalla on oikeus peruuttaa s\u00e4hk\u00f6inen sopimus 14 p\u00e4iv\u00e4n kuluessa. <\/span><\/p>\n<p><span style=\"font-weight: 400;\">Peruuttamisoikeutta ei sovelleta, jos ostaja on oikeushenkil\u00f6.<\/span><\/p>\n<p><span style=\"font-weight: 400;\"> Jos palautettavan tavaran laatu on huonontunut, kuluttaja vastaa tavaran k\u00e4yt\u00f6st\u00e4 aiheutuneesta arvonalennuksesta vain, jos h\u00e4n on k\u00e4ytt\u00e4nyt tavaraa muulla tavoin kuin sen luonteen, ominaisuuksien ja toiminnan selvitt\u00e4miseksi. Tuotteen luonteen, ominaisuuksien ja toiminnan selvitt\u00e4miseksi kuluttajan on k\u00e4sitelt\u00e4v\u00e4 ja k\u00e4ytett\u00e4v\u00e4 tuotetta vain siten kuin h\u00e4nell\u00e4 tavallisesti olisi oikeus tehd\u00e4 kaupassa. Vaatteita voi esimerkiksi sovittaa kaupassa, mutta etikettej\u00e4 ei saa poistaa, eiv\u00e4tk\u00e4 vaatteet saa olla likaisia, vahingoittuneita, pestyj\u00e4 tai hajuveden, savun tai muun haitallisen hajun saastuttamia. N\u00e4in ollen ei voida sulkea pois sit\u00e4 mahdollisuutta, ett\u00e4 tuotteen arvo on alentunut nollaan tuotteen vahingoittumisen vuoksi, ja Tricela O\u00dc:ll\u00e4 on oikeus vaatia korvausta arvonmenetyksest\u00e4. Kuluttaja vastaa huonontuneiden tavaroiden kuljetuskustannuksista.<\/span><span style=\"font-weight: 400;\"><br \/><\/span><span style=\"font-weight: 400;\"><br \/><\/span><span style=\"font-weight: 400;\">Palauttaaksesi tavarat sinun on l\u00e4hetett\u00e4v\u00e4 peruutuslomake ja l\u00e4hetett\u00e4v\u00e4 se osoitteeseen. <\/span><b>info@tricela.eu<\/b><span style=\"font-weight: 400;\"> viimeist\u00e4\u00e4n 14 p\u00e4iv\u00e4n kuluessa tavaroiden vastaanottamisesta. <\/span> <\/p>\n<p><span style=\"font-weight: 400;\"><br \/><\/span><b>Ostaja vastaa tavaran palauttamisesta aiheutuvista kustannuksista, paitsi jos palautuksen syyn\u00e4 on se, ett\u00e4 tavara ei vastaa tilattua (esim. v\u00e4\u00e4r\u00e4 tai viallinen tavara).<\/b><span style=\"font-weight: 400;\">. <\/span> <span style=\"font-weight: 400;\"><br \/><\/span><span style=\"font-weight: 400;\"><br \/><\/span><span style=\"font-weight: 400;\">Ostajan on palautettava tavarat 14 p\u00e4iv\u00e4n kuluessa hakemuksen j\u00e4tt\u00e4misest\u00e4 tai todistettava, ett\u00e4 h\u00e4n on luovuttanut ne rahdinkuljettajalle kyseisen ajan kuluessa.<\/span><span style=\"font-weight: 400;\"><br \/><\/span><span style=\"font-weight: 400;\"><br \/><\/span><span style=\"font-weight: 400;\">Verkkokauppa palauttaa palautettavan tavaran saatuaan ostajalle ostohetkell\u00e4 maksetun summan, kuitenkin viimeist\u00e4\u00e4n 14 p\u00e4iv\u00e4n kuluessa peruutuksen vastaanottamisesta. <\/span><span style=\"font-weight: 400;\">Verkkokaupalla on oikeus kielt\u00e4yty\u00e4 palautuksesta, kunnes palautettavat tavarat on vastaanotettu tai kunnes ostaja on toimittanut todisteen tuotteiden palauttamisesta, riippuen siit\u00e4, kumpi tapahtuu ensin.<\/span><span style=\"font-weight: 400;\"><br \/><\/span><span style=\"font-weight: 400;\"><br \/><\/span><span style=\"font-weight: 400;\"><br \/><\/span><span style=\"font-weight: 400;\">Verkkokaupalla on oikeus peruuttaa kauppa ja vaatia ostajalta tavaran palauttamista, jos tavaran hinta verkkokaupassa on virheest\u00e4 johtuen merkitty huomattavasti alle tavaran markkinahinnan.<\/span><\/p>\n<p><b>Oikeus tehd\u00e4 valitus<\/b><\/p>\n<p><span style=\"font-weight: 400;\">Jos kyseess\u00e4 on virhe, ostajalla on oikeus ottaa yhteytt\u00e4 verkkokauppaan viimeist\u00e4\u00e4n 14 p\u00e4iv\u00e4n kuluessa l\u00e4hett\u00e4m\u00e4ll\u00e4 s\u00e4hk\u00f6postia osoitteeseen. <\/span><b>info@tricela.eu<\/b> <b><br \/><\/b><b><br \/><\/b><span style=\"font-weight: 400;\">Verkkokauppa ei vastaa virheist\u00e4 (esim. vahingoittunut pakkaus), jotka ilmenev\u00e4t sen j\u00e4lkeen, kun tavarat on toimitettu ostajalle, eli toimituksen aikana. <\/span><span style=\"font-weight: 400;\"><br \/><\/span><span style=\"font-weight: 400;\"><br \/><\/span><span style=\"font-weight: 400;\">Jos verkkokaupasta ostetuissa tavaroissa on verkkokaupan vastuulla oleva virhe, verkkokauppa korjaa tai vaihtaa vialliset tavarat. Jos tavaroita ei ole mahdollista korjata tai vaihtaa, verkkokauppa palauttaa ostajalle kaikki kauppasopimukseen liittyv\u00e4t maksut.<\/span><span style=\"font-weight: 400;\"><br \/><\/span><span style=\"font-weight: 400;\"><br \/><\/span><span style=\"font-weight: 400;\">Verkkokaupan on vastattava kuluttajan valitukseen kirjallisesti tai kirjallisesti toistettavassa muodossa 15 p\u00e4iv\u00e4n kuluessa.<\/span><\/p>\n<p><b>Suoramarkkinointi ja henkil\u00f6tietojen k\u00e4sittely<\/b><\/p>\n<p><span style=\"font-weight: 400;\">Verkkokauppa k\u00e4ytt\u00e4\u00e4 ostajan antamia henkil\u00f6tietoja ainoastaan tilauksen k\u00e4sittelyyn ja tavaroiden l\u00e4hett\u00e4miseen ostajalle. Verkkokauppa siirt\u00e4\u00e4 henkil\u00f6tietoja kuljetusyrityksille tavaroiden toimittamista varten.<\/span><\/p>\n<p><span style=\"font-weight: 400;\">Verkkokauppa l\u00e4hett\u00e4\u00e4 uutiskirjeit\u00e4 ja tarjouksia ostajan s\u00e4hk\u00f6postiosoitteeseen vain, jos ostaja on ilmaissut halunsa saada niit\u00e4 sy\u00f6tt\u00e4m\u00e4ll\u00e4 s\u00e4hk\u00f6postiosoitteensa verkkosivustolle ja ilmoittanut haluavansa vastaanottaa suoramainontailmoituksia.<\/span><\/p>\n<p><span style=\"font-weight: 400;\">Ostaja voi milloin tahansa kielt\u00e4yty\u00e4 vastaanottamasta tarjouksia ja uutiskirjeit\u00e4 s\u00e4hk\u00f6postitse ilmoittamalla siit\u00e4 meille s\u00e4hk\u00f6postitse tai noudattamalla tarjoukset sis\u00e4lt\u00e4v\u00e4ss\u00e4 s\u00e4hk\u00f6postiviestiss\u00e4 annettuja ohjeita.<\/span><\/p>\n<p><b>Riitojen ratkaiseminen<\/b><\/p>\n<p><span style=\"font-weight: 400;\">Jos ostajalla on verkkokauppaa koskevia valituksia, ne on l\u00e4hetett\u00e4v\u00e4 s\u00e4hk\u00f6postitse osoitteeseen info@tricela.eu.<\/span><\/p>\n<p><span style=\"font-weight: 400;\">Jos ostaja ja verkkokauppa eiv\u00e4t pysty ratkaisemaan riitaa sopimuksella, ostaja voi k\u00e4\u00e4nty\u00e4 kuluttajariitalautakunnan puoleen. Voit tutustua menettelys\u00e4\u00e4nt\u00f6ihin ja j\u00e4tt\u00e4\u00e4 hakemuksen seuraavassa osoitteessa.  <\/span><a href=\"https:\/\/komisjon.ee\/et\/avalduse-esitamine\"><span style=\"font-weight: 400;\">t\u00e4\u00e4ll\u00e4<\/span><\/a><span style=\"font-weight: 400;\">. Kuluttajariitalautakunta on toimivaltainen ratkaisemaan ostajan ja verkkokaupan v\u00e4lisest\u00e4 sopimuksesta johtuvat riidat. Ostajan valituksen tutkiminen on komissiolle maksutonta.<\/span><\/p>\n<p><span style=\"font-weight: 400;\">Ostaja voi k\u00e4\u00e4nty\u00e4 Euroopan unionin kuluttajariitojen ratkaisufoorumin puoleen.<\/span><\/p>\n\t\t\t\t\t\t<\/div>\n\t\t\t\t<\/div>\n\t\t\t\t\t<\/div>\n\t\t\t\t<\/div>\n\t\t\t\t<\/div>\n\t\t","protected":false},"excerpt":{"rendered":"<p>MYYNTIEHDOT JA -M\u00c4\u00c4R\u00c4YKSET Verkkokaupan TRICELA.EU (j\u00e4ljemp\u00e4n\u00e4 &#8220;verkkokauppa&#8221;) omistaja on TRICELA O\u00dc (rekister\u00f6intitunnus 16800027), joka sijaitsee osoitteessa Staapli 4, Tallinna. Myyntisopimuksen voimassaolo, kaupalliset tiedot ja hintatiedot Myyntiehdot koskevat tavaroiden ostamista verkkokaupasta. Verkkokaupassa myyt\u00e4vien tuotteiden hinnat on ilmoitettu tuotteiden yhteydess\u00e4. Hintaan lis\u00e4t\u00e4\u00e4n toimitusmaksu. Kaikki verkkokaupassa myyt\u00e4vien tuotteiden hinnat ovat eurom\u00e4\u00e4r\u00e4isi\u00e4. Toimitusmaksu riippuu ostajan sijainnista ja toimitustavasta. Toimitusmaksu [&hellip;]<\/p>\n","protected":false},"author":1,"featured_media":0,"parent":0,"menu_order":0,"comment_status":"closed","ping_status":"closed","template":"","meta":{"inline_featured_image":false,"footnotes":""},"class_list":["post-6023","page","type-page","status-publish","hentry"],"yoast_head":"<!-- This site is optimized with the Yoast SEO plugin v22.9 - https:\/\/yoast.com\/wordpress\/plugins\/seo\/ -->\n<title>Myyntiehdot - Tricela<\/title>\n<meta name=\"robots\" content=\"index, follow, max-snippet:-1, max-image-preview:large, max-video-preview:-1\" \/>\n<link rel=\"canonical\" href=\"https:\/\/arendus.tricela.eu\/myygitingimused\/\" \/>\n<meta property=\"og:locale\" content=\"fi_FI\" \/>\n<meta property=\"og:type\" content=\"article\" \/>\n<meta property=\"og:title\" content=\"Myyntiehdot - Tricela\" \/>\n<meta property=\"og:description\" content=\"MYYNTIEHDOT JA -M\u00c4\u00c4R\u00c4YKSET Verkkokaupan TRICELA.EU (j\u00e4ljemp\u00e4n\u00e4 &#8220;verkkokauppa&#8221;) omistaja on TRICELA O\u00dc (rekister\u00f6intitunnus 16800027), joka sijaitsee osoitteessa Staapli 4, Tallinna. Myyntisopimuksen voimassaolo, kaupalliset tiedot ja hintatiedot Myyntiehdot koskevat tavaroiden ostamista verkkokaupasta. Verkkokaupassa myyt\u00e4vien tuotteiden hinnat on ilmoitettu tuotteiden yhteydess\u00e4. Hintaan lis\u00e4t\u00e4\u00e4n toimitusmaksu. Kaikki verkkokaupassa myyt\u00e4vien tuotteiden hinnat ovat eurom\u00e4\u00e4r\u00e4isi\u00e4. Toimitusmaksu riippuu ostajan sijainnista ja toimitustavasta. Toimitusmaksu [&hellip;]\" \/>\n<meta property=\"og:url\" content=\"https:\/\/arendus.tricela.eu\/myygitingimused\/\" \/>\n<meta property=\"og:site_name\" content=\"Tricela\" \/>\n<meta property=\"article:modified_time\" content=\"2024-03-02T06:40:25+00:00\" \/>\n<meta name=\"twitter:card\" content=\"summary_large_image\" \/>\n<meta name=\"twitter:label1\" content=\"Arvioitu lukuaika\" \/>\n\t<meta name=\"twitter:data1\" content=\"4 minuuttia\" \/>\n<script type=\"application\/ld+json\" class=\"yoast-schema-graph\">{\"@context\":\"https:\/\/schema.org\",\"@graph\":[{\"@type\":\"WebPage\",\"@id\":\"https:\/\/arendus.tricela.eu\/myygitingimused\/\",\"url\":\"https:\/\/arendus.tricela.eu\/myygitingimused\/\",\"name\":\"Myyntiehdot - Tricela\",\"isPartOf\":{\"@id\":\"https:\/\/arendus.tricela.eu\/#website\"},\"datePublished\":\"2020-05-09T02:05:54+00:00\",\"dateModified\":\"2024-03-02T06:40:25+00:00\",\"breadcrumb\":{\"@id\":\"https:\/\/arendus.tricela.eu\/myygitingimused\/#breadcrumb\"},\"inLanguage\":\"fi\",\"potentialAction\":[{\"@type\":\"ReadAction\",\"target\":[\"https:\/\/arendus.tricela.eu\/myygitingimused\/\"]}]},{\"@type\":\"BreadcrumbList\",\"@id\":\"https:\/\/arendus.tricela.eu\/myygitingimused\/#breadcrumb\",\"itemListElement\":[{\"@type\":\"ListItem\",\"position\":1,\"name\":\"Home\",\"item\":\"https:\/\/arendus.tricela.eu\/fi\/kotisivu\/\"},{\"@type\":\"ListItem\",\"position\":2,\"name\":\"Myyntiehdot\"}]},{\"@type\":\"WebSite\",\"@id\":\"https:\/\/arendus.tricela.eu\/#website\",\"url\":\"https:\/\/arendus.tricela.eu\/\",\"name\":\"Tricela\",\"description\":\"Kootud kleidid Brasiiliast\",\"publisher\":{\"@id\":\"https:\/\/arendus.tricela.eu\/#organization\"},\"potentialAction\":[{\"@type\":\"SearchAction\",\"target\":{\"@type\":\"EntryPoint\",\"urlTemplate\":\"https:\/\/arendus.tricela.eu\/?s={search_term_string}\"},\"query-input\":\"required name=search_term_string\"}],\"inLanguage\":\"fi\"},{\"@type\":\"Organization\",\"@id\":\"https:\/\/arendus.tricela.eu\/#organization\",\"name\":\"Tricela\",\"url\":\"https:\/\/arendus.tricela.eu\/\",\"logo\":{\"@type\":\"ImageObject\",\"inLanguage\":\"fi\",\"@id\":\"https:\/\/arendus.tricela.eu\/#\/schema\/logo\/image\/\",\"url\":\"https:\/\/arendus.tricela.eu\/wp-content\/uploads\/2020\/05\/logo123.svg\",\"contentUrl\":\"https:\/\/arendus.tricela.eu\/wp-content\/uploads\/2020\/05\/logo123.svg\",\"width\":366,\"height\":168,\"caption\":\"Tricela\"},\"image\":{\"@id\":\"https:\/\/arendus.tricela.eu\/#\/schema\/logo\/image\/\"},\"sameAs\":[\"https:\/\/www.instagram.com\/tricela.official\"]}]}<\/script>\n<!-- \/ Yoast SEO plugin. -->","yoast_head_json":{"title":"Myyntiehdot - Tricela","robots":{"index":"index","follow":"follow","max-snippet":"max-snippet:-1","max-image-preview":"max-image-preview:large","max-video-preview":"max-video-preview:-1"},"canonical":"https:\/\/arendus.tricela.eu\/myygitingimused\/","og_locale":"fi_FI","og_type":"article","og_title":"Myyntiehdot - Tricela","og_description":"MYYNTIEHDOT JA -M\u00c4\u00c4R\u00c4YKSET Verkkokaupan TRICELA.EU (j\u00e4ljemp\u00e4n\u00e4 &#8220;verkkokauppa&#8221;) omistaja on TRICELA O\u00dc (rekister\u00f6intitunnus 16800027), joka sijaitsee osoitteessa Staapli 4, Tallinna. Myyntisopimuksen voimassaolo, kaupalliset tiedot ja hintatiedot Myyntiehdot koskevat tavaroiden ostamista verkkokaupasta. Verkkokaupassa myyt\u00e4vien tuotteiden hinnat on ilmoitettu tuotteiden yhteydess\u00e4. Hintaan lis\u00e4t\u00e4\u00e4n toimitusmaksu. Kaikki verkkokaupassa myyt\u00e4vien tuotteiden hinnat ovat eurom\u00e4\u00e4r\u00e4isi\u00e4. Toimitusmaksu riippuu ostajan sijainnista ja toimitustavasta. Toimitusmaksu [&hellip;]","og_url":"https:\/\/arendus.tricela.eu\/myygitingimused\/","og_site_name":"Tricela","article_modified_time":"2024-03-02T06:40:25+00:00","twitter_card":"summary_large_image","twitter_misc":{"Arvioitu lukuaika":"4 minuuttia"},"schema":{"@context":"https:\/\/schema.org","@graph":[{"@type":"WebPage","@id":"https:\/\/arendus.tricela.eu\/myygitingimused\/","url":"https:\/\/arendus.tricela.eu\/myygitingimused\/","name":"Myyntiehdot - Tricela","isPartOf":{"@id":"https:\/\/arendus.tricela.eu\/#website"},"datePublished":"2020-05-09T02:05:54+00:00","dateModified":"2024-03-02T06:40:25+00:00","breadcrumb":{"@id":"https:\/\/arendus.tricela.eu\/myygitingimused\/#breadcrumb"},"inLanguage":"fi","potentialAction":[{"@type":"ReadAction","target":["https:\/\/arendus.tricela.eu\/myygitingimused\/"]}]},{"@type":"BreadcrumbList","@id":"https:\/\/arendus.tricela.eu\/myygitingimused\/#breadcrumb","itemListElement":[{"@type":"ListItem","position":1,"name":"Home","item":"https:\/\/arendus.tricela.eu\/fi\/kotisivu\/"},{"@type":"ListItem","position":2,"name":"Myyntiehdot"}]},{"@type":"WebSite","@id":"https:\/\/arendus.tricela.eu\/#website","url":"https:\/\/arendus.tricela.eu\/","name":"Tricela","description":"Kootud kleidid Brasiiliast","publisher":{"@id":"https:\/\/arendus.tricela.eu\/#organization"},"potentialAction":[{"@type":"SearchAction","target":{"@type":"EntryPoint","urlTemplate":"https:\/\/arendus.tricela.eu\/?s={search_term_string}"},"query-input":"required name=search_term_string"}],"inLanguage":"fi"},{"@type":"Organization","@id":"https:\/\/arendus.tricela.eu\/#organization","name":"Tricela","url":"https:\/\/arendus.tricela.eu\/","logo":{"@type":"ImageObject","inLanguage":"fi","@id":"https:\/\/arendus.tricela.eu\/#\/schema\/logo\/image\/","url":"https:\/\/arendus.tricela.eu\/wp-content\/uploads\/2020\/05\/logo123.svg","contentUrl":"https:\/\/arendus.tricela.eu\/wp-content\/uploads\/2020\/05\/logo123.svg","width":366,"height":168,"caption":"Tricela"},"image":{"@id":"https:\/\/arendus.tricela.eu\/#\/schema\/logo\/image\/"},"sameAs":["https:\/\/www.instagram.com\/tricela.official"]}]}},"_links":{"self":[{"href":"https:\/\/arendus.tricela.eu\/fi\/wp-json\/wp\/v2\/pages\/6023","targetHints":{"allow":["GET"]}}],"collection":[{"href":"https:\/\/arendus.tricela.eu\/fi\/wp-json\/wp\/v2\/pages"}],"about":[{"href":"https:\/\/arendus.tricela.eu\/fi\/wp-json\/wp\/v2\/types\/page"}],"author":[{"embeddable":true,"href":"https:\/\/arendus.tricela.eu\/fi\/wp-json\/wp\/v2\/users\/1"}],"replies":[{"embeddable":true,"href":"https:\/\/arendus.tricela.eu\/fi\/wp-json\/wp\/v2\/comments?post=6023"}],"version-history":[{"count":2,"href":"https:\/\/arendus.tricela.eu\/fi\/wp-json\/wp\/v2\/pages\/6023\/revisions"}],"predecessor-version":[{"id":6879,"href":"https:\/\/arendus.tricela.eu\/fi\/wp-json\/wp\/v2\/pages\/6023\/revisions\/6879"}],"wp:attachment":[{"href":"https:\/\/arendus.tricela.eu\/fi\/wp-json\/wp\/v2\/media?parent=6023"}],"curies":[{"name":"wp","href":"https:\/\/api.w.org\/{rel}","templated":true}]}}