{"id":5979,"date":"2023-10-24T18:15:49","date_gmt":"2023-10-24T18:15:49","guid":{"rendered":"https:\/\/tricela.eu\/tietosuojakaytanto\/"},"modified":"2023-12-14T20:20:39","modified_gmt":"2023-12-14T20:20:39","slug":"tietosuojakaytanto","status":"publish","type":"page","link":"https:\/\/arendus.tricela.eu\/fi\/tietosuojakaytanto\/","title":{"rendered":"Tietosuojak\u00e4yt\u00e4nt\u00f6"},"content":{"rendered":"\t\t<div data-elementor-type=\"wp-page\" data-elementor-id=\"5979\" class=\"elementor elementor-5979 elementor-3\" data-elementor-post-type=\"page\">\n\t\t\t\t<div class=\"elementor-element elementor-element-6258ee74 e-flex e-con-boxed e-con e-parent\" data-id=\"6258ee74\" data-element_type=\"container\">\n\t\t\t\t\t<div class=\"e-con-inner\">\n\t\t\t\t<div class=\"elementor-element elementor-element-40eae8bc elementor-widget elementor-widget-text-editor\" data-id=\"40eae8bc\" data-element_type=\"widget\" data-widget_type=\"text-editor.default\">\n\t\t\t\t<div class=\"elementor-widget-container\">\n\t\t\t\t\t\t\t<h3 id=\"privaatsuspoliitika-n\u00e4idis\">Tietosuojak\u00e4yt\u00e4nt\u00f6<\/h3>\n<p><strong>1. Yleiset s\u00e4\u00e4nn\u00f6kset<\/strong><\/p>\n<p>1.1. T\u00e4ss\u00e4 tietosuojak\u00e4yt\u00e4nn\u00f6ss\u00e4 esitet\u00e4\u00e4n periaatteet, jotka koskevat henkil\u00f6tietojen ker\u00e4\u00e4mist\u00e4, k\u00e4sittely\u00e4 ja tallentamista. Henkil\u00f6tietoja ker\u00e4\u00e4, k\u00e4sittelee ja s\u00e4ilytt\u00e4\u00e4 rekisterinpit\u00e4j\u00e4 Tricela O\u00dc&nbsp;(j\u00e4ljemp\u00e4n\u00e4 &#8220;rekisterinpit\u00e4j\u00e4&#8221;).<\/p>\n<p>1.2. T\u00e4ss\u00e4 tietosuojak\u00e4yt\u00e4nn\u00f6ss\u00e4 rekister\u00f6ity on asiakas tai muu luonnollinen henkil\u00f6, jonka henkil\u00f6tietoja henkil\u00f6tietojen k\u00e4sittelij\u00e4 k\u00e4sittelee.<\/p>\n<p>1.3. T\u00e4ss\u00e4 tietosuojak\u00e4yt\u00e4nn\u00f6ss\u00e4 asiakkaalla tarkoitetaan henkil\u00f6\u00e4, joka ostaa tavaroita tai palveluja rekisterinpit\u00e4j\u00e4n verkkosivustolta.<\/p>\n<p>1.4. Tietojen k\u00e4sittelij\u00e4 noudattaa lains\u00e4\u00e4d\u00e4nn\u00f6ss\u00e4 vahvistettuja tietojenk\u00e4sittelyn periaatteita, mukaan lukien henkil\u00f6tietojen k\u00e4sittely laillisesti, oikeudenmukaisesti ja turvallisesti. Rekisterinpit\u00e4j\u00e4 voi vahvistaa, ett\u00e4 henkil\u00f6tietoja on k\u00e4sitelty lain mukaisesti.<\/p>\n<p><strong>2. Henkil\u00f6tietojen ker\u00e4\u00e4minen, k\u00e4sittely ja tallentaminen<\/strong><\/p>\n<p>2.1. Rekisterinpit\u00e4j\u00e4n ker\u00e4\u00e4m\u00e4t, k\u00e4sittelem\u00e4t ja tallentamat henkil\u00f6tiedot ker\u00e4t\u00e4\u00e4n s\u00e4hk\u00f6isesti, p\u00e4\u00e4asiassa verkkosivuston ja s\u00e4hk\u00f6postin v\u00e4lityksell\u00e4.<\/p>\n<p>2.2. Jakamalla henkil\u00f6tietojaan rekister\u00f6ity antaa henkil\u00f6tietojen k\u00e4sittelij\u00e4lle oikeuden ker\u00e4t\u00e4, j\u00e4rjest\u00e4\u00e4, k\u00e4ytt\u00e4\u00e4 ja hallinnoida henkil\u00f6tietoja, jotka rekister\u00f6ity jakaa suoraan tai v\u00e4lillisesti henkil\u00f6tietojen k\u00e4sittelij\u00e4n kanssa ostaessaan tavaroita tai palveluja verkkosivustolta, tietosuojak\u00e4yt\u00e4nn\u00f6ss\u00e4 m\u00e4\u00e4riteltyihin tarkoituksiin.<\/p>\n<p>2.3. Rekister\u00f6idyn vastuulla on varmistaa, ett\u00e4 h\u00e4nen antamansa tiedot ovat tarkkoja, oikeita ja t\u00e4ydellisi\u00e4. Tietoinen v\u00e4\u00e4rien tietojen antaminen katsotaan tietosuojak\u00e4yt\u00e4nn\u00f6n rikkomiseksi. Rekister\u00f6ity on velvollinen ilmoittamaan tietojen k\u00e4sittelij\u00e4lle viipym\u00e4tt\u00e4 kaikista annettujen tietojen muutoksista.<\/p>\n<p>2.4. Rekisterinpit\u00e4j\u00e4 ei ole vastuussa vahingosta, joka aiheutuu siit\u00e4, ett\u00e4 rekister\u00f6ity antaa v\u00e4\u00e4r\u00e4\u00e4 tietoa rekister\u00f6idylle tai kolmansille osapuolille.<\/p>\n<p><strong>3. Asiakkaiden henkil\u00f6tietojen k\u00e4sittely<\/strong><\/p>\n<p>3.1. Tietojen k\u00e4sittelij\u00e4 voi k\u00e4sitell\u00e4 seuraavia rekister\u00f6idyn henkil\u00f6tietoja:<\/p>\n<p>3.1.1. Etu- ja sukunimi;<\/p>\n<p>3.1.2. Syntym\u00e4aika;<\/p>\n<p>3.1.3. Puhelinnumero;<\/p>\n<p>3.1.4. S\u00e4hk\u00f6postiosoite;<\/p>\n<p>3.1.5. Toimitusosoite;<\/p>\n<p>3.1.6. K\u00e4ytt\u00f6tilin numero;<\/p>\n<p>3.1.7. Maksukortin tiedot;<\/p>\n<p>3.2. Edell\u00e4 mainitun lis\u00e4ksi rekisterinpit\u00e4j\u00e4ll\u00e4 on oikeus ker\u00e4t\u00e4 asiakkaasta tietoja, jotka ovat saatavilla julkisista rekistereist\u00e4.<\/p>\n<p>3.3. Henkil\u00f6tietojen k\u00e4sittelyn oikeusperusta on yleisen tietosuoja-asetuksen 6 artiklan 1 kohdan d alakohta. a), b), c) ja f):<\/p>\n<p>(a) rekister\u00f6ity on antanut suostumuksensa henkil\u00f6tietojensa k\u00e4sittelyyn yht\u00e4 tai useampaa erityist\u00e4 tarkoitusta varten;<\/p>\n<p>(b) henkil\u00f6tietojen k\u00e4sittely on tarpeen rekister\u00f6idyn kanssa tehdyn sopimuksen t\u00e4yt\u00e4nt\u00f6\u00f6n panemiseksi tai sopimuksen tekemist\u00e4 edelt\u00e4vien toimenpiteiden toteuttamiseksi rekister\u00f6idyn pyynn\u00f6st\u00e4;<\/p>\n<p>(c) k\u00e4sittely on tarpeen rekisterinpit\u00e4j\u00e4\u00e4n kohdistuvan oikeudellisen velvoitteen noudattamiseksi;<\/p>\n<p>(f) k\u00e4sittely on tarpeen rekisterinpit\u00e4j\u00e4n tai kolmannen osapuolen oikeutettujen etujen toteuttamiseksi, paitsi jos n\u00e4m\u00e4 edut syrj\u00e4ytt\u00e4v\u00e4t rekister\u00f6idyn edut tai perusoikeudet ja -vapaudet, joiden vuoksi henkil\u00f6tietoja on suojattava, erityisesti jos rekister\u00f6ity on lapsi.<\/p>\n<p>3.4. Henkil\u00f6tietojen k\u00e4sittely niit\u00e4 tarkoituksia varten, joita varten niit\u00e4 k\u00e4sitell\u00e4\u00e4n:<\/p>\n<p>3.4.1. K\u00e4sittelyn tarkoitus &#8211; turvallisuus<br>Enimm\u00e4iss\u00e4ilytysaika &#8211; laissa s\u00e4\u00e4dettyjen aikarajojen mukaisesti.<\/p>\n<p>3.4.2. K\u00e4sittelyn tarkoitus &#8211; tilausten k\u00e4sittely<br>Enimm\u00e4iss\u00e4ilytysaika &#8211;<strong>&nbsp;2<\/strong><strong>vuotta<\/strong><\/p>\n<p>3.4.3. K\u00e4sittelyn tarkoitus &#8211; Verkkokaupan palvelujen toiminnan varmistaminen.<br>Henkil\u00f6tietojen enimm\u00e4iss\u00e4ilytysaika &#8211; <span style=\"color: #000000;\">\n  <b>1 vuosi<\/b>\n<\/span><\/p>\n<p>3.4.4. K\u00e4sittelyn tarkoitus &#8211; asiakashallinta<br>Henkil\u00f6tietojen enimm\u00e4iss\u00e4ilytysaika &#8211; <strong>5<\/strong><span style=\"color: #000000;\">\n  <b>&nbsp;vuotta<\/b>\n<\/span><\/p>\n<p>3.4.5. K\u00e4sittelyn tarkoitus &#8211; taloudellinen toiminta, kirjanpito.<br>Enimm\u00e4iss\u00e4ilytysaika &#8211; laissa s\u00e4\u00e4dettyjen aikarajojen mukaisesti.<\/p>\n<p>3.4.6. K\u00e4sittelyn tarkoitus &#8211; markkinointi<br>Enimm\u00e4iss\u00e4ilytysaika &#8211; <strong>1 vuosi<\/strong><\/p>\n<p>3.5. Tietojen k\u00e4sittelij\u00e4ll\u00e4 on oikeus jakaa asiakkaiden henkil\u00f6tietoja kolmansille osapuolille, kuten valtuutetuille tietojenk\u00e4sittelij\u00f6ille, kirjanpit\u00e4jille, kuljetus- ja kuriiripalveluyrityksille sek\u00e4 siirtopalveluja tarjoaville yrityksille Tietojen k\u00e4sittelij\u00e4 on henkil\u00f6tietojen rekisterinpit\u00e4j\u00e4. Tietojen k\u00e4sittelij\u00e4 siirt\u00e4\u00e4 maksujen suorittamiseksi tarvittavat henkil\u00f6tiedot Montonio Finance O\u00dc:lle.<\/p>\n<p>3.6. Rekisterinpit\u00e4j\u00e4n on rekister\u00f6idyn henkil\u00f6tietoja k\u00e4sitelless\u00e4\u00e4n ja tallentaessaan toteutettava organisatorisia ja teknisi\u00e4 toimenpiteit\u00e4, joilla varmistetaan henkil\u00f6tietojen suojaaminen vahingossa tapahtuvalta tai laittomalta tuhoamiselta, muuttamiselta, luovuttamiselta ja muulta laittomalta k\u00e4sittelylt\u00e4.<\/p>\n<p>3.7. Rekisterinpit\u00e4j\u00e4n on s\u00e4ilytett\u00e4v\u00e4 rekister\u00f6ityjen tietoja k\u00e4sittelyn tarkoituksesta riippuvan ajan, kuitenkin enint\u00e4\u00e4n <strong>viisi<\/strong> vuotta.<\/p>\n<p><strong>4. Rekister\u00f6idyn oikeudet<\/strong><\/p>\n<p>4.1. Rekister\u00f6idyill\u00e4 on oikeus saada p\u00e4\u00e4sy henkil\u00f6tietoihinsa ja tarkastaa ne.<\/p>\n<p>4.2. Rekister\u00f6idyll\u00e4 on oikeus saada tietoa henkil\u00f6tietojensa k\u00e4sittelyst\u00e4.<\/p>\n<p>4.3. Rekister\u00f6idyll\u00e4 on oikeus t\u00e4ydent\u00e4\u00e4 tai korjata virheelliset tiedot.<\/p>\n<p>4.4. Jos rekisterinpit\u00e4j\u00e4 k\u00e4sittelee rekister\u00f6idyn henkil\u00f6tietoja rekister\u00f6idyn suostumuksen perusteella, rekister\u00f6idyll\u00e4 on oikeus peruuttaa suostumuksensa milloin tahansa.<\/p>\n<p>4.5. Rekister\u00f6idyt voivat k\u00e4ytt\u00e4\u00e4 oikeuksiaan ottamalla yhteytt\u00e4 verkkokaupan asiakastukeen osoitteessa info@tricela.eu.<\/p>\n<p>4.6. Rekister\u00f6ity voi tehd\u00e4 valituksen tietosuojavaltuutetulle suojellakseen oikeuksiaan.<\/p>\n<p><strong>5. Loppus\u00e4\u00e4nn\u00f6kset<\/strong><\/p>\n<p>5.1. N\u00e4m\u00e4 tietosuojaehdot on laadittu luonnollisten henkil\u00f6iden suojelusta henkil\u00f6tietojen k\u00e4sittelyss\u00e4 ja n\u00e4iden tietojen vapaasta liikkuvuudesta sek\u00e4 direktiivin 95\/46\/EY \/ EY kumoamisesta (yleinen tietosuoja-asetus) annetun Euroopan parlamentin ja neuvoston asetuksen (EU) N:o 2016\/679, Viron tasavallan henkil\u00f6tietolain sek\u00e4 Viron tasavallan ja Euroopan unionin lains\u00e4\u00e4d\u00e4nn\u00f6n mukaisesti.<\/p>\n<p>5.2. Rekisterinpit\u00e4j\u00e4ll\u00e4 on oikeus muuttaa tietosuojaehtoja kokonaan tai osittain ilmoittamalla muutoksista rekister\u00f6idyille verkkosivustolla www.tricela.eu.<strong>&nbsp;<\/strong>kautta.<\/p>\t\t\t\t\t\t<\/div>\n\t\t\t\t<\/div>\n\t\t\t\t\t<\/div>\n\t\t\t\t<\/div>\n\t\t\t\t<\/div>\n\t\t","protected":false},"excerpt":{"rendered":"<p>Tietosuojak\u00e4yt\u00e4nt\u00f6 1. Yleiset s\u00e4\u00e4nn\u00f6kset 1.1. T\u00e4ss\u00e4 tietosuojak\u00e4yt\u00e4nn\u00f6ss\u00e4 esitet\u00e4\u00e4n periaatteet, jotka koskevat henkil\u00f6tietojen ker\u00e4\u00e4mist\u00e4, k\u00e4sittely\u00e4 ja tallentamista. Henkil\u00f6tietoja ker\u00e4\u00e4, k\u00e4sittelee ja s\u00e4ilytt\u00e4\u00e4 rekisterinpit\u00e4j\u00e4 Tricela O\u00dc&nbsp;(j\u00e4ljemp\u00e4n\u00e4 &#8220;rekisterinpit\u00e4j\u00e4&#8221;). 1.2. T\u00e4ss\u00e4 tietosuojak\u00e4yt\u00e4nn\u00f6ss\u00e4 rekister\u00f6ity on asiakas tai muu luonnollinen henkil\u00f6, jonka henkil\u00f6tietoja henkil\u00f6tietojen k\u00e4sittelij\u00e4 k\u00e4sittelee. 1.3. T\u00e4ss\u00e4 tietosuojak\u00e4yt\u00e4nn\u00f6ss\u00e4 asiakkaalla tarkoitetaan henkil\u00f6\u00e4, joka ostaa tavaroita tai palveluja rekisterinpit\u00e4j\u00e4n verkkosivustolta. 1.4. Tietojen [&hellip;]<\/p>\n","protected":false},"author":1,"featured_media":0,"parent":0,"menu_order":0,"comment_status":"closed","ping_status":"open","template":"","meta":{"inline_featured_image":false,"footnotes":""},"class_list":["post-5979","page","type-page","status-publish","hentry"],"yoast_head":"<!-- This site is optimized with the Yoast SEO plugin v22.9 - https:\/\/yoast.com\/wordpress\/plugins\/seo\/ -->\n<title>Tietosuojak\u00e4yt\u00e4nt\u00f6 - Tricela<\/title>\n<meta name=\"robots\" content=\"index, follow, max-snippet:-1, max-image-preview:large, max-video-preview:-1\" \/>\n<link rel=\"canonical\" href=\"https:\/\/arendus.tricela.eu\/privaatsustingimused\/\" \/>\n<meta property=\"og:locale\" content=\"fi_FI\" \/>\n<meta property=\"og:type\" content=\"article\" \/>\n<meta property=\"og:title\" content=\"Tietosuojak\u00e4yt\u00e4nt\u00f6 - Tricela\" \/>\n<meta property=\"og:description\" content=\"Tietosuojak\u00e4yt\u00e4nt\u00f6 1. Yleiset s\u00e4\u00e4nn\u00f6kset 1.1. T\u00e4ss\u00e4 tietosuojak\u00e4yt\u00e4nn\u00f6ss\u00e4 esitet\u00e4\u00e4n periaatteet, jotka koskevat henkil\u00f6tietojen ker\u00e4\u00e4mist\u00e4, k\u00e4sittely\u00e4 ja tallentamista. Henkil\u00f6tietoja ker\u00e4\u00e4, k\u00e4sittelee ja s\u00e4ilytt\u00e4\u00e4 rekisterinpit\u00e4j\u00e4 Tricela O\u00dc&nbsp;(j\u00e4ljemp\u00e4n\u00e4 &#8220;rekisterinpit\u00e4j\u00e4&#8221;). 1.2. T\u00e4ss\u00e4 tietosuojak\u00e4yt\u00e4nn\u00f6ss\u00e4 rekister\u00f6ity on asiakas tai muu luonnollinen henkil\u00f6, jonka henkil\u00f6tietoja henkil\u00f6tietojen k\u00e4sittelij\u00e4 k\u00e4sittelee. 1.3. T\u00e4ss\u00e4 tietosuojak\u00e4yt\u00e4nn\u00f6ss\u00e4 asiakkaalla tarkoitetaan henkil\u00f6\u00e4, joka ostaa tavaroita tai palveluja rekisterinpit\u00e4j\u00e4n verkkosivustolta. 1.4. Tietojen [&hellip;]\" \/>\n<meta property=\"og:url\" content=\"https:\/\/arendus.tricela.eu\/privaatsustingimused\/\" \/>\n<meta property=\"og:site_name\" content=\"Tricela\" \/>\n<meta property=\"article:modified_time\" content=\"2023-12-14T20:20:39+00:00\" \/>\n<meta name=\"twitter:card\" content=\"summary_large_image\" \/>\n<meta name=\"twitter:label1\" content=\"Arvioitu lukuaika\" \/>\n\t<meta name=\"twitter:data1\" content=\"4 minuuttia\" \/>\n<script type=\"application\/ld+json\" class=\"yoast-schema-graph\">{\"@context\":\"https:\/\/schema.org\",\"@graph\":[{\"@type\":\"WebPage\",\"@id\":\"https:\/\/arendus.tricela.eu\/privaatsustingimused\/\",\"url\":\"https:\/\/arendus.tricela.eu\/privaatsustingimused\/\",\"name\":\"Tietosuojak\u00e4yt\u00e4nt\u00f6 - Tricela\",\"isPartOf\":{\"@id\":\"https:\/\/arendus.tricela.eu\/#website\"},\"datePublished\":\"2023-10-24T18:15:49+00:00\",\"dateModified\":\"2023-12-14T20:20:39+00:00\",\"breadcrumb\":{\"@id\":\"https:\/\/arendus.tricela.eu\/privaatsustingimused\/#breadcrumb\"},\"inLanguage\":\"fi\",\"potentialAction\":[{\"@type\":\"ReadAction\",\"target\":[\"https:\/\/arendus.tricela.eu\/privaatsustingimused\/\"]}]},{\"@type\":\"BreadcrumbList\",\"@id\":\"https:\/\/arendus.tricela.eu\/privaatsustingimused\/#breadcrumb\",\"itemListElement\":[{\"@type\":\"ListItem\",\"position\":1,\"name\":\"Home\",\"item\":\"https:\/\/arendus.tricela.eu\/fi\/kotisivu\/\"},{\"@type\":\"ListItem\",\"position\":2,\"name\":\"Tietosuojak\u00e4yt\u00e4nt\u00f6\"}]},{\"@type\":\"WebSite\",\"@id\":\"https:\/\/arendus.tricela.eu\/#website\",\"url\":\"https:\/\/arendus.tricela.eu\/\",\"name\":\"Tricela\",\"description\":\"Kootud kleidid Brasiiliast\",\"publisher\":{\"@id\":\"https:\/\/arendus.tricela.eu\/#organization\"},\"potentialAction\":[{\"@type\":\"SearchAction\",\"target\":{\"@type\":\"EntryPoint\",\"urlTemplate\":\"https:\/\/arendus.tricela.eu\/?s={search_term_string}\"},\"query-input\":\"required name=search_term_string\"}],\"inLanguage\":\"fi\"},{\"@type\":\"Organization\",\"@id\":\"https:\/\/arendus.tricela.eu\/#organization\",\"name\":\"Tricela\",\"url\":\"https:\/\/arendus.tricela.eu\/\",\"logo\":{\"@type\":\"ImageObject\",\"inLanguage\":\"fi\",\"@id\":\"https:\/\/arendus.tricela.eu\/#\/schema\/logo\/image\/\",\"url\":\"https:\/\/arendus.tricela.eu\/wp-content\/uploads\/2020\/05\/logo123.svg\",\"contentUrl\":\"https:\/\/arendus.tricela.eu\/wp-content\/uploads\/2020\/05\/logo123.svg\",\"width\":366,\"height\":168,\"caption\":\"Tricela\"},\"image\":{\"@id\":\"https:\/\/arendus.tricela.eu\/#\/schema\/logo\/image\/\"},\"sameAs\":[\"https:\/\/www.instagram.com\/tricela.official\"]}]}<\/script>\n<!-- \/ Yoast SEO plugin. -->","yoast_head_json":{"title":"Tietosuojak\u00e4yt\u00e4nt\u00f6 - Tricela","robots":{"index":"index","follow":"follow","max-snippet":"max-snippet:-1","max-image-preview":"max-image-preview:large","max-video-preview":"max-video-preview:-1"},"canonical":"https:\/\/arendus.tricela.eu\/privaatsustingimused\/","og_locale":"fi_FI","og_type":"article","og_title":"Tietosuojak\u00e4yt\u00e4nt\u00f6 - Tricela","og_description":"Tietosuojak\u00e4yt\u00e4nt\u00f6 1. Yleiset s\u00e4\u00e4nn\u00f6kset 1.1. T\u00e4ss\u00e4 tietosuojak\u00e4yt\u00e4nn\u00f6ss\u00e4 esitet\u00e4\u00e4n periaatteet, jotka koskevat henkil\u00f6tietojen ker\u00e4\u00e4mist\u00e4, k\u00e4sittely\u00e4 ja tallentamista. Henkil\u00f6tietoja ker\u00e4\u00e4, k\u00e4sittelee ja s\u00e4ilytt\u00e4\u00e4 rekisterinpit\u00e4j\u00e4 Tricela O\u00dc&nbsp;(j\u00e4ljemp\u00e4n\u00e4 &#8220;rekisterinpit\u00e4j\u00e4&#8221;). 1.2. T\u00e4ss\u00e4 tietosuojak\u00e4yt\u00e4nn\u00f6ss\u00e4 rekister\u00f6ity on asiakas tai muu luonnollinen henkil\u00f6, jonka henkil\u00f6tietoja henkil\u00f6tietojen k\u00e4sittelij\u00e4 k\u00e4sittelee. 1.3. T\u00e4ss\u00e4 tietosuojak\u00e4yt\u00e4nn\u00f6ss\u00e4 asiakkaalla tarkoitetaan henkil\u00f6\u00e4, joka ostaa tavaroita tai palveluja rekisterinpit\u00e4j\u00e4n verkkosivustolta. 1.4. Tietojen [&hellip;]","og_url":"https:\/\/arendus.tricela.eu\/privaatsustingimused\/","og_site_name":"Tricela","article_modified_time":"2023-12-14T20:20:39+00:00","twitter_card":"summary_large_image","twitter_misc":{"Arvioitu lukuaika":"4 minuuttia"},"schema":{"@context":"https:\/\/schema.org","@graph":[{"@type":"WebPage","@id":"https:\/\/arendus.tricela.eu\/privaatsustingimused\/","url":"https:\/\/arendus.tricela.eu\/privaatsustingimused\/","name":"Tietosuojak\u00e4yt\u00e4nt\u00f6 - Tricela","isPartOf":{"@id":"https:\/\/arendus.tricela.eu\/#website"},"datePublished":"2023-10-24T18:15:49+00:00","dateModified":"2023-12-14T20:20:39+00:00","breadcrumb":{"@id":"https:\/\/arendus.tricela.eu\/privaatsustingimused\/#breadcrumb"},"inLanguage":"fi","potentialAction":[{"@type":"ReadAction","target":["https:\/\/arendus.tricela.eu\/privaatsustingimused\/"]}]},{"@type":"BreadcrumbList","@id":"https:\/\/arendus.tricela.eu\/privaatsustingimused\/#breadcrumb","itemListElement":[{"@type":"ListItem","position":1,"name":"Home","item":"https:\/\/arendus.tricela.eu\/fi\/kotisivu\/"},{"@type":"ListItem","position":2,"name":"Tietosuojak\u00e4yt\u00e4nt\u00f6"}]},{"@type":"WebSite","@id":"https:\/\/arendus.tricela.eu\/#website","url":"https:\/\/arendus.tricela.eu\/","name":"Tricela","description":"Kootud kleidid Brasiiliast","publisher":{"@id":"https:\/\/arendus.tricela.eu\/#organization"},"potentialAction":[{"@type":"SearchAction","target":{"@type":"EntryPoint","urlTemplate":"https:\/\/arendus.tricela.eu\/?s={search_term_string}"},"query-input":"required name=search_term_string"}],"inLanguage":"fi"},{"@type":"Organization","@id":"https:\/\/arendus.tricela.eu\/#organization","name":"Tricela","url":"https:\/\/arendus.tricela.eu\/","logo":{"@type":"ImageObject","inLanguage":"fi","@id":"https:\/\/arendus.tricela.eu\/#\/schema\/logo\/image\/","url":"https:\/\/arendus.tricela.eu\/wp-content\/uploads\/2020\/05\/logo123.svg","contentUrl":"https:\/\/arendus.tricela.eu\/wp-content\/uploads\/2020\/05\/logo123.svg","width":366,"height":168,"caption":"Tricela"},"image":{"@id":"https:\/\/arendus.tricela.eu\/#\/schema\/logo\/image\/"},"sameAs":["https:\/\/www.instagram.com\/tricela.official"]}]}},"_links":{"self":[{"href":"https:\/\/arendus.tricela.eu\/fi\/wp-json\/wp\/v2\/pages\/5979","targetHints":{"allow":["GET"]}}],"collection":[{"href":"https:\/\/arendus.tricela.eu\/fi\/wp-json\/wp\/v2\/pages"}],"about":[{"href":"https:\/\/arendus.tricela.eu\/fi\/wp-json\/wp\/v2\/types\/page"}],"author":[{"embeddable":true,"href":"https:\/\/arendus.tricela.eu\/fi\/wp-json\/wp\/v2\/users\/1"}],"replies":[{"embeddable":true,"href":"https:\/\/arendus.tricela.eu\/fi\/wp-json\/wp\/v2\/comments?post=5979"}],"version-history":[{"count":1,"href":"https:\/\/arendus.tricela.eu\/fi\/wp-json\/wp\/v2\/pages\/5979\/revisions"}],"predecessor-version":[{"id":5981,"href":"https:\/\/arendus.tricela.eu\/fi\/wp-json\/wp\/v2\/pages\/5979\/revisions\/5981"}],"wp:attachment":[{"href":"https:\/\/arendus.tricela.eu\/fi\/wp-json\/wp\/v2\/media?parent=5979"}],"curies":[{"name":"wp","href":"https:\/\/api.w.org\/{rel}","templated":true}]}}