{"id":5748,"date":"2020-05-11T02:38:05","date_gmt":"2020-05-11T02:38:05","guid":{"rendered":"https:\/\/tricela.eu\/tietoa-meista\/"},"modified":"2024-03-17T06:37:08","modified_gmt":"2024-03-17T06:37:08","slug":"tietoa-meista","status":"publish","type":"page","link":"https:\/\/arendus.tricela.eu\/fi\/tietoa-meista\/","title":{"rendered":"Tietoa meist\u00e4"},"content":{"rendered":"\t\t<div data-elementor-type=\"wp-page\" data-elementor-id=\"5748\" class=\"elementor elementor-5748 elementor-514\" data-elementor-post-type=\"page\">\n\t\t\t\t\t\t<section class=\"elementor-section elementor-top-section elementor-element elementor-element-1bbc0df elementor-section-stretched elementor-reverse-mobile elementor-section-boxed elementor-section-height-default elementor-section-height-default\" data-id=\"1bbc0df\" data-element_type=\"section\" data-settings=\"{&quot;stretch_section&quot;:&quot;section-stretched&quot;}\">\n\t\t\t\t\t\t<div class=\"elementor-container elementor-column-gap-no\">\n\t\t\t\t\t<div class=\"elementor-column elementor-col-33 elementor-top-column elementor-element elementor-element-17a3e5e elementor-hidden-tablet elementor-hidden-mobile\" data-id=\"17a3e5e\" data-element_type=\"column\">\n\t\t\t<div class=\"elementor-widget-wrap\">\n\t\t\t\t\t\t\t<\/div>\n\t\t<\/div>\n\t\t\t\t<div class=\"elementor-column elementor-col-33 elementor-top-column elementor-element elementor-element-7dd0098\" data-id=\"7dd0098\" data-element_type=\"column\">\n\t\t\t<div class=\"elementor-widget-wrap elementor-element-populated\">\n\t\t\t\t\t\t<div class=\"elementor-element elementor-element-bdd8f68 elementor-widget elementor-widget-heading\" data-id=\"bdd8f68\" data-element_type=\"widget\" data-widget_type=\"heading.default\">\n\t\t\t\t<div class=\"elementor-widget-container\">\n\t\t\t<h2 class=\"elementor-heading-title elementor-size-default\">MITEN KAIKKI ALKOI<br><\/h2>\t\t<\/div>\n\t\t\t\t<\/div>\n\t\t\t\t<div class=\"elementor-element elementor-element-9f5b66e elementor-widget elementor-widget-text-editor\" data-id=\"9f5b66e\" data-element_type=\"widget\" data-widget_type=\"text-editor.default\">\n\t\t\t\t<div class=\"elementor-widget-container\">\n\t\t\t\t\t\t\t<p><i><span style=\"font-weight: 400;\">Se oli kuin rakkaus ensisilm\u00e4yksell\u00e4. Sellainen rakkaus, joka ymp\u00e4r\u00f6i sinut t\u00e4ysin. Rakkaus, joka saa sinut tuntemaan itsesi jumalattareksi &#8211; naiselliseksi, itsevarmaksi, voittamattomaksi, mystiseksi.<\/span><\/i><\/p><p><i><span style=\"font-weight: 400;\">T\u00e4m\u00e4 lumoava tunne tapahtui muutama vuosi sitten astuessani sis\u00e4\u00e4n er\u00e4\u00e4seen kauppaan Rio de Janeirossa ja n\u00e4hdess\u00e4ni upeasti neulotun mekon. Se oli sellainen mekko, joka kiinnitti huomiosi kaukaa, ja tunsit heti tunnistavasi, ennen kuin pukisit sen p\u00e4\u00e4llesi, ett\u00e4 se oli kohtalosi ilman kysymyksi\u00e4.<\/span><\/i><\/p><p><i><span style=\"font-weight: 400;\">Mekko istui kuin valettu. Tietyill\u00e4 vaatteilla on salaper\u00e4inen voima her\u00e4tt\u00e4\u00e4 syvi\u00e4 positiivisia tunteita, ja t\u00e4m\u00e4 mekko oli yksi niist\u00e4 harvinaisista aarteista. Siit\u00e4 hetkest\u00e4 l\u00e4htien unelma ja ajatus Tricelasta syntyiv\u00e4t.<\/span><\/i><\/p><p><i><span style=\"font-weight: 400;\">T\u00e4m\u00e4n unelman toteuttaminen oli haastava matka t\u00e4ynn\u00e4 unettomia \u00f6it\u00e4, joita ajoi vahva usko siihen, ett\u00e4 jonain p\u00e4iv\u00e4n\u00e4 my\u00f6s muut virolaisnaiset tuntisivat n\u00e4iden erityisten brasilialaisten mekkojen voimakkaan ja lumoavan vieh\u00e4tyksen.<\/span><\/i><\/p>\t\t\t\t\t\t<\/div>\n\t\t\t\t<\/div>\n\t\t\t\t<div class=\"elementor-element elementor-element-c32c9d8 elementor-hidden-desktop elementor-hidden-tablet elementor-widget elementor-widget-image\" data-id=\"c32c9d8\" data-element_type=\"widget\" data-widget_type=\"image.default\">\n\t\t\t\t<div class=\"elementor-widget-container\">\n\t\t\t\t\t\t\t\t\t\t\t\t\t<img fetchpriority=\"high\" decoding=\"async\" width=\"800\" height=\"451\" src=\"https:\/\/arendus.tricela.eu\/wp-content\/uploads\/2024\/01\/photo_2024-01-30_14-34-00-1024x577.jpg\" class=\"attachment-large size-large wp-image-6448\" alt=\"\" srcset=\"https:\/\/arendus.tricela.eu\/wp-content\/uploads\/2024\/01\/photo_2024-01-30_14-34-00-1024x577.jpg 1024w, https:\/\/arendus.tricela.eu\/wp-content\/uploads\/2024\/01\/photo_2024-01-30_14-34-00-600x338.jpg 600w, https:\/\/arendus.tricela.eu\/wp-content\/uploads\/2024\/01\/photo_2024-01-30_14-34-00-300x169.jpg 300w, https:\/\/arendus.tricela.eu\/wp-content\/uploads\/2024\/01\/photo_2024-01-30_14-34-00-768x433.jpg 768w, https:\/\/arendus.tricela.eu\/wp-content\/uploads\/2024\/01\/photo_2024-01-30_14-34-00-1000x565.jpg 1000w, https:\/\/arendus.tricela.eu\/wp-content\/uploads\/2024\/01\/photo_2024-01-30_14-34-00.jpg 1280w\" sizes=\"(max-width: 800px) 100vw, 800px\" \/>\t\t\t\t\t\t\t\t\t\t\t\t\t<\/div>\n\t\t\t\t<\/div>\n\t\t\t\t<div class=\"elementor-element elementor-element-79f21f5 elementor-hidden-phone elementor-widget elementor-widget-image\" data-id=\"79f21f5\" data-element_type=\"widget\" data-widget_type=\"image.default\">\n\t\t\t\t<div class=\"elementor-widget-container\">\n\t\t\t\t\t\t\t\t\t\t\t\t\t<img decoding=\"async\" width=\"1280\" height=\"721\" src=\"https:\/\/arendus.tricela.eu\/wp-content\/uploads\/2024\/01\/photo_2024-01-30_14-34-00.jpg\" class=\"attachment-full size-full wp-image-6448\" alt=\"\" srcset=\"https:\/\/arendus.tricela.eu\/wp-content\/uploads\/2024\/01\/photo_2024-01-30_14-34-00.jpg 1280w, https:\/\/arendus.tricela.eu\/wp-content\/uploads\/2024\/01\/photo_2024-01-30_14-34-00-600x338.jpg 600w, https:\/\/arendus.tricela.eu\/wp-content\/uploads\/2024\/01\/photo_2024-01-30_14-34-00-300x169.jpg 300w, https:\/\/arendus.tricela.eu\/wp-content\/uploads\/2024\/01\/photo_2024-01-30_14-34-00-1024x577.jpg 1024w, https:\/\/arendus.tricela.eu\/wp-content\/uploads\/2024\/01\/photo_2024-01-30_14-34-00-768x433.jpg 768w\" sizes=\"(max-width: 1280px) 100vw, 1280px\" \/>\t\t\t\t\t\t\t\t\t\t\t\t\t<\/div>\n\t\t\t\t<\/div>\n\t\t\t\t<div class=\"elementor-element elementor-element-571e1b7 elementor-widget elementor-widget-text-editor\" data-id=\"571e1b7\" data-element_type=\"widget\" data-widget_type=\"text-editor.default\">\n\t\t\t\t<div class=\"elementor-widget-container\">\n\t\t\t\t\t\t\t<p><i><span style=\"font-weight: 400;\">Ensimm\u00e4inen Brasiliasta ostettu neulemekko<\/span><\/i><\/p>\n\t\t\t\t\t\t<\/div>\n\t\t\t\t<\/div>\n\t\t\t\t<div class=\"elementor-element elementor-element-4e6323e elementor-widget elementor-widget-text-editor\" data-id=\"4e6323e\" data-element_type=\"widget\" data-widget_type=\"text-editor.default\">\n\t\t\t\t<div class=\"elementor-widget-container\">\n\t\t\t\t\t\t\t<p><span style=\"font-weight: 400;\">Tricelan mekot on suunniteltu inspiroimaan sinua ja tuomaan esille naisellisuuden herkimm\u00e4t puolet. Neulemekko on tehty sinua varten, jos haluat erottua ja tuntea olosi hyv\u00e4ksi. Koska jokainen mallimme on rajoitettu er\u00e4, voit olla varma, ett\u00e4 Tricelan k\u00e4ytt\u00e4minen tarkoittaa jotain erityist\u00e4 ja ainutlaatuista ymp\u00e4rill\u00e4si.<\/span><span style=\"font-weight: 400;\">Mekkomme piilottavat tarinoita ja muistoja suoraan Brasiliasta. Jokainen malli kantaa nime\u00e4 merkitt\u00e4v\u00e4st\u00e4 brasilialaisesta naisesta, joka on auttanut meit\u00e4 t\u00e4ll\u00e4 matkalla. N\u00e4m\u00e4 nimet mekoissa ovat kunnianosoitus n\u00e4ille naisille ja muistutus siit\u00e4, ett\u00e4 jokainen neulottu silmukka on t\u00e4ynn\u00e4 rakkautta ja l\u00e4mp\u00f6\u00e4, juuri kuten hekin.<\/span><span style=\"font-weight: 400;\">Voit k\u00e4ytt\u00e4\u00e4 neulemekkoa miss\u00e4 tahansa &#8211; ainoa rajoitus on mielikuvituksesi. Tricelassa voit k\u00e4vell\u00e4 kuumana kes\u00e4p\u00e4iv\u00e4n\u00e4 rannalla P\u00e4rnussa tai nauttia illallisesta rakkaasi kanssa ravintolassa. Mekot ovat yhden koon, mutta niiden joustava materiaali tarkoittaa, ett\u00e4 ne istuvat t\u00e4ydellisesti my\u00f6s silloin, kun vatsassasi kasvaa pieni ihme.<\/span><\/p><p><span style=\"font-weight: 400;\">Olemme my\u00f6s lis\u00e4nneet kirkkaita brasilialaisia s\u00e4vyj\u00e4 kokoelmaamme. Toivomme n\u00e4iden kannustavan sinua kokeilemaan v\u00e4rej\u00e4 ja antavan sinulle energiaa niin\u00e4 hetkin\u00e4, kun sit\u00e4 eniten tarvitset.<\/span><\/p><p><span style=\"font-weight: 400;\">Sinun Tricela<\/span><\/p><p><i><span style=\"font-weight: 400;\">Obrigada!<\/span><\/i><\/p>\t\t\t\t\t\t<\/div>\n\t\t\t\t<\/div>\n\t\t\t\t<div class=\"elementor-element elementor-element-6fdc43d elementor-widget elementor-widget-image\" data-id=\"6fdc43d\" data-element_type=\"widget\" data-widget_type=\"image.default\">\n\t\t\t\t<div class=\"elementor-widget-container\">\n\t\t\t\t\t\t\t\t\t\t\t\t\t<img decoding=\"async\" width=\"1707\" height=\"2560\" src=\"https:\/\/arendus.tricela.eu\/wp-content\/uploads\/2024\/01\/MM_N2437-scaled.jpg\" class=\"attachment-full size-full wp-image-6442\" alt=\"\" srcset=\"https:\/\/arendus.tricela.eu\/wp-content\/uploads\/2024\/01\/MM_N2437-scaled.jpg 1707w, https:\/\/arendus.tricela.eu\/wp-content\/uploads\/2024\/01\/MM_N2437-scaled-300x450.jpg 300w, https:\/\/arendus.tricela.eu\/wp-content\/uploads\/2024\/01\/MM_N2437-scaled-600x900.jpg 600w, https:\/\/arendus.tricela.eu\/wp-content\/uploads\/2024\/01\/MM_N2437-200x300.jpg 200w, https:\/\/arendus.tricela.eu\/wp-content\/uploads\/2024\/01\/MM_N2437-683x1024.jpg 683w, https:\/\/arendus.tricela.eu\/wp-content\/uploads\/2024\/01\/MM_N2437-768x1152.jpg 768w, https:\/\/arendus.tricela.eu\/wp-content\/uploads\/2024\/01\/MM_N2437-1024x1536.jpg 1024w, https:\/\/arendus.tricela.eu\/wp-content\/uploads\/2024\/01\/MM_N2437-1365x2048.jpg 1365w\" sizes=\"(max-width: 1707px) 100vw, 1707px\" \/>\t\t\t\t\t\t\t\t\t\t\t\t\t<\/div>\n\t\t\t\t<\/div>\n\t\t\t\t\t<\/div>\n\t\t<\/div>\n\t\t\t\t<div class=\"elementor-column elementor-col-33 elementor-top-column elementor-element elementor-element-1618e21 elementor-hidden-tablet elementor-hidden-mobile\" data-id=\"1618e21\" data-element_type=\"column\">\n\t\t\t<div class=\"elementor-widget-wrap\">\n\t\t\t\t\t\t\t<\/div>\n\t\t<\/div>\n\t\t\t\t\t<\/div>\n\t\t<\/section>\n\t\t\t\t<section class=\"elementor-section elementor-top-section elementor-element elementor-element-199878e elementor-section-stretched elementor-section-boxed elementor-section-height-default elementor-section-height-default\" data-id=\"199878e\" data-element_type=\"section\" data-settings=\"{&quot;stretch_section&quot;:&quot;section-stretched&quot;}\">\n\t\t\t\t\t\t<div class=\"elementor-container elementor-column-gap-no\">\n\t\t\t\t\t<div class=\"elementor-column elementor-col-100 elementor-top-column elementor-element elementor-element-4accb38\" data-id=\"4accb38\" data-element_type=\"column\">\n\t\t\t<div class=\"elementor-widget-wrap elementor-element-populated\">\n\t\t\t\t\t\t<div class=\"elementor-element elementor-element-9c34f30 elementor-widget elementor-widget-text-editor\" data-id=\"9c34f30\" data-element_type=\"widget\" data-widget_type=\"text-editor.default\">\n\t\t\t\t<div class=\"elementor-widget-container\">\n\t\t\t\t\t\t\t<p class=\"p1\">Tutustu h\u00e4mm\u00e4stytt\u00e4v\u00e4\u00e4n mekkovalikoimaamme<\/p>\n\t\t\t\t\t\t<\/div>\n\t\t\t\t<\/div>\n\t\t\t\t\t<\/div>\n\t\t<\/div>\n\t\t\t\t\t<\/div>\n\t\t<\/section>\n\t\t\t\t<\/div>\n\t\t","protected":false},"excerpt":{"rendered":"<p>MITEN KAIKKI ALKOI Se oli kuin rakkaus ensisilm\u00e4yksell\u00e4. Sellainen rakkaus, joka ymp\u00e4r\u00f6i sinut t\u00e4ysin. Rakkaus, joka saa sinut tuntemaan itsesi jumalattareksi &#8211; naiselliseksi, itsevarmaksi, voittamattomaksi, mystiseksi. T\u00e4m\u00e4 lumoava tunne tapahtui muutama vuosi sitten astuessani sis\u00e4\u00e4n er\u00e4\u00e4seen kauppaan Rio de Janeirossa ja n\u00e4hdess\u00e4ni upeasti neulotun mekon. Se oli sellainen mekko, joka kiinnitti huomiosi kaukaa, ja tunsit [&hellip;]<\/p>\n","protected":false},"author":1,"featured_media":0,"parent":0,"menu_order":0,"comment_status":"closed","ping_status":"closed","template":"elementor_header_footer","meta":{"inline_featured_image":false,"footnotes":""},"class_list":["post-5748","page","type-page","status-publish","hentry"],"yoast_head":"<!-- This site is optimized with the Yoast SEO plugin v22.9 - https:\/\/yoast.com\/wordpress\/plugins\/seo\/ -->\n<title>Tietoa meist\u00e4 - Tricela<\/title>\n<meta name=\"robots\" content=\"index, follow, max-snippet:-1, max-image-preview:large, max-video-preview:-1\" \/>\n<link rel=\"canonical\" href=\"https:\/\/arendus.tricela.eu\/pt-br\/sobre-nos\/\" \/>\n<meta property=\"og:locale\" content=\"fi_FI\" \/>\n<meta property=\"og:type\" content=\"article\" \/>\n<meta property=\"og:title\" content=\"Tietoa meist\u00e4 - Tricela\" \/>\n<meta property=\"og:description\" content=\"MITEN KAIKKI ALKOI Se oli kuin rakkaus ensisilm\u00e4yksell\u00e4. Sellainen rakkaus, joka ymp\u00e4r\u00f6i sinut t\u00e4ysin. Rakkaus, joka saa sinut tuntemaan itsesi jumalattareksi &#8211; naiselliseksi, itsevarmaksi, voittamattomaksi, mystiseksi. T\u00e4m\u00e4 lumoava tunne tapahtui muutama vuosi sitten astuessani sis\u00e4\u00e4n er\u00e4\u00e4seen kauppaan Rio de Janeirossa ja n\u00e4hdess\u00e4ni upeasti neulotun mekon. Se oli sellainen mekko, joka kiinnitti huomiosi kaukaa, ja tunsit [&hellip;]\" \/>\n<meta property=\"og:url\" content=\"https:\/\/arendus.tricela.eu\/pt-br\/sobre-nos\/\" \/>\n<meta property=\"og:site_name\" content=\"Tricela\" \/>\n<meta property=\"article:modified_time\" content=\"2024-03-17T06:37:08+00:00\" \/>\n<meta property=\"og:image\" content=\"https:\/\/arendus.tricela.eu\/wp-content\/uploads\/2024\/01\/photo_2024-01-30_14-34-00-1024x577.jpg\" \/>\n<meta name=\"twitter:card\" content=\"summary_large_image\" \/>\n<meta name=\"twitter:label1\" content=\"Arvioitu lukuaika\" \/>\n\t<meta name=\"twitter:data1\" content=\"3 minuuttia\" \/>\n<script type=\"application\/ld+json\" class=\"yoast-schema-graph\">{\"@context\":\"https:\/\/schema.org\",\"@graph\":[{\"@type\":\"WebPage\",\"@id\":\"https:\/\/arendus.tricela.eu\/pt-br\/sobre-nos\/\",\"url\":\"https:\/\/arendus.tricela.eu\/pt-br\/sobre-nos\/\",\"name\":\"Tietoa meist\u00e4 - Tricela\",\"isPartOf\":{\"@id\":\"https:\/\/arendus.tricela.eu\/#website\"},\"primaryImageOfPage\":{\"@id\":\"https:\/\/arendus.tricela.eu\/pt-br\/sobre-nos\/#primaryimage\"},\"image\":{\"@id\":\"https:\/\/arendus.tricela.eu\/pt-br\/sobre-nos\/#primaryimage\"},\"thumbnailUrl\":\"https:\/\/arendus.tricela.eu\/wp-content\/uploads\/2024\/01\/photo_2024-01-30_14-34-00-1024x577.jpg\",\"datePublished\":\"2020-05-11T02:38:05+00:00\",\"dateModified\":\"2024-03-17T06:37:08+00:00\",\"breadcrumb\":{\"@id\":\"https:\/\/arendus.tricela.eu\/pt-br\/sobre-nos\/#breadcrumb\"},\"inLanguage\":\"fi\",\"potentialAction\":[{\"@type\":\"ReadAction\",\"target\":[\"https:\/\/arendus.tricela.eu\/pt-br\/sobre-nos\/\"]}]},{\"@type\":\"ImageObject\",\"inLanguage\":\"fi\",\"@id\":\"https:\/\/arendus.tricela.eu\/pt-br\/sobre-nos\/#primaryimage\",\"url\":\"https:\/\/arendus.tricela.eu\/wp-content\/uploads\/2024\/01\/photo_2024-01-30_14-34-00-1024x577.jpg\",\"contentUrl\":\"https:\/\/arendus.tricela.eu\/wp-content\/uploads\/2024\/01\/photo_2024-01-30_14-34-00-1024x577.jpg\"},{\"@type\":\"BreadcrumbList\",\"@id\":\"https:\/\/arendus.tricela.eu\/pt-br\/sobre-nos\/#breadcrumb\",\"itemListElement\":[{\"@type\":\"ListItem\",\"position\":1,\"name\":\"Home\",\"item\":\"https:\/\/arendus.tricela.eu\/fi\/kotisivu\/\"},{\"@type\":\"ListItem\",\"position\":2,\"name\":\"Tietoa meist\u00e4\"}]},{\"@type\":\"WebSite\",\"@id\":\"https:\/\/arendus.tricela.eu\/#website\",\"url\":\"https:\/\/arendus.tricela.eu\/\",\"name\":\"Tricela\",\"description\":\"Kootud kleidid Brasiiliast\",\"publisher\":{\"@id\":\"https:\/\/arendus.tricela.eu\/#organization\"},\"potentialAction\":[{\"@type\":\"SearchAction\",\"target\":{\"@type\":\"EntryPoint\",\"urlTemplate\":\"https:\/\/arendus.tricela.eu\/?s={search_term_string}\"},\"query-input\":\"required name=search_term_string\"}],\"inLanguage\":\"fi\"},{\"@type\":\"Organization\",\"@id\":\"https:\/\/arendus.tricela.eu\/#organization\",\"name\":\"Tricela\",\"url\":\"https:\/\/arendus.tricela.eu\/\",\"logo\":{\"@type\":\"ImageObject\",\"inLanguage\":\"fi\",\"@id\":\"https:\/\/arendus.tricela.eu\/#\/schema\/logo\/image\/\",\"url\":\"https:\/\/arendus.tricela.eu\/wp-content\/uploads\/2020\/05\/logo123.svg\",\"contentUrl\":\"https:\/\/arendus.tricela.eu\/wp-content\/uploads\/2020\/05\/logo123.svg\",\"width\":366,\"height\":168,\"caption\":\"Tricela\"},\"image\":{\"@id\":\"https:\/\/arendus.tricela.eu\/#\/schema\/logo\/image\/\"},\"sameAs\":[\"https:\/\/www.instagram.com\/tricela.official\"]}]}<\/script>\n<!-- \/ Yoast SEO plugin. -->","yoast_head_json":{"title":"Tietoa meist\u00e4 - Tricela","robots":{"index":"index","follow":"follow","max-snippet":"max-snippet:-1","max-image-preview":"max-image-preview:large","max-video-preview":"max-video-preview:-1"},"canonical":"https:\/\/arendus.tricela.eu\/pt-br\/sobre-nos\/","og_locale":"fi_FI","og_type":"article","og_title":"Tietoa meist\u00e4 - Tricela","og_description":"MITEN KAIKKI ALKOI Se oli kuin rakkaus ensisilm\u00e4yksell\u00e4. Sellainen rakkaus, joka ymp\u00e4r\u00f6i sinut t\u00e4ysin. Rakkaus, joka saa sinut tuntemaan itsesi jumalattareksi &#8211; naiselliseksi, itsevarmaksi, voittamattomaksi, mystiseksi. T\u00e4m\u00e4 lumoava tunne tapahtui muutama vuosi sitten astuessani sis\u00e4\u00e4n er\u00e4\u00e4seen kauppaan Rio de Janeirossa ja n\u00e4hdess\u00e4ni upeasti neulotun mekon. Se oli sellainen mekko, joka kiinnitti huomiosi kaukaa, ja tunsit [&hellip;]","og_url":"https:\/\/arendus.tricela.eu\/pt-br\/sobre-nos\/","og_site_name":"Tricela","article_modified_time":"2024-03-17T06:37:08+00:00","og_image":[{"url":"https:\/\/arendus.tricela.eu\/wp-content\/uploads\/2024\/01\/photo_2024-01-30_14-34-00-1024x577.jpg"}],"twitter_card":"summary_large_image","twitter_misc":{"Arvioitu lukuaika":"3 minuuttia"},"schema":{"@context":"https:\/\/schema.org","@graph":[{"@type":"WebPage","@id":"https:\/\/arendus.tricela.eu\/pt-br\/sobre-nos\/","url":"https:\/\/arendus.tricela.eu\/pt-br\/sobre-nos\/","name":"Tietoa meist\u00e4 - Tricela","isPartOf":{"@id":"https:\/\/arendus.tricela.eu\/#website"},"primaryImageOfPage":{"@id":"https:\/\/arendus.tricela.eu\/pt-br\/sobre-nos\/#primaryimage"},"image":{"@id":"https:\/\/arendus.tricela.eu\/pt-br\/sobre-nos\/#primaryimage"},"thumbnailUrl":"https:\/\/arendus.tricela.eu\/wp-content\/uploads\/2024\/01\/photo_2024-01-30_14-34-00-1024x577.jpg","datePublished":"2020-05-11T02:38:05+00:00","dateModified":"2024-03-17T06:37:08+00:00","breadcrumb":{"@id":"https:\/\/arendus.tricela.eu\/pt-br\/sobre-nos\/#breadcrumb"},"inLanguage":"fi","potentialAction":[{"@type":"ReadAction","target":["https:\/\/arendus.tricela.eu\/pt-br\/sobre-nos\/"]}]},{"@type":"ImageObject","inLanguage":"fi","@id":"https:\/\/arendus.tricela.eu\/pt-br\/sobre-nos\/#primaryimage","url":"https:\/\/arendus.tricela.eu\/wp-content\/uploads\/2024\/01\/photo_2024-01-30_14-34-00-1024x577.jpg","contentUrl":"https:\/\/arendus.tricela.eu\/wp-content\/uploads\/2024\/01\/photo_2024-01-30_14-34-00-1024x577.jpg"},{"@type":"BreadcrumbList","@id":"https:\/\/arendus.tricela.eu\/pt-br\/sobre-nos\/#breadcrumb","itemListElement":[{"@type":"ListItem","position":1,"name":"Home","item":"https:\/\/arendus.tricela.eu\/fi\/kotisivu\/"},{"@type":"ListItem","position":2,"name":"Tietoa meist\u00e4"}]},{"@type":"WebSite","@id":"https:\/\/arendus.tricela.eu\/#website","url":"https:\/\/arendus.tricela.eu\/","name":"Tricela","description":"Kootud kleidid Brasiiliast","publisher":{"@id":"https:\/\/arendus.tricela.eu\/#organization"},"potentialAction":[{"@type":"SearchAction","target":{"@type":"EntryPoint","urlTemplate":"https:\/\/arendus.tricela.eu\/?s={search_term_string}"},"query-input":"required name=search_term_string"}],"inLanguage":"fi"},{"@type":"Organization","@id":"https:\/\/arendus.tricela.eu\/#organization","name":"Tricela","url":"https:\/\/arendus.tricela.eu\/","logo":{"@type":"ImageObject","inLanguage":"fi","@id":"https:\/\/arendus.tricela.eu\/#\/schema\/logo\/image\/","url":"https:\/\/arendus.tricela.eu\/wp-content\/uploads\/2020\/05\/logo123.svg","contentUrl":"https:\/\/arendus.tricela.eu\/wp-content\/uploads\/2020\/05\/logo123.svg","width":366,"height":168,"caption":"Tricela"},"image":{"@id":"https:\/\/arendus.tricela.eu\/#\/schema\/logo\/image\/"},"sameAs":["https:\/\/www.instagram.com\/tricela.official"]}]}},"_links":{"self":[{"href":"https:\/\/arendus.tricela.eu\/fi\/wp-json\/wp\/v2\/pages\/5748","targetHints":{"allow":["GET"]}}],"collection":[{"href":"https:\/\/arendus.tricela.eu\/fi\/wp-json\/wp\/v2\/pages"}],"about":[{"href":"https:\/\/arendus.tricela.eu\/fi\/wp-json\/wp\/v2\/types\/page"}],"author":[{"embeddable":true,"href":"https:\/\/arendus.tricela.eu\/fi\/wp-json\/wp\/v2\/users\/1"}],"replies":[{"embeddable":true,"href":"https:\/\/arendus.tricela.eu\/fi\/wp-json\/wp\/v2\/comments?post=5748"}],"version-history":[{"count":23,"href":"https:\/\/arendus.tricela.eu\/fi\/wp-json\/wp\/v2\/pages\/5748\/revisions"}],"predecessor-version":[{"id":7473,"href":"https:\/\/arendus.tricela.eu\/fi\/wp-json\/wp\/v2\/pages\/5748\/revisions\/7473"}],"wp:attachment":[{"href":"https:\/\/arendus.tricela.eu\/fi\/wp-json\/wp\/v2\/media?parent=5748"}],"curies":[{"name":"wp","href":"https:\/\/api.w.org\/{rel}","templated":true}]}}