{"id":5426,"date":"2023-10-24T15:41:50","date_gmt":"2023-10-24T15:41:50","guid":{"rendered":"https:\/\/tricela.eu\/huolto\/"},"modified":"2024-03-17T06:56:28","modified_gmt":"2024-03-17T06:56:28","slug":"huolto","status":"publish","type":"page","link":"https:\/\/arendus.tricela.eu\/fi\/huolto\/","title":{"rendered":"Huolto"},"content":{"rendered":"\t\t<div data-elementor-type=\"wp-page\" data-elementor-id=\"5426\" class=\"elementor elementor-5426 elementor-3295\" data-elementor-post-type=\"page\">\n\t\t\t\t\t\t<section class=\"elementor-section elementor-top-section elementor-element elementor-element-2a92a327 elementor-section-stretched elementor-reverse-mobile elementor-section-boxed elementor-section-height-default elementor-section-height-default\" data-id=\"2a92a327\" data-element_type=\"section\" data-settings=\"{&quot;stretch_section&quot;:&quot;section-stretched&quot;}\">\n\t\t\t\t\t\t<div class=\"elementor-container elementor-column-gap-no\">\n\t\t\t\t\t<div class=\"elementor-column elementor-col-100 elementor-top-column elementor-element elementor-element-709ca343\" data-id=\"709ca343\" data-element_type=\"column\">\n\t\t\t<div class=\"elementor-widget-wrap elementor-element-populated\">\n\t\t\t\t\t\t<div class=\"elementor-element elementor-element-6ebb36b7 elementor-widget elementor-widget-heading\" data-id=\"6ebb36b7\" data-element_type=\"widget\" data-widget_type=\"heading.default\">\n\t\t\t\t<div class=\"elementor-widget-container\">\n\t\t\t<h2 class=\"elementor-heading-title elementor-size-default\">MITEN KANKAITA HOIDETAAN<\/h2>\t\t<\/div>\n\t\t\t\t<\/div>\n\t\t\t\t<div class=\"elementor-element elementor-element-46584c3 elementor-widget elementor-widget-text-editor\" data-id=\"46584c3\" data-element_type=\"widget\" data-widget_type=\"text-editor.default\">\n\t\t\t\t<div class=\"elementor-widget-container\">\n\t\t\t\t\t\t\t<p><span style=\"font-weight: 400;\">Arvoisa nainen,<\/span><\/p><p><span style=\"font-weight: 400;\">Suuret kiitokset siit\u00e4, ett\u00e4 valitsit Tricela-mekon, joka on neulottu Brasilian aurinkoisten taivaiden alla, korostaaksesi s\u00e4teily\u00e4si.<\/span><\/p><p><span style=\"font-weight: 400;\">Kuten sin\u00e4, t\u00e4m\u00e4 erityinen mekko vaatii hieman ylim\u00e4\u00e4r\u00e4ist\u00e4 huolenpitoa. Pit\u00e4\u00e4ksesi sen yht\u00e4 kauniina kuin sin\u00e4 sen sait, kiinnit\u00e4 hieman enemm\u00e4n huomiota sen tarpeisiin.<\/span><\/p>\t\t\t\t\t\t<\/div>\n\t\t\t\t<\/div>\n\t\t\t\t\t<\/div>\n\t\t<\/div>\n\t\t\t\t\t<\/div>\n\t\t<\/section>\n\t\t\t\t<section class=\"elementor-section elementor-top-section elementor-element elementor-element-35279d1 elementor-section-stretched elementor-section-boxed elementor-section-height-default elementor-section-height-default\" data-id=\"35279d1\" data-element_type=\"section\" data-settings=\"{&quot;stretch_section&quot;:&quot;section-stretched&quot;}\">\n\t\t\t\t\t\t<div class=\"elementor-container elementor-column-gap-no\">\n\t\t\t\t\t<div class=\"elementor-column elementor-col-50 elementor-top-column elementor-element elementor-element-3107e1d\" data-id=\"3107e1d\" data-element_type=\"column\">\n\t\t\t<div class=\"elementor-widget-wrap elementor-element-populated\">\n\t\t\t\t\t\t<div class=\"elementor-element elementor-element-9cdc5f3 elementor-vertical-align-middle elementor-widget elementor-widget-icon-box\" data-id=\"9cdc5f3\" data-element_type=\"widget\" data-widget_type=\"icon-box.default\">\n\t\t\t\t<div class=\"elementor-widget-container\">\n\t\t\t\t\t<div class=\"elementor-icon-box-wrapper\">\n\n\t\t\t\n\t\t\t\t\t\t<div class=\"elementor-icon-box-content\">\n\n\t\t\t\t\t\t\t\t\t<h3 class=\"elementor-icon-box-title\">\n\t\t\t\t\t\t<span  >\n\t\t\t\t\t\t\tPESU\t\t\t\t\t\t<\/span>\n\t\t\t\t\t<\/h3>\n\t\t\t\t\n\t\t\t\t\n\t\t\t<\/div>\n\t\t\t\n\t\t<\/div>\n\t\t\t\t<\/div>\n\t\t\t\t<\/div>\n\t\t\t\t<div class=\"elementor-element elementor-element-866b505 elementor-widget elementor-widget-text-editor\" data-id=\"866b505\" data-element_type=\"widget\" data-widget_type=\"text-editor.default\">\n\t\t\t\t<div class=\"elementor-widget-container\">\n\t\t\t\t\t\t\t<p><span style=\"font-weight: 400;\">K\u00e4\u00e4nn\u00e4 mekko aina nurinp\u00e4in \u00e4l\u00e4k\u00e4 pese sit\u00e4 muiden vaatteiden kanssa.<\/span><\/p><p><span style=\"font-weight: 400;\">K\u00e4yt\u00e4 huoneenl\u00e4mp\u00f6ist\u00e4 vett\u00e4 kutistumisen v\u00e4ltt\u00e4miseksi.<\/span><\/p><p><span style=\"font-weight: 400;\">K\u00e4sinpesu on suositeltavaa, lis\u00e4\u00e4 hieman mietoa pesuainetta veteen. Anna mekon liota 10 minuuttia. \u00c4l\u00e4 k\u00e4yt\u00e4 voimakkaita pesuaineita, sill\u00e4 ne voivat j\u00e4ykist\u00e4\u00e4 langan. Huuhtele perusteellisesti.<\/span><\/p><p><span style=\"font-weight: 400;\">Pehmenn\u00e4 lankaa lis\u00e4\u00e4m\u00e4ll\u00e4 hieman huuhteluainetta tai hoitoainetta veteen ja anna mekon olla siin\u00e4 muutaman minuutin ajan. Tee lopuksi viel\u00e4 huuhtelu.<\/span><\/p>\t\t\t\t\t\t<\/div>\n\t\t\t\t<\/div>\n\t\t\t\t\t<\/div>\n\t\t<\/div>\n\t\t\t\t<div class=\"elementor-column elementor-col-50 elementor-top-column elementor-element elementor-element-4a5fb6a\" data-id=\"4a5fb6a\" data-element_type=\"column\">\n\t\t\t<div class=\"elementor-widget-wrap elementor-element-populated\">\n\t\t\t\t\t\t<div class=\"elementor-element elementor-element-7479857 elementor-widget__width-initial elementor-widget elementor-widget-image\" data-id=\"7479857\" data-element_type=\"widget\" data-widget_type=\"image.default\">\n\t\t\t\t<div class=\"elementor-widget-container\">\n\t\t\t\t\t\t\t\t\t\t\t\t\t<img fetchpriority=\"high\" decoding=\"async\" width=\"719\" height=\"1024\" src=\"https:\/\/arendus.tricela.eu\/wp-content\/uploads\/2024\/02\/5893915842682468808-1-719x1024.jpeg\" class=\"attachment-large size-large wp-image-6792\" alt=\"\" srcset=\"https:\/\/arendus.tricela.eu\/wp-content\/uploads\/2024\/02\/5893915842682468808-1-719x1024.jpeg 719w, https:\/\/arendus.tricela.eu\/wp-content\/uploads\/2024\/02\/5893915842682468808-1-600x855.jpeg 600w, https:\/\/arendus.tricela.eu\/wp-content\/uploads\/2024\/02\/5893915842682468808-1-211x300.jpeg 211w, https:\/\/arendus.tricela.eu\/wp-content\/uploads\/2024\/02\/5893915842682468808-1-768x1094.jpeg 768w, https:\/\/arendus.tricela.eu\/wp-content\/uploads\/2024\/02\/5893915842682468808-1.jpeg 900w\" sizes=\"(max-width: 719px) 100vw, 719px\" \/>\t\t\t\t\t\t\t\t\t\t\t\t\t<\/div>\n\t\t\t\t<\/div>\n\t\t\t\t\t<\/div>\n\t\t<\/div>\n\t\t\t\t\t<\/div>\n\t\t<\/section>\n\t\t\t\t<section class=\"elementor-section elementor-top-section elementor-element elementor-element-04d9ea5 elementor-section-stretched elementor-section-boxed elementor-section-height-default elementor-section-height-default\" data-id=\"04d9ea5\" data-element_type=\"section\" data-settings=\"{&quot;stretch_section&quot;:&quot;section-stretched&quot;}\">\n\t\t\t\t\t\t<div class=\"elementor-container elementor-column-gap-no\">\n\t\t\t\t\t<div class=\"elementor-column elementor-col-50 elementor-top-column elementor-element elementor-element-10fb414\" data-id=\"10fb414\" data-element_type=\"column\">\n\t\t\t<div class=\"elementor-widget-wrap elementor-element-populated\">\n\t\t\t\t\t\t<div class=\"elementor-element elementor-element-fee499d elementor-vertical-align-middle elementor-widget elementor-widget-icon-box\" data-id=\"fee499d\" data-element_type=\"widget\" data-widget_type=\"icon-box.default\">\n\t\t\t\t<div class=\"elementor-widget-container\">\n\t\t\t\t\t<div class=\"elementor-icon-box-wrapper\">\n\n\t\t\t\n\t\t\t\t\t\t<div class=\"elementor-icon-box-content\">\n\n\t\t\t\t\t\t\t\t\t<h3 class=\"elementor-icon-box-title\">\n\t\t\t\t\t\t<span  >\n\t\t\t\t\t\t\tKUIVAUS\t\t\t\t\t\t<\/span>\n\t\t\t\t\t<\/h3>\n\t\t\t\t\n\t\t\t\t\n\t\t\t<\/div>\n\t\t\t\n\t\t<\/div>\n\t\t\t\t<\/div>\n\t\t\t\t<\/div>\n\t\t\t\t<div class=\"elementor-element elementor-element-5292eb7 elementor-widget elementor-widget-text-editor\" data-id=\"5292eb7\" data-element_type=\"widget\" data-widget_type=\"text-editor.default\">\n\t\t\t\t<div class=\"elementor-widget-container\">\n\t\t\t\t\t\t\t<p><span style=\"font-weight: 400;\">Painele hell\u00e4varaisesti vesi pois mekosta. Voit k\u00e4ytt\u00e4\u00e4 kylpypyyhett\u00e4 veden poistoon &#8211; se auttaa imeytt\u00e4m\u00e4\u00e4n veden. \u00c4l\u00e4 koskaan v\u00e4\u00e4nn\u00e4 vett\u00e4 pois, koska se voi venytt\u00e4\u00e4 lankaa.<\/span><\/p><p><span style=\"font-weight: 400;\">Kuivaa mekko vaakasuorassa asennossa s\u00e4ilytt\u00e4\u00e4ksesi sen kauniin muodon. \u00c4l\u00e4 laita mekkoa kuivausrumpuun tai altista sit\u00e4 suoralle auringonvalolle kuivumisen aikana.<\/span><\/p><p>\u00a0<\/p><p>\u00a0<\/p>\t\t\t\t\t\t<\/div>\n\t\t\t\t<\/div>\n\t\t\t\t\t<\/div>\n\t\t<\/div>\n\t\t\t\t<div class=\"elementor-column elementor-col-50 elementor-top-column elementor-element elementor-element-3a66252\" data-id=\"3a66252\" data-element_type=\"column\">\n\t\t\t<div class=\"elementor-widget-wrap elementor-element-populated\">\n\t\t\t\t\t\t<div class=\"elementor-element elementor-element-ae8bf38 elementor-widget__width-initial elementor-widget elementor-widget-image\" data-id=\"ae8bf38\" data-element_type=\"widget\" data-widget_type=\"image.default\">\n\t\t\t\t<div class=\"elementor-widget-container\">\n\t\t\t\t\t\t\t\t\t\t\t\t\t<img decoding=\"async\" width=\"800\" height=\"1023\" src=\"https:\/\/arendus.tricela.eu\/wp-content\/uploads\/2024\/02\/7755374008119765664-1-801x1024.jpeg\" class=\"attachment-large size-large wp-image-6797\" alt=\"\" srcset=\"https:\/\/arendus.tricela.eu\/wp-content\/uploads\/2024\/02\/7755374008119765664-1-801x1024.jpeg 801w, https:\/\/arendus.tricela.eu\/wp-content\/uploads\/2024\/02\/7755374008119765664-1-600x767.jpeg 600w, https:\/\/arendus.tricela.eu\/wp-content\/uploads\/2024\/02\/7755374008119765664-1-235x300.jpeg 235w, https:\/\/arendus.tricela.eu\/wp-content\/uploads\/2024\/02\/7755374008119765664-1-768x982.jpeg 768w, https:\/\/arendus.tricela.eu\/wp-content\/uploads\/2024\/02\/7755374008119765664-1.jpeg 890w\" sizes=\"(max-width: 800px) 100vw, 800px\" \/>\t\t\t\t\t\t\t\t\t\t\t\t\t<\/div>\n\t\t\t\t<\/div>\n\t\t\t\t\t<\/div>\n\t\t<\/div>\n\t\t\t\t\t<\/div>\n\t\t<\/section>\n\t\t\t\t<section class=\"elementor-section elementor-top-section elementor-element elementor-element-876c5f2 elementor-section-stretched elementor-section-boxed elementor-section-height-default elementor-section-height-default\" data-id=\"876c5f2\" data-element_type=\"section\" data-settings=\"{&quot;stretch_section&quot;:&quot;section-stretched&quot;}\">\n\t\t\t\t\t\t<div class=\"elementor-container elementor-column-gap-no\">\n\t\t\t\t\t<div class=\"elementor-column elementor-col-100 elementor-top-column elementor-element elementor-element-96cfd06\" data-id=\"96cfd06\" data-element_type=\"column\">\n\t\t\t<div class=\"elementor-widget-wrap elementor-element-populated\">\n\t\t\t\t\t\t<div class=\"elementor-element elementor-element-8483252 elementor-vertical-align-middle elementor-widget elementor-widget-icon-box\" data-id=\"8483252\" data-element_type=\"widget\" data-widget_type=\"icon-box.default\">\n\t\t\t\t<div class=\"elementor-widget-container\">\n\t\t\t\t\t<div class=\"elementor-icon-box-wrapper\">\n\n\t\t\t\n\t\t\t\t\t\t<div class=\"elementor-icon-box-content\">\n\n\t\t\t\t\t\t\t\t\t<h3 class=\"elementor-icon-box-title\">\n\t\t\t\t\t\t<span  >\n\t\t\t\t\t\t\tHYV\u00c4 TIET\u00c4\u00c4\t\t\t\t\t\t<\/span>\n\t\t\t\t\t<\/h3>\n\t\t\t\t\n\t\t\t\t\n\t\t\t<\/div>\n\t\t\t\n\t\t<\/div>\n\t\t\t\t<\/div>\n\t\t\t\t<\/div>\n\t\t\t\t<div class=\"elementor-element elementor-element-81d8312 elementor-widget elementor-widget-text-editor\" data-id=\"81d8312\" data-element_type=\"widget\" data-widget_type=\"text-editor.default\">\n\t\t\t\t<div class=\"elementor-widget-container\">\n\t\t\t\t\t\t\t<p><span style=\"font-weight: 400;\">\u00c4l\u00e4 ripusta mekkoa henkariin, vaan pid\u00e4 se taiteltuna.<\/span><\/p><p><span style=\"font-weight: 400;\">Mekkoa ei tarvitse silitt\u00e4\u00e4.<\/span><\/p><p><span style=\"font-weight: 400;\">Jos lankaa irtoaa mekosta, ved\u00e4 se takaisin paikoilleen varovasti hiusklipsill\u00e4 tai virkkuukoukulla. \u00c4l\u00e4 leikkaa lankaa saksilla, sill\u00e4 se saattaa aiheuttaa mekon purkautumisen.<\/span><\/p>\t\t\t\t\t\t<\/div>\n\t\t\t\t<\/div>\n\t\t\t\t\t<\/div>\n\t\t<\/div>\n\t\t\t\t\t<\/div>\n\t\t<\/section>\n\t\t<div class=\"elementor-element elementor-element-5e2c154 e-flex e-con-boxed e-con e-parent\" data-id=\"5e2c154\" data-element_type=\"container\">\n\t\t\t\t\t<div class=\"e-con-inner\">\n\t\t\t\t<div class=\"elementor-element elementor-element-96311bd elementor-widget elementor-widget-text-editor\" data-id=\"96311bd\" data-element_type=\"widget\" data-widget_type=\"text-editor.default\">\n\t\t\t\t<div class=\"elementor-widget-container\">\n\t\t\t\t\t\t\t<p><span style=\"font-weight: 400;\">&nbsp;<\/span><\/p>\n<p><span style=\"font-weight: 400;\">&nbsp;<\/span><\/p>\n<p><span style=\"font-weight: 400;\">Toivotamme sinulle monia erityisi\u00e4 hetki\u00e4 Tricelan mekossa!<\/span><\/p>\n<p><\/p>\n<p><span style=\"font-weight: 400;\">Sinun Tricela<\/span><\/p>\n<p><i><span style=\"font-weight: 400;\">Obrigada!<\/span><\/i><\/p>\t\t\t\t\t\t<\/div>\n\t\t\t\t<\/div>\n\t\t\t\t\t<\/div>\n\t\t\t\t<\/div>\n\t\t\t\t<\/div>\n\t\t","protected":false},"excerpt":{"rendered":"<p>MITEN KANKAITA HOIDETAAN Arvoisa nainen, Suuret kiitokset siit\u00e4, ett\u00e4 valitsit Tricela-mekon, joka on neulottu Brasilian aurinkoisten taivaiden alla, korostaaksesi s\u00e4teily\u00e4si. Kuten sin\u00e4, t\u00e4m\u00e4 erityinen mekko vaatii hieman ylim\u00e4\u00e4r\u00e4ist\u00e4 huolenpitoa. Pit\u00e4\u00e4ksesi sen yht\u00e4 kauniina kuin sin\u00e4 sen sait, kiinnit\u00e4 hieman enemm\u00e4n huomiota sen tarpeisiin. PESU K\u00e4\u00e4nn\u00e4 mekko aina nurinp\u00e4in \u00e4l\u00e4k\u00e4 pese sit\u00e4 muiden vaatteiden kanssa. K\u00e4yt\u00e4 [&hellip;]<\/p>\n","protected":false},"author":1,"featured_media":0,"parent":0,"menu_order":0,"comment_status":"closed","ping_status":"closed","template":"","meta":{"inline_featured_image":false,"footnotes":""},"class_list":["post-5426","page","type-page","status-publish","hentry"],"yoast_head":"<!-- This site is optimized with the Yoast SEO plugin v22.9 - https:\/\/yoast.com\/wordpress\/plugins\/seo\/ -->\n<title>Huolto - Tricela<\/title>\n<meta name=\"robots\" content=\"index, follow, max-snippet:-1, max-image-preview:large, max-video-preview:-1\" \/>\n<link rel=\"canonical\" href=\"https:\/\/arendus.tricela.eu\/pt-br\/manutencao\/\" \/>\n<meta property=\"og:locale\" content=\"fi_FI\" \/>\n<meta property=\"og:type\" content=\"article\" \/>\n<meta property=\"og:title\" content=\"Huolto - Tricela\" \/>\n<meta property=\"og:description\" content=\"MITEN KANKAITA HOIDETAAN Arvoisa nainen, Suuret kiitokset siit\u00e4, ett\u00e4 valitsit Tricela-mekon, joka on neulottu Brasilian aurinkoisten taivaiden alla, korostaaksesi s\u00e4teily\u00e4si. Kuten sin\u00e4, t\u00e4m\u00e4 erityinen mekko vaatii hieman ylim\u00e4\u00e4r\u00e4ist\u00e4 huolenpitoa. Pit\u00e4\u00e4ksesi sen yht\u00e4 kauniina kuin sin\u00e4 sen sait, kiinnit\u00e4 hieman enemm\u00e4n huomiota sen tarpeisiin. PESU K\u00e4\u00e4nn\u00e4 mekko aina nurinp\u00e4in \u00e4l\u00e4k\u00e4 pese sit\u00e4 muiden vaatteiden kanssa. K\u00e4yt\u00e4 [&hellip;]\" \/>\n<meta property=\"og:url\" content=\"https:\/\/arendus.tricela.eu\/pt-br\/manutencao\/\" \/>\n<meta property=\"og:site_name\" content=\"Tricela\" \/>\n<meta property=\"article:modified_time\" content=\"2024-03-17T06:56:28+00:00\" \/>\n<meta property=\"og:image\" content=\"https:\/\/arendus.tricela.eu\/wp-content\/uploads\/2024\/02\/5893915842682468808-1-719x1024.jpeg\" \/>\n<meta name=\"twitter:card\" content=\"summary_large_image\" \/>\n<meta name=\"twitter:label1\" content=\"Arvioitu lukuaika\" \/>\n\t<meta name=\"twitter:data1\" content=\"2 minuuttia\" \/>\n<script type=\"application\/ld+json\" class=\"yoast-schema-graph\">{\"@context\":\"https:\/\/schema.org\",\"@graph\":[{\"@type\":\"WebPage\",\"@id\":\"https:\/\/arendus.tricela.eu\/pt-br\/manutencao\/\",\"url\":\"https:\/\/arendus.tricela.eu\/pt-br\/manutencao\/\",\"name\":\"Huolto - Tricela\",\"isPartOf\":{\"@id\":\"https:\/\/arendus.tricela.eu\/#website\"},\"primaryImageOfPage\":{\"@id\":\"https:\/\/arendus.tricela.eu\/pt-br\/manutencao\/#primaryimage\"},\"image\":{\"@id\":\"https:\/\/arendus.tricela.eu\/pt-br\/manutencao\/#primaryimage\"},\"thumbnailUrl\":\"https:\/\/arendus.tricela.eu\/wp-content\/uploads\/2024\/02\/5893915842682468808-1-719x1024.jpeg\",\"datePublished\":\"2023-10-24T15:41:50+00:00\",\"dateModified\":\"2024-03-17T06:56:28+00:00\",\"breadcrumb\":{\"@id\":\"https:\/\/arendus.tricela.eu\/pt-br\/manutencao\/#breadcrumb\"},\"inLanguage\":\"fi\",\"potentialAction\":[{\"@type\":\"ReadAction\",\"target\":[\"https:\/\/arendus.tricela.eu\/pt-br\/manutencao\/\"]}]},{\"@type\":\"ImageObject\",\"inLanguage\":\"fi\",\"@id\":\"https:\/\/arendus.tricela.eu\/pt-br\/manutencao\/#primaryimage\",\"url\":\"https:\/\/arendus.tricela.eu\/wp-content\/uploads\/2024\/02\/5893915842682468808-1-719x1024.jpeg\",\"contentUrl\":\"https:\/\/arendus.tricela.eu\/wp-content\/uploads\/2024\/02\/5893915842682468808-1-719x1024.jpeg\"},{\"@type\":\"BreadcrumbList\",\"@id\":\"https:\/\/arendus.tricela.eu\/pt-br\/manutencao\/#breadcrumb\",\"itemListElement\":[{\"@type\":\"ListItem\",\"position\":1,\"name\":\"Home\",\"item\":\"https:\/\/arendus.tricela.eu\/fi\/kotisivu\/\"},{\"@type\":\"ListItem\",\"position\":2,\"name\":\"Huolto\"}]},{\"@type\":\"WebSite\",\"@id\":\"https:\/\/arendus.tricela.eu\/#website\",\"url\":\"https:\/\/arendus.tricela.eu\/\",\"name\":\"Tricela\",\"description\":\"Kootud kleidid Brasiiliast\",\"publisher\":{\"@id\":\"https:\/\/arendus.tricela.eu\/#organization\"},\"potentialAction\":[{\"@type\":\"SearchAction\",\"target\":{\"@type\":\"EntryPoint\",\"urlTemplate\":\"https:\/\/arendus.tricela.eu\/?s={search_term_string}\"},\"query-input\":\"required name=search_term_string\"}],\"inLanguage\":\"fi\"},{\"@type\":\"Organization\",\"@id\":\"https:\/\/arendus.tricela.eu\/#organization\",\"name\":\"Tricela\",\"url\":\"https:\/\/arendus.tricela.eu\/\",\"logo\":{\"@type\":\"ImageObject\",\"inLanguage\":\"fi\",\"@id\":\"https:\/\/arendus.tricela.eu\/#\/schema\/logo\/image\/\",\"url\":\"https:\/\/arendus.tricela.eu\/wp-content\/uploads\/2020\/05\/logo123.svg\",\"contentUrl\":\"https:\/\/arendus.tricela.eu\/wp-content\/uploads\/2020\/05\/logo123.svg\",\"width\":366,\"height\":168,\"caption\":\"Tricela\"},\"image\":{\"@id\":\"https:\/\/arendus.tricela.eu\/#\/schema\/logo\/image\/\"},\"sameAs\":[\"https:\/\/www.instagram.com\/tricela.official\"]}]}<\/script>\n<!-- \/ Yoast SEO plugin. -->","yoast_head_json":{"title":"Huolto - Tricela","robots":{"index":"index","follow":"follow","max-snippet":"max-snippet:-1","max-image-preview":"max-image-preview:large","max-video-preview":"max-video-preview:-1"},"canonical":"https:\/\/arendus.tricela.eu\/pt-br\/manutencao\/","og_locale":"fi_FI","og_type":"article","og_title":"Huolto - Tricela","og_description":"MITEN KANKAITA HOIDETAAN Arvoisa nainen, Suuret kiitokset siit\u00e4, ett\u00e4 valitsit Tricela-mekon, joka on neulottu Brasilian aurinkoisten taivaiden alla, korostaaksesi s\u00e4teily\u00e4si. Kuten sin\u00e4, t\u00e4m\u00e4 erityinen mekko vaatii hieman ylim\u00e4\u00e4r\u00e4ist\u00e4 huolenpitoa. Pit\u00e4\u00e4ksesi sen yht\u00e4 kauniina kuin sin\u00e4 sen sait, kiinnit\u00e4 hieman enemm\u00e4n huomiota sen tarpeisiin. PESU K\u00e4\u00e4nn\u00e4 mekko aina nurinp\u00e4in \u00e4l\u00e4k\u00e4 pese sit\u00e4 muiden vaatteiden kanssa. K\u00e4yt\u00e4 [&hellip;]","og_url":"https:\/\/arendus.tricela.eu\/pt-br\/manutencao\/","og_site_name":"Tricela","article_modified_time":"2024-03-17T06:56:28+00:00","og_image":[{"url":"https:\/\/arendus.tricela.eu\/wp-content\/uploads\/2024\/02\/5893915842682468808-1-719x1024.jpeg"}],"twitter_card":"summary_large_image","twitter_misc":{"Arvioitu lukuaika":"2 minuuttia"},"schema":{"@context":"https:\/\/schema.org","@graph":[{"@type":"WebPage","@id":"https:\/\/arendus.tricela.eu\/pt-br\/manutencao\/","url":"https:\/\/arendus.tricela.eu\/pt-br\/manutencao\/","name":"Huolto - Tricela","isPartOf":{"@id":"https:\/\/arendus.tricela.eu\/#website"},"primaryImageOfPage":{"@id":"https:\/\/arendus.tricela.eu\/pt-br\/manutencao\/#primaryimage"},"image":{"@id":"https:\/\/arendus.tricela.eu\/pt-br\/manutencao\/#primaryimage"},"thumbnailUrl":"https:\/\/arendus.tricela.eu\/wp-content\/uploads\/2024\/02\/5893915842682468808-1-719x1024.jpeg","datePublished":"2023-10-24T15:41:50+00:00","dateModified":"2024-03-17T06:56:28+00:00","breadcrumb":{"@id":"https:\/\/arendus.tricela.eu\/pt-br\/manutencao\/#breadcrumb"},"inLanguage":"fi","potentialAction":[{"@type":"ReadAction","target":["https:\/\/arendus.tricela.eu\/pt-br\/manutencao\/"]}]},{"@type":"ImageObject","inLanguage":"fi","@id":"https:\/\/arendus.tricela.eu\/pt-br\/manutencao\/#primaryimage","url":"https:\/\/arendus.tricela.eu\/wp-content\/uploads\/2024\/02\/5893915842682468808-1-719x1024.jpeg","contentUrl":"https:\/\/arendus.tricela.eu\/wp-content\/uploads\/2024\/02\/5893915842682468808-1-719x1024.jpeg"},{"@type":"BreadcrumbList","@id":"https:\/\/arendus.tricela.eu\/pt-br\/manutencao\/#breadcrumb","itemListElement":[{"@type":"ListItem","position":1,"name":"Home","item":"https:\/\/arendus.tricela.eu\/fi\/kotisivu\/"},{"@type":"ListItem","position":2,"name":"Huolto"}]},{"@type":"WebSite","@id":"https:\/\/arendus.tricela.eu\/#website","url":"https:\/\/arendus.tricela.eu\/","name":"Tricela","description":"Kootud kleidid Brasiiliast","publisher":{"@id":"https:\/\/arendus.tricela.eu\/#organization"},"potentialAction":[{"@type":"SearchAction","target":{"@type":"EntryPoint","urlTemplate":"https:\/\/arendus.tricela.eu\/?s={search_term_string}"},"query-input":"required name=search_term_string"}],"inLanguage":"fi"},{"@type":"Organization","@id":"https:\/\/arendus.tricela.eu\/#organization","name":"Tricela","url":"https:\/\/arendus.tricela.eu\/","logo":{"@type":"ImageObject","inLanguage":"fi","@id":"https:\/\/arendus.tricela.eu\/#\/schema\/logo\/image\/","url":"https:\/\/arendus.tricela.eu\/wp-content\/uploads\/2020\/05\/logo123.svg","contentUrl":"https:\/\/arendus.tricela.eu\/wp-content\/uploads\/2020\/05\/logo123.svg","width":366,"height":168,"caption":"Tricela"},"image":{"@id":"https:\/\/arendus.tricela.eu\/#\/schema\/logo\/image\/"},"sameAs":["https:\/\/www.instagram.com\/tricela.official"]}]}},"_links":{"self":[{"href":"https:\/\/arendus.tricela.eu\/fi\/wp-json\/wp\/v2\/pages\/5426","targetHints":{"allow":["GET"]}}],"collection":[{"href":"https:\/\/arendus.tricela.eu\/fi\/wp-json\/wp\/v2\/pages"}],"about":[{"href":"https:\/\/arendus.tricela.eu\/fi\/wp-json\/wp\/v2\/types\/page"}],"author":[{"embeddable":true,"href":"https:\/\/arendus.tricela.eu\/fi\/wp-json\/wp\/v2\/users\/1"}],"replies":[{"embeddable":true,"href":"https:\/\/arendus.tricela.eu\/fi\/wp-json\/wp\/v2\/comments?post=5426"}],"version-history":[{"count":23,"href":"https:\/\/arendus.tricela.eu\/fi\/wp-json\/wp\/v2\/pages\/5426\/revisions"}],"predecessor-version":[{"id":7500,"href":"https:\/\/arendus.tricela.eu\/fi\/wp-json\/wp\/v2\/pages\/5426\/revisions\/7500"}],"wp:attachment":[{"href":"https:\/\/arendus.tricela.eu\/fi\/wp-json\/wp\/v2\/media?parent=5426"}],"curies":[{"name":"wp","href":"https:\/\/api.w.org\/{rel}","templated":true}]}}