{"id":7312,"date":"2024-03-11T21:12:46","date_gmt":"2024-03-11T21:12:46","guid":{"rendered":"https:\/\/tricela.eu\/?post_type=product&#038;p=7312"},"modified":"2024-04-05T09:53:58","modified_gmt":"2024-04-05T09:53:58","slug":"miriam","status":"publish","type":"product","link":"https:\/\/arendus.tricela.eu\/et\/toode\/miriam\/","title":{"rendered":"Miriam"},"content":{"rendered":"<p><strong>Miriami <span style=\"font-weight: 400;\">h\u00f5bedane helk toob pisut ekstra s\u00e4ra \u00fcksk\u00f5ik, kuhu tee teda ka ei viiks. Temast \u00f5hkub enesekindlust ja soojust. Talle tere \u00f6eldes lood s\u00f5pruse, mille \u00fcle uhke olla.<\/span><\/strong><\/p>\n<p><span class=\"Y2IQFc\" lang=\"et\"><strong>KOOSTIS:<\/strong> 60% akr\u00fc\u00fcl, 40% pol\u00fcester<\/span><\/p>\n<p>&nbsp;<\/p>\n<p><span class=\"Y2IQFc\" lang=\"et\"><strong>SUURUS:<\/strong> \u00dcks suurus. Kleidi elastsuse t\u00f5ttu sobib suurusele XS-M (34-40). Ideaalne kleit ka raseduse ajal kandmiseks.<\/span><\/p>\n<p>&nbsp;<\/p>\n<p><span class=\"Y2IQFc\" lang=\"et\"><strong> M\u00d5\u00d5DUD:<\/strong>\u00a0 <\/span><span class=\"Y2IQFc\" lang=\"et\">Rind: 60<\/span><span class=\"Y2IQFc\" lang=\"et\"> cm \u2013 V\u00f6\u00f6\u00fcmberm\u00f5\u00f5t: 55 cm \u2013 Puus: 66 cm \u2013 Pikkus: 136 cm<\/span><\/p>\n<p>&nbsp;<\/p>\n<p><span class=\"Y2IQFc\" lang=\"et\">*M\u00f5\u00f5dud on v\u00f5etud venitamata ning v\u00f5ivad varieeruda vahemikus kuni +-4 cm<\/span><\/p>\n<div id=\"accel-snackbar\" style=\"left: 50%; transform: translate(-50%, 0px); top: 50px;\"><\/div>\n","protected":false},"excerpt":{"rendered":"<p>&nbsp;<\/p>\n<div id=\"accel-snackbar\" style=\"left: 50%; transform: translate(-50%, 0px); top: 50px;\"><\/div>\n","protected":false},"featured_media":7313,"template":"","meta":{"inline_featured_image":false},"product_cat":[67],"product_tag":[],"class_list":{"0":"post-7312","1":"product","2":"type-product","3":"status-publish","4":"has-post-thumbnail","6":"product_cat-kleidid","8":"first","9":"instock","10":"shipping-taxable","11":"purchasable","12":"product-type-variable"},"yoast_head":"<!-- This site is optimized with the Yoast SEO plugin v22.9 - https:\/\/yoast.com\/wordpress\/plugins\/seo\/ -->\n<title>Kootud kleit Miriam | Tricela<\/title>\n<meta name=\"description\" content=\"Miriami h\u00f5bedane helk toob pisut ekstra s\u00e4ra \u00fcksk\u00f5ik, kuhu tee teda ka ei viiks. Leia endale sobiv v\u00e4rv. Vaata kleiti l\u00e4hemalt!\" \/>\n<meta name=\"robots\" content=\"index, follow, max-snippet:-1, max-image-preview:large, max-video-preview:-1\" \/>\n<link rel=\"canonical\" href=\"https:\/\/arendus.tricela.eu\/toode\/miriam\/\" \/>\n<meta property=\"og:locale\" content=\"et_EE\" \/>\n<meta property=\"og:type\" content=\"article\" \/>\n<meta property=\"og:title\" content=\"Kootud kleit Miriam | Tricela\" \/>\n<meta property=\"og:description\" content=\"Miriami h\u00f5bedane helk toob pisut ekstra s\u00e4ra \u00fcksk\u00f5ik, kuhu tee teda ka ei viiks. Leia endale sobiv v\u00e4rv. Vaata kleiti l\u00e4hemalt!\" \/>\n<meta property=\"og:url\" content=\"https:\/\/arendus.tricela.eu\/toode\/miriam\/\" \/>\n<meta property=\"og:site_name\" content=\"Tricela\" \/>\n<meta property=\"article:modified_time\" content=\"2024-04-05T09:53:58+00:00\" \/>\n<meta property=\"og:image\" content=\"https:\/\/arendus.tricela.eu\/wp-content\/uploads\/2024\/03\/MM_N1738-2-scaled.jpg\" \/>\n\t<meta property=\"og:image:width\" content=\"1707\" \/>\n\t<meta property=\"og:image:height\" content=\"2560\" \/>\n\t<meta property=\"og:image:type\" content=\"image\/jpeg\" \/>\n<meta name=\"twitter:card\" content=\"summary_large_image\" \/>\n<meta name=\"twitter:label1\" content=\"Est. reading time\" \/>\n\t<meta name=\"twitter:data1\" content=\"1 minut\" \/>\n<script type=\"application\/ld+json\" class=\"yoast-schema-graph\">{\"@context\":\"https:\/\/schema.org\",\"@graph\":[{\"@type\":\"WebPage\",\"@id\":\"https:\/\/arendus.tricela.eu\/toode\/miriam\/\",\"url\":\"https:\/\/arendus.tricela.eu\/toode\/miriam\/\",\"name\":\"Kootud kleit Miriam | Tricela\",\"isPartOf\":{\"@id\":\"https:\/\/arendus.tricela.eu\/#website\"},\"primaryImageOfPage\":{\"@id\":\"https:\/\/arendus.tricela.eu\/toode\/miriam\/#primaryimage\"},\"image\":{\"@id\":\"https:\/\/arendus.tricela.eu\/toode\/miriam\/#primaryimage\"},\"thumbnailUrl\":\"https:\/\/arendus.tricela.eu\/wp-content\/uploads\/2024\/03\/MM_N1738-2-scaled.jpg\",\"datePublished\":\"2024-03-11T21:12:46+00:00\",\"dateModified\":\"2024-04-05T09:53:58+00:00\",\"description\":\"Miriami h\u00f5bedane helk toob pisut ekstra s\u00e4ra \u00fcksk\u00f5ik, kuhu tee teda ka ei viiks. Leia endale sobiv v\u00e4rv. Vaata kleiti l\u00e4hemalt!\",\"breadcrumb\":{\"@id\":\"https:\/\/arendus.tricela.eu\/toode\/miriam\/#breadcrumb\"},\"inLanguage\":\"et\",\"potentialAction\":[{\"@type\":\"ReadAction\",\"target\":[\"https:\/\/arendus.tricela.eu\/toode\/miriam\/\"]}]},{\"@type\":\"ImageObject\",\"inLanguage\":\"et\",\"@id\":\"https:\/\/arendus.tricela.eu\/toode\/miriam\/#primaryimage\",\"url\":\"https:\/\/arendus.tricela.eu\/wp-content\/uploads\/2024\/03\/MM_N1738-2-scaled.jpg\",\"contentUrl\":\"https:\/\/arendus.tricela.eu\/wp-content\/uploads\/2024\/03\/MM_N1738-2-scaled.jpg\",\"width\":1707,\"height\":2560,\"caption\":\"Roheline pikk maani kootud kleit Miriam\"},{\"@type\":\"BreadcrumbList\",\"@id\":\"https:\/\/arendus.tricela.eu\/toode\/miriam\/#breadcrumb\",\"itemListElement\":[{\"@type\":\"ListItem\",\"position\":1,\"name\":\"Home\",\"item\":\"https:\/\/arendus.tricela.eu\/et\/\"},{\"@type\":\"ListItem\",\"position\":2,\"name\":\"Pood\",\"item\":\"https:\/\/arendus.tricela.eu\/pood\/\"},{\"@type\":\"ListItem\",\"position\":3,\"name\":\"Miriam\"}]},{\"@type\":\"WebSite\",\"@id\":\"https:\/\/arendus.tricela.eu\/#website\",\"url\":\"https:\/\/arendus.tricela.eu\/\",\"name\":\"Tricela\",\"description\":\"Kootud kleidid Brasiiliast\",\"publisher\":{\"@id\":\"https:\/\/arendus.tricela.eu\/#organization\"},\"potentialAction\":[{\"@type\":\"SearchAction\",\"target\":{\"@type\":\"EntryPoint\",\"urlTemplate\":\"https:\/\/arendus.tricela.eu\/?s={search_term_string}\"},\"query-input\":\"required name=search_term_string\"}],\"inLanguage\":\"et\"},{\"@type\":\"Organization\",\"@id\":\"https:\/\/arendus.tricela.eu\/#organization\",\"name\":\"Tricela\",\"url\":\"https:\/\/arendus.tricela.eu\/\",\"logo\":{\"@type\":\"ImageObject\",\"inLanguage\":\"et\",\"@id\":\"https:\/\/arendus.tricela.eu\/#\/schema\/logo\/image\/\",\"url\":\"https:\/\/arendus.tricela.eu\/wp-content\/uploads\/2020\/05\/logo123.svg\",\"contentUrl\":\"https:\/\/arendus.tricela.eu\/wp-content\/uploads\/2020\/05\/logo123.svg\",\"width\":366,\"height\":168,\"caption\":\"Tricela\"},\"image\":{\"@id\":\"https:\/\/arendus.tricela.eu\/#\/schema\/logo\/image\/\"},\"sameAs\":[\"https:\/\/www.instagram.com\/tricela.official\"]}]}<\/script>\n<!-- \/ Yoast SEO plugin. -->","yoast_head_json":{"title":"Kootud kleit Miriam | Tricela","description":"Miriami h\u00f5bedane helk toob pisut ekstra s\u00e4ra \u00fcksk\u00f5ik, kuhu tee teda ka ei viiks. Leia endale sobiv v\u00e4rv. Vaata kleiti l\u00e4hemalt!","robots":{"index":"index","follow":"follow","max-snippet":"max-snippet:-1","max-image-preview":"max-image-preview:large","max-video-preview":"max-video-preview:-1"},"canonical":"https:\/\/arendus.tricela.eu\/toode\/miriam\/","og_locale":"et_EE","og_type":"article","og_title":"Kootud kleit Miriam | Tricela","og_description":"Miriami h\u00f5bedane helk toob pisut ekstra s\u00e4ra \u00fcksk\u00f5ik, kuhu tee teda ka ei viiks. Leia endale sobiv v\u00e4rv. Vaata kleiti l\u00e4hemalt!","og_url":"https:\/\/arendus.tricela.eu\/toode\/miriam\/","og_site_name":"Tricela","article_modified_time":"2024-04-05T09:53:58+00:00","og_image":[{"width":1707,"height":2560,"url":"https:\/\/arendus.tricela.eu\/wp-content\/uploads\/2024\/03\/MM_N1738-2-scaled.jpg","type":"image\/jpeg"}],"twitter_card":"summary_large_image","twitter_misc":{"Est. reading time":"1 minut"},"schema":{"@context":"https:\/\/schema.org","@graph":[{"@type":"WebPage","@id":"https:\/\/arendus.tricela.eu\/toode\/miriam\/","url":"https:\/\/arendus.tricela.eu\/toode\/miriam\/","name":"Kootud kleit Miriam | Tricela","isPartOf":{"@id":"https:\/\/arendus.tricela.eu\/#website"},"primaryImageOfPage":{"@id":"https:\/\/arendus.tricela.eu\/toode\/miriam\/#primaryimage"},"image":{"@id":"https:\/\/arendus.tricela.eu\/toode\/miriam\/#primaryimage"},"thumbnailUrl":"https:\/\/arendus.tricela.eu\/wp-content\/uploads\/2024\/03\/MM_N1738-2-scaled.jpg","datePublished":"2024-03-11T21:12:46+00:00","dateModified":"2024-04-05T09:53:58+00:00","description":"Miriami h\u00f5bedane helk toob pisut ekstra s\u00e4ra \u00fcksk\u00f5ik, kuhu tee teda ka ei viiks. Leia endale sobiv v\u00e4rv. Vaata kleiti l\u00e4hemalt!","breadcrumb":{"@id":"https:\/\/arendus.tricela.eu\/toode\/miriam\/#breadcrumb"},"inLanguage":"et","potentialAction":[{"@type":"ReadAction","target":["https:\/\/arendus.tricela.eu\/toode\/miriam\/"]}]},{"@type":"ImageObject","inLanguage":"et","@id":"https:\/\/arendus.tricela.eu\/toode\/miriam\/#primaryimage","url":"https:\/\/arendus.tricela.eu\/wp-content\/uploads\/2024\/03\/MM_N1738-2-scaled.jpg","contentUrl":"https:\/\/arendus.tricela.eu\/wp-content\/uploads\/2024\/03\/MM_N1738-2-scaled.jpg","width":1707,"height":2560,"caption":"Roheline pikk maani kootud kleit Miriam"},{"@type":"BreadcrumbList","@id":"https:\/\/arendus.tricela.eu\/toode\/miriam\/#breadcrumb","itemListElement":[{"@type":"ListItem","position":1,"name":"Home","item":"https:\/\/arendus.tricela.eu\/et\/"},{"@type":"ListItem","position":2,"name":"Pood","item":"https:\/\/arendus.tricela.eu\/pood\/"},{"@type":"ListItem","position":3,"name":"Miriam"}]},{"@type":"WebSite","@id":"https:\/\/arendus.tricela.eu\/#website","url":"https:\/\/arendus.tricela.eu\/","name":"Tricela","description":"Kootud kleidid Brasiiliast","publisher":{"@id":"https:\/\/arendus.tricela.eu\/#organization"},"potentialAction":[{"@type":"SearchAction","target":{"@type":"EntryPoint","urlTemplate":"https:\/\/arendus.tricela.eu\/?s={search_term_string}"},"query-input":"required name=search_term_string"}],"inLanguage":"et"},{"@type":"Organization","@id":"https:\/\/arendus.tricela.eu\/#organization","name":"Tricela","url":"https:\/\/arendus.tricela.eu\/","logo":{"@type":"ImageObject","inLanguage":"et","@id":"https:\/\/arendus.tricela.eu\/#\/schema\/logo\/image\/","url":"https:\/\/arendus.tricela.eu\/wp-content\/uploads\/2020\/05\/logo123.svg","contentUrl":"https:\/\/arendus.tricela.eu\/wp-content\/uploads\/2020\/05\/logo123.svg","width":366,"height":168,"caption":"Tricela"},"image":{"@id":"https:\/\/arendus.tricela.eu\/#\/schema\/logo\/image\/"},"sameAs":["https:\/\/www.instagram.com\/tricela.official"]}]}},"_links":{"self":[{"href":"https:\/\/arendus.tricela.eu\/et\/wp-json\/wp\/v2\/product\/7312","targetHints":{"allow":["GET"]}}],"collection":[{"href":"https:\/\/arendus.tricela.eu\/et\/wp-json\/wp\/v2\/product"}],"about":[{"href":"https:\/\/arendus.tricela.eu\/et\/wp-json\/wp\/v2\/types\/product"}],"version-history":[{"count":5,"href":"https:\/\/arendus.tricela.eu\/et\/wp-json\/wp\/v2\/product\/7312\/revisions"}],"predecessor-version":[{"id":8009,"href":"https:\/\/arendus.tricela.eu\/et\/wp-json\/wp\/v2\/product\/7312\/revisions\/8009"}],"wp:featuredmedia":[{"embeddable":true,"href":"https:\/\/arendus.tricela.eu\/et\/wp-json\/wp\/v2\/media\/7313"}],"wp:attachment":[{"href":"https:\/\/arendus.tricela.eu\/et\/wp-json\/wp\/v2\/media?parent=7312"}],"wp:term":[{"taxonomy":"product_cat","embeddable":true,"href":"https:\/\/arendus.tricela.eu\/et\/wp-json\/wp\/v2\/product_cat?post=7312"},{"taxonomy":"product_tag","embeddable":true,"href":"https:\/\/arendus.tricela.eu\/et\/wp-json\/wp\/v2\/product_tag?post=7312"}],"curies":[{"name":"wp","href":"https:\/\/api.w.org\/{rel}","templated":true}]}}