{"id":5471,"date":"2023-12-11T18:33:10","date_gmt":"2023-12-11T18:33:10","guid":{"rendered":"https:\/\/tricela.eu\/?post_type=product&#038;p=5471"},"modified":"2024-05-27T12:48:23","modified_gmt":"2024-05-27T12:48:23","slug":"karoline","status":"publish","type":"product","link":"https:\/\/arendus.tricela.eu\/et\/toode\/karoline\/","title":{"rendered":"Karoline"},"content":{"rendered":"<p><strong>KAROLINE <\/strong><span style=\"font-weight: 400;\">\u00f5hkab naiselikkusest. Ta on see, kes paneb s\u00fcdamed kiiremini p\u00f5ksuma. Karoline teab, kuidas astuda ruumi nii, et aeg korraks peatuks \u2013 ikka selleks, et oleks pisut rohkem aega temasse armuda.<\/span><\/p>\n<p>&nbsp;<\/p>\n<p><strong>KOOSTIS<\/strong>: <span class=\"Y2IQFc\" lang=\"et\">60% akr\u00fc\u00fcl, 40% pol\u00fcester<\/span><\/p>\n<p>&nbsp;<\/p>\n<p><span class=\"Y2IQFc\" lang=\"et\"><strong>SUURUS:\u00a0<\/strong>\u00dcks suurus. Kudumise elastsuse t\u00f5ttu sobib suurusele S-L (36-42). Ideaalne kleit ka raseduse ajal kandmiseks.<\/span><\/p>\n<p>&nbsp;<\/p>\n<p><span class=\"Y2IQFc\" lang=\"et\"><strong>TOOTE M\u00d5\u00d5DUD:<\/strong> Rind: 75 cm \u2013 V\u00f6\u00f6\u00fcmberm\u00f5\u00f5t:\u00a0 70 cm \u2013 Puus: 80\u00a0 cm \u2013 Pikkus:\u00a0 110 cm &#8211;\u00a0<\/span><\/p>\n<p>&nbsp;<\/p>\n<p><span class=\"Y2IQFc\" lang=\"et\">*M\u00f5\u00f5dud on v\u00f5etud venitamata ning v\u00f5ivad varieeruda vahemikus kuni +-4 cm<\/span><\/p>\n<p>&nbsp;<\/p>\n<div id=\"accel-snackbar\" style=\"left: 50%; transform: translate(-50%, 0px); top: 50px;\"><\/div>\n","protected":false},"excerpt":{"rendered":"<p>&nbsp;<\/p>\n<div id=\"accel-snackbar\" style=\"left: 50%; transform: translate(-50%, 0px); top: 50px;\"><\/div>\n","protected":false},"featured_media":7686,"template":"","meta":{"inline_featured_image":false},"product_cat":[67],"product_tag":[],"class_list":{"0":"post-5471","1":"product","2":"type-product","3":"status-publish","4":"has-post-thumbnail","6":"product_cat-kleidid","8":"first","9":"instock","10":"shipping-taxable","11":"purchasable","12":"product-type-variable"},"yoast_head":"<!-- This site is optimized with the Yoast SEO plugin v22.9 - https:\/\/yoast.com\/wordpress\/plugins\/seo\/ -->\n<title>Kootud kleit Karoline | Tricela<\/title>\n<meta name=\"description\" content=\"Karoline \u00f5hkab naiselikkusest. Ta on see, kes paneb s\u00fcdamed kiiremini p\u00f5ksuma. Leia endale sobiv v\u00e4rv. Vaata kleiti l\u00e4hemalt!\" \/>\n<meta name=\"robots\" content=\"index, follow, max-snippet:-1, max-image-preview:large, max-video-preview:-1\" \/>\n<link rel=\"canonical\" href=\"https:\/\/arendus.tricela.eu\/toode\/karoline\/\" \/>\n<meta property=\"og:locale\" content=\"et_EE\" \/>\n<meta property=\"og:type\" content=\"article\" \/>\n<meta property=\"og:title\" content=\"Kootud kleit Karoline | Tricela\" \/>\n<meta property=\"og:description\" content=\"Karoline \u00f5hkab naiselikkusest. Ta on see, kes paneb s\u00fcdamed kiiremini p\u00f5ksuma. Leia endale sobiv v\u00e4rv. Vaata kleiti l\u00e4hemalt!\" \/>\n<meta property=\"og:url\" content=\"https:\/\/arendus.tricela.eu\/toode\/karoline\/\" \/>\n<meta property=\"og:site_name\" content=\"Tricela\" \/>\n<meta property=\"article:modified_time\" content=\"2024-05-27T12:48:23+00:00\" \/>\n<meta property=\"og:image\" content=\"https:\/\/arendus.tricela.eu\/wp-content\/uploads\/2023\/12\/0Y8A6807-1-scaled.jpg\" \/>\n\t<meta property=\"og:image:width\" content=\"1707\" \/>\n\t<meta property=\"og:image:height\" content=\"2560\" \/>\n\t<meta property=\"og:image:type\" content=\"image\/jpeg\" \/>\n<meta name=\"twitter:card\" content=\"summary_large_image\" \/>\n<meta name=\"twitter:label1\" content=\"Est. reading time\" \/>\n\t<meta name=\"twitter:data1\" content=\"1 minut\" \/>\n<script type=\"application\/ld+json\" class=\"yoast-schema-graph\">{\"@context\":\"https:\/\/schema.org\",\"@graph\":[{\"@type\":\"WebPage\",\"@id\":\"https:\/\/arendus.tricela.eu\/toode\/karoline\/\",\"url\":\"https:\/\/arendus.tricela.eu\/toode\/karoline\/\",\"name\":\"Kootud kleit Karoline | Tricela\",\"isPartOf\":{\"@id\":\"https:\/\/arendus.tricela.eu\/#website\"},\"primaryImageOfPage\":{\"@id\":\"https:\/\/arendus.tricela.eu\/toode\/karoline\/#primaryimage\"},\"image\":{\"@id\":\"https:\/\/arendus.tricela.eu\/toode\/karoline\/#primaryimage\"},\"thumbnailUrl\":\"https:\/\/arendus.tricela.eu\/wp-content\/uploads\/2023\/12\/0Y8A6807-1-scaled.jpg\",\"datePublished\":\"2023-12-11T18:33:10+00:00\",\"dateModified\":\"2024-05-27T12:48:23+00:00\",\"description\":\"Karoline \u00f5hkab naiselikkusest. Ta on see, kes paneb s\u00fcdamed kiiremini p\u00f5ksuma. Leia endale sobiv v\u00e4rv. Vaata kleiti l\u00e4hemalt!\",\"breadcrumb\":{\"@id\":\"https:\/\/arendus.tricela.eu\/toode\/karoline\/#breadcrumb\"},\"inLanguage\":\"et\",\"potentialAction\":[{\"@type\":\"ReadAction\",\"target\":[\"https:\/\/arendus.tricela.eu\/toode\/karoline\/\"]}]},{\"@type\":\"ImageObject\",\"inLanguage\":\"et\",\"@id\":\"https:\/\/arendus.tricela.eu\/toode\/karoline\/#primaryimage\",\"url\":\"https:\/\/arendus.tricela.eu\/wp-content\/uploads\/2023\/12\/0Y8A6807-1-scaled.jpg\",\"contentUrl\":\"https:\/\/arendus.tricela.eu\/wp-content\/uploads\/2023\/12\/0Y8A6807-1-scaled.jpg\",\"width\":1707,\"height\":2560,\"caption\":\"Valge paljaste \u00f5lgadega kootud \u00fcle p\u00f5lve kleit Karoline\"},{\"@type\":\"BreadcrumbList\",\"@id\":\"https:\/\/arendus.tricela.eu\/toode\/karoline\/#breadcrumb\",\"itemListElement\":[{\"@type\":\"ListItem\",\"position\":1,\"name\":\"Home\",\"item\":\"https:\/\/arendus.tricela.eu\/et\/\"},{\"@type\":\"ListItem\",\"position\":2,\"name\":\"Pood\",\"item\":\"https:\/\/arendus.tricela.eu\/pood\/\"},{\"@type\":\"ListItem\",\"position\":3,\"name\":\"Karoline\"}]},{\"@type\":\"WebSite\",\"@id\":\"https:\/\/arendus.tricela.eu\/#website\",\"url\":\"https:\/\/arendus.tricela.eu\/\",\"name\":\"Tricela\",\"description\":\"Kootud kleidid Brasiiliast\",\"publisher\":{\"@id\":\"https:\/\/arendus.tricela.eu\/#organization\"},\"potentialAction\":[{\"@type\":\"SearchAction\",\"target\":{\"@type\":\"EntryPoint\",\"urlTemplate\":\"https:\/\/arendus.tricela.eu\/?s={search_term_string}\"},\"query-input\":\"required name=search_term_string\"}],\"inLanguage\":\"et\"},{\"@type\":\"Organization\",\"@id\":\"https:\/\/arendus.tricela.eu\/#organization\",\"name\":\"Tricela\",\"url\":\"https:\/\/arendus.tricela.eu\/\",\"logo\":{\"@type\":\"ImageObject\",\"inLanguage\":\"et\",\"@id\":\"https:\/\/arendus.tricela.eu\/#\/schema\/logo\/image\/\",\"url\":\"https:\/\/arendus.tricela.eu\/wp-content\/uploads\/2020\/05\/logo123.svg\",\"contentUrl\":\"https:\/\/arendus.tricela.eu\/wp-content\/uploads\/2020\/05\/logo123.svg\",\"width\":366,\"height\":168,\"caption\":\"Tricela\"},\"image\":{\"@id\":\"https:\/\/arendus.tricela.eu\/#\/schema\/logo\/image\/\"},\"sameAs\":[\"https:\/\/www.instagram.com\/tricela.official\"]}]}<\/script>\n<!-- \/ Yoast SEO plugin. -->","yoast_head_json":{"title":"Kootud kleit Karoline | Tricela","description":"Karoline \u00f5hkab naiselikkusest. Ta on see, kes paneb s\u00fcdamed kiiremini p\u00f5ksuma. Leia endale sobiv v\u00e4rv. Vaata kleiti l\u00e4hemalt!","robots":{"index":"index","follow":"follow","max-snippet":"max-snippet:-1","max-image-preview":"max-image-preview:large","max-video-preview":"max-video-preview:-1"},"canonical":"https:\/\/arendus.tricela.eu\/toode\/karoline\/","og_locale":"et_EE","og_type":"article","og_title":"Kootud kleit Karoline | Tricela","og_description":"Karoline \u00f5hkab naiselikkusest. Ta on see, kes paneb s\u00fcdamed kiiremini p\u00f5ksuma. Leia endale sobiv v\u00e4rv. Vaata kleiti l\u00e4hemalt!","og_url":"https:\/\/arendus.tricela.eu\/toode\/karoline\/","og_site_name":"Tricela","article_modified_time":"2024-05-27T12:48:23+00:00","og_image":[{"width":1707,"height":2560,"url":"https:\/\/arendus.tricela.eu\/wp-content\/uploads\/2023\/12\/0Y8A6807-1-scaled.jpg","type":"image\/jpeg"}],"twitter_card":"summary_large_image","twitter_misc":{"Est. reading time":"1 minut"},"schema":{"@context":"https:\/\/schema.org","@graph":[{"@type":"WebPage","@id":"https:\/\/arendus.tricela.eu\/toode\/karoline\/","url":"https:\/\/arendus.tricela.eu\/toode\/karoline\/","name":"Kootud kleit Karoline | Tricela","isPartOf":{"@id":"https:\/\/arendus.tricela.eu\/#website"},"primaryImageOfPage":{"@id":"https:\/\/arendus.tricela.eu\/toode\/karoline\/#primaryimage"},"image":{"@id":"https:\/\/arendus.tricela.eu\/toode\/karoline\/#primaryimage"},"thumbnailUrl":"https:\/\/arendus.tricela.eu\/wp-content\/uploads\/2023\/12\/0Y8A6807-1-scaled.jpg","datePublished":"2023-12-11T18:33:10+00:00","dateModified":"2024-05-27T12:48:23+00:00","description":"Karoline \u00f5hkab naiselikkusest. Ta on see, kes paneb s\u00fcdamed kiiremini p\u00f5ksuma. Leia endale sobiv v\u00e4rv. Vaata kleiti l\u00e4hemalt!","breadcrumb":{"@id":"https:\/\/arendus.tricela.eu\/toode\/karoline\/#breadcrumb"},"inLanguage":"et","potentialAction":[{"@type":"ReadAction","target":["https:\/\/arendus.tricela.eu\/toode\/karoline\/"]}]},{"@type":"ImageObject","inLanguage":"et","@id":"https:\/\/arendus.tricela.eu\/toode\/karoline\/#primaryimage","url":"https:\/\/arendus.tricela.eu\/wp-content\/uploads\/2023\/12\/0Y8A6807-1-scaled.jpg","contentUrl":"https:\/\/arendus.tricela.eu\/wp-content\/uploads\/2023\/12\/0Y8A6807-1-scaled.jpg","width":1707,"height":2560,"caption":"Valge paljaste \u00f5lgadega kootud \u00fcle p\u00f5lve kleit Karoline"},{"@type":"BreadcrumbList","@id":"https:\/\/arendus.tricela.eu\/toode\/karoline\/#breadcrumb","itemListElement":[{"@type":"ListItem","position":1,"name":"Home","item":"https:\/\/arendus.tricela.eu\/et\/"},{"@type":"ListItem","position":2,"name":"Pood","item":"https:\/\/arendus.tricela.eu\/pood\/"},{"@type":"ListItem","position":3,"name":"Karoline"}]},{"@type":"WebSite","@id":"https:\/\/arendus.tricela.eu\/#website","url":"https:\/\/arendus.tricela.eu\/","name":"Tricela","description":"Kootud kleidid Brasiiliast","publisher":{"@id":"https:\/\/arendus.tricela.eu\/#organization"},"potentialAction":[{"@type":"SearchAction","target":{"@type":"EntryPoint","urlTemplate":"https:\/\/arendus.tricela.eu\/?s={search_term_string}"},"query-input":"required name=search_term_string"}],"inLanguage":"et"},{"@type":"Organization","@id":"https:\/\/arendus.tricela.eu\/#organization","name":"Tricela","url":"https:\/\/arendus.tricela.eu\/","logo":{"@type":"ImageObject","inLanguage":"et","@id":"https:\/\/arendus.tricela.eu\/#\/schema\/logo\/image\/","url":"https:\/\/arendus.tricela.eu\/wp-content\/uploads\/2020\/05\/logo123.svg","contentUrl":"https:\/\/arendus.tricela.eu\/wp-content\/uploads\/2020\/05\/logo123.svg","width":366,"height":168,"caption":"Tricela"},"image":{"@id":"https:\/\/arendus.tricela.eu\/#\/schema\/logo\/image\/"},"sameAs":["https:\/\/www.instagram.com\/tricela.official"]}]}},"_links":{"self":[{"href":"https:\/\/arendus.tricela.eu\/et\/wp-json\/wp\/v2\/product\/5471","targetHints":{"allow":["GET"]}}],"collection":[{"href":"https:\/\/arendus.tricela.eu\/et\/wp-json\/wp\/v2\/product"}],"about":[{"href":"https:\/\/arendus.tricela.eu\/et\/wp-json\/wp\/v2\/types\/product"}],"version-history":[{"count":9,"href":"https:\/\/arendus.tricela.eu\/et\/wp-json\/wp\/v2\/product\/5471\/revisions"}],"predecessor-version":[{"id":8014,"href":"https:\/\/arendus.tricela.eu\/et\/wp-json\/wp\/v2\/product\/5471\/revisions\/8014"}],"wp:featuredmedia":[{"embeddable":true,"href":"https:\/\/arendus.tricela.eu\/et\/wp-json\/wp\/v2\/media\/7686"}],"wp:attachment":[{"href":"https:\/\/arendus.tricela.eu\/et\/wp-json\/wp\/v2\/media?parent=5471"}],"wp:term":[{"taxonomy":"product_cat","embeddable":true,"href":"https:\/\/arendus.tricela.eu\/et\/wp-json\/wp\/v2\/product_cat?post=5471"},{"taxonomy":"product_tag","embeddable":true,"href":"https:\/\/arendus.tricela.eu\/et\/wp-json\/wp\/v2\/product_tag?post=5471"}],"curies":[{"name":"wp","href":"https:\/\/api.w.org\/{rel}","templated":true}]}}