{"id":5046,"date":"2023-12-07T01:48:00","date_gmt":"2023-12-07T01:48:00","guid":{"rendered":"https:\/\/tricela.eu\/?post_type=product&#038;p=5046"},"modified":"2024-05-16T14:28:44","modified_gmt":"2024-05-16T14:28:44","slug":"larissa","status":"publish","type":"product","link":"https:\/\/arendus.tricela.eu\/et\/toode\/larissa\/","title":{"rendered":"Larissa"},"content":{"rendered":"<p><b>LARISSA <\/b><span style=\"font-weight: 400;\">oskab igap\u00e4eva t\u00f6\u00f6r\u00fctmi tuua pisut s\u00e4rtsu. Talle meeldib n\u00e4ha hea v\u00e4lja, aga \u00fchtlasi hindab ta selle juures ka lihtsust ja mugavust. Ja just nagu kuum Brasiilia p\u00e4ike s\u00e4rab ta suurep\u00e4raselt igal aastaajal.<\/span><\/p>\n<p>&nbsp;<\/p>\n<p><span class=\"Y2IQFc\" lang=\"et\"><strong>KOOSTIS:\u00a0<\/strong>60% akr\u00fc\u00fcl, 40% pol\u00fcester<\/span><\/p>\n<p>&nbsp;<\/p>\n<p><span class=\"Y2IQFc\" lang=\"et\"><strong>SUURUS:<\/strong> \u00dcks suurus. Kleidi elastsuse t\u00f5ttu sobib suurusele S-L. Ideaalne kleit ka raseduse ajal kandmiseks.<\/span><\/p>\n<p>&nbsp;<\/p>\n<p><strong><span class=\"Y2IQFc\" lang=\"et\"> M\u00d5\u00d5DUD:\u00a0 <\/span><\/strong><span class=\"Y2IQFc\" lang=\"et\">Rind: 72 cm \u2013 V\u00f6\u00f6\u00fcmberm\u00f5\u00f5t: 62 cm \u2013 Puus: 84 \u2013 Pikkus: 104 cm<\/span><\/p>\n<p>&nbsp;<\/p>\n<p><span class=\"Y2IQFc\" lang=\"et\">*M\u00f5\u00f5dud on v\u00f5etud venitamata ning v\u00f5ivad varieeruda vahemikus kuni +-4 cm<\/span><\/p>\n<p>&nbsp;<\/p>\n<div id=\"accel-snackbar\" style=\"left: 50%; transform: translate(-50%, 0px); top: 50px;\"><\/div>\n","protected":false},"excerpt":{"rendered":"<p>&nbsp;<\/p>\n<div id=\"accel-snackbar\" style=\"left: 50%; transform: translate(-50%, 0px); top: 50px;\"><\/div>\n","protected":false},"featured_media":5057,"template":"","meta":{"inline_featured_image":false},"product_cat":[67],"product_tag":[],"class_list":{"0":"post-5046","1":"product","2":"type-product","3":"status-publish","4":"has-post-thumbnail","6":"product_cat-kleidid","8":"first","9":"instock","10":"shipping-taxable","11":"purchasable","12":"product-type-variable"},"yoast_head":"<!-- This site is optimized with the Yoast SEO plugin v22.9 - https:\/\/yoast.com\/wordpress\/plugins\/seo\/ -->\n<title>Kootud kleit Larissa | Tricela<\/title>\n<meta name=\"description\" content=\"Larissa oskab igap\u00e4eva t\u00f6\u00f6r\u00fctmi tuua pisut s\u00e4rtsu ja p\u00e4ikest. Kleiti on erinevates toonides. Vaata kootud kleiti l\u00e4hemalt!\" \/>\n<meta name=\"robots\" content=\"index, follow, max-snippet:-1, max-image-preview:large, max-video-preview:-1\" \/>\n<link rel=\"canonical\" href=\"https:\/\/arendus.tricela.eu\/toode\/larissa\/\" \/>\n<meta property=\"og:locale\" content=\"et_EE\" \/>\n<meta property=\"og:type\" content=\"article\" \/>\n<meta property=\"og:title\" content=\"Kootud kleit Larissa | Tricela\" \/>\n<meta property=\"og:description\" content=\"Larissa oskab igap\u00e4eva t\u00f6\u00f6r\u00fctmi tuua pisut s\u00e4rtsu ja p\u00e4ikest. Kleiti on erinevates toonides. Vaata kootud kleiti l\u00e4hemalt!\" \/>\n<meta property=\"og:url\" content=\"https:\/\/arendus.tricela.eu\/toode\/larissa\/\" \/>\n<meta property=\"og:site_name\" content=\"Tricela\" \/>\n<meta property=\"article:modified_time\" content=\"2024-05-16T14:28:44+00:00\" \/>\n<meta property=\"og:image\" content=\"https:\/\/arendus.tricela.eu\/wp-content\/uploads\/2023\/12\/MM_N1786-scaled.jpg\" \/>\n\t<meta property=\"og:image:width\" content=\"1707\" \/>\n\t<meta property=\"og:image:height\" content=\"2560\" \/>\n\t<meta property=\"og:image:type\" content=\"image\/jpeg\" \/>\n<meta name=\"twitter:card\" content=\"summary_large_image\" \/>\n<meta name=\"twitter:label1\" content=\"Est. reading time\" \/>\n\t<meta name=\"twitter:data1\" content=\"1 minut\" \/>\n<script type=\"application\/ld+json\" class=\"yoast-schema-graph\">{\"@context\":\"https:\/\/schema.org\",\"@graph\":[{\"@type\":\"WebPage\",\"@id\":\"https:\/\/arendus.tricela.eu\/toode\/larissa\/\",\"url\":\"https:\/\/arendus.tricela.eu\/toode\/larissa\/\",\"name\":\"Kootud kleit Larissa | Tricela\",\"isPartOf\":{\"@id\":\"https:\/\/arendus.tricela.eu\/#website\"},\"primaryImageOfPage\":{\"@id\":\"https:\/\/arendus.tricela.eu\/toode\/larissa\/#primaryimage\"},\"image\":{\"@id\":\"https:\/\/arendus.tricela.eu\/toode\/larissa\/#primaryimage\"},\"thumbnailUrl\":\"https:\/\/arendus.tricela.eu\/wp-content\/uploads\/2023\/12\/MM_N1786-scaled.jpg\",\"datePublished\":\"2023-12-07T01:48:00+00:00\",\"dateModified\":\"2024-05-16T14:28:44+00:00\",\"description\":\"Larissa oskab igap\u00e4eva t\u00f6\u00f6r\u00fctmi tuua pisut s\u00e4rtsu ja p\u00e4ikest. Kleiti on erinevates toonides. Vaata kootud kleiti l\u00e4hemalt!\",\"breadcrumb\":{\"@id\":\"https:\/\/arendus.tricela.eu\/toode\/larissa\/#breadcrumb\"},\"inLanguage\":\"et\",\"potentialAction\":[{\"@type\":\"ReadAction\",\"target\":[\"https:\/\/arendus.tricela.eu\/toode\/larissa\/\"]}]},{\"@type\":\"ImageObject\",\"inLanguage\":\"et\",\"@id\":\"https:\/\/arendus.tricela.eu\/toode\/larissa\/#primaryimage\",\"url\":\"https:\/\/arendus.tricela.eu\/wp-content\/uploads\/2023\/12\/MM_N1786-scaled.jpg\",\"contentUrl\":\"https:\/\/arendus.tricela.eu\/wp-content\/uploads\/2023\/12\/MM_N1786-scaled.jpg\",\"width\":1707,\"height\":2560},{\"@type\":\"BreadcrumbList\",\"@id\":\"https:\/\/arendus.tricela.eu\/toode\/larissa\/#breadcrumb\",\"itemListElement\":[{\"@type\":\"ListItem\",\"position\":1,\"name\":\"Home\",\"item\":\"https:\/\/arendus.tricela.eu\/et\/\"},{\"@type\":\"ListItem\",\"position\":2,\"name\":\"Pood\",\"item\":\"https:\/\/arendus.tricela.eu\/pood\/\"},{\"@type\":\"ListItem\",\"position\":3,\"name\":\"Larissa\"}]},{\"@type\":\"WebSite\",\"@id\":\"https:\/\/arendus.tricela.eu\/#website\",\"url\":\"https:\/\/arendus.tricela.eu\/\",\"name\":\"Tricela\",\"description\":\"Kootud kleidid Brasiiliast\",\"publisher\":{\"@id\":\"https:\/\/arendus.tricela.eu\/#organization\"},\"potentialAction\":[{\"@type\":\"SearchAction\",\"target\":{\"@type\":\"EntryPoint\",\"urlTemplate\":\"https:\/\/arendus.tricela.eu\/?s={search_term_string}\"},\"query-input\":\"required name=search_term_string\"}],\"inLanguage\":\"et\"},{\"@type\":\"Organization\",\"@id\":\"https:\/\/arendus.tricela.eu\/#organization\",\"name\":\"Tricela\",\"url\":\"https:\/\/arendus.tricela.eu\/\",\"logo\":{\"@type\":\"ImageObject\",\"inLanguage\":\"et\",\"@id\":\"https:\/\/arendus.tricela.eu\/#\/schema\/logo\/image\/\",\"url\":\"https:\/\/arendus.tricela.eu\/wp-content\/uploads\/2020\/05\/logo123.svg\",\"contentUrl\":\"https:\/\/arendus.tricela.eu\/wp-content\/uploads\/2020\/05\/logo123.svg\",\"width\":366,\"height\":168,\"caption\":\"Tricela\"},\"image\":{\"@id\":\"https:\/\/arendus.tricela.eu\/#\/schema\/logo\/image\/\"},\"sameAs\":[\"https:\/\/www.instagram.com\/tricela.official\"]}]}<\/script>\n<!-- \/ Yoast SEO plugin. -->","yoast_head_json":{"title":"Kootud kleit Larissa | Tricela","description":"Larissa oskab igap\u00e4eva t\u00f6\u00f6r\u00fctmi tuua pisut s\u00e4rtsu ja p\u00e4ikest. Kleiti on erinevates toonides. Vaata kootud kleiti l\u00e4hemalt!","robots":{"index":"index","follow":"follow","max-snippet":"max-snippet:-1","max-image-preview":"max-image-preview:large","max-video-preview":"max-video-preview:-1"},"canonical":"https:\/\/arendus.tricela.eu\/toode\/larissa\/","og_locale":"et_EE","og_type":"article","og_title":"Kootud kleit Larissa | Tricela","og_description":"Larissa oskab igap\u00e4eva t\u00f6\u00f6r\u00fctmi tuua pisut s\u00e4rtsu ja p\u00e4ikest. Kleiti on erinevates toonides. Vaata kootud kleiti l\u00e4hemalt!","og_url":"https:\/\/arendus.tricela.eu\/toode\/larissa\/","og_site_name":"Tricela","article_modified_time":"2024-05-16T14:28:44+00:00","og_image":[{"width":1707,"height":2560,"url":"https:\/\/arendus.tricela.eu\/wp-content\/uploads\/2023\/12\/MM_N1786-scaled.jpg","type":"image\/jpeg"}],"twitter_card":"summary_large_image","twitter_misc":{"Est. reading time":"1 minut"},"schema":{"@context":"https:\/\/schema.org","@graph":[{"@type":"WebPage","@id":"https:\/\/arendus.tricela.eu\/toode\/larissa\/","url":"https:\/\/arendus.tricela.eu\/toode\/larissa\/","name":"Kootud kleit Larissa | Tricela","isPartOf":{"@id":"https:\/\/arendus.tricela.eu\/#website"},"primaryImageOfPage":{"@id":"https:\/\/arendus.tricela.eu\/toode\/larissa\/#primaryimage"},"image":{"@id":"https:\/\/arendus.tricela.eu\/toode\/larissa\/#primaryimage"},"thumbnailUrl":"https:\/\/arendus.tricela.eu\/wp-content\/uploads\/2023\/12\/MM_N1786-scaled.jpg","datePublished":"2023-12-07T01:48:00+00:00","dateModified":"2024-05-16T14:28:44+00:00","description":"Larissa oskab igap\u00e4eva t\u00f6\u00f6r\u00fctmi tuua pisut s\u00e4rtsu ja p\u00e4ikest. Kleiti on erinevates toonides. Vaata kootud kleiti l\u00e4hemalt!","breadcrumb":{"@id":"https:\/\/arendus.tricela.eu\/toode\/larissa\/#breadcrumb"},"inLanguage":"et","potentialAction":[{"@type":"ReadAction","target":["https:\/\/arendus.tricela.eu\/toode\/larissa\/"]}]},{"@type":"ImageObject","inLanguage":"et","@id":"https:\/\/arendus.tricela.eu\/toode\/larissa\/#primaryimage","url":"https:\/\/arendus.tricela.eu\/wp-content\/uploads\/2023\/12\/MM_N1786-scaled.jpg","contentUrl":"https:\/\/arendus.tricela.eu\/wp-content\/uploads\/2023\/12\/MM_N1786-scaled.jpg","width":1707,"height":2560},{"@type":"BreadcrumbList","@id":"https:\/\/arendus.tricela.eu\/toode\/larissa\/#breadcrumb","itemListElement":[{"@type":"ListItem","position":1,"name":"Home","item":"https:\/\/arendus.tricela.eu\/et\/"},{"@type":"ListItem","position":2,"name":"Pood","item":"https:\/\/arendus.tricela.eu\/pood\/"},{"@type":"ListItem","position":3,"name":"Larissa"}]},{"@type":"WebSite","@id":"https:\/\/arendus.tricela.eu\/#website","url":"https:\/\/arendus.tricela.eu\/","name":"Tricela","description":"Kootud kleidid Brasiiliast","publisher":{"@id":"https:\/\/arendus.tricela.eu\/#organization"},"potentialAction":[{"@type":"SearchAction","target":{"@type":"EntryPoint","urlTemplate":"https:\/\/arendus.tricela.eu\/?s={search_term_string}"},"query-input":"required name=search_term_string"}],"inLanguage":"et"},{"@type":"Organization","@id":"https:\/\/arendus.tricela.eu\/#organization","name":"Tricela","url":"https:\/\/arendus.tricela.eu\/","logo":{"@type":"ImageObject","inLanguage":"et","@id":"https:\/\/arendus.tricela.eu\/#\/schema\/logo\/image\/","url":"https:\/\/arendus.tricela.eu\/wp-content\/uploads\/2020\/05\/logo123.svg","contentUrl":"https:\/\/arendus.tricela.eu\/wp-content\/uploads\/2020\/05\/logo123.svg","width":366,"height":168,"caption":"Tricela"},"image":{"@id":"https:\/\/arendus.tricela.eu\/#\/schema\/logo\/image\/"},"sameAs":["https:\/\/www.instagram.com\/tricela.official"]}]}},"_links":{"self":[{"href":"https:\/\/arendus.tricela.eu\/et\/wp-json\/wp\/v2\/product\/5046","targetHints":{"allow":["GET"]}}],"collection":[{"href":"https:\/\/arendus.tricela.eu\/et\/wp-json\/wp\/v2\/product"}],"about":[{"href":"https:\/\/arendus.tricela.eu\/et\/wp-json\/wp\/v2\/types\/product"}],"version-history":[{"count":11,"href":"https:\/\/arendus.tricela.eu\/et\/wp-json\/wp\/v2\/product\/5046\/revisions"}],"predecessor-version":[{"id":8254,"href":"https:\/\/arendus.tricela.eu\/et\/wp-json\/wp\/v2\/product\/5046\/revisions\/8254"}],"wp:featuredmedia":[{"embeddable":true,"href":"https:\/\/arendus.tricela.eu\/et\/wp-json\/wp\/v2\/media\/5057"}],"wp:attachment":[{"href":"https:\/\/arendus.tricela.eu\/et\/wp-json\/wp\/v2\/media?parent=5046"}],"wp:term":[{"taxonomy":"product_cat","embeddable":true,"href":"https:\/\/arendus.tricela.eu\/et\/wp-json\/wp\/v2\/product_cat?post=5046"},{"taxonomy":"product_tag","embeddable":true,"href":"https:\/\/arendus.tricela.eu\/et\/wp-json\/wp\/v2\/product_tag?post=5046"}],"curies":[{"name":"wp","href":"https:\/\/api.w.org\/{rel}","templated":true}]}}