{"id":514,"date":"2020-05-11T02:38:05","date_gmt":"2020-05-11T02:38:05","guid":{"rendered":"https:\/\/demo2wpopal.b-cdn.net\/bridey\/?page_id=514"},"modified":"2024-06-13T14:46:17","modified_gmt":"2024-06-13T14:46:17","slug":"meist","status":"publish","type":"page","link":"https:\/\/arendus.tricela.eu\/et\/meist\/","title":{"rendered":"Meist"},"content":{"rendered":"\t\t<div data-elementor-type=\"wp-page\" data-elementor-id=\"514\" class=\"elementor elementor-514\" data-elementor-post-type=\"page\">\n\t\t\t\t\t\t<section class=\"elementor-section elementor-top-section elementor-element elementor-element-1bbc0df elementor-section-stretched elementor-reverse-mobile elementor-section-boxed elementor-section-height-default elementor-section-height-default\" data-id=\"1bbc0df\" data-element_type=\"section\" data-settings=\"{&quot;stretch_section&quot;:&quot;section-stretched&quot;}\">\n\t\t\t\t\t\t<div class=\"elementor-container elementor-column-gap-no\">\n\t\t\t\t\t<div class=\"elementor-column elementor-col-33 elementor-top-column elementor-element elementor-element-17a3e5e elementor-hidden-tablet elementor-hidden-mobile\" data-id=\"17a3e5e\" data-element_type=\"column\">\n\t\t\t<div class=\"elementor-widget-wrap\">\n\t\t\t\t\t\t\t<\/div>\n\t\t<\/div>\n\t\t\t\t<div class=\"elementor-column elementor-col-33 elementor-top-column elementor-element elementor-element-7dd0098\" data-id=\"7dd0098\" data-element_type=\"column\">\n\t\t\t<div class=\"elementor-widget-wrap elementor-element-populated\">\n\t\t\t\t\t\t<div class=\"elementor-element elementor-element-bdd8f68 elementor-widget elementor-widget-heading\" data-id=\"bdd8f68\" data-element_type=\"widget\" data-widget_type=\"heading.default\">\n\t\t\t\t<div class=\"elementor-widget-container\">\n\t\t\t<h2 class=\"elementor-heading-title elementor-size-default\">KUIDAS SEE K\u00d5IK ALGUSE SAI<br><\/h2>\t\t<\/div>\n\t\t\t\t<\/div>\n\t\t\t\t<div class=\"elementor-element elementor-element-9f5b66e elementor-widget elementor-widget-text-editor\" data-id=\"9f5b66e\" data-element_type=\"widget\" data-widget_type=\"text-editor.default\">\n\t\t\t\t<div class=\"elementor-widget-container\">\n\t\t\t\t\t\t\t<p>\u00a0<\/p><p><i><span style=\"font-weight: 400;\">\u201cSee oli armastus esimesest silmapilgust. Selline armastus, mis haarab su \u00fcleni endasse. Armastus, mis paneb sind tundma nagu jumalanna \u2013 naiselik, enesekindel, v\u00f5itmatu, m\u00fcstiline.\u00a0<\/span><\/i><\/p><p><i><span style=\"font-weight: 400;\">See lummav tunne tekkis m\u00f5ned aastad tagasi Rio de Janeiros \u00fchte poodi sisse jalutades ning imekaunist kootud kleiti silmates. Sellist kleiti, mida m\u00e4rkad kaugelt, ja tead juba tegelikult enne proovimist, et see tuleb t\u00e4na sinuga igal juhul koju.\u00a0<\/span><\/i><\/p><p><i><span style=\"font-weight: 400;\">Kleit istus seljas nagu valatult. M\u00f5nel riideesemel on kohe pisut seletamatult erakordne v\u00f5ime tuua esile positiivseid emotsioone ning see kleit oli \u00fcks nendest erilistest leidudest. Sellest hetkest s\u00fcndis ka minu unistus Tricelast.<\/span><\/i><\/p><p><i><span style=\"font-weight: 400;\">Unistuse t\u00e4itumine oli aga pikk protsess t\u00e4is magamata \u00f6id ja uskumist, et \u00fchel p\u00e4eval saavad ka teised Eesti naised tunda seda enesekindlat ja m\u00fcstilist tunnet, mida need erilised Brasiilias kootud kleidid endas peidavad.\u201d<\/span><\/i><\/p>\t\t\t\t\t\t<\/div>\n\t\t\t\t<\/div>\n\t\t\t\t<div class=\"elementor-element elementor-element-c32c9d8 elementor-hidden-desktop elementor-hidden-tablet elementor-widget elementor-widget-image\" data-id=\"c32c9d8\" data-element_type=\"widget\" data-widget_type=\"image.default\">\n\t\t\t\t<div class=\"elementor-widget-container\">\n\t\t\t\t\t\t\t\t\t\t\t\t\t<img fetchpriority=\"high\" decoding=\"async\" width=\"800\" height=\"451\" src=\"https:\/\/arendus.tricela.eu\/wp-content\/uploads\/2024\/01\/photo_2024-01-30_14-34-00-1024x577.jpg\" class=\"attachment-large size-large wp-image-6448\" alt=\"\" srcset=\"https:\/\/arendus.tricela.eu\/wp-content\/uploads\/2024\/01\/photo_2024-01-30_14-34-00-1024x577.jpg 1024w, https:\/\/arendus.tricela.eu\/wp-content\/uploads\/2024\/01\/photo_2024-01-30_14-34-00-600x338.jpg 600w, https:\/\/arendus.tricela.eu\/wp-content\/uploads\/2024\/01\/photo_2024-01-30_14-34-00-300x169.jpg 300w, https:\/\/arendus.tricela.eu\/wp-content\/uploads\/2024\/01\/photo_2024-01-30_14-34-00-768x433.jpg 768w, https:\/\/arendus.tricela.eu\/wp-content\/uploads\/2024\/01\/photo_2024-01-30_14-34-00-1000x565.jpg 1000w, https:\/\/arendus.tricela.eu\/wp-content\/uploads\/2024\/01\/photo_2024-01-30_14-34-00.jpg 1280w\" sizes=\"(max-width: 800px) 100vw, 800px\" \/>\t\t\t\t\t\t\t\t\t\t\t\t\t<\/div>\n\t\t\t\t<\/div>\n\t\t\t\t<div class=\"elementor-element elementor-element-79f21f5 elementor-hidden-phone elementor-widget elementor-widget-image\" data-id=\"79f21f5\" data-element_type=\"widget\" data-widget_type=\"image.default\">\n\t\t\t\t<div class=\"elementor-widget-container\">\n\t\t\t\t\t\t\t\t\t\t\t\t\t<img decoding=\"async\" width=\"1280\" height=\"721\" src=\"https:\/\/arendus.tricela.eu\/wp-content\/uploads\/2024\/01\/photo_2024-01-30_14-34-00.jpg\" class=\"attachment-full size-full wp-image-6448\" alt=\"\" srcset=\"https:\/\/arendus.tricela.eu\/wp-content\/uploads\/2024\/01\/photo_2024-01-30_14-34-00.jpg 1280w, https:\/\/arendus.tricela.eu\/wp-content\/uploads\/2024\/01\/photo_2024-01-30_14-34-00-600x338.jpg 600w, https:\/\/arendus.tricela.eu\/wp-content\/uploads\/2024\/01\/photo_2024-01-30_14-34-00-300x169.jpg 300w, https:\/\/arendus.tricela.eu\/wp-content\/uploads\/2024\/01\/photo_2024-01-30_14-34-00-1024x577.jpg 1024w, https:\/\/arendus.tricela.eu\/wp-content\/uploads\/2024\/01\/photo_2024-01-30_14-34-00-768x433.jpg 768w\" sizes=\"(max-width: 1280px) 100vw, 1280px\" \/>\t\t\t\t\t\t\t\t\t\t\t\t\t<\/div>\n\t\t\t\t<\/div>\n\t\t\t\t<div class=\"elementor-element elementor-element-571e1b7 elementor-widget elementor-widget-text-editor\" data-id=\"571e1b7\" data-element_type=\"widget\" data-widget_type=\"text-editor.default\">\n\t\t\t\t<div class=\"elementor-widget-container\">\n\t\t\t\t\t\t\t<p><i><span style=\"font-weight: 400;\">Esimene Brasiiliast ostetud kootud kleit<\/span><\/i><\/p>\t\t\t\t\t\t<\/div>\n\t\t\t\t<\/div>\n\t\t\t\t<div class=\"elementor-element elementor-element-4e6323e elementor-widget elementor-widget-text-editor\" data-id=\"4e6323e\" data-element_type=\"widget\" data-widget_type=\"text-editor.default\">\n\t\t\t\t<div class=\"elementor-widget-container\">\n\t\t\t\t\t\t\t<p><span style=\"font-weight: 400;\">Tricela kleidid on loodud selleks, et sind inspireerida ja tuua v\u00e4lja naiseks olemise k\u00f5ige \u00f5rnemad pooled. Kootud kleit on sinu jaoks loodud, kui soovid v\u00e4lja paista ja tunda end h\u00e4sti. Kuna igat meie mudelit on piiratud kogus, siis v\u00f5id kindel olla, et kandes Tricelat, on sinu \u00fcmber midagi erilist ja unikaalset.<\/span><\/p><p><span style=\"font-weight: 400;\">Meie kleitidesse on peidetud lood ja m\u00e4lestused Brasiiliast. Iga mudel kannab endas \u00fche erilise Brasiilia naise nime, kes on meid sel teekonnal aidanud. Nende nimedega kleidid pole ainult t\u00e4nuavaldus neile, vaid ka meeldetuletus, et iga kootud silmus on t\u00e4is armastust ja soojust, just nagu nad ise.<\/span><\/p><p><span style=\"font-weight: 400;\">\u00dchte kootud kleiti saad kanda igal pool \u2013 ainsaks piiranguks on sinu enda kujutlusv\u00f5ime. Tricelas v\u00f5id jalutada kuumal suvep\u00e4eval P\u00e4rnu rannas v\u00f5i nautida \u00f5htus\u00f6\u00f6ki kallimaga restoranis. Kleidid on \u00fches suuruses, aga nende veniv materjal t\u00e4hendab, et kleit sobib suurep\u00e4raselt kandmiseks ka siis, kui k\u00f5hus kasvab pisike ime.<\/span><\/p><p><span style=\"font-weight: 400;\">Oleme kollektsiooni lisanud ka s\u00e4rtsakaid Brasiilia toone. Loodame, et need julgustavad sind katsetama v\u00e4rve ning annavad energiat nendeks hetkedeks, kui seda k\u00f5ige enam vajad.<\/span><\/p><p><span style=\"font-weight: 400;\">Ait\u00e4h, et oled osa Tricela p\u00f5nevast algusteekonnast ning soovime sulle erilisi hetki meie kleitides.<\/span><\/p><p><span style=\"font-weight: 400;\">Sinu Tricela<\/span><\/p><p><i><span style=\"font-weight: 400;\">Obrigada!<\/span><\/i><\/p>\t\t\t\t\t\t<\/div>\n\t\t\t\t<\/div>\n\t\t\t\t<div class=\"elementor-element elementor-element-6fdc43d elementor-widget elementor-widget-image\" data-id=\"6fdc43d\" data-element_type=\"widget\" data-widget_type=\"image.default\">\n\t\t\t\t<div class=\"elementor-widget-container\">\n\t\t\t\t\t\t\t\t\t\t\t\t\t<img decoding=\"async\" width=\"1707\" height=\"2560\" src=\"https:\/\/arendus.tricela.eu\/wp-content\/uploads\/2024\/01\/MM_N2437-scaled.jpg\" class=\"attachment-full size-full wp-image-6442\" alt=\"\" srcset=\"https:\/\/arendus.tricela.eu\/wp-content\/uploads\/2024\/01\/MM_N2437-scaled.jpg 1707w, https:\/\/arendus.tricela.eu\/wp-content\/uploads\/2024\/01\/MM_N2437-scaled-300x450.jpg 300w, https:\/\/arendus.tricela.eu\/wp-content\/uploads\/2024\/01\/MM_N2437-scaled-600x900.jpg 600w, https:\/\/arendus.tricela.eu\/wp-content\/uploads\/2024\/01\/MM_N2437-200x300.jpg 200w, https:\/\/arendus.tricela.eu\/wp-content\/uploads\/2024\/01\/MM_N2437-683x1024.jpg 683w, https:\/\/arendus.tricela.eu\/wp-content\/uploads\/2024\/01\/MM_N2437-768x1152.jpg 768w, https:\/\/arendus.tricela.eu\/wp-content\/uploads\/2024\/01\/MM_N2437-1024x1536.jpg 1024w, https:\/\/arendus.tricela.eu\/wp-content\/uploads\/2024\/01\/MM_N2437-1365x2048.jpg 1365w\" sizes=\"(max-width: 1707px) 100vw, 1707px\" \/>\t\t\t\t\t\t\t\t\t\t\t\t\t<\/div>\n\t\t\t\t<\/div>\n\t\t\t\t\t<\/div>\n\t\t<\/div>\n\t\t\t\t<div class=\"elementor-column elementor-col-33 elementor-top-column elementor-element elementor-element-1618e21 elementor-hidden-tablet elementor-hidden-mobile\" data-id=\"1618e21\" data-element_type=\"column\">\n\t\t\t<div class=\"elementor-widget-wrap\">\n\t\t\t\t\t\t\t<\/div>\n\t\t<\/div>\n\t\t\t\t\t<\/div>\n\t\t<\/section>\n\t\t\t\t<section class=\"elementor-section elementor-top-section elementor-element elementor-element-199878e elementor-section-stretched elementor-section-boxed elementor-section-height-default elementor-section-height-default\" data-id=\"199878e\" data-element_type=\"section\" data-settings=\"{&quot;stretch_section&quot;:&quot;section-stretched&quot;}\">\n\t\t\t\t\t\t<div class=\"elementor-container elementor-column-gap-no\">\n\t\t\t\t\t<div class=\"elementor-column elementor-col-100 elementor-top-column elementor-element elementor-element-4accb38\" data-id=\"4accb38\" data-element_type=\"column\">\n\t\t\t<div class=\"elementor-widget-wrap elementor-element-populated\">\n\t\t\t\t\t\t<div class=\"elementor-element elementor-element-9c34f30 elementor-widget elementor-widget-text-editor\" data-id=\"9c34f30\" data-element_type=\"widget\" data-widget_type=\"text-editor.default\">\n\t\t\t\t<div class=\"elementor-widget-container\">\n\t\t\t\t\t\t\t<p class=\"p1\">Tutvu meie imelise kleidivalikuga<\/p>\t\t\t\t\t\t<\/div>\n\t\t\t\t<\/div>\n\t\t\t\t\t<\/div>\n\t\t<\/div>\n\t\t\t\t\t<\/div>\n\t\t<\/section>\n\t\t\t\t<\/div>\n\t\t","protected":false},"excerpt":{"rendered":"<p>KUIDAS SEE K\u00d5IK ALGUSE SAI \u00a0 \u201cSee oli armastus esimesest silmapilgust. Selline armastus, mis haarab su \u00fcleni endasse. Armastus, mis paneb sind tundma nagu jumalanna \u2013 naiselik, enesekindel, v\u00f5itmatu, m\u00fcstiline.\u00a0 See lummav tunne tekkis m\u00f5ned aastad tagasi Rio de Janeiros \u00fchte poodi sisse jalutades ning imekaunist kootud kleiti silmates. Sellist kleiti, mida m\u00e4rkad kaugelt, ja [&hellip;]<\/p>\n","protected":false},"author":1,"featured_media":0,"parent":0,"menu_order":0,"comment_status":"closed","ping_status":"closed","template":"elementor_header_footer","meta":{"inline_featured_image":false,"footnotes":""},"class_list":["post-514","page","type-page","status-publish","hentry"],"yoast_head":"<!-- This site is optimized with the Yoast SEO plugin v22.9 - https:\/\/yoast.com\/wordpress\/plugins\/seo\/ -->\n<title>Armastus esimesest silmapilgust | Tricela<\/title>\n<meta name=\"description\" content=\"Tricela kleitide alguslugu on t\u00e4is kirge, armastust, naiselikkust, lootust ja pisut Brasiilia m\u00fcstilistust. Loe l\u00e4hemalt!\" \/>\n<meta name=\"robots\" content=\"index, follow, max-snippet:-1, max-image-preview:large, max-video-preview:-1\" \/>\n<link rel=\"canonical\" href=\"https:\/\/arendus.tricela.eu\/et\/meist\/\" \/>\n<meta property=\"og:locale\" content=\"et_EE\" \/>\n<meta property=\"og:type\" content=\"article\" \/>\n<meta property=\"og:title\" content=\"Armastus esimesest silmapilgust | Tricela\" \/>\n<meta property=\"og:description\" content=\"Tricela kleitide alguslugu on t\u00e4is kirge, armastust, naiselikkust, lootust ja pisut Brasiilia m\u00fcstilistust. Loe l\u00e4hemalt!\" \/>\n<meta property=\"og:url\" content=\"https:\/\/arendus.tricela.eu\/et\/meist\/\" \/>\n<meta property=\"og:site_name\" content=\"Tricela\" \/>\n<meta property=\"article:modified_time\" content=\"2024-06-13T14:46:17+00:00\" \/>\n<meta property=\"og:image\" content=\"https:\/\/arendus.tricela.eu\/wp-content\/uploads\/2024\/01\/photo_2024-01-30_14-34-00-1024x577.jpg\" \/>\n<meta name=\"twitter:card\" content=\"summary_large_image\" \/>\n<meta name=\"twitter:label1\" content=\"Est. reading time\" \/>\n\t<meta name=\"twitter:data1\" content=\"3 minutit\" \/>\n<script type=\"application\/ld+json\" class=\"yoast-schema-graph\">{\"@context\":\"https:\/\/schema.org\",\"@graph\":[{\"@type\":\"WebPage\",\"@id\":\"https:\/\/arendus.tricela.eu\/et\/meist\/\",\"url\":\"https:\/\/arendus.tricela.eu\/et\/meist\/\",\"name\":\"Armastus esimesest silmapilgust | Tricela\",\"isPartOf\":{\"@id\":\"https:\/\/arendus.tricela.eu\/#website\"},\"primaryImageOfPage\":{\"@id\":\"https:\/\/arendus.tricela.eu\/et\/meist\/#primaryimage\"},\"image\":{\"@id\":\"https:\/\/arendus.tricela.eu\/et\/meist\/#primaryimage\"},\"thumbnailUrl\":\"https:\/\/arendus.tricela.eu\/wp-content\/uploads\/2024\/01\/photo_2024-01-30_14-34-00-1024x577.jpg\",\"datePublished\":\"2020-05-11T02:38:05+00:00\",\"dateModified\":\"2024-06-13T14:46:17+00:00\",\"description\":\"Tricela kleitide alguslugu on t\u00e4is kirge, armastust, naiselikkust, lootust ja pisut Brasiilia m\u00fcstilistust. Loe l\u00e4hemalt!\",\"breadcrumb\":{\"@id\":\"https:\/\/arendus.tricela.eu\/et\/meist\/#breadcrumb\"},\"inLanguage\":\"et\",\"potentialAction\":[{\"@type\":\"ReadAction\",\"target\":[\"https:\/\/arendus.tricela.eu\/et\/meist\/\"]}]},{\"@type\":\"ImageObject\",\"inLanguage\":\"et\",\"@id\":\"https:\/\/arendus.tricela.eu\/et\/meist\/#primaryimage\",\"url\":\"https:\/\/arendus.tricela.eu\/wp-content\/uploads\/2024\/01\/photo_2024-01-30_14-34-00-1024x577.jpg\",\"contentUrl\":\"https:\/\/arendus.tricela.eu\/wp-content\/uploads\/2024\/01\/photo_2024-01-30_14-34-00-1024x577.jpg\"},{\"@type\":\"BreadcrumbList\",\"@id\":\"https:\/\/arendus.tricela.eu\/et\/meist\/#breadcrumb\",\"itemListElement\":[{\"@type\":\"ListItem\",\"position\":1,\"name\":\"Home\",\"item\":\"https:\/\/arendus.tricela.eu\/et\/\"},{\"@type\":\"ListItem\",\"position\":2,\"name\":\"Meist\"}]},{\"@type\":\"WebSite\",\"@id\":\"https:\/\/arendus.tricela.eu\/#website\",\"url\":\"https:\/\/arendus.tricela.eu\/\",\"name\":\"Tricela\",\"description\":\"Kootud kleidid Brasiiliast\",\"publisher\":{\"@id\":\"https:\/\/arendus.tricela.eu\/#organization\"},\"potentialAction\":[{\"@type\":\"SearchAction\",\"target\":{\"@type\":\"EntryPoint\",\"urlTemplate\":\"https:\/\/arendus.tricela.eu\/?s={search_term_string}\"},\"query-input\":\"required name=search_term_string\"}],\"inLanguage\":\"et\"},{\"@type\":\"Organization\",\"@id\":\"https:\/\/arendus.tricela.eu\/#organization\",\"name\":\"Tricela\",\"url\":\"https:\/\/arendus.tricela.eu\/\",\"logo\":{\"@type\":\"ImageObject\",\"inLanguage\":\"et\",\"@id\":\"https:\/\/arendus.tricela.eu\/#\/schema\/logo\/image\/\",\"url\":\"https:\/\/arendus.tricela.eu\/wp-content\/uploads\/2020\/05\/logo123.svg\",\"contentUrl\":\"https:\/\/arendus.tricela.eu\/wp-content\/uploads\/2020\/05\/logo123.svg\",\"width\":366,\"height\":168,\"caption\":\"Tricela\"},\"image\":{\"@id\":\"https:\/\/arendus.tricela.eu\/#\/schema\/logo\/image\/\"},\"sameAs\":[\"https:\/\/www.instagram.com\/tricela.official\"]}]}<\/script>\n<!-- \/ Yoast SEO plugin. -->","yoast_head_json":{"title":"Armastus esimesest silmapilgust | Tricela","description":"Tricela kleitide alguslugu on t\u00e4is kirge, armastust, naiselikkust, lootust ja pisut Brasiilia m\u00fcstilistust. Loe l\u00e4hemalt!","robots":{"index":"index","follow":"follow","max-snippet":"max-snippet:-1","max-image-preview":"max-image-preview:large","max-video-preview":"max-video-preview:-1"},"canonical":"https:\/\/arendus.tricela.eu\/et\/meist\/","og_locale":"et_EE","og_type":"article","og_title":"Armastus esimesest silmapilgust | Tricela","og_description":"Tricela kleitide alguslugu on t\u00e4is kirge, armastust, naiselikkust, lootust ja pisut Brasiilia m\u00fcstilistust. Loe l\u00e4hemalt!","og_url":"https:\/\/arendus.tricela.eu\/et\/meist\/","og_site_name":"Tricela","article_modified_time":"2024-06-13T14:46:17+00:00","og_image":[{"url":"https:\/\/arendus.tricela.eu\/wp-content\/uploads\/2024\/01\/photo_2024-01-30_14-34-00-1024x577.jpg"}],"twitter_card":"summary_large_image","twitter_misc":{"Est. reading time":"3 minutit"},"schema":{"@context":"https:\/\/schema.org","@graph":[{"@type":"WebPage","@id":"https:\/\/arendus.tricela.eu\/et\/meist\/","url":"https:\/\/arendus.tricela.eu\/et\/meist\/","name":"Armastus esimesest silmapilgust | Tricela","isPartOf":{"@id":"https:\/\/arendus.tricela.eu\/#website"},"primaryImageOfPage":{"@id":"https:\/\/arendus.tricela.eu\/et\/meist\/#primaryimage"},"image":{"@id":"https:\/\/arendus.tricela.eu\/et\/meist\/#primaryimage"},"thumbnailUrl":"https:\/\/arendus.tricela.eu\/wp-content\/uploads\/2024\/01\/photo_2024-01-30_14-34-00-1024x577.jpg","datePublished":"2020-05-11T02:38:05+00:00","dateModified":"2024-06-13T14:46:17+00:00","description":"Tricela kleitide alguslugu on t\u00e4is kirge, armastust, naiselikkust, lootust ja pisut Brasiilia m\u00fcstilistust. Loe l\u00e4hemalt!","breadcrumb":{"@id":"https:\/\/arendus.tricela.eu\/et\/meist\/#breadcrumb"},"inLanguage":"et","potentialAction":[{"@type":"ReadAction","target":["https:\/\/arendus.tricela.eu\/et\/meist\/"]}]},{"@type":"ImageObject","inLanguage":"et","@id":"https:\/\/arendus.tricela.eu\/et\/meist\/#primaryimage","url":"https:\/\/arendus.tricela.eu\/wp-content\/uploads\/2024\/01\/photo_2024-01-30_14-34-00-1024x577.jpg","contentUrl":"https:\/\/arendus.tricela.eu\/wp-content\/uploads\/2024\/01\/photo_2024-01-30_14-34-00-1024x577.jpg"},{"@type":"BreadcrumbList","@id":"https:\/\/arendus.tricela.eu\/et\/meist\/#breadcrumb","itemListElement":[{"@type":"ListItem","position":1,"name":"Home","item":"https:\/\/arendus.tricela.eu\/et\/"},{"@type":"ListItem","position":2,"name":"Meist"}]},{"@type":"WebSite","@id":"https:\/\/arendus.tricela.eu\/#website","url":"https:\/\/arendus.tricela.eu\/","name":"Tricela","description":"Kootud kleidid Brasiiliast","publisher":{"@id":"https:\/\/arendus.tricela.eu\/#organization"},"potentialAction":[{"@type":"SearchAction","target":{"@type":"EntryPoint","urlTemplate":"https:\/\/arendus.tricela.eu\/?s={search_term_string}"},"query-input":"required name=search_term_string"}],"inLanguage":"et"},{"@type":"Organization","@id":"https:\/\/arendus.tricela.eu\/#organization","name":"Tricela","url":"https:\/\/arendus.tricela.eu\/","logo":{"@type":"ImageObject","inLanguage":"et","@id":"https:\/\/arendus.tricela.eu\/#\/schema\/logo\/image\/","url":"https:\/\/arendus.tricela.eu\/wp-content\/uploads\/2020\/05\/logo123.svg","contentUrl":"https:\/\/arendus.tricela.eu\/wp-content\/uploads\/2020\/05\/logo123.svg","width":366,"height":168,"caption":"Tricela"},"image":{"@id":"https:\/\/arendus.tricela.eu\/#\/schema\/logo\/image\/"},"sameAs":["https:\/\/www.instagram.com\/tricela.official"]}]}},"_links":{"self":[{"href":"https:\/\/arendus.tricela.eu\/et\/wp-json\/wp\/v2\/pages\/514","targetHints":{"allow":["GET"]}}],"collection":[{"href":"https:\/\/arendus.tricela.eu\/et\/wp-json\/wp\/v2\/pages"}],"about":[{"href":"https:\/\/arendus.tricela.eu\/et\/wp-json\/wp\/v2\/types\/page"}],"author":[{"embeddable":true,"href":"https:\/\/arendus.tricela.eu\/et\/wp-json\/wp\/v2\/users\/1"}],"replies":[{"embeddable":true,"href":"https:\/\/arendus.tricela.eu\/et\/wp-json\/wp\/v2\/comments?post=514"}],"version-history":[{"count":129,"href":"https:\/\/arendus.tricela.eu\/et\/wp-json\/wp\/v2\/pages\/514\/revisions"}],"predecessor-version":[{"id":8371,"href":"https:\/\/arendus.tricela.eu\/et\/wp-json\/wp\/v2\/pages\/514\/revisions\/8371"}],"wp:attachment":[{"href":"https:\/\/arendus.tricela.eu\/et\/wp-json\/wp\/v2\/media?parent=514"}],"curies":[{"name":"wp","href":"https:\/\/api.w.org\/{rel}","templated":true}]}}