{"id":383,"date":"2020-05-09T02:05:54","date_gmt":"2020-05-09T02:05:54","guid":{"rendered":"https:\/\/demo2wpopal.b-cdn.net\/bridey\/?page_id=383"},"modified":"2024-02-19T19:55:09","modified_gmt":"2024-02-19T19:55:09","slug":"myygitingimused","status":"publish","type":"page","link":"https:\/\/arendus.tricela.eu\/et\/myygitingimused\/","title":{"rendered":"M\u00fc\u00fcgitingimused"},"content":{"rendered":"\t\t<div data-elementor-type=\"wp-page\" data-elementor-id=\"383\" class=\"elementor elementor-383\" data-elementor-post-type=\"page\">\n\t\t\t\t<div class=\"elementor-element elementor-element-99bb224 e-flex e-con-boxed e-con e-parent\" data-id=\"99bb224\" data-element_type=\"container\">\n\t\t\t\t\t<div class=\"e-con-inner\">\n\t\t\t\t<div class=\"elementor-element elementor-element-3ab9a4c elementor-widget elementor-widget-text-editor\" data-id=\"3ab9a4c\" data-element_type=\"widget\" data-widget_type=\"text-editor.default\">\n\t\t\t\t<div class=\"elementor-widget-container\">\n\t\t\t\t\t\t\t<h3><span style=\"font-weight: 400;\">VEEBIPOE M\u00dc\u00dcGITINGIMUSED<\/span><\/h3><p><span style=\"font-weight: 400;\">VeebipoeTRICELA.EU\u00a0 (edaspidi Veebipood) omanik on TRICELA O\u00dc(registrikood 16800027), asukohaga Staapli 4, Tallinn.<\/span><\/p><p><span style=\"font-weight: 400;\">\u00a0<\/span><\/p><p><b>M\u00fc\u00fcgilepingu kehtivus, kauba- ja hinnainfo<\/b><\/p><p><span style=\"font-weight: 400;\">M\u00fc\u00fcgitingimused kehtivad Veebipoest kaupade ostmisel.<\/span><\/p><p><span style=\"font-weight: 400;\">Veebipoes m\u00fc\u00fcdavate toodete hinnad on m\u00e4rgitud toodete juurde. Hinnale lisandub tasu kauba k\u00e4ttetoimetamise eest. K\u00f5ik veebipoes m\u00fc\u00fcdavate kaupade hinnad on eurodes.<\/span><\/p><p><span style=\"font-weight: 400;\">Kauba k\u00e4ttetoimetamise tasu s\u00f5ltub ostja asukohast ning k\u00e4ttetoimetamise viisist. K\u00e4ttetoimetamise tasu kuvatakse ostjale tellimuse vormistamisel.<\/span><\/p><p><span style=\"font-weight: 400;\">Teave kauba kohta on esitatud Veebipoes vahetult kauba juures.<\/span><\/p><p><b>Tellimuse vormistamine<\/b><\/p><p><span style=\"font-weight: 400;\">Kauba tellimiseks tuleb lisada soovitud tooted ostukorvi. Tellimuse vormistamiseks tuleb ta\u0308ita no\u0303utud andmeva\u0308ljad ning valida sobiv toodete kohaletoimetamise viis. Seeja\u0308rel kuvatakse ekraanile tasu suurus, mille saab tasuda turvaliselt la\u0308bi ja\u0308rgnevate makseviiside:<\/span><\/p><ul><li style=\"font-weight: 400;\" aria-level=\"1\"><span style=\"font-weight: 400;\">Eesti pangamaksed: Swedbank, SEB, Luminor, LHV, Coop Pank, Citadele, Revolut ja Visa<\/span><\/li><li style=\"font-weight: 400;\" aria-level=\"1\"><span style=\"font-weight: 400;\">L\u00e4ti pangalingid: Swedbank, SEB, Citadele, Revolut ja Luminor<\/span><\/li><li style=\"font-weight: 400;\" aria-level=\"1\"><span style=\"font-weight: 400;\">Leedu pangalingid: Swedbank, SEB, Revolut, \u0160iauli\u0173 bankas ja Luminor<\/span><\/li><li style=\"font-weight: 400;\" aria-level=\"1\"><span style=\"font-weight: 400;\">Soome pangalingid: Aktia, Bank of \u00c5land, Danske, Handelsbanken, Nordea, Oma S\u00e4\u00e4stopankki, Pohjola, POP Bank, S-Pank, S\u00e4\u00e4stopankki, Revolut, Visa<\/span><\/li><li style=\"font-weight: 400;\" aria-level=\"1\"><span style=\"font-weight: 400;\">Visa \/ MasterCard krediitkaardimaksed<\/span><\/li><li style=\"font-weight: 400;\" aria-level=\"1\"><span style=\"font-weight: 400;\">Maksa hiljem maksev\u00f5imalus: Split<\/span><\/li><\/ul><p><span style=\"font-weight: 400;\">NB! Pangalingiga tasumisel vajutada kindlasti panga lehel nupule \u201eTagasi kaupmehe juurde\u201c.<\/span><\/p><p><span style=\"font-weight: 400;\">Makseid vahendab Montonio Finance O\u00dc. Tasumine toimub va\u0308ljaspool Veebipoodi turvalises keskkonnas \u2013 pangalingiga tasumisel vastava panga turvalises keskkonnas ja krediitkaardiga tasumisel Montonio Finance O\u00dc turvalises keskkonnas. Mu\u0308u\u0308jal puudub ligipa\u0308a\u0308s kliendi panga ja krediitkaardi andmetele. Leping jo\u0303ustub alates tasumisele kuuluva summa laekumisest Veebipoe arvelduskontole. Kui tellitud kaupa ei ole vo\u0303imalik tarnida seoses kauba lo\u0303ppemisega vo\u0303i muul po\u0303hjusel, teavitatakse sellest ostjat esimesel vo\u0303imalusel ning tagastatakse tasutud raha (sh kauba ka\u0308ttetoimetamise kulud) viivitamata, kuid mitte hiljem kui 14 pa\u0308eva jooksul teate saatmisest.<\/span><\/p><p><b>Kohaletoimetamine<\/b><\/p><p><span style=\"font-weight: 400;\">Kaubad toimetatakse j\u00e4rgmistesse riikidesse: Eesti, L\u00e4ti, Leedu, Soome, Poola, Saksamaa, Belgia,<\/span><span style=\"font-weight: 400;\"><br \/><\/span><span style=\"font-weight: 400;\">Kauba ka\u0308ttesaamiseks on ostjal ja\u0308rgnevad valikud: Itella pakiautomaadid, Omniva pakiautomaadid ja DPD<\/span><\/p><p><span style=\"font-weight: 400;\">Kauba saatmiskulud kannab ostja ning vastav hinnainfo on kuvatud saatmisviisi juures. Eestisisesed saadetised jo\u0303uavad u\u0308ldjuhul ostja ma\u0308a\u0308ratud sihtpunkti 1-2 to\u0308o\u0308pa\u0308eva jooksul alates mu\u0308u\u0308gilepingu jo\u0303ustumisest. Va\u0308ljaspool Eestit toimub kohaletoimetamine 2-7 kalendripa\u0308eva jooksul. <\/span><\/p><p><b>Taganemis\u00f5igus<\/b><\/p><p><span style=\"font-weight: 400;\">Poest ostetud kaup on v\u00f5imalik v\u00e4lja vahetada (n\u00e4iteks teisei v\u00e4rvi vastu) kokkuleppel.\u00a0<\/span><\/p><p><span style=\"font-weight: 400;\">P\u00e4rast tellimuse k\u00e4ttesaamist on ostjal \u00f5igus e-poes s\u00f5lmitud lepingust taganeda 14 p\u00e4eva jooksul.\u00a0<\/span><\/p><p><span style=\"font-weight: 400;\">Taganemis\u00f5igus ei kohaldu, kui ostjaks on juriidiline isik.<\/span><\/p><p><span style=\"font-weight: 400;\">\u00a0Tagastamisele kuuluva asja halvenemise korral vastutab tarbija asja kasutamisest tingitud v\u00e4\u00e4rtuse v\u00e4henemise eest \u00fcksnes juhul, kui ta on eset kasutanud muul viisil, kui on vaja asja olemuses, omadustes ja toimimises veendumiseks. Et veenduda eseme olemuses, omadustes ja toimimises, peaks Tarbija k\u00e4sitsema ja kasutama asja \u00fcksnes nii, nagu tal lubataks seda tavap\u00e4raselt poes teha. N\u00e4iteks on v\u00f5imalik poes riideid selga proovida, kuid riietelt ei tohi eemaldada etikette, riided ei tohi olla proovimise t\u00f5ttu m\u00e4\u00e4rdunud, kahjustunud,pestud ega parf\u00fc\u00fcmi, suitsu v\u00f5i m\u00f5ne muu k\u00f5rvall\u00f5hna toimel rikutud. Seet\u00f5ttu ei ole v\u00e4listatud, et asja kahjustamisega on toote v\u00e4\u00e4rtus v\u00e4henenud nullini ning Tricela O\u00dc-l on \u00f5igus k\u00fcsida asja v\u00e4\u00e4rtuse v\u00e4henemise eest h\u00fcvitist. Halvenenud kauba transpordikulud katab Tarbija.<\/span><span style=\"font-weight: 400;\"><br \/><\/span><span style=\"font-weight: 400;\"><br \/><\/span><span style=\"font-weight: 400;\">Kauba tagastamiseks tuleb esitada kauba ostmisest taganemise avaldus ning saata see aadressile <\/span><b>info@tricela.eu<\/b><span style=\"font-weight: 400;\"> hiljemalt 14 p\u00e4eva jooksul kauba k\u00e4ttesaamisest.\u00a0<\/span><\/p><p><span style=\"font-weight: 400;\"><br \/><\/span><b>Kauba tagastamise kulud kannab ostja, v\u00e4lja arvatud juhul, kui tagastamise p\u00f5hjus seisneb asjaolus, et tagastamisele kuuluv asi ei vasta tellitule (nt vale v\u00f5i defektiga asi)<\/b><span style=\"font-weight: 400;\">. <\/span><span style=\"font-weight: 400;\"><br \/><\/span><span style=\"font-weight: 400;\"><br \/><\/span><span style=\"font-weight: 400;\">Ostja peab kauba tagastama avalduse esitamisele j\u00e4rgneva 14 p\u00e4eva jooksul v\u00f5i esitama t\u00f5endi, et ta on eelnimetatud perioodi jooksul kauba \u00fcle andnud kauba vedajale.<\/span><span style=\"font-weight: 400;\"><br \/><\/span><span style=\"font-weight: 400;\"><br \/><\/span><span style=\"font-weight: 400;\">Veebipood tagastab tagastatava kauba k\u00e4ttesaamisel ostjale ostu sooritamisel saadud tasu, ent mitte hiljem kui 14 p\u00e4eva taganemisavalduse saamisest. <\/span><span style=\"font-weight: 400;\">Veebipoel on \u00f5igus keelduda raha tagastamisest kuni tagastatava kauba k\u00e4ttesaamiseni v\u00f5i kuni ostja on esitanud t\u00f5endi toodete tagastamise kohta, olenevalt sellest, kumb toimub varem.<\/span><span style=\"font-weight: 400;\"><br \/><\/span><span style=\"font-weight: 400;\"><br \/><\/span><span style=\"font-weight: 400;\"><br \/><\/span><span style=\"font-weight: 400;\">Veebipoel on \u00f5igus taganeda m\u00fc\u00fcgitehingust ja n\u00f5uda ostjalt tagasi kaup, kui kauba hind veebipoes on eksituse t\u00f5ttu m\u00e4rgitud oluliselt alla kauba turuhinna.<\/span><\/p><p><b>Pretensiooni esitamise \u00f5igus<\/b><\/p><p><span style=\"font-weight: 400;\">Ostjal on \u00f5igus puuduse ilmnemisel p\u00f6\u00f6rduda hiljemalt 14 p\u00e4eva jooksul veebipoe poole, saates ekirja aadressile <\/span><b>info@tricela.eu<\/b> <b><br \/><\/b><b><br \/><\/b><span style=\"font-weight: 400;\">Veebipood ei vastuta puuduste (nt rikutud pakend) eest, mis on tekkinud p\u00e4rast kauba \u00fcleandmist ostjale ehk tarne k\u00e4igus. <\/span><span style=\"font-weight: 400;\"><br \/><\/span><span style=\"font-weight: 400;\"><br \/><\/span><span style=\"font-weight: 400;\">Kui veebipoest ostetud kaubal on puudused, mille eest veebipood vastutab, parandab v\u00f5i asendab pood puudusega kauba. Kui kaupa ei ole v\u00f5imalik parandada ega asendada, tagastab veebipood ostjale k\u00f5ik m\u00fc\u00fcgilepinguga kaasnenud tasud.<\/span><span style=\"font-weight: 400;\"><br \/><\/span><span style=\"font-weight: 400;\"><br \/><\/span><span style=\"font-weight: 400;\">Veebipood vastab tarbija esitatud kaebusele kirjalikult v\u00f5i kirjalikku taasesitamist v\u00f5imaldavas vormis 15 p\u00e4eva jooksul.<\/span><\/p><p><b>Otseturustus ja isikuandmete t\u00f6\u00f6tlemine<\/b><\/p><p><span style=\"font-weight: 400;\">Veebipood kasutab ostja poolt sisestatud isikuandmeid ainult tellimuse t\u00f6\u00f6tlemiseks ning kauba ostjale saatmiseks. Veebipood edastab isikuandmeid veoteenust pakkuvale ettev\u00f5tetele selleks, et kohale toimetada kaupa.<\/span><\/p><p><span style=\"font-weight: 400;\">Veebipood saadab ostjale uudiskirju ning pakkumisi ostja e-maili aadressile ainult juhul, kui ostja on selleks avaldanud soovi sisestades veebilehel e-kirja aadressi ning andnud teada oma soovist otsepostituse teadete saamiseks.<\/span><\/p><p><span style=\"font-weight: 400;\">Ostjal on igal ajal v\u00f5imalik loobuda e-postile saadetavatest pakkumistest ja uudiskirjadest andes sellest meile teada e-kirja teel v\u00f5i j\u00e4rgides pakkumisi sisaldava e-kirjas toodud juhiseid.<\/span><\/p><p><b>Vaidluste lahendamine<\/b><\/p><p><span style=\"font-weight: 400;\">Kui ostjal on Veebipoe osas pretensioone, tuleb need saata e-kirja aadressile info@tricela.eu<\/span><\/p><p><span style=\"font-weight: 400;\">Kui ostja ja Veebipood ei suuda lahendada vaidlust kokkuleppe teel, siis on ostjal v\u00f5imalik p\u00f6\u00f6rduda Tarbijavaidluste komisjoni poole. Menetlustingimustega saab tutvuda ning avaldust esitada <\/span><a href=\"https:\/\/komisjon.ee\/et\/avalduse-esitamine\"><span style=\"font-weight: 400;\">siin<\/span><\/a><span style=\"font-weight: 400;\">. Tarbijavaidluste komisjoni p\u00e4devuses on lahendada ostja ja Veebipoe vahel s\u00f5lmitud lepingust tulenevaid vaidlusi. Ostja kaebuse l\u00e4bivaatamine komisjonis on tasuta.<\/span><\/p><p><span style=\"font-weight: 400;\">Ostja v\u00f5ib p\u00f6\u00f6rduda Euroopa Liidu tarbijavaidlusi lahendava platvormi poole.<\/span><\/p>\t\t\t\t\t\t<\/div>\n\t\t\t\t<\/div>\n\t\t\t\t\t<\/div>\n\t\t\t\t<\/div>\n\t\t\t\t<\/div>\n\t\t","protected":false},"excerpt":{"rendered":"<p>VEEBIPOE M\u00dc\u00dcGITINGIMUSED VeebipoeTRICELA.EU\u00a0 (edaspidi Veebipood) omanik on TRICELA O\u00dc(registrikood 16800027), asukohaga Staapli 4, Tallinn. \u00a0 M\u00fc\u00fcgilepingu kehtivus, kauba- ja hinnainfo M\u00fc\u00fcgitingimused kehtivad Veebipoest kaupade ostmisel. Veebipoes m\u00fc\u00fcdavate toodete hinnad on m\u00e4rgitud toodete juurde. Hinnale lisandub tasu kauba k\u00e4ttetoimetamise eest. K\u00f5ik veebipoes m\u00fc\u00fcdavate kaupade hinnad on eurodes. Kauba k\u00e4ttetoimetamise tasu s\u00f5ltub ostja asukohast ning k\u00e4ttetoimetamise viisist. [&hellip;]<\/p>\n","protected":false},"author":1,"featured_media":0,"parent":0,"menu_order":0,"comment_status":"closed","ping_status":"closed","template":"","meta":{"inline_featured_image":false,"footnotes":""},"class_list":["post-383","page","type-page","status-publish","hentry"],"yoast_head":"<!-- This site is optimized with the Yoast SEO plugin v22.9 - https:\/\/yoast.com\/wordpress\/plugins\/seo\/ -->\n<title>M\u00fc\u00fcgitingimused - Tricela<\/title>\n<meta name=\"robots\" content=\"index, follow, max-snippet:-1, max-image-preview:large, max-video-preview:-1\" \/>\n<link rel=\"canonical\" href=\"https:\/\/arendus.tricela.eu\/myygitingimused\/\" \/>\n<meta property=\"og:locale\" content=\"et_EE\" \/>\n<meta property=\"og:type\" content=\"article\" \/>\n<meta property=\"og:title\" content=\"M\u00fc\u00fcgitingimused - Tricela\" \/>\n<meta property=\"og:description\" content=\"VEEBIPOE M\u00dc\u00dcGITINGIMUSED VeebipoeTRICELA.EU\u00a0 (edaspidi Veebipood) omanik on TRICELA O\u00dc(registrikood 16800027), asukohaga Staapli 4, Tallinn. \u00a0 M\u00fc\u00fcgilepingu kehtivus, kauba- ja hinnainfo M\u00fc\u00fcgitingimused kehtivad Veebipoest kaupade ostmisel. Veebipoes m\u00fc\u00fcdavate toodete hinnad on m\u00e4rgitud toodete juurde. Hinnale lisandub tasu kauba k\u00e4ttetoimetamise eest. K\u00f5ik veebipoes m\u00fc\u00fcdavate kaupade hinnad on eurodes. Kauba k\u00e4ttetoimetamise tasu s\u00f5ltub ostja asukohast ning k\u00e4ttetoimetamise viisist. [&hellip;]\" \/>\n<meta property=\"og:url\" content=\"https:\/\/arendus.tricela.eu\/myygitingimused\/\" \/>\n<meta property=\"og:site_name\" content=\"Tricela\" \/>\n<meta property=\"article:modified_time\" content=\"2024-02-19T19:55:09+00:00\" \/>\n<meta name=\"twitter:card\" content=\"summary_large_image\" \/>\n<meta name=\"twitter:label1\" content=\"Est. reading time\" \/>\n\t<meta name=\"twitter:data1\" content=\"5 minutit\" \/>\n<script type=\"application\/ld+json\" class=\"yoast-schema-graph\">{\"@context\":\"https:\/\/schema.org\",\"@graph\":[{\"@type\":\"WebPage\",\"@id\":\"https:\/\/arendus.tricela.eu\/myygitingimused\/\",\"url\":\"https:\/\/arendus.tricela.eu\/myygitingimused\/\",\"name\":\"M\u00fc\u00fcgitingimused - Tricela\",\"isPartOf\":{\"@id\":\"https:\/\/arendus.tricela.eu\/#website\"},\"datePublished\":\"2020-05-09T02:05:54+00:00\",\"dateModified\":\"2024-02-19T19:55:09+00:00\",\"breadcrumb\":{\"@id\":\"https:\/\/arendus.tricela.eu\/myygitingimused\/#breadcrumb\"},\"inLanguage\":\"et\",\"potentialAction\":[{\"@type\":\"ReadAction\",\"target\":[\"https:\/\/arendus.tricela.eu\/myygitingimused\/\"]}]},{\"@type\":\"BreadcrumbList\",\"@id\":\"https:\/\/arendus.tricela.eu\/myygitingimused\/#breadcrumb\",\"itemListElement\":[{\"@type\":\"ListItem\",\"position\":1,\"name\":\"Home\",\"item\":\"https:\/\/arendus.tricela.eu\/et\/\"},{\"@type\":\"ListItem\",\"position\":2,\"name\":\"M\u00fc\u00fcgitingimused\"}]},{\"@type\":\"WebSite\",\"@id\":\"https:\/\/arendus.tricela.eu\/#website\",\"url\":\"https:\/\/arendus.tricela.eu\/\",\"name\":\"Tricela\",\"description\":\"Kootud kleidid Brasiiliast\",\"publisher\":{\"@id\":\"https:\/\/arendus.tricela.eu\/#organization\"},\"potentialAction\":[{\"@type\":\"SearchAction\",\"target\":{\"@type\":\"EntryPoint\",\"urlTemplate\":\"https:\/\/arendus.tricela.eu\/?s={search_term_string}\"},\"query-input\":\"required name=search_term_string\"}],\"inLanguage\":\"et\"},{\"@type\":\"Organization\",\"@id\":\"https:\/\/arendus.tricela.eu\/#organization\",\"name\":\"Tricela\",\"url\":\"https:\/\/arendus.tricela.eu\/\",\"logo\":{\"@type\":\"ImageObject\",\"inLanguage\":\"et\",\"@id\":\"https:\/\/arendus.tricela.eu\/#\/schema\/logo\/image\/\",\"url\":\"https:\/\/arendus.tricela.eu\/wp-content\/uploads\/2020\/05\/logo123.svg\",\"contentUrl\":\"https:\/\/arendus.tricela.eu\/wp-content\/uploads\/2020\/05\/logo123.svg\",\"width\":366,\"height\":168,\"caption\":\"Tricela\"},\"image\":{\"@id\":\"https:\/\/arendus.tricela.eu\/#\/schema\/logo\/image\/\"},\"sameAs\":[\"https:\/\/www.instagram.com\/tricela.official\"]}]}<\/script>\n<!-- \/ Yoast SEO plugin. -->","yoast_head_json":{"title":"M\u00fc\u00fcgitingimused - Tricela","robots":{"index":"index","follow":"follow","max-snippet":"max-snippet:-1","max-image-preview":"max-image-preview:large","max-video-preview":"max-video-preview:-1"},"canonical":"https:\/\/arendus.tricela.eu\/myygitingimused\/","og_locale":"et_EE","og_type":"article","og_title":"M\u00fc\u00fcgitingimused - Tricela","og_description":"VEEBIPOE M\u00dc\u00dcGITINGIMUSED VeebipoeTRICELA.EU\u00a0 (edaspidi Veebipood) omanik on TRICELA O\u00dc(registrikood 16800027), asukohaga Staapli 4, Tallinn. \u00a0 M\u00fc\u00fcgilepingu kehtivus, kauba- ja hinnainfo M\u00fc\u00fcgitingimused kehtivad Veebipoest kaupade ostmisel. Veebipoes m\u00fc\u00fcdavate toodete hinnad on m\u00e4rgitud toodete juurde. Hinnale lisandub tasu kauba k\u00e4ttetoimetamise eest. K\u00f5ik veebipoes m\u00fc\u00fcdavate kaupade hinnad on eurodes. Kauba k\u00e4ttetoimetamise tasu s\u00f5ltub ostja asukohast ning k\u00e4ttetoimetamise viisist. [&hellip;]","og_url":"https:\/\/arendus.tricela.eu\/myygitingimused\/","og_site_name":"Tricela","article_modified_time":"2024-02-19T19:55:09+00:00","twitter_card":"summary_large_image","twitter_misc":{"Est. reading time":"5 minutit"},"schema":{"@context":"https:\/\/schema.org","@graph":[{"@type":"WebPage","@id":"https:\/\/arendus.tricela.eu\/myygitingimused\/","url":"https:\/\/arendus.tricela.eu\/myygitingimused\/","name":"M\u00fc\u00fcgitingimused - Tricela","isPartOf":{"@id":"https:\/\/arendus.tricela.eu\/#website"},"datePublished":"2020-05-09T02:05:54+00:00","dateModified":"2024-02-19T19:55:09+00:00","breadcrumb":{"@id":"https:\/\/arendus.tricela.eu\/myygitingimused\/#breadcrumb"},"inLanguage":"et","potentialAction":[{"@type":"ReadAction","target":["https:\/\/arendus.tricela.eu\/myygitingimused\/"]}]},{"@type":"BreadcrumbList","@id":"https:\/\/arendus.tricela.eu\/myygitingimused\/#breadcrumb","itemListElement":[{"@type":"ListItem","position":1,"name":"Home","item":"https:\/\/arendus.tricela.eu\/et\/"},{"@type":"ListItem","position":2,"name":"M\u00fc\u00fcgitingimused"}]},{"@type":"WebSite","@id":"https:\/\/arendus.tricela.eu\/#website","url":"https:\/\/arendus.tricela.eu\/","name":"Tricela","description":"Kootud kleidid Brasiiliast","publisher":{"@id":"https:\/\/arendus.tricela.eu\/#organization"},"potentialAction":[{"@type":"SearchAction","target":{"@type":"EntryPoint","urlTemplate":"https:\/\/arendus.tricela.eu\/?s={search_term_string}"},"query-input":"required name=search_term_string"}],"inLanguage":"et"},{"@type":"Organization","@id":"https:\/\/arendus.tricela.eu\/#organization","name":"Tricela","url":"https:\/\/arendus.tricela.eu\/","logo":{"@type":"ImageObject","inLanguage":"et","@id":"https:\/\/arendus.tricela.eu\/#\/schema\/logo\/image\/","url":"https:\/\/arendus.tricela.eu\/wp-content\/uploads\/2020\/05\/logo123.svg","contentUrl":"https:\/\/arendus.tricela.eu\/wp-content\/uploads\/2020\/05\/logo123.svg","width":366,"height":168,"caption":"Tricela"},"image":{"@id":"https:\/\/arendus.tricela.eu\/#\/schema\/logo\/image\/"},"sameAs":["https:\/\/www.instagram.com\/tricela.official"]}]}},"_links":{"self":[{"href":"https:\/\/arendus.tricela.eu\/et\/wp-json\/wp\/v2\/pages\/383","targetHints":{"allow":["GET"]}}],"collection":[{"href":"https:\/\/arendus.tricela.eu\/et\/wp-json\/wp\/v2\/pages"}],"about":[{"href":"https:\/\/arendus.tricela.eu\/et\/wp-json\/wp\/v2\/types\/page"}],"author":[{"embeddable":true,"href":"https:\/\/arendus.tricela.eu\/et\/wp-json\/wp\/v2\/users\/1"}],"replies":[{"embeddable":true,"href":"https:\/\/arendus.tricela.eu\/et\/wp-json\/wp\/v2\/comments?post=383"}],"version-history":[{"count":17,"href":"https:\/\/arendus.tricela.eu\/et\/wp-json\/wp\/v2\/pages\/383\/revisions"}],"predecessor-version":[{"id":6851,"href":"https:\/\/arendus.tricela.eu\/et\/wp-json\/wp\/v2\/pages\/383\/revisions\/6851"}],"wp:attachment":[{"href":"https:\/\/arendus.tricela.eu\/et\/wp-json\/wp\/v2\/media?parent=383"}],"curies":[{"name":"wp","href":"https:\/\/api.w.org\/{rel}","templated":true}]}}