{"id":3295,"date":"2023-10-24T15:41:50","date_gmt":"2023-10-24T15:41:50","guid":{"rendered":"https:\/\/staging.tricela.ee\/?page_id=3295"},"modified":"2024-03-19T19:21:31","modified_gmt":"2024-03-19T19:21:31","slug":"hooldamine","status":"publish","type":"page","link":"https:\/\/arendus.tricela.eu\/et\/hooldamine\/","title":{"rendered":"Hooldamine"},"content":{"rendered":"\t\t<div data-elementor-type=\"wp-page\" data-elementor-id=\"3295\" class=\"elementor elementor-3295\" data-elementor-post-type=\"page\">\n\t\t\t\t\t\t<section class=\"elementor-section elementor-top-section elementor-element elementor-element-2a92a327 elementor-section-stretched elementor-reverse-mobile elementor-section-boxed elementor-section-height-default elementor-section-height-default\" data-id=\"2a92a327\" data-element_type=\"section\" data-settings=\"{&quot;stretch_section&quot;:&quot;section-stretched&quot;}\">\n\t\t\t\t\t\t<div class=\"elementor-container elementor-column-gap-no\">\n\t\t\t\t\t<div class=\"elementor-column elementor-col-100 elementor-top-column elementor-element elementor-element-709ca343\" data-id=\"709ca343\" data-element_type=\"column\">\n\t\t\t<div class=\"elementor-widget-wrap elementor-element-populated\">\n\t\t\t\t\t\t<div class=\"elementor-element elementor-element-6ebb36b7 elementor-widget elementor-widget-heading\" data-id=\"6ebb36b7\" data-element_type=\"widget\" data-widget_type=\"heading.default\">\n\t\t\t\t<div class=\"elementor-widget-container\">\n\t\t\t<h2 class=\"elementor-heading-title elementor-size-default\">KUIDAS HOOLDADA OMA KLEITI<\/h2>\t\t<\/div>\n\t\t\t\t<\/div>\n\t\t\t\t<div class=\"elementor-element elementor-element-46584c3 elementor-widget elementor-widget-text-editor\" data-id=\"46584c3\" data-element_type=\"widget\" data-widget_type=\"text-editor.default\">\n\t\t\t\t<div class=\"elementor-widget-container\">\n\t\t\t\t\t\t\t<p><span style=\"font-weight: 400;\">Suur ait\u00e4h, et oled otsustanud oma s\u00e4ra r\u00f5hutamiseks valida p\u00e4ikselises Brasiilias kootud Tricela kleidi.<\/span><\/p><p><span style=\"font-weight: 400;\">Just nagu sina, vajab ka iga eriline kleit pisut erilisemat hoolt. Selleks, et kleit p\u00fcsiks sama kaunis ka p\u00e4rast aastatepikkust kandmist, palun sul tema vajadusi pisut rohkem t\u00e4hele panna.<\/span><\/p>\t\t\t\t\t\t<\/div>\n\t\t\t\t<\/div>\n\t\t\t\t\t<\/div>\n\t\t<\/div>\n\t\t\t\t\t<\/div>\n\t\t<\/section>\n\t\t\t\t<section class=\"elementor-section elementor-top-section elementor-element elementor-element-35279d1 elementor-section-stretched elementor-section-boxed elementor-section-height-default elementor-section-height-default\" data-id=\"35279d1\" data-element_type=\"section\" data-settings=\"{&quot;stretch_section&quot;:&quot;section-stretched&quot;}\">\n\t\t\t\t\t\t<div class=\"elementor-container elementor-column-gap-no\">\n\t\t\t\t\t<div class=\"elementor-column elementor-col-50 elementor-top-column elementor-element elementor-element-3107e1d\" data-id=\"3107e1d\" data-element_type=\"column\">\n\t\t\t<div class=\"elementor-widget-wrap elementor-element-populated\">\n\t\t\t\t\t\t<div class=\"elementor-element elementor-element-9cdc5f3 elementor-vertical-align-middle elementor-widget elementor-widget-icon-box\" data-id=\"9cdc5f3\" data-element_type=\"widget\" data-widget_type=\"icon-box.default\">\n\t\t\t\t<div class=\"elementor-widget-container\">\n\t\t\t\t\t<div class=\"elementor-icon-box-wrapper\">\n\n\t\t\t\n\t\t\t\t\t\t<div class=\"elementor-icon-box-content\">\n\n\t\t\t\t\t\t\t\t\t<h3 class=\"elementor-icon-box-title\">\n\t\t\t\t\t\t<span  >\n\t\t\t\t\t\t\tPESEMINE\t\t\t\t\t\t<\/span>\n\t\t\t\t\t<\/h3>\n\t\t\t\t\n\t\t\t\t\n\t\t\t<\/div>\n\t\t\t\n\t\t<\/div>\n\t\t\t\t<\/div>\n\t\t\t\t<\/div>\n\t\t\t\t<div class=\"elementor-element elementor-element-866b505 elementor-widget elementor-widget-text-editor\" data-id=\"866b505\" data-element_type=\"widget\" data-widget_type=\"text-editor.default\">\n\t\t\t\t<div class=\"elementor-widget-container\">\n\t\t\t\t\t\t\t<p><span style=\"font-weight: 400;\">Pestes <\/span><b>p\u00f6\u00f6ra kleit<\/b><span style=\"font-weight: 400;\"> alati <\/span><b>pahupidi<\/b><span style=\"font-weight: 400;\">.<\/span><\/p><p><span style=\"font-weight: 400;\">Vajame aeg-ajalt hetki \u00fcksinduses, et m\u00f5tteid m\u00f5lgutada ja hinge t\u00f5mmata. Nii ka sinu kleit.\u00a0<\/span><\/p><p><b>\u00c4ra pese teda koos teiste riietega<\/b><span style=\"font-weight: 400;\"> et ta saaks rahus ja vaikuses oma ilu taastada.<\/span><\/p><p><b>Kasuta toatemperatuuril vett<\/b><span style=\"font-weight: 400;\">, et v\u00e4ltida eseme kokkut\u00f5mbumist.<\/span><\/p><p><b style=\"background-color: var( --e-global-color-98acb39 );\">Pese kleiti k\u00e4sitsi<\/b><span style=\"background-color: var( --e-global-color-98acb39 );\">, <\/span><b style=\"background-color: var( --e-global-color-98acb39 );\">lisades vette veidi \u00f5rnatoimelist pesuainet<\/b><span style=\"background-color: var( --e-global-color-98acb39 );\">. Kleit vajab umbes 10 minutit spaapuhkust ehk vees ligunemist. Palun \u00e4ra kasuta tugevatoimelisi pesuaineid, sest need muudavad l\u00f5nga k\u00f5vaks.<\/span><\/p><p><b style=\"background-color: var( --e-global-color-98acb39 );\">Loputa hoolega<\/b><span style=\"background-color: var( --e-global-color-98acb39 );\">, aga ole selle juures \u00f5rn.<\/span><\/p><p><span style=\"font-weight: 400;\">L\u00f5nga hoiab pehmena, kui <\/span><b>lisad vette veidi pesuloputusvahendit v\u00f5i -pehmendajat<\/b><span style=\"font-weight: 400;\"> ja lased kleidil selles m\u00f5ned minutid hoolitsuse l\u00f5ppu nautida.<\/span><\/p><p><b>Tee viimane loputus<\/b><span style=\"font-weight: 400;\">.<\/span><\/p>\t\t\t\t\t\t<\/div>\n\t\t\t\t<\/div>\n\t\t\t\t\t<\/div>\n\t\t<\/div>\n\t\t\t\t<div class=\"elementor-column elementor-col-50 elementor-top-column elementor-element elementor-element-4a5fb6a\" data-id=\"4a5fb6a\" data-element_type=\"column\">\n\t\t\t<div class=\"elementor-widget-wrap elementor-element-populated\">\n\t\t\t\t\t\t<div class=\"elementor-element elementor-element-7479857 elementor-widget__width-initial elementor-widget-tablet__width-initial elementor-widget elementor-widget-image\" data-id=\"7479857\" data-element_type=\"widget\" data-widget_type=\"image.default\">\n\t\t\t\t<div class=\"elementor-widget-container\">\n\t\t\t\t\t\t\t\t\t\t\t\t\t<img fetchpriority=\"high\" decoding=\"async\" width=\"719\" height=\"1024\" src=\"https:\/\/arendus.tricela.eu\/wp-content\/uploads\/2024\/02\/5893915842682468808-1-719x1024.jpeg\" class=\"attachment-large size-large wp-image-6792\" alt=\"\" srcset=\"https:\/\/arendus.tricela.eu\/wp-content\/uploads\/2024\/02\/5893915842682468808-1-719x1024.jpeg 719w, https:\/\/arendus.tricela.eu\/wp-content\/uploads\/2024\/02\/5893915842682468808-1-600x855.jpeg 600w, https:\/\/arendus.tricela.eu\/wp-content\/uploads\/2024\/02\/5893915842682468808-1-211x300.jpeg 211w, https:\/\/arendus.tricela.eu\/wp-content\/uploads\/2024\/02\/5893915842682468808-1-768x1094.jpeg 768w, https:\/\/arendus.tricela.eu\/wp-content\/uploads\/2024\/02\/5893915842682468808-1.jpeg 900w\" sizes=\"(max-width: 719px) 100vw, 719px\" \/>\t\t\t\t\t\t\t\t\t\t\t\t\t<\/div>\n\t\t\t\t<\/div>\n\t\t\t\t\t<\/div>\n\t\t<\/div>\n\t\t\t\t\t<\/div>\n\t\t<\/section>\n\t\t\t\t<section class=\"elementor-section elementor-top-section elementor-element elementor-element-04d9ea5 elementor-section-stretched elementor-section-boxed elementor-section-height-default elementor-section-height-default\" data-id=\"04d9ea5\" data-element_type=\"section\" data-settings=\"{&quot;stretch_section&quot;:&quot;section-stretched&quot;}\">\n\t\t\t\t\t\t<div class=\"elementor-container elementor-column-gap-no\">\n\t\t\t\t\t<div class=\"elementor-column elementor-col-50 elementor-top-column elementor-element elementor-element-10fb414\" data-id=\"10fb414\" data-element_type=\"column\">\n\t\t\t<div class=\"elementor-widget-wrap elementor-element-populated\">\n\t\t\t\t\t\t<div class=\"elementor-element elementor-element-fee499d elementor-vertical-align-middle elementor-widget elementor-widget-icon-box\" data-id=\"fee499d\" data-element_type=\"widget\" data-widget_type=\"icon-box.default\">\n\t\t\t\t<div class=\"elementor-widget-container\">\n\t\t\t\t\t<div class=\"elementor-icon-box-wrapper\">\n\n\t\t\t\n\t\t\t\t\t\t<div class=\"elementor-icon-box-content\">\n\n\t\t\t\t\t\t\t\t\t<h3 class=\"elementor-icon-box-title\">\n\t\t\t\t\t\t<span  >\n\t\t\t\t\t\t\t<br>KUIVATAMINE\t\t\t\t\t\t<\/span>\n\t\t\t\t\t<\/h3>\n\t\t\t\t\n\t\t\t\t\n\t\t\t<\/div>\n\t\t\t\n\t\t<\/div>\n\t\t\t\t<\/div>\n\t\t\t\t<\/div>\n\t\t\t\t<div class=\"elementor-element elementor-element-5292eb7 elementor-widget elementor-widget-text-editor\" data-id=\"5292eb7\" data-element_type=\"widget\" data-widget_type=\"text-editor.default\">\n\t\t\t\t<div class=\"elementor-widget-container\">\n\t\t\t\t\t\t\t<p><b>Pressi vesi \u00f5rnalt kleidist v\u00e4lja<\/b><span style=\"font-weight: 400;\">. <\/span><span style=\"font-weight: 400;\">\u00dche nipina v\u00f5id pressimiseks kasutada saunalina \u2013 see aitab vett endasse imeda.<\/span><\/p><p><b>\u00c4ra kunagi v\u00e4\u00e4na vett v\u00e4lja<\/b><span style=\"font-weight: 400;\">, sest see p\u00f5hjustab l\u00f5nga v\u00e4ljavenimist.<\/span><\/p><p><span style=\"font-weight: 400;\">P\u00e4rast spaatamist on m\u00f5nus pikali visata ja sama tahab teha ka Tricela kleit. <\/span><b>Kuivata kleiti horisontaalses asendis<\/b><span style=\"font-weight: 400;\">, et kleit ei kaotaks oma ilusat kuju.<\/span><\/p><p><b>Kleiti ei tohi kuivatisse panna ning otsese p\u00e4ikesevalguse k\u00e4es kuivatada<\/b><span style=\"font-weight: 400;\">, sest nagu k\u00f5rged temperatuurid v\u00f5ivad meie nahale kahju teha, teevad need liiga ka l\u00f5ngale.<\/span><\/p>\t\t\t\t\t\t<\/div>\n\t\t\t\t<\/div>\n\t\t\t\t\t<\/div>\n\t\t<\/div>\n\t\t\t\t<div class=\"elementor-column elementor-col-50 elementor-top-column elementor-element elementor-element-3a66252\" data-id=\"3a66252\" data-element_type=\"column\">\n\t\t\t<div class=\"elementor-widget-wrap elementor-element-populated\">\n\t\t\t\t\t\t<div class=\"elementor-element elementor-element-ae8bf38 elementor-widget__width-initial elementor-widget-tablet__width-initial elementor-widget elementor-widget-image\" data-id=\"ae8bf38\" data-element_type=\"widget\" data-widget_type=\"image.default\">\n\t\t\t\t<div class=\"elementor-widget-container\">\n\t\t\t\t\t\t\t\t\t\t\t\t\t<img decoding=\"async\" width=\"800\" height=\"1023\" src=\"https:\/\/arendus.tricela.eu\/wp-content\/uploads\/2024\/02\/7755374008119765664-1-801x1024.jpeg\" class=\"attachment-large size-large wp-image-6797\" alt=\"\" srcset=\"https:\/\/arendus.tricela.eu\/wp-content\/uploads\/2024\/02\/7755374008119765664-1-801x1024.jpeg 801w, https:\/\/arendus.tricela.eu\/wp-content\/uploads\/2024\/02\/7755374008119765664-1-600x767.jpeg 600w, https:\/\/arendus.tricela.eu\/wp-content\/uploads\/2024\/02\/7755374008119765664-1-235x300.jpeg 235w, https:\/\/arendus.tricela.eu\/wp-content\/uploads\/2024\/02\/7755374008119765664-1-768x982.jpeg 768w, https:\/\/arendus.tricela.eu\/wp-content\/uploads\/2024\/02\/7755374008119765664-1.jpeg 890w\" sizes=\"(max-width: 800px) 100vw, 800px\" \/>\t\t\t\t\t\t\t\t\t\t\t\t\t<\/div>\n\t\t\t\t<\/div>\n\t\t\t\t\t<\/div>\n\t\t<\/div>\n\t\t\t\t\t<\/div>\n\t\t<\/section>\n\t\t\t\t<section class=\"elementor-section elementor-top-section elementor-element elementor-element-876c5f2 elementor-section-stretched elementor-section-boxed elementor-section-height-default elementor-section-height-default\" data-id=\"876c5f2\" data-element_type=\"section\" data-settings=\"{&quot;stretch_section&quot;:&quot;section-stretched&quot;}\">\n\t\t\t\t\t\t<div class=\"elementor-container elementor-column-gap-no\">\n\t\t\t\t\t<div class=\"elementor-column elementor-col-100 elementor-top-column elementor-element elementor-element-96cfd06\" data-id=\"96cfd06\" data-element_type=\"column\">\n\t\t\t<div class=\"elementor-widget-wrap elementor-element-populated\">\n\t\t\t\t\t\t<div class=\"elementor-element elementor-element-8483252 elementor-vertical-align-middle elementor-widget elementor-widget-icon-box\" data-id=\"8483252\" data-element_type=\"widget\" data-widget_type=\"icon-box.default\">\n\t\t\t\t<div class=\"elementor-widget-container\">\n\t\t\t\t\t<div class=\"elementor-icon-box-wrapper\">\n\n\t\t\t\n\t\t\t\t\t\t<div class=\"elementor-icon-box-content\">\n\n\t\t\t\t\t\t\t\t\t<h3 class=\"elementor-icon-box-title\">\n\t\t\t\t\t\t<span  >\n\t\t\t\t\t\t\t<br>HEA TEADA\t\t\t\t\t\t<\/span>\n\t\t\t\t\t<\/h3>\n\t\t\t\t\n\t\t\t\t\n\t\t\t<\/div>\n\t\t\t\n\t\t<\/div>\n\t\t\t\t<\/div>\n\t\t\t\t<\/div>\n\t\t\t\t<div class=\"elementor-element elementor-element-81d8312 elementor-widget elementor-widget-text-editor\" data-id=\"81d8312\" data-element_type=\"widget\" data-widget_type=\"text-editor.default\">\n\t\t\t\t<div class=\"elementor-widget-container\">\n\t\t\t\t\t\t\t<p style=\"text-align: left;\"><span style=\"font-weight: 400;\">\u00c4ra pane kleiti riidepuule rippuma, vaid <\/span><b>hoia kokkuvolditult<\/b><span style=\"font-weight: 400;\">.<\/span><\/p><p style=\"text-align: left;\"><span style=\"font-weight: 400;\">Kleiti <strong>ei ole vaja triikida.<\/strong><\/span><\/p><p style=\"text-align: left;\"><span style=\"font-weight: 400;\">Kui l\u00f5ng on kleidist v\u00e4lja tulnud, siis<strong> t\u00f5mba see juukseklambri v\u00f5i heegeln\u00f5elaga ettevaatlikult<\/strong> tagasi algsele kohale. Kindlasti <strong>ei tohiks<\/strong> l\u00f5ngajuppi <strong>k\u00e4\u00e4ridega<\/strong> \u00e4ra l\u00f5igata, sest nii v\u00f5ib kleit hargnema hakata.<\/span><\/p>\t\t\t\t\t\t<\/div>\n\t\t\t\t<\/div>\n\t\t\t\t\t<\/div>\n\t\t<\/div>\n\t\t\t\t\t<\/div>\n\t\t<\/section>\n\t\t<div class=\"elementor-element elementor-element-5e2c154 e-flex e-con-boxed e-con e-parent\" data-id=\"5e2c154\" data-element_type=\"container\">\n\t\t\t\t\t<div class=\"e-con-inner\">\n\t\t\t\t<div class=\"elementor-element elementor-element-96311bd elementor-widget elementor-widget-text-editor\" data-id=\"96311bd\" data-element_type=\"widget\" data-widget_type=\"text-editor.default\">\n\t\t\t\t<div class=\"elementor-widget-container\">\n\t\t\t\t\t\t\t<p><span style=\"font-weight: 400;\">\u00a0<\/span><span style=\"background-color: var( --e-global-color-98acb39 );\">Soovime sulle palju erilisi hetki Tricela kleidis!<\/span><\/p><p>\u00a0<\/p><p><span style=\"font-weight: 400;\">Sinu Tricela<\/span><\/p><p><i><span style=\"font-weight: 400;\">Obrigada!<\/span><\/i><\/p>\t\t\t\t\t\t<\/div>\n\t\t\t\t<\/div>\n\t\t\t\t\t<\/div>\n\t\t\t\t<\/div>\n\t\t\t\t<\/div>\n\t\t","protected":false},"excerpt":{"rendered":"<p>KUIDAS HOOLDADA OMA KLEITI Suur ait\u00e4h, et oled otsustanud oma s\u00e4ra r\u00f5hutamiseks valida p\u00e4ikselises Brasiilias kootud Tricela kleidi. Just nagu sina, vajab ka iga eriline kleit pisut erilisemat hoolt. Selleks, et kleit p\u00fcsiks sama kaunis ka p\u00e4rast aastatepikkust kandmist, palun sul tema vajadusi pisut rohkem t\u00e4hele panna. PESEMINE Pestes p\u00f6\u00f6ra kleit alati pahupidi. Vajame aeg-ajalt [&hellip;]<\/p>\n","protected":false},"author":1,"featured_media":0,"parent":0,"menu_order":0,"comment_status":"closed","ping_status":"closed","template":"","meta":{"inline_featured_image":false,"footnotes":""},"class_list":["post-3295","page","type-page","status-publish","hentry"],"yoast_head":"<!-- This site is optimized with the Yoast SEO plugin v22.9 - https:\/\/yoast.com\/wordpress\/plugins\/seo\/ -->\n<title>Kuidas hooldada kootud kleiti | Tricela<\/title>\n<meta name=\"description\" content=\"Just nagu sina, vajab ka iga eriline kleit pisut erilisemat hoolt. Vaata l\u00e4hemalt, kuidas hooldada Tricela kootud kleite!\" \/>\n<meta name=\"robots\" content=\"index, follow, max-snippet:-1, max-image-preview:large, max-video-preview:-1\" \/>\n<link rel=\"canonical\" href=\"https:\/\/arendus.tricela.eu\/hooldamine\/\" \/>\n<meta property=\"og:locale\" content=\"et_EE\" \/>\n<meta property=\"og:type\" content=\"article\" \/>\n<meta property=\"og:title\" content=\"Kuidas hooldada kootud kleiti | Tricela\" \/>\n<meta property=\"og:description\" content=\"Just nagu sina, vajab ka iga eriline kleit pisut erilisemat hoolt. Vaata l\u00e4hemalt, kuidas hooldada Tricela kootud kleite!\" \/>\n<meta property=\"og:url\" content=\"https:\/\/arendus.tricela.eu\/hooldamine\/\" \/>\n<meta property=\"og:site_name\" content=\"Tricela\" \/>\n<meta property=\"article:modified_time\" content=\"2024-03-19T19:21:31+00:00\" \/>\n<meta property=\"og:image\" content=\"https:\/\/arendus.tricela.eu\/wp-content\/uploads\/2024\/02\/5893915842682468808-1-719x1024.jpeg\" \/>\n<meta name=\"twitter:card\" content=\"summary_large_image\" \/>\n<meta name=\"twitter:label1\" content=\"Est. reading time\" \/>\n\t<meta name=\"twitter:data1\" content=\"2 minutit\" \/>\n<script type=\"application\/ld+json\" class=\"yoast-schema-graph\">{\"@context\":\"https:\/\/schema.org\",\"@graph\":[{\"@type\":\"WebPage\",\"@id\":\"https:\/\/arendus.tricela.eu\/hooldamine\/\",\"url\":\"https:\/\/arendus.tricela.eu\/hooldamine\/\",\"name\":\"Kuidas hooldada kootud kleiti | Tricela\",\"isPartOf\":{\"@id\":\"https:\/\/arendus.tricela.eu\/#website\"},\"primaryImageOfPage\":{\"@id\":\"https:\/\/arendus.tricela.eu\/hooldamine\/#primaryimage\"},\"image\":{\"@id\":\"https:\/\/arendus.tricela.eu\/hooldamine\/#primaryimage\"},\"thumbnailUrl\":\"https:\/\/arendus.tricela.eu\/wp-content\/uploads\/2024\/02\/5893915842682468808-1-719x1024.jpeg\",\"datePublished\":\"2023-10-24T15:41:50+00:00\",\"dateModified\":\"2024-03-19T19:21:31+00:00\",\"description\":\"Just nagu sina, vajab ka iga eriline kleit pisut erilisemat hoolt. Vaata l\u00e4hemalt, kuidas hooldada Tricela kootud kleite!\",\"breadcrumb\":{\"@id\":\"https:\/\/arendus.tricela.eu\/hooldamine\/#breadcrumb\"},\"inLanguage\":\"et\",\"potentialAction\":[{\"@type\":\"ReadAction\",\"target\":[\"https:\/\/arendus.tricela.eu\/hooldamine\/\"]}]},{\"@type\":\"ImageObject\",\"inLanguage\":\"et\",\"@id\":\"https:\/\/arendus.tricela.eu\/hooldamine\/#primaryimage\",\"url\":\"https:\/\/arendus.tricela.eu\/wp-content\/uploads\/2024\/02\/5893915842682468808-1-719x1024.jpeg\",\"contentUrl\":\"https:\/\/arendus.tricela.eu\/wp-content\/uploads\/2024\/02\/5893915842682468808-1-719x1024.jpeg\"},{\"@type\":\"BreadcrumbList\",\"@id\":\"https:\/\/arendus.tricela.eu\/hooldamine\/#breadcrumb\",\"itemListElement\":[{\"@type\":\"ListItem\",\"position\":1,\"name\":\"Home\",\"item\":\"https:\/\/arendus.tricela.eu\/et\/\"},{\"@type\":\"ListItem\",\"position\":2,\"name\":\"Hooldamine\"}]},{\"@type\":\"WebSite\",\"@id\":\"https:\/\/arendus.tricela.eu\/#website\",\"url\":\"https:\/\/arendus.tricela.eu\/\",\"name\":\"Tricela\",\"description\":\"Kootud kleidid Brasiiliast\",\"publisher\":{\"@id\":\"https:\/\/arendus.tricela.eu\/#organization\"},\"potentialAction\":[{\"@type\":\"SearchAction\",\"target\":{\"@type\":\"EntryPoint\",\"urlTemplate\":\"https:\/\/arendus.tricela.eu\/?s={search_term_string}\"},\"query-input\":\"required name=search_term_string\"}],\"inLanguage\":\"et\"},{\"@type\":\"Organization\",\"@id\":\"https:\/\/arendus.tricela.eu\/#organization\",\"name\":\"Tricela\",\"url\":\"https:\/\/arendus.tricela.eu\/\",\"logo\":{\"@type\":\"ImageObject\",\"inLanguage\":\"et\",\"@id\":\"https:\/\/arendus.tricela.eu\/#\/schema\/logo\/image\/\",\"url\":\"https:\/\/arendus.tricela.eu\/wp-content\/uploads\/2020\/05\/logo123.svg\",\"contentUrl\":\"https:\/\/arendus.tricela.eu\/wp-content\/uploads\/2020\/05\/logo123.svg\",\"width\":366,\"height\":168,\"caption\":\"Tricela\"},\"image\":{\"@id\":\"https:\/\/arendus.tricela.eu\/#\/schema\/logo\/image\/\"},\"sameAs\":[\"https:\/\/www.instagram.com\/tricela.official\"]}]}<\/script>\n<!-- \/ Yoast SEO plugin. -->","yoast_head_json":{"title":"Kuidas hooldada kootud kleiti | Tricela","description":"Just nagu sina, vajab ka iga eriline kleit pisut erilisemat hoolt. Vaata l\u00e4hemalt, kuidas hooldada Tricela kootud kleite!","robots":{"index":"index","follow":"follow","max-snippet":"max-snippet:-1","max-image-preview":"max-image-preview:large","max-video-preview":"max-video-preview:-1"},"canonical":"https:\/\/arendus.tricela.eu\/hooldamine\/","og_locale":"et_EE","og_type":"article","og_title":"Kuidas hooldada kootud kleiti | Tricela","og_description":"Just nagu sina, vajab ka iga eriline kleit pisut erilisemat hoolt. Vaata l\u00e4hemalt, kuidas hooldada Tricela kootud kleite!","og_url":"https:\/\/arendus.tricela.eu\/hooldamine\/","og_site_name":"Tricela","article_modified_time":"2024-03-19T19:21:31+00:00","og_image":[{"url":"https:\/\/arendus.tricela.eu\/wp-content\/uploads\/2024\/02\/5893915842682468808-1-719x1024.jpeg"}],"twitter_card":"summary_large_image","twitter_misc":{"Est. reading time":"2 minutit"},"schema":{"@context":"https:\/\/schema.org","@graph":[{"@type":"WebPage","@id":"https:\/\/arendus.tricela.eu\/hooldamine\/","url":"https:\/\/arendus.tricela.eu\/hooldamine\/","name":"Kuidas hooldada kootud kleiti | Tricela","isPartOf":{"@id":"https:\/\/arendus.tricela.eu\/#website"},"primaryImageOfPage":{"@id":"https:\/\/arendus.tricela.eu\/hooldamine\/#primaryimage"},"image":{"@id":"https:\/\/arendus.tricela.eu\/hooldamine\/#primaryimage"},"thumbnailUrl":"https:\/\/arendus.tricela.eu\/wp-content\/uploads\/2024\/02\/5893915842682468808-1-719x1024.jpeg","datePublished":"2023-10-24T15:41:50+00:00","dateModified":"2024-03-19T19:21:31+00:00","description":"Just nagu sina, vajab ka iga eriline kleit pisut erilisemat hoolt. Vaata l\u00e4hemalt, kuidas hooldada Tricela kootud kleite!","breadcrumb":{"@id":"https:\/\/arendus.tricela.eu\/hooldamine\/#breadcrumb"},"inLanguage":"et","potentialAction":[{"@type":"ReadAction","target":["https:\/\/arendus.tricela.eu\/hooldamine\/"]}]},{"@type":"ImageObject","inLanguage":"et","@id":"https:\/\/arendus.tricela.eu\/hooldamine\/#primaryimage","url":"https:\/\/arendus.tricela.eu\/wp-content\/uploads\/2024\/02\/5893915842682468808-1-719x1024.jpeg","contentUrl":"https:\/\/arendus.tricela.eu\/wp-content\/uploads\/2024\/02\/5893915842682468808-1-719x1024.jpeg"},{"@type":"BreadcrumbList","@id":"https:\/\/arendus.tricela.eu\/hooldamine\/#breadcrumb","itemListElement":[{"@type":"ListItem","position":1,"name":"Home","item":"https:\/\/arendus.tricela.eu\/et\/"},{"@type":"ListItem","position":2,"name":"Hooldamine"}]},{"@type":"WebSite","@id":"https:\/\/arendus.tricela.eu\/#website","url":"https:\/\/arendus.tricela.eu\/","name":"Tricela","description":"Kootud kleidid Brasiiliast","publisher":{"@id":"https:\/\/arendus.tricela.eu\/#organization"},"potentialAction":[{"@type":"SearchAction","target":{"@type":"EntryPoint","urlTemplate":"https:\/\/arendus.tricela.eu\/?s={search_term_string}"},"query-input":"required name=search_term_string"}],"inLanguage":"et"},{"@type":"Organization","@id":"https:\/\/arendus.tricela.eu\/#organization","name":"Tricela","url":"https:\/\/arendus.tricela.eu\/","logo":{"@type":"ImageObject","inLanguage":"et","@id":"https:\/\/arendus.tricela.eu\/#\/schema\/logo\/image\/","url":"https:\/\/arendus.tricela.eu\/wp-content\/uploads\/2020\/05\/logo123.svg","contentUrl":"https:\/\/arendus.tricela.eu\/wp-content\/uploads\/2020\/05\/logo123.svg","width":366,"height":168,"caption":"Tricela"},"image":{"@id":"https:\/\/arendus.tricela.eu\/#\/schema\/logo\/image\/"},"sameAs":["https:\/\/www.instagram.com\/tricela.official"]}]}},"_links":{"self":[{"href":"https:\/\/arendus.tricela.eu\/et\/wp-json\/wp\/v2\/pages\/3295","targetHints":{"allow":["GET"]}}],"collection":[{"href":"https:\/\/arendus.tricela.eu\/et\/wp-json\/wp\/v2\/pages"}],"about":[{"href":"https:\/\/arendus.tricela.eu\/et\/wp-json\/wp\/v2\/types\/page"}],"author":[{"embeddable":true,"href":"https:\/\/arendus.tricela.eu\/et\/wp-json\/wp\/v2\/users\/1"}],"replies":[{"embeddable":true,"href":"https:\/\/arendus.tricela.eu\/et\/wp-json\/wp\/v2\/comments?post=3295"}],"version-history":[{"count":197,"href":"https:\/\/arendus.tricela.eu\/et\/wp-json\/wp\/v2\/pages\/3295\/revisions"}],"predecessor-version":[{"id":7254,"href":"https:\/\/arendus.tricela.eu\/et\/wp-json\/wp\/v2\/pages\/3295\/revisions\/7254"}],"wp:attachment":[{"href":"https:\/\/arendus.tricela.eu\/et\/wp-json\/wp\/v2\/media?parent=3295"}],"curies":[{"name":"wp","href":"https:\/\/api.w.org\/{rel}","templated":true}]}}